{"id":2343,"date":"2018-10-05T15:38:53","date_gmt":"2018-10-05T14:38:53","guid":{"rendered":"http:\/\/www.campingsosflores.com\/?page_id=2343"},"modified":"2026-03-11T12:11:57","modified_gmt":"2026-03-11T11:11:57","slug":"lodge-tent-tortoli","status":"publish","type":"page","link":"https:\/\/www.campingsosflores.com\/nl\/lodge-tent-tortoli\/","title":{"rendered":"Lodge Tent"},"content":{"rendered":"<div class=\"wpb-content-wrapper\"><p>[vc_row][vc_column]<div id=\"ultimate-heading-151269f20494532bb\" class=\"uvc-heading ult-adjust-bottom-margin ultimate-heading-151269f20494532bb uvc-753 \" data-hspacer=\"no_spacer\"  data-halign=\"left\" style=\"text-align:left\"><div class=\"uvc-heading-spacer no_spacer\" style=\"top\"><\/div><div class=\"uvc-main-heading ult-responsive\"  data-ultimate-target='.uvc-heading.ultimate-heading-151269f20494532bb h2'  data-responsive-json-new='{\"font-size\":\"desktop:40px;\",\"line-height\":\"\"}' ><h2 style=\"--font-weight:theme;\">Lodge Tent<\/h2><\/div><\/div>[vc_empty_space height=&#8221;12px&#8221;][vc_column_text]De Lodge Tent Coc\u00f2 is een revolutionaire accommodatieoptie voor degenen die een unieke ervaring willen beleven tijdens hun vakantie in Sardini\u00eb. Dit innovatieve tentconcept is ontworpen om functionaliteit, gezelligheid en comfort te bieden, waardoor elk verblijf leuk en aangenaam wordt. Ideaal voor kleine gezinnen of groepen tot 3 personen, biedt Coc\u00f2 een verleidelijke en betaalbare optie voor iedereen die op zoek is naar een charmant alternatief voor traditionele accommodaties.<\/p>\n<p>De tent is volledig uitgerust met alle moderne benodigdheden. Binnenin vindt u een eigen badkamer met toilet en wastafel, essentieel voor comfort en privacy. Het keukengedeelte is goed georganiseerd met gaskookplaten, een koelkast, kasten en basiskeukengerei, zodat gasten hun maaltijden kunnen bereiden en genieten in de rust van hun tent. De ligging van de Lodge Tent Coc\u00f2 is strategisch, dichtbij de gemeenschappelijke douches en afwasplaatsen, wat gemakkelijk toegang biedt tot extra gemakken van de camping.<\/p>\n<p>Door te kiezen voor de Lodge Tent Coc\u00f2 kunnen gasten genieten van direct contact met de natuur zonder in te boeten aan het comfort van een echte accommodatie. Deze optie is ideaal voor degenen die op zoek zijn naar een authentieke maar comfortabele kampeerervaring in Sardini\u00eb.[\/vc_column_text][vc_empty_space][\/vc_column][\/vc_row][vc_row][vc_column width=&#8221;1\/3&#8243;]<div class=\" ubtn-ctn-center \"><a class=\"ubtn-link ult-adjust-bottom-margin ubtn-center ubtn-custom \" href=\"https:\/\/www.campingsosflores.com\/nl\/contact-sos-flores\/\" ><button type=\"button\" id=\"ubtn-1306\"  class=\"ubtn ult-adjust-bottom-margin ult-responsive ubtn-custom ubtn-fade-bg  none  ubtn-center   tooltip-69f204945334c\"  data-hover=\"#006aff\" data-border-color=\"#006aff\" data-bg=\"#006aff\" data-hover-bg=\"#ffffff\" data-border-hover=\"#006aff\" data-shadow-hover=\"\" data-shadow-click=\"none\" data-shadow=\"\" data-shd-shadow=\"\"  data-ultimate-target='#ubtn-1306'  data-responsive-json-new='{\"font-size\":\"desktop:18px;\",\"line-height\":\"\"}'  style=\"font-weight:bold;width:250px;min-height:50px;padding:px px;border-radius:25px;border-width:3px;border-color:#006aff;border-style:solid;background: #006aff;color: #ffffff;\"><span class=\"ubtn-hover\" style=\"background-color:#ffffff\"><\/span><span class=\"ubtn-data ubtn-text \" >Contact met ons op<\/span><\/button><\/a><\/div>[\/vc_column][vc_column width=&#8221;1\/3&#8243;]<div class=\" ubtn-ctn-center \"><a class=\"ubtn-link ult-adjust-bottom-margin ubtn-center ubtn-custom \" href=\"https:\/\/be.bookingexpert.it\/book\/home\/single?layout=14500&lang=nl&currency=EUR&nsid=7cf5dee1-c1ee-4f6d-aead-c30b6c53c290\" ><button type=\"button\" id=\"ubtn-2096\"  class=\"ubtn ult-adjust-bottom-margin ult-responsive ubtn-custom ubtn-fade-bg  none  ubtn-center   tooltip-69f20494533bf\"  data-hover=\"#006aff\" data-border-color=\"#006aff\" data-bg=\"#006aff\" data-hover-bg=\"#ffffff\" data-border-hover=\"#006aff\" data-shadow-hover=\"\" data-shadow-click=\"none\" data-shadow=\"\" data-shd-shadow=\"\"  data-ultimate-target='#ubtn-2096'  data-responsive-json-new='{\"font-size\":\"desktop:18px;\",\"line-height\":\"\"}'  style=\"font-weight:bold;width:250px;min-height:50px;padding:px px;border-radius:25px;border-width:3px;border-color:#006aff;border-style:solid;background: #006aff;color: #ffffff;\"><span class=\"ubtn-hover\" style=\"background-color:#ffffff\"><\/span><span class=\"ubtn-data ubtn-text \" >Reserveer nu<\/span><\/button><\/a><\/div>[\/vc_column][vc_column width=&#8221;1\/3&#8243;][\/vc_column][\/vc_row][vc_row][vc_column][vc_empty_space]\n\t\t\t<!-- START Lodge Tent REVOLUTION SLIDER 6.7.38 --><p class=\"rs-p-wp-fix\"><\/p>\n\t\t\t<rs-module-wrap id=\"rev_slider_23_1_wrapper\" data-source=\"gallery\" style=\"visibility:hidden;background:#ffffff;padding:0;margin:0px auto;margin-top:0;margin-bottom:0;\">\n\t\t\t\t<rs-module id=\"rev_slider_23_1\" style=\"\" data-version=\"6.7.38\">\n\t\t\t\t\t<rs-slides style=\"overflow: hidden; position: absolute;\">\n\t\t\t\t\t\t<rs-slide style=\"position: absolute;\" data-key=\"rs-805\" data-title=\"Slide\" data-thumb=\"\/\/www.campingsosflores.com\/wp-content\/uploads\/2018\/10\/Lodge-Tent-1-Panoramica-100x50.jpg\" data-anim=\"adpr:false;\" data-in=\"o:0;\" data-out=\"a:false;\">\n\t\t\t\t\t\t\t<img decoding=\"async\" src=\"\/\/www.campingsosflores.com\/wp-content\/plugins\/revslider\/sr6\/assets\/assets\/dummy.png\" alt=\"\" title=\"Lodge Tent\" class=\"rev-slidebg tp-rs-img rs-lazyload\" data-lazyload=\"\/\/www.campingsosflores.com\/wp-content\/uploads\/2018\/10\/Lodge-Tent-1-Panoramica.jpg\" data-parallax=\"off\" data-no-retina>\n<!--\n\t\t\t\t\t\t\t--><rs-layer\n\t\t\t\t\t\t\t\tid=\"slider-23-slide-805-layer-2\" \n\t\t\t\t\t\t\t\tdata-type=\"text\"\n\t\t\t\t\t\t\t\tdata-color=\"rgba(255, 255, 255, 1)\"\n\t\t\t\t\t\t\t\tdata-rsp_ch=\"on\"\n\t\t\t\t\t\t\t\tdata-xy=\"x:c;y:378px;\"\n\t\t\t\t\t\t\t\tdata-text=\"l:22;\"\n\t\t\t\t\t\t\t\tdata-frame_1=\"e:power2.inOut;st:500;sR:500;\"\n\t\t\t\t\t\t\t\tdata-frame_999=\"o:0;e:nothing;st:w;sR:8200;\"\n\t\t\t\t\t\t\t\tstyle=\"z-index:6;font-family:'Roboto';\"\n\t\t\t\t\t\t\t>Lodge Tent Coco' \n\t\t\t\t\t\t\t<\/rs-layer><!--\n\n\t\t\t\t\t\t\t--><rs-layer\n\t\t\t\t\t\t\t\tid=\"slider-23-slide-805-layer-3\" \n\t\t\t\t\t\t\t\tclass=\"tp-shape tp-shapewrapper\"\n\t\t\t\t\t\t\t\tdata-type=\"shape\"\n\t\t\t\t\t\t\t\tdata-rsp_ch=\"on\"\n\t\t\t\t\t\t\t\tdata-xy=\"x:-7px;y:372px;\"\n\t\t\t\t\t\t\t\tdata-text=\"w:normal;\"\n\t\t\t\t\t\t\t\tdata-dim=\"w:531px;h:38px;\"\n\t\t\t\t\t\t\t\tdata-frame_1=\"e:power2.inOut;st:500;sR:500;\"\n\t\t\t\t\t\t\t\tdata-frame_999=\"o:0;e:nothing;st:w;sR:8200;\"\n\t\t\t\t\t\t\t\tstyle=\"z-index:5;background-color:rgba(0,0,0,0.5);\"\n\t\t\t\t\t\t\t> \n\t\t\t\t\t\t\t<\/rs-layer><!--\n-->\t\t\t\t\t<\/rs-slide>\n\t\t\t\t\t\t<rs-slide style=\"position: absolute;\" data-key=\"rs-806\" data-title=\"Slide\" data-thumb=\"\/\/www.campingsosflores.com\/wp-content\/uploads\/2018\/10\/Lodge-Tent-2-Soggiorno-100x50.jpg\" data-anim=\"adpr:false;\" data-in=\"o:0;\" data-out=\"a:false;\">\n\t\t\t\t\t\t\t<img decoding=\"async\" src=\"\/\/www.campingsosflores.com\/wp-content\/plugins\/revslider\/sr6\/assets\/assets\/dummy.png\" alt=\"\" title=\"Lodge Tent\" class=\"rev-slidebg tp-rs-img rs-lazyload\" data-lazyload=\"\/\/www.campingsosflores.com\/wp-content\/uploads\/2018\/10\/Lodge-Tent-2-Soggiorno.jpg\" data-parallax=\"off\" data-no-retina>\n<!--\n\t\t\t\t\t\t\t--><rs-layer\n\t\t\t\t\t\t\t\tid=\"slider-23-slide-806-layer-2\" \n\t\t\t\t\t\t\t\tdata-type=\"text\"\n\t\t\t\t\t\t\t\tdata-color=\"rgba(255, 255, 255, 1)\"\n\t\t\t\t\t\t\t\tdata-rsp_ch=\"on\"\n\t\t\t\t\t\t\t\tdata-xy=\"x:c;y:378px;\"\n\t\t\t\t\t\t\t\tdata-text=\"l:22;\"\n\t\t\t\t\t\t\t\tdata-frame_1=\"e:power2.inOut;st:500;sR:500;\"\n\t\t\t\t\t\t\t\tdata-frame_999=\"o:0;e:nothing;st:w;sR:8200;\"\n\t\t\t\t\t\t\t\tstyle=\"z-index:6;font-family:'Roboto';\"\n\t\t\t\t\t\t\t>Lodge Tent Coco' - Woongedeelte \n\t\t\t\t\t\t\t<\/rs-layer><!--\n\n\t\t\t\t\t\t\t--><rs-layer\n\t\t\t\t\t\t\t\tid=\"slider-23-slide-806-layer-3\" \n\t\t\t\t\t\t\t\tclass=\"tp-shape tp-shapewrapper\"\n\t\t\t\t\t\t\t\tdata-type=\"shape\"\n\t\t\t\t\t\t\t\tdata-rsp_ch=\"on\"\n\t\t\t\t\t\t\t\tdata-xy=\"x:-7px;y:372px;\"\n\t\t\t\t\t\t\t\tdata-text=\"w:normal;\"\n\t\t\t\t\t\t\t\tdata-dim=\"w:531px;h:38px;\"\n\t\t\t\t\t\t\t\tdata-frame_1=\"e:power2.inOut;st:500;sR:500;\"\n\t\t\t\t\t\t\t\tdata-frame_999=\"o:0;e:nothing;st:w;sR:8200;\"\n\t\t\t\t\t\t\t\tstyle=\"z-index:5;background-color:rgba(0,0,0,0.5);\"\n\t\t\t\t\t\t\t> \n\t\t\t\t\t\t\t<\/rs-layer><!--\n-->\t\t\t\t\t<\/rs-slide>\n\t\t\t\t\t\t<rs-slide style=\"position: absolute;\" data-key=\"rs-807\" data-title=\"Slide\" data-thumb=\"\/\/www.campingsosflores.com\/wp-content\/uploads\/2018\/10\/Lodge-Tent-3-Soggiorno-100x50.jpg\" data-anim=\"adpr:false;\" data-in=\"o:0;\" data-out=\"a:false;\">\n\t\t\t\t\t\t\t<img decoding=\"async\" src=\"\/\/www.campingsosflores.com\/wp-content\/plugins\/revslider\/sr6\/assets\/assets\/dummy.png\" alt=\"\" title=\"Lodge Tent\" class=\"rev-slidebg tp-rs-img rs-lazyload\" data-lazyload=\"\/\/www.campingsosflores.com\/wp-content\/uploads\/2018\/10\/Lodge-Tent-3-Soggiorno.jpg\" data-parallax=\"off\" data-no-retina>\n<!--\n\t\t\t\t\t\t\t--><rs-layer\n\t\t\t\t\t\t\t\tid=\"slider-23-slide-807-layer-2\" \n\t\t\t\t\t\t\t\tdata-type=\"text\"\n\t\t\t\t\t\t\t\tdata-color=\"rgba(255, 255, 255, 1)\"\n\t\t\t\t\t\t\t\tdata-rsp_ch=\"on\"\n\t\t\t\t\t\t\t\tdata-xy=\"x:c;y:378px;\"\n\t\t\t\t\t\t\t\tdata-text=\"l:22;\"\n\t\t\t\t\t\t\t\tdata-frame_1=\"e:power2.inOut;st:500;sR:500;\"\n\t\t\t\t\t\t\t\tdata-frame_999=\"o:0;e:nothing;st:w;sR:8200;\"\n\t\t\t\t\t\t\t\tstyle=\"z-index:6;font-family:'Roboto';\"\n\t\t\t\t\t\t\t>Lodge Tent Coco' - Woongedeelte \n\t\t\t\t\t\t\t<\/rs-layer><!--\n\n\t\t\t\t\t\t\t--><rs-layer\n\t\t\t\t\t\t\t\tid=\"slider-23-slide-807-layer-3\" \n\t\t\t\t\t\t\t\tclass=\"tp-shape tp-shapewrapper\"\n\t\t\t\t\t\t\t\tdata-type=\"shape\"\n\t\t\t\t\t\t\t\tdata-rsp_ch=\"on\"\n\t\t\t\t\t\t\t\tdata-xy=\"x:-7px;y:372px;\"\n\t\t\t\t\t\t\t\tdata-text=\"w:normal;\"\n\t\t\t\t\t\t\t\tdata-dim=\"w:531px;h:38px;\"\n\t\t\t\t\t\t\t\tdata-frame_1=\"e:power2.inOut;st:500;sR:500;\"\n\t\t\t\t\t\t\t\tdata-frame_999=\"o:0;e:nothing;st:w;sR:8200;\"\n\t\t\t\t\t\t\t\tstyle=\"z-index:5;background-color:rgba(0,0,0,0.5);\"\n\t\t\t\t\t\t\t> \n\t\t\t\t\t\t\t<\/rs-layer><!--\n-->\t\t\t\t\t<\/rs-slide>\n\t\t\t\t\t\t<rs-slide style=\"position: absolute;\" data-key=\"rs-808\" data-title=\"Slide\" data-thumb=\"\/\/www.campingsosflores.com\/wp-content\/uploads\/2018\/10\/Lodge-Tent-4-Camera-Matrimoniale-100x50.jpg\" data-anim=\"adpr:false;\" data-in=\"o:0;\" data-out=\"a:false;\">\n\t\t\t\t\t\t\t<img decoding=\"async\" src=\"\/\/www.campingsosflores.com\/wp-content\/plugins\/revslider\/sr6\/assets\/assets\/dummy.png\" alt=\"\" title=\"Lodge Tent\" class=\"rev-slidebg tp-rs-img rs-lazyload\" data-lazyload=\"\/\/www.campingsosflores.com\/wp-content\/uploads\/2018\/10\/Lodge-Tent-4-Camera-Matrimoniale.jpg\" data-parallax=\"off\" data-no-retina>\n<!--\n\t\t\t\t\t\t\t--><rs-layer\n\t\t\t\t\t\t\t\tid=\"slider-23-slide-808-layer-2\" \n\t\t\t\t\t\t\t\tdata-type=\"text\"\n\t\t\t\t\t\t\t\tdata-color=\"rgba(255, 255, 255, 1)\"\n\t\t\t\t\t\t\t\tdata-rsp_ch=\"on\"\n\t\t\t\t\t\t\t\tdata-xy=\"x:c;y:378px;\"\n\t\t\t\t\t\t\t\tdata-text=\"l:22;\"\n\t\t\t\t\t\t\t\tdata-frame_1=\"e:power2.inOut;st:500;sR:500;\"\n\t\t\t\t\t\t\t\tdata-frame_999=\"o:0;e:nothing;st:w;sR:8200;\"\n\t\t\t\t\t\t\t\tstyle=\"z-index:6;font-family:'Roboto';\"\n\t\t\t\t\t\t\t>Lodge Tent Coco' - Tweepersoonskamer \n\t\t\t\t\t\t\t<\/rs-layer><!--\n\n\t\t\t\t\t\t\t--><rs-layer\n\t\t\t\t\t\t\t\tid=\"slider-23-slide-808-layer-3\" \n\t\t\t\t\t\t\t\tclass=\"tp-shape tp-shapewrapper\"\n\t\t\t\t\t\t\t\tdata-type=\"shape\"\n\t\t\t\t\t\t\t\tdata-rsp_ch=\"on\"\n\t\t\t\t\t\t\t\tdata-xy=\"x:-7px;y:372px;\"\n\t\t\t\t\t\t\t\tdata-text=\"w:normal;\"\n\t\t\t\t\t\t\t\tdata-dim=\"w:531px;h:38px;\"\n\t\t\t\t\t\t\t\tdata-frame_1=\"e:power2.inOut;st:500;sR:500;\"\n\t\t\t\t\t\t\t\tdata-frame_999=\"o:0;e:nothing;st:w;sR:8200;\"\n\t\t\t\t\t\t\t\tstyle=\"z-index:5;background-color:rgba(0,0,0,0.5);\"\n\t\t\t\t\t\t\t> \n\t\t\t\t\t\t\t<\/rs-layer><!--\n-->\t\t\t\t\t<\/rs-slide>\n\t\t\t\t\t\t<rs-slide style=\"position: absolute;\" data-key=\"rs-809\" data-title=\"Slide\" data-thumb=\"\/\/www.campingsosflores.com\/wp-content\/uploads\/2018\/10\/Lodge-Tent-5-Cameretta-100x50.jpg\" data-anim=\"adpr:false;\" data-in=\"o:0;\" data-out=\"a:false;\">\n\t\t\t\t\t\t\t<img decoding=\"async\" src=\"\/\/www.campingsosflores.com\/wp-content\/plugins\/revslider\/sr6\/assets\/assets\/dummy.png\" alt=\"\" title=\"Lodge Tent\" class=\"rev-slidebg tp-rs-img rs-lazyload\" data-lazyload=\"\/\/www.campingsosflores.com\/wp-content\/uploads\/2018\/10\/Lodge-Tent-5-Cameretta.jpg\" data-parallax=\"off\" data-no-retina>\n<!--\n\t\t\t\t\t\t\t--><rs-layer\n\t\t\t\t\t\t\t\tid=\"slider-23-slide-809-layer-2\" \n\t\t\t\t\t\t\t\tdata-type=\"text\"\n\t\t\t\t\t\t\t\tdata-color=\"rgba(255, 255, 255, 1)\"\n\t\t\t\t\t\t\t\tdata-rsp_ch=\"on\"\n\t\t\t\t\t\t\t\tdata-xy=\"x:c;y:378px;\"\n\t\t\t\t\t\t\t\tdata-text=\"l:22;\"\n\t\t\t\t\t\t\t\tdata-frame_1=\"e:power2.inOut;st:500;sR:500;\"\n\t\t\t\t\t\t\t\tdata-frame_999=\"o:0;e:nothing;st:w;sR:8200;\"\n\t\t\t\t\t\t\t\tstyle=\"z-index:6;font-family:'Roboto';\"\n\t\t\t\t\t\t\t>Lodge Tent Coco' - Derde bed \n\t\t\t\t\t\t\t<\/rs-layer><!--\n\n\t\t\t\t\t\t\t--><rs-layer\n\t\t\t\t\t\t\t\tid=\"slider-23-slide-809-layer-3\" \n\t\t\t\t\t\t\t\tclass=\"tp-shape tp-shapewrapper\"\n\t\t\t\t\t\t\t\tdata-type=\"shape\"\n\t\t\t\t\t\t\t\tdata-rsp_ch=\"on\"\n\t\t\t\t\t\t\t\tdata-xy=\"x:-7px;y:372px;\"\n\t\t\t\t\t\t\t\tdata-text=\"w:normal;\"\n\t\t\t\t\t\t\t\tdata-dim=\"w:531px;h:38px;\"\n\t\t\t\t\t\t\t\tdata-frame_1=\"e:power2.inOut;st:500;sR:500;\"\n\t\t\t\t\t\t\t\tdata-frame_999=\"o:0;e:nothing;st:w;sR:8200;\"\n\t\t\t\t\t\t\t\tstyle=\"z-index:5;background-color:rgba(0,0,0,0.5);\"\n\t\t\t\t\t\t\t> \n\t\t\t\t\t\t\t<\/rs-layer><!--\n-->\t\t\t\t\t<\/rs-slide>\n\t\t\t\t\t\t<rs-slide style=\"position: absolute;\" data-key=\"rs-810\" data-title=\"Slide\" data-thumb=\"\/\/www.campingsosflores.com\/wp-content\/uploads\/2018\/10\/Lodge-Tent-6-Bagno-100x50.jpg\" data-anim=\"adpr:false;\" data-in=\"o:0;\" data-out=\"a:false;\">\n\t\t\t\t\t\t\t<img decoding=\"async\" src=\"\/\/www.campingsosflores.com\/wp-content\/plugins\/revslider\/sr6\/assets\/assets\/dummy.png\" alt=\"\" title=\"Lodge Tent\" class=\"rev-slidebg tp-rs-img rs-lazyload\" data-lazyload=\"\/\/www.campingsosflores.com\/wp-content\/uploads\/2018\/10\/Lodge-Tent-6-Bagno.jpg\" data-parallax=\"off\" data-no-retina>\n<!--\n\t\t\t\t\t\t\t--><rs-layer\n\t\t\t\t\t\t\t\tid=\"slider-23-slide-810-layer-2\" \n\t\t\t\t\t\t\t\tdata-type=\"text\"\n\t\t\t\t\t\t\t\tdata-color=\"rgba(255, 255, 255, 1)\"\n\t\t\t\t\t\t\t\tdata-rsp_ch=\"on\"\n\t\t\t\t\t\t\t\tdata-xy=\"x:c;y:378px;\"\n\t\t\t\t\t\t\t\tdata-text=\"l:22;\"\n\t\t\t\t\t\t\t\tdata-frame_1=\"e:power2.inOut;st:500;sR:500;\"\n\t\t\t\t\t\t\t\tdata-frame_999=\"o:0;e:nothing;st:w;sR:8200;\"\n\t\t\t\t\t\t\t\tstyle=\"z-index:6;font-family:'Roboto';\"\n\t\t\t\t\t\t\t>Lodge Tent Coco' - Toilet \n\t\t\t\t\t\t\t<\/rs-layer><!--\n\n\t\t\t\t\t\t\t--><rs-layer\n\t\t\t\t\t\t\t\tid=\"slider-23-slide-810-layer-3\" \n\t\t\t\t\t\t\t\tclass=\"tp-shape tp-shapewrapper\"\n\t\t\t\t\t\t\t\tdata-type=\"shape\"\n\t\t\t\t\t\t\t\tdata-rsp_ch=\"on\"\n\t\t\t\t\t\t\t\tdata-xy=\"x:-7px;y:372px;\"\n\t\t\t\t\t\t\t\tdata-text=\"w:normal;\"\n\t\t\t\t\t\t\t\tdata-dim=\"w:531px;h:38px;\"\n\t\t\t\t\t\t\t\tdata-frame_1=\"e:power2.inOut;st:500;sR:500;\"\n\t\t\t\t\t\t\t\tdata-frame_999=\"o:0;e:nothing;st:w;sR:8200;\"\n\t\t\t\t\t\t\t\tstyle=\"z-index:5;background-color:rgba(0,0,0,0.5);\"\n\t\t\t\t\t\t\t> \n\t\t\t\t\t\t\t<\/rs-layer><!--\n-->\t\t\t\t\t<\/rs-slide>\n\t\t\t\t\t<\/rs-slides>\n\t\t\t\t<\/rs-module>\n\t\t\t\t<script>\n\t\t\t\t\tsetREVStartSize({c: 'rev_slider_23_1',rl:[1240,1024,778,480],el:[405],gw:[500],gh:[405],type:'carousel',justify:'',layout:'fullwidth',thumbh:\"100\",mh:\"0\"});if (window.RS_MODULES!==undefined && window.RS_MODULES.modules!==undefined && window.RS_MODULES.modules[\"revslider231\"]!==undefined) {window.RS_MODULES.modules[\"revslider231\"].once = false;window.revapi23 = undefined;if (window.RS_MODULES.checkMinimal!==undefined) window.RS_MODULES.checkMinimal()}\n\t\t\t\t<\/script>\n\t\t\t<\/rs-module-wrap>\n\t\t\t<!-- END REVOLUTION SLIDER -->\n[\/vc_column][\/vc_row]<\/p>\n<\/div>","protected":false},"excerpt":{"rendered":"<p>[vc_row][vc_column][vc_empty_space height=&#8221;12px&#8221;][vc_column_text]De Lodge Tent Coc\u00f2 is een revolutionaire accommodatieoptie voor degenen die een unieke ervaring willen beleven tijdens hun vakantie in Sardini\u00eb. Dit innovatieve tentconcept is ontworpen om functionaliteit, gezelligheid en comfort te bieden, waardoor elk verblijf leuk en aangenaam wordt. Ideaal voor kleine gezinnen of groepen tot 3 personen, biedt Coc\u00f2 een verleidelijke en&hellip;<\/p>\n","protected":false},"author":2,"featured_media":0,"parent":0,"menu_order":1,"comment_status":"closed","ping_status":"closed","template":"","meta":{"footnotes":""},"class_list":["post-2343","page","type-page","status-publish","hentry","description-off"],"yoast_head":"<!-- This site is optimized with the Yoast SEO plugin v19.13 - https:\/\/yoast.com\/wordpress\/plugins\/seo\/ -->\n<title>Camping met Lodge Tent op Sardini\u00eb, Vakantiepark Tortol\u00ec, Zee<\/title>\n<meta name=\"description\" content=\"Lodge Tent van ideaal voor gezinnen die een vakantie op Sardini\u00eb direct aan zee willen doorbrengen. Camping met Lodge Tent op Sardini\u00eb\" \/>\n<meta name=\"robots\" content=\"index, follow, max-snippet:-1, max-image-preview:large, max-video-preview:-1\" \/>\n<link rel=\"canonical\" href=\"https:\/\/www.campingsosflores.com\/nl\/lodge-tent-tortoli\/\" \/>\n<meta property=\"og:locale\" content=\"nl_NL\" \/>\n<meta property=\"og:type\" content=\"article\" \/>\n<meta property=\"og:title\" content=\"Camping met Lodge Tent op Sardini\u00eb, Vakantiepark Tortol\u00ec, Zee\" \/>\n<meta property=\"og:description\" content=\"Lodge Tent van ideaal voor gezinnen die een vakantie op Sardini\u00eb direct aan zee willen doorbrengen. Camping met Lodge Tent op Sardini\u00eb\" \/>\n<meta property=\"og:url\" content=\"https:\/\/www.campingsosflores.com\/nl\/lodge-tent-tortoli\/\" \/>\n<meta property=\"og:site_name\" content=\"Campeggio Villaggio Sos Flores\" \/>\n<meta property=\"article:publisher\" content=\"https:\/\/www.facebook.com\/Campeggio-Villaggio-Sos-Flores-163331700496181\/\" \/>\n<meta property=\"article:modified_time\" content=\"2026-03-11T11:11:57+00:00\" \/>\n<meta name=\"twitter:card\" content=\"summary_large_image\" \/>\n<meta name=\"twitter:label1\" content=\"Geschatte leestijd\" \/>\n\t<meta name=\"twitter:data1\" content=\"2 minuten\" \/>\n<script type=\"application\/ld+json\" class=\"yoast-schema-graph\">{\"@context\":\"https:\/\/schema.org\",\"@graph\":[{\"@type\":\"WebPage\",\"@id\":\"https:\/\/www.campingsosflores.com\/nl\/lodge-tent-tortoli\/\",\"url\":\"https:\/\/www.campingsosflores.com\/nl\/lodge-tent-tortoli\/\",\"name\":\"Camping met Lodge Tent op Sardini\u00eb, Vakantiepark Tortol\u00ec, Zee\",\"isPartOf\":{\"@id\":\"https:\/\/www.campingsosflores.com\/nl\/#website\"},\"datePublished\":\"2018-10-05T14:38:53+00:00\",\"dateModified\":\"2026-03-11T11:11:57+00:00\",\"description\":\"Lodge Tent van ideaal voor gezinnen die een vakantie op Sardini\u00eb direct aan zee willen doorbrengen. Camping met Lodge Tent op Sardini\u00eb\",\"breadcrumb\":{\"@id\":\"https:\/\/www.campingsosflores.com\/nl\/lodge-tent-tortoli\/#breadcrumb\"},\"inLanguage\":\"nl-NL\",\"potentialAction\":[{\"@type\":\"ReadAction\",\"target\":[\"https:\/\/www.campingsosflores.com\/nl\/lodge-tent-tortoli\/\"]}]},{\"@type\":\"BreadcrumbList\",\"@id\":\"https:\/\/www.campingsosflores.com\/nl\/lodge-tent-tortoli\/#breadcrumb\",\"itemListElement\":[{\"@type\":\"ListItem\",\"position\":1,\"name\":\"Home\",\"item\":\"https:\/\/www.campingsosflores.com\/nl\/\"},{\"@type\":\"ListItem\",\"position\":2,\"name\":\"Lodge Tent\"}]},{\"@type\":\"WebSite\",\"@id\":\"https:\/\/www.campingsosflores.com\/nl\/#website\",\"url\":\"https:\/\/www.campingsosflores.com\/nl\/\",\"name\":\"Campeggio Villaggio Sos Flores\",\"description\":\"Campeggio Villaggio in Sardegna sul Mare\",\"potentialAction\":[{\"@type\":\"SearchAction\",\"target\":{\"@type\":\"EntryPoint\",\"urlTemplate\":\"https:\/\/www.campingsosflores.com\/nl\/?s={search_term_string}\"},\"query-input\":\"required name=search_term_string\"}],\"inLanguage\":\"nl-NL\"}]}<\/script>\n<!-- \/ Yoast SEO plugin. -->","yoast_head_json":{"title":"Camping met Lodge Tent op Sardini\u00eb, Vakantiepark Tortol\u00ec, Zee","description":"Lodge Tent van ideaal voor gezinnen die een vakantie op Sardini\u00eb direct aan zee willen doorbrengen. Camping met Lodge Tent op Sardini\u00eb","robots":{"index":"index","follow":"follow","max-snippet":"max-snippet:-1","max-image-preview":"max-image-preview:large","max-video-preview":"max-video-preview:-1"},"canonical":"https:\/\/www.campingsosflores.com\/nl\/lodge-tent-tortoli\/","og_locale":"nl_NL","og_type":"article","og_title":"Camping met Lodge Tent op Sardini\u00eb, Vakantiepark Tortol\u00ec, Zee","og_description":"Lodge Tent van ideaal voor gezinnen die een vakantie op Sardini\u00eb direct aan zee willen doorbrengen. Camping met Lodge Tent op Sardini\u00eb","og_url":"https:\/\/www.campingsosflores.com\/nl\/lodge-tent-tortoli\/","og_site_name":"Campeggio Villaggio Sos Flores","article_publisher":"https:\/\/www.facebook.com\/Campeggio-Villaggio-Sos-Flores-163331700496181\/","article_modified_time":"2026-03-11T11:11:57+00:00","twitter_card":"summary_large_image","twitter_misc":{"Geschatte leestijd":"2 minuten"},"schema":{"@context":"https:\/\/schema.org","@graph":[{"@type":"WebPage","@id":"https:\/\/www.campingsosflores.com\/nl\/lodge-tent-tortoli\/","url":"https:\/\/www.campingsosflores.com\/nl\/lodge-tent-tortoli\/","name":"Camping met Lodge Tent op Sardini\u00eb, Vakantiepark Tortol\u00ec, Zee","isPartOf":{"@id":"https:\/\/www.campingsosflores.com\/nl\/#website"},"datePublished":"2018-10-05T14:38:53+00:00","dateModified":"2026-03-11T11:11:57+00:00","description":"Lodge Tent van ideaal voor gezinnen die een vakantie op Sardini\u00eb direct aan zee willen doorbrengen. Camping met Lodge Tent op Sardini\u00eb","breadcrumb":{"@id":"https:\/\/www.campingsosflores.com\/nl\/lodge-tent-tortoli\/#breadcrumb"},"inLanguage":"nl-NL","potentialAction":[{"@type":"ReadAction","target":["https:\/\/www.campingsosflores.com\/nl\/lodge-tent-tortoli\/"]}]},{"@type":"BreadcrumbList","@id":"https:\/\/www.campingsosflores.com\/nl\/lodge-tent-tortoli\/#breadcrumb","itemListElement":[{"@type":"ListItem","position":1,"name":"Home","item":"https:\/\/www.campingsosflores.com\/nl\/"},{"@type":"ListItem","position":2,"name":"Lodge Tent"}]},{"@type":"WebSite","@id":"https:\/\/www.campingsosflores.com\/nl\/#website","url":"https:\/\/www.campingsosflores.com\/nl\/","name":"Campeggio Villaggio Sos Flores","description":"Campeggio Villaggio in Sardegna sul Mare","potentialAction":[{"@type":"SearchAction","target":{"@type":"EntryPoint","urlTemplate":"https:\/\/www.campingsosflores.com\/nl\/?s={search_term_string}"},"query-input":"required name=search_term_string"}],"inLanguage":"nl-NL"}]}},"_links":{"self":[{"href":"https:\/\/www.campingsosflores.com\/nl\/wp-json\/wp\/v2\/pages\/2343","targetHints":{"allow":["GET"]}}],"collection":[{"href":"https:\/\/www.campingsosflores.com\/nl\/wp-json\/wp\/v2\/pages"}],"about":[{"href":"https:\/\/www.campingsosflores.com\/nl\/wp-json\/wp\/v2\/types\/page"}],"author":[{"embeddable":true,"href":"https:\/\/www.campingsosflores.com\/nl\/wp-json\/wp\/v2\/users\/2"}],"replies":[{"embeddable":true,"href":"https:\/\/www.campingsosflores.com\/nl\/wp-json\/wp\/v2\/comments?post=2343"}],"version-history":[{"count":8,"href":"https:\/\/www.campingsosflores.com\/nl\/wp-json\/wp\/v2\/pages\/2343\/revisions"}],"predecessor-version":[{"id":10307,"href":"https:\/\/www.campingsosflores.com\/nl\/wp-json\/wp\/v2\/pages\/2343\/revisions\/10307"}],"wp:attachment":[{"href":"https:\/\/www.campingsosflores.com\/nl\/wp-json\/wp\/v2\/media?parent=2343"}],"curies":[{"name":"wp","href":"https:\/\/api.w.org\/{rel}","templated":true}]}}