{"id":1752,"date":"2017-05-12T15:45:54","date_gmt":"2017-05-12T14:45:54","guid":{"rendered":"http:\/\/www.campingsosflores.com\/nl\/?page_id=1752"},"modified":"2024-05-20T09:17:14","modified_gmt":"2024-05-20T08:17:14","slug":"strand-tortoli","status":"publish","type":"page","link":"https:\/\/www.campingsosflores.com\/nl\/strand-tortoli\/","title":{"rendered":"Strand"},"content":{"rendered":"<div class=\"wpb-content-wrapper\"><p>[vc_row][vc_column]<div id=\"ultimate-heading-467169e3424759357\" class=\"uvc-heading ult-adjust-bottom-margin ultimate-heading-467169e3424759357 uvc-6775 \" data-hspacer=\"no_spacer\"  data-halign=\"center\" style=\"text-align:center\"><div class=\"uvc-heading-spacer no_spacer\" style=\"top\"><\/div><div class=\"uvc-main-heading ult-responsive\"  data-ultimate-target='.uvc-heading.ultimate-heading-467169e3424759357 h2'  data-responsive-json-new='{\"font-size\":\"desktop:32px;\",\"line-height\":\"\"}' ><h2 style=\"--font-weight:theme;\">Camping met directe toegang tot de zee<\/h2><\/div><\/div>[vc_empty_space][\/vc_column][\/vc_row][vc_row][vc_column][vc_separator color=&#8221;custom&#8221; border_width=&#8221;2&#8243; accent_color=&#8221;#348bfe&#8221;][vc_empty_space][vc_column_text]<\/p>\n<h3>Camping met Directe Toegang tot het Strand<\/h3>\n<p>Verken het Strand van San Gemiliano en de Kustwonderen van Ogliastra<\/p>\n<p>Het strand van San Gemiliano, een juweel van Camping Villaggio Sos Flores, biedt een ongelooflijk kustlandschap met zijn gouden zand en transparante, kristalheldere wateren. Dit prachtige strand, dat zich uitstrekt langs een groot deel van de camping, biedt een uitzicht op de historische Saraceense toren die de baai domineert. Een extra voordeel is de afstand tot de openbare toegangen van het strandgedeelte direct voor de camping, wat zorgt voor ruimte, rust en ontspanning voor de gasten, zelfs in het hoogseizoen, een echt luxe in Sardini\u00eb.<\/p>\n<p>Voor optimaal comfort hebben onze klanten de mogelijkheid om parasols en ligbedden direct op het strand te huren en volop te genieten van de warme zomerdagen.<\/p>\n<h3>Ontdek de Natuurlijke Wonderen van Ogliastra<\/h3>\n<p>Naast San Gemiliano biedt Ogliastra een ruime keuze aan prachtige stranden, baaien en inhammen, omgeven door weelderige pijnboombossen en mediterrane maquis, allemaal gemakkelijk bereikbaar binnen enkele minuten rijden van Camping Villaggio Sos Flores.<\/p>\n<h4>Hoogtepunten van de Kust<\/h4>\n<p>Een van de opvallendste stranden is de Baai van Porto Frailis, een oase van rust in het centrum van Tortol\u00ec, beroemd om zijn fijne zand en de kleur van het water. De ondiepe zeebodem maakt het een ideaal strand voor kinderen en het is zeer populair bij toeristische en lokale gezinnen. De nabijgelegen rotskust van San Gemiliano, met zijn Saraceense toren en zachte inhammen, wordt beschouwd als een ideale toevluchtsoord voor wie op zoek is naar een rustige plek tijdens de drukke zomertijd.<\/p>\n<p>Een van de beroemdste kustplaatsen in Sardini\u00eb, het Lido di Orr\u00ec, wordt beschouwd als het mooiste strand van Tortol\u00ec. Het fijne witte zand en het kristalheldere water maken het een perfecte strand voor zowel volwassenen als kinderen, een echt juweel van het eiland.<\/p>\n<p>Het Golfetto, een andere paradijselijke hoek, ondergedompeld in de meest authentieke natuur, verbaast elke keer weer. Een kleine, ongerepte baai gekenmerkt door helder water en een ondiepe zeebodem, waar kinderen genieten van het spotten van snelle visjes.<\/p>\n<p>Het strand van Cea, beroemd om zijn indrukwekkende rode porfieren kliffen die uit de zee oprijzen, betovert iedereen met zijn buitengewone schoonheid en completeert het aanbod van paradijselijke stranden om te bezoeken in de buurt van Camping Villaggio Sos Flores.[\/vc_column_text][vc_empty_space][vc_separator color=&#8221;custom&#8221; border_width=&#8221;2&#8243; accent_color=&#8221;#348bfe&#8221;][\/vc_column][\/vc_row][vc_row][vc_column][rev_slider_vc alias=&#8221;spiagge&#8221;][\/vc_column][\/vc_row]<\/p>\n<\/div>","protected":false},"excerpt":{"rendered":"<p>[vc_row][vc_column][vc_empty_space][\/vc_column][\/vc_row][vc_row][vc_column][vc_separator color=&#8221;custom&#8221; border_width=&#8221;2&#8243; accent_color=&#8221;#348bfe&#8221;][vc_empty_space][vc_column_text] Camping met Directe Toegang tot het Strand Verken het Strand van San Gemiliano en de Kustwonderen van Ogliastra Het strand van San Gemiliano, een juweel van Camping Villaggio Sos Flores, biedt een ongelooflijk kustlandschap met zijn gouden zand en transparante, kristalheldere wateren. Dit prachtige strand, dat zich uitstrekt langs een groot&hellip;<\/p>\n","protected":false},"author":1,"featured_media":0,"parent":0,"menu_order":1,"comment_status":"closed","ping_status":"closed","template":"","meta":{"footnotes":""},"class_list":["post-1752","page","type-page","status-publish","hentry","description-off"],"yoast_head":"<!-- This site is optimized with the Yoast SEO plugin v19.13 - https:\/\/yoast.com\/wordpress\/plugins\/seo\/ -->\n<title>Camping en Vakantiedorp Zee van Sardini\u00eb, San Gemiliano strand Tortol\u00ec<\/title>\n<meta name=\"description\" content=\"Vakantiedorp Sos Flores aan de zee van Sardini\u00eb en aan het strand van San Gemiliano in Tortol\u00ec. Vakantiedorp Sos Flores in Ogliastra\" \/>\n<meta name=\"robots\" content=\"index, follow, max-snippet:-1, max-image-preview:large, max-video-preview:-1\" \/>\n<link rel=\"canonical\" href=\"https:\/\/www.campingsosflores.com\/nl\/strand-tortoli\/\" \/>\n<meta property=\"og:locale\" content=\"nl_NL\" \/>\n<meta property=\"og:type\" content=\"article\" \/>\n<meta property=\"og:title\" content=\"Camping en Vakantiedorp Zee van Sardini\u00eb, San Gemiliano strand Tortol\u00ec\" \/>\n<meta property=\"og:description\" content=\"Vakantiedorp Sos Flores aan de zee van Sardini\u00eb en aan het strand van San Gemiliano in Tortol\u00ec. Vakantiedorp Sos Flores in Ogliastra\" \/>\n<meta property=\"og:url\" content=\"https:\/\/www.campingsosflores.com\/nl\/strand-tortoli\/\" \/>\n<meta property=\"og:site_name\" content=\"Campeggio Villaggio Sos Flores\" \/>\n<meta property=\"article:publisher\" content=\"https:\/\/www.facebook.com\/Campeggio-Villaggio-Sos-Flores-163331700496181\/\" \/>\n<meta property=\"article:modified_time\" content=\"2024-05-20T08:17:14+00:00\" \/>\n<meta name=\"twitter:card\" content=\"summary_large_image\" \/>\n<meta name=\"twitter:label1\" content=\"Geschatte leestijd\" \/>\n\t<meta name=\"twitter:data1\" content=\"3 minuten\" \/>\n<script type=\"application\/ld+json\" class=\"yoast-schema-graph\">{\"@context\":\"https:\/\/schema.org\",\"@graph\":[{\"@type\":\"WebPage\",\"@id\":\"https:\/\/www.campingsosflores.com\/nl\/strand-tortoli\/\",\"url\":\"https:\/\/www.campingsosflores.com\/nl\/strand-tortoli\/\",\"name\":\"Camping en Vakantiedorp Zee van Sardini\u00eb, San Gemiliano strand Tortol\u00ec\",\"isPartOf\":{\"@id\":\"https:\/\/www.campingsosflores.com\/nl\/#website\"},\"datePublished\":\"2017-05-12T14:45:54+00:00\",\"dateModified\":\"2024-05-20T08:17:14+00:00\",\"description\":\"Vakantiedorp Sos Flores aan de zee van Sardini\u00eb en aan het strand van San Gemiliano in Tortol\u00ec. Vakantiedorp Sos Flores in Ogliastra\",\"breadcrumb\":{\"@id\":\"https:\/\/www.campingsosflores.com\/nl\/strand-tortoli\/#breadcrumb\"},\"inLanguage\":\"nl-NL\",\"potentialAction\":[{\"@type\":\"ReadAction\",\"target\":[\"https:\/\/www.campingsosflores.com\/nl\/strand-tortoli\/\"]}]},{\"@type\":\"BreadcrumbList\",\"@id\":\"https:\/\/www.campingsosflores.com\/nl\/strand-tortoli\/#breadcrumb\",\"itemListElement\":[{\"@type\":\"ListItem\",\"position\":1,\"name\":\"Home\",\"item\":\"https:\/\/www.campingsosflores.com\/nl\/\"},{\"@type\":\"ListItem\",\"position\":2,\"name\":\"Strand\"}]},{\"@type\":\"WebSite\",\"@id\":\"https:\/\/www.campingsosflores.com\/nl\/#website\",\"url\":\"https:\/\/www.campingsosflores.com\/nl\/\",\"name\":\"Campeggio Villaggio Sos Flores\",\"description\":\"Campeggio Villaggio in Sardegna sul Mare\",\"potentialAction\":[{\"@type\":\"SearchAction\",\"target\":{\"@type\":\"EntryPoint\",\"urlTemplate\":\"https:\/\/www.campingsosflores.com\/nl\/?s={search_term_string}\"},\"query-input\":\"required name=search_term_string\"}],\"inLanguage\":\"nl-NL\"}]}<\/script>\n<!-- \/ Yoast SEO plugin. -->","yoast_head_json":{"title":"Camping en Vakantiedorp Zee van Sardini\u00eb, San Gemiliano strand Tortol\u00ec","description":"Vakantiedorp Sos Flores aan de zee van Sardini\u00eb en aan het strand van San Gemiliano in Tortol\u00ec. Vakantiedorp Sos Flores in Ogliastra","robots":{"index":"index","follow":"follow","max-snippet":"max-snippet:-1","max-image-preview":"max-image-preview:large","max-video-preview":"max-video-preview:-1"},"canonical":"https:\/\/www.campingsosflores.com\/nl\/strand-tortoli\/","og_locale":"nl_NL","og_type":"article","og_title":"Camping en Vakantiedorp Zee van Sardini\u00eb, San Gemiliano strand Tortol\u00ec","og_description":"Vakantiedorp Sos Flores aan de zee van Sardini\u00eb en aan het strand van San Gemiliano in Tortol\u00ec. Vakantiedorp Sos Flores in Ogliastra","og_url":"https:\/\/www.campingsosflores.com\/nl\/strand-tortoli\/","og_site_name":"Campeggio Villaggio Sos Flores","article_publisher":"https:\/\/www.facebook.com\/Campeggio-Villaggio-Sos-Flores-163331700496181\/","article_modified_time":"2024-05-20T08:17:14+00:00","twitter_card":"summary_large_image","twitter_misc":{"Geschatte leestijd":"3 minuten"},"schema":{"@context":"https:\/\/schema.org","@graph":[{"@type":"WebPage","@id":"https:\/\/www.campingsosflores.com\/nl\/strand-tortoli\/","url":"https:\/\/www.campingsosflores.com\/nl\/strand-tortoli\/","name":"Camping en Vakantiedorp Zee van Sardini\u00eb, San Gemiliano strand Tortol\u00ec","isPartOf":{"@id":"https:\/\/www.campingsosflores.com\/nl\/#website"},"datePublished":"2017-05-12T14:45:54+00:00","dateModified":"2024-05-20T08:17:14+00:00","description":"Vakantiedorp Sos Flores aan de zee van Sardini\u00eb en aan het strand van San Gemiliano in Tortol\u00ec. Vakantiedorp Sos Flores in Ogliastra","breadcrumb":{"@id":"https:\/\/www.campingsosflores.com\/nl\/strand-tortoli\/#breadcrumb"},"inLanguage":"nl-NL","potentialAction":[{"@type":"ReadAction","target":["https:\/\/www.campingsosflores.com\/nl\/strand-tortoli\/"]}]},{"@type":"BreadcrumbList","@id":"https:\/\/www.campingsosflores.com\/nl\/strand-tortoli\/#breadcrumb","itemListElement":[{"@type":"ListItem","position":1,"name":"Home","item":"https:\/\/www.campingsosflores.com\/nl\/"},{"@type":"ListItem","position":2,"name":"Strand"}]},{"@type":"WebSite","@id":"https:\/\/www.campingsosflores.com\/nl\/#website","url":"https:\/\/www.campingsosflores.com\/nl\/","name":"Campeggio Villaggio Sos Flores","description":"Campeggio Villaggio in Sardegna sul Mare","potentialAction":[{"@type":"SearchAction","target":{"@type":"EntryPoint","urlTemplate":"https:\/\/www.campingsosflores.com\/nl\/?s={search_term_string}"},"query-input":"required name=search_term_string"}],"inLanguage":"nl-NL"}]}},"_links":{"self":[{"href":"https:\/\/www.campingsosflores.com\/nl\/wp-json\/wp\/v2\/pages\/1752","targetHints":{"allow":["GET"]}}],"collection":[{"href":"https:\/\/www.campingsosflores.com\/nl\/wp-json\/wp\/v2\/pages"}],"about":[{"href":"https:\/\/www.campingsosflores.com\/nl\/wp-json\/wp\/v2\/types\/page"}],"author":[{"embeddable":true,"href":"https:\/\/www.campingsosflores.com\/nl\/wp-json\/wp\/v2\/users\/1"}],"replies":[{"embeddable":true,"href":"https:\/\/www.campingsosflores.com\/nl\/wp-json\/wp\/v2\/comments?post=1752"}],"version-history":[{"count":6,"href":"https:\/\/www.campingsosflores.com\/nl\/wp-json\/wp\/v2\/pages\/1752\/revisions"}],"predecessor-version":[{"id":9250,"href":"https:\/\/www.campingsosflores.com\/nl\/wp-json\/wp\/v2\/pages\/1752\/revisions\/9250"}],"wp:attachment":[{"href":"https:\/\/www.campingsosflores.com\/nl\/wp-json\/wp\/v2\/media?parent=1752"}],"curies":[{"name":"wp","href":"https:\/\/api.w.org\/{rel}","templated":true}]}}