{"id":7829,"date":"2023-04-14T15:37:22","date_gmt":"2023-04-14T14:37:22","guid":{"rendered":"https:\/\/www.campingsosflores.com\/guest-house\/"},"modified":"2026-03-11T11:51:39","modified_gmt":"2026-03-11T10:51:39","slug":"villa-silvana-ogliastra","status":"publish","type":"page","link":"https:\/\/www.campingsosflores.com\/fr\/villa-silvana-ogliastra\/","title":{"rendered":"Villa Silvana"},"content":{"rendered":"<div class=\"wpb-content-wrapper\"><p>[vc_row][vc_column][vc_single_image image=\u00a0\u00bb9358&Prime; img_size=\u00a0\u00bbfull\u00a0\u00bb alignment=\u00a0\u00bbcenter\u00a0\u00bb][\/vc_column][\/vc_row][vc_row][vc_column][vc_column_text]Nich\u00e9e dans un coin tranquille de la campagne, \u00e0 proximit\u00e9 du <strong>Camping Village Sos Flores<\/strong> et \u00e0 seulement 400 m\u00e8tres des plages fascinantes d&rsquo;Ogliastra, <strong>Villa Silvana<\/strong> offre une solution d&rsquo;h\u00e9bergement unique pour ceux qui recherchent des vacances confortables en contact direct avec la nature. R\u00e9cemment r\u00e9nov\u00e9e, cette structure ind\u00e9pendante est id\u00e9ale pour les personnes souhaitant profiter d&rsquo;un s\u00e9jour paisible et relaxant, tout en b\u00e9n\u00e9ficiant de tous les services du village.<\/p>\n<p>\u00c0 l&rsquo;int\u00e9rieur de la <strong>Villa Silvana<\/strong>, vous trouverez 12 chambres accueillantes, toutes \u00e9quip\u00e9es de tout le confort. Chaque chambre dispose d&rsquo;une salle d&rsquo;eau priv\u00e9e, d&rsquo;un s\u00e8che-cheveux, d&rsquo;une t\u00e9l\u00e9vision, de la climatisation et d&rsquo;un mini-r\u00e9frig\u00e9rateur, ainsi que d&rsquo;un portemanteau pratique et d&rsquo;une connexion Wi-Fi. L&rsquo;association de la fonctionnalit\u00e9 et du confort fait de chaque chambre un excellent refuge apr\u00e8s des journ\u00e9es pass\u00e9es \u00e0 explorer la nature environnante ou \u00e0 profiter de la mer. <strong>Deux \u00e9l\u00e9gantes piscines<\/strong> ayeront votre s\u00e9jour gr\u00e2ce \u00e0 leur acc\u00e8s exclusif. L&rsquo;espace est \u00e9quip\u00e9 de chaises longues et de parasols pour se pr\u00e9lasser sous le chaud soleil de <strong>Sardaigne<\/strong>.<\/p>\n<p><strong>Villa Silvana<\/strong> ravit ses h\u00f4tes avec un <strong>petit d\u00e9jeuner<\/strong> copieux, compos\u00e9 d&rsquo;une vari\u00e9t\u00e9 de d\u00e9licieux plats sucr\u00e9s et sal\u00e9s, servis avec soin dans la salle de petit d\u00e9jeuner pour un r\u00e9veil confortable et con\u00e7u pour vous pr\u00e9parer \u00e0 affronter la journ\u00e9e avec \u00e9nergie et vitalit\u00e9.<\/p>\n<p>Une id\u00e9e de vacances \u00e9quilibr\u00e9e, parfaite pour ceux qui recherchent des moments de pure d\u00e9tente dans un cadre confortable et chic o\u00f9 le temps semble s&rsquo;\u00eatre arr\u00eat\u00e9, un lieu id\u00e9al \u00e9galement pour c\u00e9l\u00e9brer des <strong>\u00e9v\u00e9nements priv\u00e9s<\/strong> et des <strong>c\u00e9r\u00e9monies<\/strong>.[\/vc_column_text][\/vc_column][\/vc_row][vc_row][vc_column width=\u00a0\u00bb1\/2&Prime;][vc_empty_space]<div class=\" ubtn-ctn-center \"><a class=\"ubtn-link ult-adjust-bottom-margin ubtn-center ubtn-custom \" href=\"https:\/\/www.campingsosflores.com\/fr\/contactes-sos-flores\/\" ><button type=\"button\" id=\"ubtn-6515\"  class=\"ubtn ult-adjust-bottom-margin ult-responsive ubtn-custom ubtn-fade-bg  none  ubtn-center   tooltip-69f4a9b2b817e\"  data-hover=\"#006aff\" data-border-color=\"#006aff\" data-bg=\"#006aff\" data-hover-bg=\"#ffffff\" data-border-hover=\"#006aff\" data-shadow-hover=\"\" data-shadow-click=\"none\" data-shadow=\"\" data-shd-shadow=\"\"  data-ultimate-target='#ubtn-6515'  data-responsive-json-new='{\"font-size\":\"desktop:18px;\",\"line-height\":\"\"}'  style=\"font-weight:bold;width:250px;min-height:50px;padding:px px;border-radius:25px;border-width:3px;border-color:#006aff;border-style:solid;background: #006aff;color: #ffffff;\"><span class=\"ubtn-hover\" style=\"background-color:#ffffff\"><\/span><span class=\"ubtn-data ubtn-text \" >Contactez nous<\/span><\/button><\/a><\/div>[vc_empty_space][\/vc_column][vc_column width=\u00a0\u00bb1\/2&Prime;][vc_empty_space]<div class=\" ubtn-ctn-center \"><a class=\"ubtn-link ult-adjust-bottom-margin ubtn-center ubtn-custom \" href=\"https:\/\/be.bookingexpert.it\/book\/home\/single?layout=14500&lang=fr&currency=EUR&nsid=7cf5dee1-c1ee-4f6d-aead-c30b6c53c290\" ><button type=\"button\" id=\"ubtn-1657\"  class=\"ubtn ult-adjust-bottom-margin ult-responsive ubtn-custom ubtn-fade-bg  none  ubtn-center   tooltip-69f4a9b2b8249\"  data-hover=\"#006aff\" data-border-color=\"#006aff\" data-bg=\"#006aff\" data-hover-bg=\"#ffffff\" data-border-hover=\"#006aff\" data-shadow-hover=\"\" data-shadow-click=\"none\" data-shadow=\"\" data-shd-shadow=\"\"  data-ultimate-target='#ubtn-1657'  data-responsive-json-new='{\"font-size\":\"desktop:18px;\",\"line-height\":\"\"}'  style=\"font-weight:bold;width:250px;min-height:50px;padding:px px;border-radius:25px;border-width:3px;border-color:#006aff;border-style:solid;background: #006aff;color: #ffffff;\"><span class=\"ubtn-hover\" style=\"background-color:#ffffff\"><\/span><span class=\"ubtn-data ubtn-text \" >R\u00e9servez d\u00e8s maintenant<\/span><\/button><\/a><\/div>[vc_empty_space][\/vc_column][\/vc_row][vc_row][vc_column]\n\t\t\t<!-- START Villa Silvana REVOLUTION SLIDER 6.7.38 --><p class=\"rs-p-wp-fix\"><\/p>\n\t\t\t<rs-module-wrap id=\"rev_slider_37_1_wrapper\" data-source=\"gallery\" style=\"visibility:hidden;background:#e2e2e2;padding:0;margin:0px auto;margin-top:0;margin-bottom:0;\">\n\t\t\t\t<rs-module id=\"rev_slider_37_1\" style=\"\" data-version=\"6.7.38\">\n\t\t\t\t\t<rs-slides style=\"overflow: hidden; position: absolute;\">\n\t\t\t\t\t\t<rs-slide style=\"position: absolute;\" data-key=\"rs-1305\" data-title=\"Slide\" data-thumb=\"\/\/www.campingsosflores.com\/wp-content\/uploads\/2023\/04\/Esterno-100x50.jpg\" data-anim=\"adpr:false;\" data-in=\"o:0;\" data-out=\"a:false;\">\n\t\t\t\t\t\t\t<img decoding=\"async\" src=\"\/\/www.campingsosflores.com\/wp-content\/plugins\/revslider\/sr6\/assets\/assets\/dummy.png\" alt=\"\" title=\"Esterno\" width=\"1920\" height=\"1440\" class=\"rev-slidebg tp-rs-img rs-lazyload\" data-lazyload=\"\/\/www.campingsosflores.com\/wp-content\/uploads\/2023\/04\/Esterno.jpg\" data-bg=\"f:contain;\" data-parallax=\"off\" data-no-retina>\n<!---->\t\t\t\t\t<\/rs-slide>\n\t\t\t\t\t\t<rs-slide style=\"position: absolute;\" data-key=\"rs-1301\" data-title=\"Slide\" data-thumb=\"\/\/www.campingsosflores.com\/wp-content\/uploads\/2023\/04\/Sala-Relax-100x50.jpg\" data-anim=\"adpr:false;\" data-in=\"o:0;\" data-out=\"a:false;\">\n\t\t\t\t\t\t\t<img decoding=\"async\" src=\"\/\/www.campingsosflores.com\/wp-content\/plugins\/revslider\/sr6\/assets\/assets\/dummy.png\" alt=\"\" title=\"Sala Relax\" width=\"1920\" height=\"1440\" class=\"rev-slidebg tp-rs-img rs-lazyload\" data-lazyload=\"\/\/www.campingsosflores.com\/wp-content\/uploads\/2023\/04\/Sala-Relax.jpg\" data-bg=\"f:contain;\" data-parallax=\"off\" data-no-retina>\n<!---->\t\t\t\t\t<\/rs-slide>\n\t\t\t\t\t\t<rs-slide style=\"position: absolute;\" data-key=\"rs-1300\" data-title=\"Slide\" data-thumb=\"\/\/www.campingsosflores.com\/wp-content\/uploads\/2023\/04\/Colazione-100x50.jpg\" data-anim=\"adpr:false;\" data-in=\"o:0;\" data-out=\"a:false;\">\n\t\t\t\t\t\t\t<img decoding=\"async\" src=\"\/\/www.campingsosflores.com\/wp-content\/plugins\/revslider\/sr6\/assets\/assets\/dummy.png\" alt=\"\" title=\"Colazione\" width=\"1920\" height=\"1440\" class=\"rev-slidebg tp-rs-img rs-lazyload\" data-lazyload=\"\/\/www.campingsosflores.com\/wp-content\/uploads\/2023\/04\/Colazione.jpg\" data-bg=\"f:contain;\" data-parallax=\"off\" data-no-retina>\n<!---->\t\t\t\t\t<\/rs-slide>\n\t\t\t\t\t\t<rs-slide style=\"position: absolute;\" data-key=\"rs-1302\" data-title=\"Slide\" data-thumb=\"\/\/www.campingsosflores.com\/wp-content\/uploads\/2023\/04\/Camera-Doppia-Retro-scaled-100x50.jpg\" data-anim=\"adpr:false;\" data-in=\"o:0;\" data-out=\"a:false;\">\n\t\t\t\t\t\t\t<img decoding=\"async\" src=\"\/\/www.campingsosflores.com\/wp-content\/plugins\/revslider\/sr6\/assets\/assets\/dummy.png\" alt=\"\" title=\"Camera Doppia Retro\" width=\"2560\" height=\"1920\" class=\"rev-slidebg tp-rs-img rs-lazyload\" data-lazyload=\"\/\/www.campingsosflores.com\/wp-content\/uploads\/2023\/04\/Camera-Doppia-Retro-scaled.jpg\" data-bg=\"f:contain;\" data-parallax=\"off\" data-no-retina>\n<!---->\t\t\t\t\t<\/rs-slide>\n\t\t\t\t\t<\/rs-slides>\n\t\t\t\t<\/rs-module>\n\t\t\t\t<script>\n\t\t\t\t\tsetREVStartSize({c: 'rev_slider_37_1',rl:[1240,1024,778,480],el:[405],gw:[500],gh:[405],type:'carousel',justify:'',layout:'fullwidth',thumbh:\"100\",mh:\"0\"});if (window.RS_MODULES!==undefined && window.RS_MODULES.modules!==undefined && window.RS_MODULES.modules[\"revslider371\"]!==undefined) {window.RS_MODULES.modules[\"revslider371\"].once = false;window.revapi37 = undefined;if (window.RS_MODULES.checkMinimal!==undefined) window.RS_MODULES.checkMinimal()}\n\t\t\t\t<\/script>\n\t\t\t<\/rs-module-wrap>\n\t\t\t<!-- END REVOLUTION SLIDER -->\n[\/vc_column][\/vc_row]<\/p>\n<\/div>","protected":false},"excerpt":{"rendered":"<p>[vc_row][vc_column][vc_single_image image=\u00a0\u00bb9358&Prime; img_size=\u00a0\u00bbfull\u00a0\u00bb alignment=\u00a0\u00bbcenter\u00a0\u00bb][\/vc_column][\/vc_row][vc_row][vc_column][vc_column_text]Nich\u00e9e dans un coin tranquille de la campagne, \u00e0 proximit\u00e9 du Camping Village Sos Flores et \u00e0 seulement 400 m\u00e8tres des plages fascinantes d&rsquo;Ogliastra, Villa Silvana offre une solution d&rsquo;h\u00e9bergement unique pour ceux qui recherchent des vacances confortables en contact direct avec la nature. R\u00e9cemment r\u00e9nov\u00e9e, cette structure ind\u00e9pendante est id\u00e9ale pour&hellip;<\/p>\n","protected":false},"author":2,"featured_media":0,"parent":0,"menu_order":0,"comment_status":"closed","ping_status":"closed","template":"","meta":{"footnotes":""},"class_list":["post-7829","page","type-page","status-publish","hentry","description-off"],"yoast_head":"<!-- This site is optimized with the Yoast SEO plugin v19.13 - https:\/\/yoast.com\/wordpress\/plugins\/seo\/ -->\n<title>Villa Silvana - Campeggio Villaggio Sos Flores<\/title>\n<meta name=\"description\" content=\"Villa Silvana, r\u00e9cemment r\u00e9nov\u00e9e, \u00e0 Ogliastra, pr\u00e8s de la mer, avec chambres doubles, piscine et petit-d\u00e9jeuner inclus.\" \/>\n<meta name=\"robots\" content=\"index, follow, max-snippet:-1, max-image-preview:large, max-video-preview:-1\" \/>\n<link rel=\"canonical\" href=\"https:\/\/www.campingsosflores.com\/fr\/villa-silvana-ogliastra\/\" \/>\n<meta property=\"og:locale\" content=\"fr_FR\" \/>\n<meta property=\"og:type\" content=\"article\" \/>\n<meta property=\"og:title\" content=\"Villa Silvana - Campeggio Villaggio Sos Flores\" \/>\n<meta property=\"og:description\" content=\"Villa Silvana, r\u00e9cemment r\u00e9nov\u00e9e, \u00e0 Ogliastra, pr\u00e8s de la mer, avec chambres doubles, piscine et petit-d\u00e9jeuner inclus.\" \/>\n<meta property=\"og:url\" content=\"https:\/\/www.campingsosflores.com\/fr\/villa-silvana-ogliastra\/\" \/>\n<meta property=\"og:site_name\" content=\"Campeggio Villaggio Sos Flores\" \/>\n<meta property=\"article:publisher\" content=\"https:\/\/www.facebook.com\/Campeggio-Villaggio-Sos-Flores-163331700496181\/\" \/>\n<meta property=\"article:modified_time\" content=\"2026-03-11T10:51:39+00:00\" \/>\n<meta name=\"twitter:card\" content=\"summary_large_image\" \/>\n<meta name=\"twitter:label1\" content=\"Dur\u00e9e de lecture estim\u00e9e\" \/>\n\t<meta name=\"twitter:data1\" content=\"2 minutes\" \/>\n<script type=\"application\/ld+json\" class=\"yoast-schema-graph\">{\"@context\":\"https:\/\/schema.org\",\"@graph\":[{\"@type\":\"WebPage\",\"@id\":\"https:\/\/www.campingsosflores.com\/fr\/villa-silvana-ogliastra\/\",\"url\":\"https:\/\/www.campingsosflores.com\/fr\/villa-silvana-ogliastra\/\",\"name\":\"Villa Silvana - Campeggio Villaggio Sos Flores\",\"isPartOf\":{\"@id\":\"https:\/\/www.campingsosflores.com\/fr\/#website\"},\"datePublished\":\"2023-04-14T14:37:22+00:00\",\"dateModified\":\"2026-03-11T10:51:39+00:00\",\"description\":\"Villa Silvana, r\u00e9cemment r\u00e9nov\u00e9e, \u00e0 Ogliastra, pr\u00e8s de la mer, avec chambres doubles, piscine et petit-d\u00e9jeuner inclus.\",\"breadcrumb\":{\"@id\":\"https:\/\/www.campingsosflores.com\/fr\/villa-silvana-ogliastra\/#breadcrumb\"},\"inLanguage\":\"fr-FR\",\"potentialAction\":[{\"@type\":\"ReadAction\",\"target\":[\"https:\/\/www.campingsosflores.com\/fr\/villa-silvana-ogliastra\/\"]}]},{\"@type\":\"BreadcrumbList\",\"@id\":\"https:\/\/www.campingsosflores.com\/fr\/villa-silvana-ogliastra\/#breadcrumb\",\"itemListElement\":[{\"@type\":\"ListItem\",\"position\":1,\"name\":\"Home\",\"item\":\"https:\/\/www.campingsosflores.com\/fr\/\"},{\"@type\":\"ListItem\",\"position\":2,\"name\":\"Villa Silvana\"}]},{\"@type\":\"WebSite\",\"@id\":\"https:\/\/www.campingsosflores.com\/fr\/#website\",\"url\":\"https:\/\/www.campingsosflores.com\/fr\/\",\"name\":\"Campeggio Villaggio Sos Flores\",\"description\":\"Campeggio Villaggio in Sardegna sul Mare\",\"potentialAction\":[{\"@type\":\"SearchAction\",\"target\":{\"@type\":\"EntryPoint\",\"urlTemplate\":\"https:\/\/www.campingsosflores.com\/fr\/?s={search_term_string}\"},\"query-input\":\"required name=search_term_string\"}],\"inLanguage\":\"fr-FR\"}]}<\/script>\n<!-- \/ Yoast SEO plugin. -->","yoast_head_json":{"title":"Villa Silvana - Campeggio Villaggio Sos Flores","description":"Villa Silvana, r\u00e9cemment r\u00e9nov\u00e9e, \u00e0 Ogliastra, pr\u00e8s de la mer, avec chambres doubles, piscine et petit-d\u00e9jeuner inclus.","robots":{"index":"index","follow":"follow","max-snippet":"max-snippet:-1","max-image-preview":"max-image-preview:large","max-video-preview":"max-video-preview:-1"},"canonical":"https:\/\/www.campingsosflores.com\/fr\/villa-silvana-ogliastra\/","og_locale":"fr_FR","og_type":"article","og_title":"Villa Silvana - Campeggio Villaggio Sos Flores","og_description":"Villa Silvana, r\u00e9cemment r\u00e9nov\u00e9e, \u00e0 Ogliastra, pr\u00e8s de la mer, avec chambres doubles, piscine et petit-d\u00e9jeuner inclus.","og_url":"https:\/\/www.campingsosflores.com\/fr\/villa-silvana-ogliastra\/","og_site_name":"Campeggio Villaggio Sos Flores","article_publisher":"https:\/\/www.facebook.com\/Campeggio-Villaggio-Sos-Flores-163331700496181\/","article_modified_time":"2026-03-11T10:51:39+00:00","twitter_card":"summary_large_image","twitter_misc":{"Dur\u00e9e de lecture estim\u00e9e":"2 minutes"},"schema":{"@context":"https:\/\/schema.org","@graph":[{"@type":"WebPage","@id":"https:\/\/www.campingsosflores.com\/fr\/villa-silvana-ogliastra\/","url":"https:\/\/www.campingsosflores.com\/fr\/villa-silvana-ogliastra\/","name":"Villa Silvana - Campeggio Villaggio Sos Flores","isPartOf":{"@id":"https:\/\/www.campingsosflores.com\/fr\/#website"},"datePublished":"2023-04-14T14:37:22+00:00","dateModified":"2026-03-11T10:51:39+00:00","description":"Villa Silvana, r\u00e9cemment r\u00e9nov\u00e9e, \u00e0 Ogliastra, pr\u00e8s de la mer, avec chambres doubles, piscine et petit-d\u00e9jeuner inclus.","breadcrumb":{"@id":"https:\/\/www.campingsosflores.com\/fr\/villa-silvana-ogliastra\/#breadcrumb"},"inLanguage":"fr-FR","potentialAction":[{"@type":"ReadAction","target":["https:\/\/www.campingsosflores.com\/fr\/villa-silvana-ogliastra\/"]}]},{"@type":"BreadcrumbList","@id":"https:\/\/www.campingsosflores.com\/fr\/villa-silvana-ogliastra\/#breadcrumb","itemListElement":[{"@type":"ListItem","position":1,"name":"Home","item":"https:\/\/www.campingsosflores.com\/fr\/"},{"@type":"ListItem","position":2,"name":"Villa Silvana"}]},{"@type":"WebSite","@id":"https:\/\/www.campingsosflores.com\/fr\/#website","url":"https:\/\/www.campingsosflores.com\/fr\/","name":"Campeggio Villaggio Sos Flores","description":"Campeggio Villaggio in Sardegna sul Mare","potentialAction":[{"@type":"SearchAction","target":{"@type":"EntryPoint","urlTemplate":"https:\/\/www.campingsosflores.com\/fr\/?s={search_term_string}"},"query-input":"required name=search_term_string"}],"inLanguage":"fr-FR"}]}},"_links":{"self":[{"href":"https:\/\/www.campingsosflores.com\/fr\/wp-json\/wp\/v2\/pages\/7829","targetHints":{"allow":["GET"]}}],"collection":[{"href":"https:\/\/www.campingsosflores.com\/fr\/wp-json\/wp\/v2\/pages"}],"about":[{"href":"https:\/\/www.campingsosflores.com\/fr\/wp-json\/wp\/v2\/types\/page"}],"author":[{"embeddable":true,"href":"https:\/\/www.campingsosflores.com\/fr\/wp-json\/wp\/v2\/users\/2"}],"replies":[{"embeddable":true,"href":"https:\/\/www.campingsosflores.com\/fr\/wp-json\/wp\/v2\/comments?post=7829"}],"version-history":[{"count":25,"href":"https:\/\/www.campingsosflores.com\/fr\/wp-json\/wp\/v2\/pages\/7829\/revisions"}],"predecessor-version":[{"id":10295,"href":"https:\/\/www.campingsosflores.com\/fr\/wp-json\/wp\/v2\/pages\/7829\/revisions\/10295"}],"wp:attachment":[{"href":"https:\/\/www.campingsosflores.com\/fr\/wp-json\/wp\/v2\/media?parent=7829"}],"curies":[{"name":"wp","href":"https:\/\/api.w.org\/{rel}","templated":true}]}}