{"id":6942,"date":"2022-04-01T09:28:29","date_gmt":"2022-04-01T08:28:29","guid":{"rendered":"https:\/\/www.campingsosflores.com\/ferries\/"},"modified":"2024-11-22T16:08:46","modified_gmt":"2024-11-22T15:08:46","slug":"ferries-sardaigne-offres-speciales-ogliastra-incoming-meilleur-prix-sur-le-marche","status":"publish","type":"page","link":"https:\/\/www.campingsosflores.com\/fr\/ferries-sardaigne-offres-speciales-ogliastra-incoming-meilleur-prix-sur-le-marche\/","title":{"rendered":"Ferries"},"content":{"rendered":"<div class=\"wpb-content-wrapper\"><p>[vc_row type=\u00a0\u00bbvc_default\u00a0\u00bb full_width=\u00a0\u00bbstretch_row_content_no_spaces\u00a0\u00bb][vc_column][vc_raw_html]ICA8ZGl2IGlkPSJib29raW5nZXhwZXJ0Ij4NCiAgICAgICAgICAgIDxkaXYgaWQ9InNlYXJjaGJveCIgY2xhc3M9ImJhcnJhcmljZXJjYSI+PC9kaXY+DQogICAgICAgIDwvZGl2Pg==[\/vc_raw_html][vc_raw_js]JTIwJTIwJTIwJTIwJTIwJTIwJTIwJTNDc2NyaXB0JTIwc3JjJTNEJTIyaHR0cHMlM0ElMkYlMkZiZS5ib29raW5nZXhwZXJ0Lml0JTJGYm9vayUyRndlYnNpdGVzJTJGc2VhcmNoYm94JTNGaG90ZWwlM0QyMjQzNCUyNmFtcCUzQmxhbmclM0RmciUyMiUzRSUzQyUyRnNjcmlwdCUzRSUwQSUyMCUyMCUyMCUyMCUyMCUyMCUyMCUyMCUzQ3NjcmlwdCUzRWl0LmJvb2tpbmdleHBlcnQuU2VhcmNoQm94LmxvYWQlMjglMjdzZWFyY2hib3glMjclMkMlMjAlMjdEZWZhdWx0JTI3JTI5JTNCJTNDJTJGc2NyaXB0JTNF[\/vc_raw_js][vc_empty_space][\/vc_column][\/vc_row][vc_row][vc_column]<div id=\"ultimate-heading-110069f4a9dab535e\" class=\"uvc-heading ult-adjust-bottom-margin ultimate-heading-110069f4a9dab535e uvc-3143 \" data-hspacer=\"no_spacer\"  data-halign=\"center\" style=\"text-align:center\"><div class=\"uvc-heading-spacer no_spacer\" style=\"top\"><\/div><div class=\"uvc-main-heading ult-responsive\"  data-ultimate-target='.uvc-heading.ultimate-heading-110069f4a9dab535e h2'  data-responsive-json-new='{\"font-size\":\"desktop:32px;\",\"line-height\":\"\"}' ><h2 style=\"--font-weight:theme;\">Offres ferries pour la Sardaigne: avec nous le meilleur prix est garanti!<\/h2><\/div><\/div>[vc_empty_space][vc_column_text]Que vous partiez pour un long voyage ou pour un week-end, le ferry est le moyen id\u00e9al pour atteindre la <strong>Sardaigne<\/strong>. Nous avons des tarifs r\u00e9duits avec les principales compagnies maritimes\u00a0(<strong>GNV, Grimaldi, Moby, Sardinia Ferries <\/strong>et <strong>Tirrenia<\/strong>). Demandez un devis \u00e0 prix r\u00e9duit \u00e0 notre agence de voyage <strong>Ogliastra Incoming<\/strong> en cliquant <a href=\"https:\/\/forms.gle\/4wxU9n1XWu8eKz3a9\">ICI<\/a> ou en remplissant le formulaire de demande de devis pour le ferry vers la <strong>Sardaigne<\/strong>. Vous serez contact\u00e9 dans les plus brefs d\u00e9lais avec une offre personnalis\u00e9e.[\/vc_column_text][vc_separator][\/vc_column][\/vc_row][vc_row][vc_column width=\u00a0\u00bb1\/6&Prime;][\/vc_column][vc_column width=\u00a0\u00bb2\/3&Prime;][vc_raw_html el_id=\u00a0\u00bbModulo traghetto\u00a0\u00bb]JTBBJTIwJTIwJTIwJTIwJTNDaWZyYW1lJTBBJTIwJTIwJTIwJTIwJTIwJTIwaWQlM0QlMjJKb3RGb3JtSUZyYW1lLTIzMjk3MjY3NzAwNzM2MiUyMiUwQSUyMCUyMCUyMCUyMCUyMCUyMHRpdGxlJTNEJTIyTW9kdWxvJTIwb2dsaWFzdHJhaW5jb21pbmcuY29tJTIwU29zJTIwRmxvcmVzJTIyJTBBJTIwJTIwJTIwJTIwJTIwJTIwb25sb2FkJTNEJTIyd2luZG93LnBhcmVudC5zY3JvbGxUbyUyODAlMkMwJTI5JTIyJTBBJTIwJTIwJTIwJTIwJTIwJTIwYWxsb3d0cmFuc3BhcmVuY3klM0QlMjJ0cnVlJTIyJTBBJTIwJTIwJTIwJTIwJTIwJTIwYWxsb3dmdWxsc2NyZWVuJTNEJTIydHJ1ZSUyMiUwQSUyMCUyMCUyMCUyMCUyMCUyMGFsbG93JTNEJTIyZ2VvbG9jYXRpb24lM0IlMjBtaWNyb3Bob25lJTNCJTIwY2FtZXJhJTIyJTBBJTIwJTIwJTIwJTIwJTIwJTIwc3JjJTNEJTIyaHR0cHMlM0ElMkYlMkZmb3JtLmpvdGZvcm0uY29tJTJGb2dsaWFzdHJhaW5jb21pbmclMkZzb3MtZmxvcmVzJTIyJTBBJTIwJTIwJTIwJTIwJTIwJTIwZnJhbWVib3JkZXIlM0QlMjIwJTIyJTBBJTIwJTIwJTIwJTIwJTIwJTIwc3R5bGUlM0QlMjJtaW4td2lkdGglM0ExMDAlMjUlM0JtYXgtd2lkdGglM0ExMDAlMjUlM0JoZWlnaHQlM0E1MzlweCUzQmJvcmRlciUzQW5vbmUlM0IlMjIlMEElMjAlMjAlMjAlMjAlMjAlMjBzY3JvbGxpbmclM0QlMjJubyUyMiUwQSUyMCUyMCUyMCUyMCUzRSUwQSUyMCUyMCUyMCUyMCUzQyUyRmlmcmFtZSUzRSUwQSUyMCUyMCUyMCUyMCUzQ3NjcmlwdCUyMHR5cGUlM0QlMjJ0ZXh0JTJGamF2YXNjcmlwdCUyMiUzRSUwQSUyMCUyMCUyMCUyMHZhciUyMGlmciUyMCUzRCUyMGRvY3VtZW50LmdldEVsZW1lbnRCeUlkJTI4JTIySm90Rm9ybUlGcmFtZS0yMzI5NzI2NzcwMDczNjIlMjIlMjklM0IlMEElMjAlMjAlMjAlMjBpZiUyMCUyOGlmciUyOSUyMCU3QiUwQSUyMCUyMCUyMCUyMCUyMCUyMHZhciUyMHNyYyUyMCUzRCUyMGlmci5zcmMlM0IlMEElMjAlMjAlMjAlMjAlMjAlMjB2YXIlMjBpZnJhbWVQYXJhbXMlMjAlM0QlMjAlNUIlNUQlM0IlMEElMjAlMjAlMjAlMjAlMjAlMjBpZiUyMCUyOHdpbmRvdy5sb2NhdGlvbi5ocmVmJTIwJTI2JTI2JTIwd2luZG93LmxvY2F0aW9uLmhyZWYuaW5kZXhPZiUyOCUyMiUzRiUyMiUyOSUyMCUzRSUyMC0xJTI5JTIwJTdCJTBBJTIwJTIwJTIwJTIwJTIwJTIwJTIwJTIwaWZyYW1lUGFyYW1zJTIwJTNEJTIwaWZyYW1lUGFyYW1zLmNvbmNhdCUyOHdpbmRvdy5sb2NhdGlvbi5ocmVmLnN1YnN0ciUyOHdpbmRvdy5sb2NhdGlvbi5ocmVmLmluZGV4T2YlMjglMjIlM0YlMjIlMjklMjAlMkIlMjAxJTI5LnNwbGl0JTI4JTI3JTI2JTI3JTI5JTI5JTNCJTBBJTIwJTIwJTIwJTIwJTIwJTIwJTdEJTBBJTIwJTIwJTIwJTIwJTIwJTIwaWYlMjAlMjhzcmMlMjAlMjYlMjYlMjBzcmMuaW5kZXhPZiUyOCUyMiUzRiUyMiUyOSUyMCUzRSUyMC0xJTI5JTIwJTdCJTBBJTIwJTIwJTIwJTIwJTIwJTIwJTIwJTIwaWZyYW1lUGFyYW1zJTIwJTNEJTIwaWZyYW1lUGFyYW1zLmNvbmNhdCUyOHNyYy5zdWJzdHIlMjhzcmMuaW5kZXhPZiUyOCUyMiUzRiUyMiUyOSUyMCUyQiUyMDElMjkuc3BsaXQlMjglMjIlMjYlMjIlMjklMjklM0IlMEElMjAlMjAlMjAlMjAlMjAlMjAlMjAlMjBzcmMlMjAlM0QlMjBzcmMuc3Vic3RyJTI4MCUyQyUyMHNyYy5pbmRleE9mJTI4JTIyJTNGJTIyJTI5JTI5JTBBJTIwJTIwJTIwJTIwJTIwJTIwJTdEJTBBJTIwJTIwJTIwJTIwJTIwJTIwaWZyYW1lUGFyYW1zLnB1c2glMjglMjJpc0lmcmFtZUVtYmVkJTNEMSUyMiUyOSUzQiUwQSUyMCUyMCUyMCUyMCUyMCUyMGlmci5zcmMlMjAlM0QlMjBzcmMlMjAlMkIlMjAlMjIlM0YlMjIlMjAlMkIlMjBpZnJhbWVQYXJhbXMuam9pbiUyOCUyNyUyNiUyNyUyOSUzQiUwQSUyMCUyMCUyMCUyMCU3RCUwQSUyMCUyMCUyMCUyMHdpbmRvdy5oYW5kbGVJRnJhbWVNZXNzYWdlJTIwJTNEJTIwZnVuY3Rpb24lMjhlJTI5JTIwJTdCJTBBJTIwJTIwJTIwJTIwJTIwJTIwaWYlMjAlMjh0eXBlb2YlMjBlLmRhdGElMjAlM0QlM0QlM0QlMjAlMjdvYmplY3QlMjclMjklMjAlN0IlMjByZXR1cm4lM0IlMjAlN0QlMEElMjAlMjAlMjAlMjAlMjAlMjB2YXIlMjBhcmdzJTIwJTNEJTIwZS5kYXRhLnNwbGl0JTI4JTIyJTNBJTIyJTI5JTNCJTBBJTIwJTIwJTIwJTIwJTIwJTIwaWYlMjAlMjhhcmdzLmxlbmd0aCUyMCUzRSUyMDIlMjklMjAlN0IlMjBpZnJhbWUlMjAlM0QlMjBkb2N1bWVudC5nZXRFbGVtZW50QnlJZCUyOCUyMkpvdEZvcm1JRnJhbWUtJTIyJTIwJTJCJTIwYXJncyU1QiUyOGFyZ3MubGVuZ3RoJTIwLSUyMDElMjklNUQlMjklM0IlMjAlN0QlMjBlbHNlJTIwJTdCJTIwaWZyYW1lJTIwJTNEJTIwZG9jdW1lbnQuZ2V0RWxlbWVudEJ5SWQlMjglMjJKb3RGb3JtSUZyYW1lJTIyJTI5JTNCJTIwJTdEJTBBJTIwJTIwJTIwJTIwJTIwJTIwaWYlMjAlMjglMjFpZnJhbWUlMjklMjAlN0IlMjByZXR1cm4lM0IlMjAlN0QlMEElMjAlMjAlMjAlMjAlMjAlMjBzd2l0Y2glMjAlMjhhcmdzJTVCMCU1RCUyOSUyMCU3QiUwQSUyMCUyMCUyMCUyMCUyMCUyMCUyMCUyMGNhc2UlMjAlMjJzY3JvbGxJbnRvVmlldyUyMiUzQSUwQSUyMCUyMCUyMCUyMCUyMCUyMCUyMCUyMCUyMCUyMGlmcmFtZS5zY3JvbGxJbnRvVmlldyUyOCUyOSUzQiUwQSUyMCUyMCUyMCUyMCUyMCUyMCUyMCUyMCUyMCUyMGJyZWFrJTNCJTBBJTIwJTIwJTIwJTIwJTIwJTIwJTIwJTIwY2FzZSUyMCUyMnNldEhlaWdodCUyMiUzQSUwQSUyMCUyMCUyMCUyMCUyMCUyMCUyMCUyMCUyMCUyMGlmcmFtZS5zdHlsZS5oZWlnaHQlMjAlM0QlMjBhcmdzJTVCMSU1RCUyMCUyQiUyMCUyMnB4JTIyJTNCJTBBJTIwJTIwJTIwJTIwJTIwJTIwJTIwJTIwJTIwJTIwaWYlMjAlMjglMjFpc05hTiUyOGFyZ3MlNUIxJTVEJTI5JTIwJTI2JTI2JTIwcGFyc2VJbnQlMjhpZnJhbWUuc3R5bGUubWluSGVpZ2h0JTI5JTIwJTNFJTIwcGFyc2VJbnQlMjhhcmdzJTVCMSU1RCUyOSUyOSUyMCU3QiUwQSUyMCUyMCUyMCUyMCUyMCUyMCUyMCUyMCUyMCUyMCUyMCUyMGlmcmFtZS5zdHlsZS5taW5IZWlnaHQlMjAlM0QlMjBhcmdzJTVCMSU1RCUyMCUyQiUyMCUyMnB4JTIyJTNCJTBBJTIwJTIwJTIwJTIwJTIwJTIwJTIwJTIwJTIwJTIwJTdEJTBBJTIwJTIwJTIwJTIwJTIwJTIwJTIwJTIwJTIwJTIwYnJlYWslM0IlMEElMjAlMjAlMjAlMjAlMjAlMjAlMjAlMjBjYXNlJTIwJTIyY29sbGFwc2VFcnJvclBhZ2UlMjIlM0ElMEElMjAlMjAlMjAlMjAlMjAlMjAlMjAlMjAlMjAlMjBpZiUyMCUyOGlmcmFtZS5jbGllbnRIZWlnaHQlMjAlM0UlMjB3aW5kb3cuaW5uZXJIZWlnaHQlMjklMjAlN0IlMEElMjAlMjAlMjAlMjAlMjAlMjAlMjAlMjAlMjAlMjAlMjAlMjBpZnJhbWUuc3R5bGUuaGVpZ2h0JTIwJTNEJTIwd2luZG93LmlubmVySGVpZ2h0JTIwJTJCJTIwJTIycHglMjIlM0IlMEElMjAlMjAlMjAlMjAlMjAlMjAlMjAlMjAlMjAlMjAlN0QlMEElMjAlMjAlMjAlMjAlMjAlMjAlMjAlMjAlMjAlMjBicmVhayUzQiUwQSUyMCUyMCUyMCUyMCUyMCUyMCUyMCUyMGNhc2UlMjAlMjJyZWxvYWRQYWdlJTIyJTNBJTBBJTIwJTIwJTIwJTIwJTIwJTIwJTIwJTIwJTIwJTIwd2luZG93LmxvY2F0aW9uLnJlbG9hZCUyOCUyOSUzQiUwQSUyMCUyMCUyMCUyMCUyMCUyMCUyMCUyMCUyMCUyMGJyZWFrJTNCJTBBJTIwJTIwJTIwJTIwJTIwJTIwJTIwJTIwY2FzZSUyMCUyMmxvYWRTY3JpcHQlMjIlM0ElMEElMjAlMjAlMjAlMjAlMjAlMjAlMjAlMjAlMjAlMjBpZiUyOCUyMCUyMXdpbmRvdy5pc1Blcm1pdHRlZCUyOGUub3JpZ2luJTJDJTIwJTVCJTI3am90Zm9ybS5jb20lMjclMkMlMjAlMjdqb3Rmb3JtLnBybyUyNyU1RCUyOSUyMCUyOSUyMCU3QiUyMGJyZWFrJTNCJTIwJTdEJTBBJTIwJTIwJTIwJTIwJTIwJTIwJTIwJTIwJTIwJTIwdmFyJTIwc3JjJTIwJTNEJTIwYXJncyU1QjElNUQlM0IlMEElMjAlMjAlMjAlMjAlMjAlMjAlMjAlMjAlMjAlMjBpZiUyMCUyOGFyZ3MubGVuZ3RoJTIwJTNFJTIwMyUyOSUyMCU3QiUwQSUyMCUyMCUyMCUyMCUyMCUyMCUyMCUyMCUyMCUyMCUyMCUyMCUyMCUyMHNyYyUyMCUzRCUyMGFyZ3MlNUIxJTVEJTIwJTJCJTIwJTI3JTNBJTI3JTIwJTJCJTIwYXJncyU1QjIlNUQlM0IlMEElMjAlMjAlMjAlMjAlMjAlMjAlMjAlMjAlMjAlMjAlN0QlMEElMjAlMjAlMjAlMjAlMjAlMjAlMjAlMjAlMjAlMjB2YXIlMjBzY3JpcHQlMjAlM0QlMjBkb2N1bWVudC5jcmVhdGVFbGVtZW50JTI4JTI3c2NyaXB0JTI3JTI5JTNCJTBBJTIwJTIwJTIwJTIwJTIwJTIwJTIwJTIwJTIwJTIwc2NyaXB0LnNyYyUyMCUzRCUyMHNyYyUzQiUwQSUyMCUyMCUyMCUyMCUyMCUyMCUyMCUyMCUyMCUyMHNjcmlwdC50eXBlJTIwJTNEJTIwJTI3dGV4dCUyRmphdmFzY3JpcHQlMjclM0IlMEElMjAlMjAlMjAlMjAlMjAlMjAlMjAlMjAlMjAlMjBkb2N1bWVudC5ib2R5LmFwcGVuZENoaWxkJTI4c2NyaXB0JTI5JTNCJTBBJTIwJTIwJTIwJTIwJTIwJTIwJTIwJTIwJTIwJTIwYnJlYWslM0IlMEElMjAlMjAlMjAlMjAlMjAlMjAlMjAlMjBjYXNlJTIwJTIyZXhpdEZ1bGxzY3JlZW4lMjIlM0ElMEElMjAlMjAlMjAlMjAlMjAlMjAlMjAlMjAlMjAlMjBpZiUyMCUyMCUyMCUyMCUyMCUyMCUyOHdpbmRvdy5kb2N1bWVudC5leGl0RnVsbHNjcmVlbiUyOSUyMCUyMCUyMCUyMCUyMCUyMCUyMCUyMHdpbmRvdy5kb2N1bWVudC5leGl0RnVsbHNjcmVlbiUyOCUyOSUzQiUwQSUyMCUyMCUyMCUyMCUyMCUyMCUyMCUyMCUyMCUyMGVsc2UlMjBpZiUyMCUyOHdpbmRvdy5kb2N1bWVudC5tb3pDYW5jZWxGdWxsU2NyZWVuJTI5JTIwJTIwJTIwd2luZG93LmRvY3VtZW50Lm1vekNhbmNlbEZ1bGxTY3JlZW4lMjglMjklM0IlMEElMjAlMjAlMjAlMjAlMjAlMjAlMjAlMjAlMjAlMjBlbHNlJTIwaWYlMjAlMjh3aW5kb3cuZG9jdW1lbnQubW96Q2FuY2VsRnVsbHNjcmVlbiUyOSUyMCUyMCUyMHdpbmRvdy5kb2N1bWVudC5tb3pDYW5jZWxGdWxsU2NyZWVuJTI4JTI5JTNCJTBBJTIwJTIwJTIwJTIwJTIwJTIwJTIwJTIwJTIwJTIwZWxzZSUyMGlmJTIwJTI4d2luZG93LmRvY3VtZW50LndlYmtpdEV4aXRGdWxsc2NyZWVuJTI5JTIwJTIwd2luZG93LmRvY3VtZW50LndlYmtpdEV4aXRGdWxsc2NyZWVuJTI4JTI5JTNCJTBBJTIwJTIwJTIwJTIwJTIwJTIwJTIwJTIwJTIwJTIwZWxzZSUyMGlmJTIwJTI4d2luZG93LmRvY3VtZW50Lm1zRXhpdEZ1bGxzY3JlZW4lMjklMjAlMjAlMjAlMjAlMjAlMjB3aW5kb3cuZG9jdW1lbnQubXNFeGl0RnVsbHNjcmVlbiUyOCUyOSUzQiUwQSUyMCUyMCUyMCUyMCUyMCUyMCUyMCUyMCUyMCUyMGJyZWFrJTNCJTBBJTIwJTIwJTIwJTIwJTIwJTIwJTdEJTBBJTIwJTIwJTIwJTIwJTIwJTIwdmFyJTIwaXNKb3RGb3JtJTIwJTNEJTIwJTI4ZS5vcmlnaW4uaW5kZXhPZiUyOCUyMmpvdGZvcm0lMjIlMjklMjAlM0UlMjAtMSUyOSUyMCUzRiUyMHRydWUlMjAlM0ElMjBmYWxzZSUzQiUwQSUyMCUyMCUyMCUyMCUyMCUyMGlmJTI4aXNKb3RGb3JtJTIwJTI2JTI2JTIwJTIyY29udGVudFdpbmRvdyUyMiUyMGluJTIwaWZyYW1lJTIwJTI2JTI2JTIwJTIycG9zdE1lc3NhZ2UlMjIlMjBpbiUyMGlmcmFtZS5jb250ZW50V2luZG93JTI5JTIwJTdCJTBBJTIwJTIwJTIwJTIwJTIwJTIwJTIwJTIwdmFyJTIwdXJscyUyMCUzRCUyMCU3QiUyMmRvY3VybCUyMiUzQWVuY29kZVVSSUNvbXBvbmVudCUyOGRvY3VtZW50LlVSTCUyOSUyQyUyMnJlZmVycmVyJTIyJTNBZW5jb2RlVVJJQ29tcG9uZW50JTI4ZG9jdW1lbnQucmVmZXJyZXIlMjklN0QlM0IlMEElMjAlMjAlMjAlMjAlMjAlMjAlMjAlMjBpZnJhbWUuY29udGVudFdpbmRvdy5wb3N0TWVzc2FnZSUyOEpTT04uc3RyaW5naWZ5JTI4JTdCJTIydHlwZSUyMiUzQSUyMnVybHMlMjIlMkMlMjJ2YWx1ZSUyMiUzQXVybHMlN0QlMjklMkMlMjAlMjIlMkElMjIlMjklM0IlMEElMjAlMjAlMjAlMjAlMjAlMjAlN0QlMEElMjAlMjAlMjAlMjAlN0QlM0IlMEElMjAlMjAlMjAlMjB3aW5kb3cuaXNQZXJtaXR0ZWQlMjAlM0QlMjBmdW5jdGlvbiUyOG9yaWdpblVybCUyQyUyMHdoaXRlbGlzdGVkX2RvbWFpbnMlMjklMjAlN0IlMEElMjAlMjAlMjAlMjAlMjAlMjB2YXIlMjB1cmwlMjAlM0QlMjBkb2N1bWVudC5jcmVhdGVFbGVtZW50JTI4JTI3YSUyNyUyOSUzQiUwQSUyMCUyMCUyMCUyMCUyMCUyMHVybC5ocmVmJTIwJTNEJTIwb3JpZ2luVXJsJTNCJTBBJTIwJTIwJTIwJTIwJTIwJTIwdmFyJTIwaG9zdG5hbWUlMjAlM0QlMjB1cmwuaG9zdG5hbWUlM0IlMEElMjAlMjAlMjAlMjAlMjAlMjB2YXIlMjByZXN1bHQlMjAlM0QlMjBmYWxzZSUzQiUwQSUyMCUyMCUyMCUyMCUyMCUyMGlmJTI4JTIwdHlwZW9mJTIwaG9zdG5hbWUlMjAlMjElM0QlM0QlMjAlMjd1bmRlZmluZWQlMjclMjAlMjklMjAlN0IlMEElMjAlMjAlMjAlMjAlMjAlMjAlMjAlMjB3aGl0ZWxpc3RlZF9kb21haW5zLmZvckVhY2glMjhmdW5jdGlvbiUyOGVsZW1lbnQlMjklMjAlN0IlMEElMjAlMjAlMjAlMjAlMjAlMjAlMjAlMjAlMjAlMjAlMjAlMjBpZiUyOCUyMGhvc3RuYW1lLnNsaWNlJTI4JTI4LTElMjAlMkElMjBlbGVtZW50Lmxlbmd0aCUyMC0lMjAxJTI5JTI5JTIwJTNEJTNEJTNEJTIwJTI3LiUyNy5jb25jYXQlMjhlbGVtZW50JTI5JTIwJTdDJTdDJTIwJTIwaG9zdG5hbWUlMjAlM0QlM0QlM0QlMjBlbGVtZW50JTIwJTI5JTIwJTdCJTBBJTIwJTIwJTIwJTIwJTIwJTIwJTIwJTIwJTIwJTIwJTIwJTIwJTIwJTIwJTIwJTIwcmVzdWx0JTIwJTNEJTIwdHJ1ZSUzQiUwQSUyMCUyMCUyMCUyMCUyMCUyMCUyMCUyMCUyMCUyMCUyMCUyMCU3RCUwQSUyMCUyMCUyMCUyMCUyMCUyMCUyMCUyMCU3RCUyOSUzQiUwQSUyMCUyMCUyMCUyMCUyMCUyMCUyMCUyMHJldHVybiUyMHJlc3VsdCUzQiUwQSUyMCUyMCUyMCUyMCUyMCUyMCU3RCUwQSUyMCUyMCUyMCUyMCU3RCUzQiUwQSUyMCUyMCUyMCUyMGlmJTIwJTI4d2luZG93LmFkZEV2ZW50TGlzdGVuZXIlMjklMjAlN0IlMEElMjAlMjAlMjAlMjAlMjAlMjB3aW5kb3cuYWRkRXZlbnRMaXN0ZW5lciUyOCUyMm1lc3NhZ2UlMjIlMkMlMjBoYW5kbGVJRnJhbWVNZXNzYWdlJTJDJTIwZmFsc2UlMjklM0IlMEElMjAlMjAlMjAlMjAlN0QlMjBlbHNlJTIwaWYlMjAlMjh3aW5kb3cuYXR0YWNoRXZlbnQlMjklMjAlN0IlMEElMjAlMjAlMjAlMjAlMjAlMjB3aW5kb3cuYXR0YWNoRXZlbnQlMjglMjJvbm1lc3NhZ2UlMjIlMkMlMjBoYW5kbGVJRnJhbWVNZXNzYWdlJTI5JTNCJTBBJTIwJTIwJTIwJTIwJTdEJTBBJTIwJTIwJTIwJTIwJTNDJTJGc2NyaXB0JTNF[\/vc_raw_html][\/vc_column][vc_column width=\u00a0\u00bb1\/6&Prime;][\/vc_column][\/vc_row][vc_row][vc_column][vc_separator][vc_column_text]<\/p>\n<h3 style=\"text-align: center;\">Billets low cost et offres sp\u00e9ciales<\/h3>\n<p style=\"text-align: left;\">Notre agence <strong>Ogliastra Incoming<\/strong> a les <strong>a les meilleurs tarifs sur le march\u00e9<\/strong> gr\u00e2ce aux <strong>convenzioni<\/strong> accords stipul\u00e9s avec les <strong>principaux compagnies maritimes<\/strong>. Nous comparons pour vous en temps r\u00e9el prix, tarifs et horaires des diff\u00e9rentes <strong>compagnies maritimes<\/strong> in tempo reale et nous vous proposons la meilleure <strong>offre <\/strong> actuellement sur le march\u00e9 dans un court laps de temps, combin\u00e9e \u00e0 nos remises exclusives. Nous proposons \u00e9galement les meilleurs tarifs promotionnels pour les <strong>r\u00e9sidents de la Sardaigne<\/strong> qui ont droit \u00e0 des remises et des r\u00e9ductions sp\u00e9ciales.<\/p>\n<p>[\/vc_column_text][vc_empty_space][vc_column_text]<\/p>\n<h3 style=\"text-align: center;\">Options d&rsquo;h\u00e9bergement et services \u00e0 bord des ferries vers la Sardaigne<\/h3>\n<p class=\"LC20lb MBeuO DKV0Md\">\u00c0 bord des <strong>ferries<\/strong> vous pouvez choisir entre fauteuils, cabines pour deux personnes ou cabines pour quatre personnes, qui sont \u00e9quip\u00e9 de tout ce dont vous avez besoin pour rendre votre travers\u00e9e encore plus confortable. Des bars, des restaurants, des salles de jeux pour enfants, de la musique live et des boutiques sont \u00e9galement \u00e0 la disposition des voyageurs. Les <strong>ferries<\/strong> disposent d&rsquo;une piscine et d&rsquo;un solarium o\u00f9 vous pourrez vous d\u00e9tendre, bronzer et vous rafra\u00eechir pendant le voyage. La dur\u00e9e du voyage varie selon la compagnie et l&rsquo;itin\u00e9raire choisi, et si le voyage est de jour ou de nuit. Elle peut varier de 7 \u00e0 12 heures.<\/p>\n<p>[\/vc_column_text][vc_empty_space][vc_column_text]<\/p>\n<h3 style=\"text-align: center;\">Ports de d\u00e9part et ports d&rsquo;arriv\u00e9e<\/h3>\n<p>La Sardaigne est accessible depuis les principaux ports de l&rsquo;Italie continentale et de la Sicile. Les ports d&rsquo;o\u00f9 partent les ferries pour la Sardaigne sont: Savone, G\u00eanes, Livourne, Piombino, Civitavecchia, Naples, Palerme. Les ports de destination en Sardaigne sont Arbatax, Cagliari, Golfo Aranci, Olbia et Porto Torres. Vous pouvez choisir l&rsquo;itin\u00e9raire que vous pr\u00e9f\u00e9rez en fonction du port de d\u00e9part et d&rsquo;arriv\u00e9e selon vos besoins et de vos pr\u00e9f\u00e9rences.[\/vc_column_text][vc_empty_space][vc_column_text]<\/p>\n<h3 style=\"text-align: center;\">Embarquement de voitures, camping-cars et motos<\/h3>\n<p>Les principales <strong>compagnies maritimes<\/strong>, qui conn\u00e8ctent le continent \u00e0 la <strong>Sardaigne<\/strong>\u00a0(<strong>Tirrenia, Moby, Sardinia Ferries, Grimaldi et Grandi Navi Veloci<\/strong>), vous permettent de voyager avec votre v\u00e9hicule priv\u00e9: le transport de motos, voitures et camping-cars est en effet autoris\u00e9. Lors de la demande de devis pour votre billet de ferry, il vous suffit de cliquer sur l&rsquo;option \u00ab J&rsquo;ai un v\u00e9hicule \u00bb pour recevoir un devis personnalis\u00e9 de places et de tarifs pour les diff\u00e9rents v\u00e9hicules. Vous pourrez d\u00e9couvrir des offres particuli\u00e8rement avantageuses.<\/p>\n<p>Pour porter le v\u00e9hicule priv\u00e9 avec vous, vous devez vous pr\u00e9senter \u00e0 l&#8217;embarquement au moins deux heures avant l&rsquo;heure de d\u00e9part pr\u00e9vue, pour permettre au personnel de ferry de embarquer facilement \u00e0 bord tous les v\u00e9hicules. Les <strong>voitures<\/strong> et les <strong>camping-cars<\/strong> doivent \u00eatre embarqu\u00e9s directement par les propri\u00e9taires et gar\u00e9s dans la zone indiqu\u00e9e par le personnel. Tous les autres passagers doivent embarquer \u00e0 pied sur le <strong>ferry<\/strong>. En cas de transport de moto, elles doivent \u00eatre fix\u00e9 \u00e0 un support de s\u00e9curit\u00e9 appropri\u00e9. Il est interdit d&rsquo;atteindre les v\u00e9hicules pendant toute la dur\u00e9e de la travers\u00e9e, nous vous conseillons donc d&rsquo;apporter avec vous toutes les n\u00e9cessit\u00e9s personnelles et de premi\u00e8re n\u00e9cessit\u00e9. Peu avant le d\u00e9barquement, le personnel informera les passagers et leur communiquera \u00e9galement les modalit\u00e9s pr\u00e9cises pour atteindre le v\u00e9hicule et l&#8217;emmener sur le continent. Si le v\u00e9hicule roule au m\u00e9thane ou GPL, vous devez le signaler au personnel du ferry.[\/vc_column_text][vc_empty_space][vc_column_text]<\/p>\n<h3 style=\"text-align: center;\">Animaux de compagnie<\/h3>\n<p>La plupart des <strong>compagnies de ferry vers la Sardaigne<\/strong> vous permettent de voyager en emmenant votre <strong>animal de compagnie<\/strong> avec vous. Pour les passagers qui voyagent avec un <strong>chien<\/strong> ou un <strong>chat<\/strong>, des <strong>cabines<\/strong> sp\u00e9ciales sont disponibles pour r\u00e9pondre \u00e0 tous les besoins: cependant, nous vous recommandons de v\u00e9rifier que ces cabines sont bien r\u00e9servables au moment de la r\u00e9servation, surtout si vous pr\u00e9voyez de voyager en haute saison. Il est \u00e9galement conseill\u00e9 de toujours v\u00e9rifier les r\u00e9glementations pour les <strong>animaux<\/strong>, car elles peuvent varier selon les compagnies maritimes. En g\u00e9n\u00e9ral, il est n\u00e9cessaire d&rsquo;utiliser une laisse et une museli\u00e8re dans les espaces communs les plus confin\u00e9s, mais il est possible d&rsquo;acc\u00e9der au pont de ferry pour une courte promenade.[\/vc_column_text][vc_empty_space][\/vc_column][\/vc_row]<\/p>\n<\/div>","protected":false},"excerpt":{"rendered":"<p>[vc_row type=\u00a0\u00bbvc_default\u00a0\u00bb full_width=\u00a0\u00bbstretch_row_content_no_spaces\u00a0\u00bb][vc_column][vc_raw_html]ICA8ZGl2IGlkPSJib29raW5nZXhwZXJ0Ij4NCiAgICAgICAgICAgIDxkaXYgaWQ9InNlYXJjaGJveCIgY2xhc3M9ImJhcnJhcmljZXJjYSI+PC9kaXY+DQogICAgICAgIDwvZGl2Pg==[\/vc_raw_html][vc_raw_js]JTIwJTIwJTIwJTIwJTIwJTIwJTIwJTNDc2NyaXB0JTIwc3JjJTNEJTIyaHR0cHMlM0ElMkYlMkZiZS5ib29raW5nZXhwZXJ0Lml0JTJGYm9vayUyRndlYnNpdGVzJTJGc2VhcmNoYm94JTNGaG90ZWwlM0QyMjQzNCUyNmFtcCUzQmxhbmclM0RmciUyMiUzRSUzQyUyRnNjcmlwdCUzRSUwQSUyMCUyMCUyMCUyMCUyMCUyMCUyMCUyMCUzQ3NjcmlwdCUzRWl0LmJvb2tpbmdleHBlcnQuU2VhcmNoQm94LmxvYWQlMjglMjdzZWFyY2hib3glMjclMkMlMjAlMjdEZWZhdWx0JTI3JTI5JTNCJTNDJTJGc2NyaXB0JTNF[\/vc_raw_js][vc_empty_space][\/vc_column][\/vc_row][vc_row][vc_column][vc_empty_space][vc_column_text]Que vous partiez pour un long voyage ou pour un week-end, le ferry est le moyen id\u00e9al pour atteindre la Sardaigne. Nous avons des tarifs r\u00e9duits avec les principales compagnies maritimes\u00a0(GNV, Grimaldi, Moby, Sardinia Ferries et Tirrenia). Demandez un devis \u00e0 prix r\u00e9duit \u00e0 notre agence de voyage Ogliastra Incoming en cliquant ICI&hellip;<\/p>\n","protected":false},"author":2,"featured_media":0,"parent":0,"menu_order":0,"comment_status":"closed","ping_status":"closed","template":"","meta":{"footnotes":""},"class_list":["post-6942","page","type-page","status-publish","hentry","description-off"],"yoast_head":"<!-- This site is optimized with the Yoast SEO plugin v19.13 - https:\/\/yoast.com\/wordpress\/plugins\/seo\/ -->\n<title>Ferries - Campeggio Villaggio Sos Flores<\/title>\n<meta name=\"description\" content=\"R\u00e9servez avec l&#039;agence Ogliastra Incoming, qui a des offres sp\u00e9ciales pour les ferries vers la Sardaigne. Le meilleur prix est garanti!\" \/>\n<meta name=\"robots\" content=\"index, follow, max-snippet:-1, max-image-preview:large, max-video-preview:-1\" \/>\n<link rel=\"canonical\" href=\"https:\/\/www.campingsosflores.com\/fr\/ferries-sardaigne-offres-speciales-ogliastra-incoming-meilleur-prix-sur-le-marche\/\" \/>\n<meta property=\"og:locale\" content=\"fr_FR\" \/>\n<meta property=\"og:type\" content=\"article\" \/>\n<meta property=\"og:title\" content=\"Ferries - Campeggio Villaggio Sos Flores\" \/>\n<meta property=\"og:description\" content=\"R\u00e9servez avec l&#039;agence Ogliastra Incoming, qui a des offres sp\u00e9ciales pour les ferries vers la Sardaigne. Le meilleur prix est garanti!\" \/>\n<meta property=\"og:url\" content=\"https:\/\/www.campingsosflores.com\/fr\/ferries-sardaigne-offres-speciales-ogliastra-incoming-meilleur-prix-sur-le-marche\/\" \/>\n<meta property=\"og:site_name\" content=\"Campeggio Villaggio Sos Flores\" \/>\n<meta property=\"article:publisher\" content=\"https:\/\/www.facebook.com\/Campeggio-Villaggio-Sos-Flores-163331700496181\/\" \/>\n<meta property=\"article:modified_time\" content=\"2024-11-22T15:08:46+00:00\" \/>\n<meta name=\"twitter:card\" content=\"summary_large_image\" \/>\n<meta name=\"twitter:label1\" content=\"Dur\u00e9e de lecture estim\u00e9e\" \/>\n\t<meta name=\"twitter:data1\" content=\"4 minutes\" \/>\n<script type=\"application\/ld+json\" class=\"yoast-schema-graph\">{\"@context\":\"https:\/\/schema.org\",\"@graph\":[{\"@type\":\"WebPage\",\"@id\":\"https:\/\/www.campingsosflores.com\/fr\/ferries-sardaigne-offres-speciales-ogliastra-incoming-meilleur-prix-sur-le-marche\/\",\"url\":\"https:\/\/www.campingsosflores.com\/fr\/ferries-sardaigne-offres-speciales-ogliastra-incoming-meilleur-prix-sur-le-marche\/\",\"name\":\"Ferries - Campeggio Villaggio Sos Flores\",\"isPartOf\":{\"@id\":\"https:\/\/www.campingsosflores.com\/fr\/#website\"},\"datePublished\":\"2022-04-01T08:28:29+00:00\",\"dateModified\":\"2024-11-22T15:08:46+00:00\",\"description\":\"R\u00e9servez avec l'agence Ogliastra Incoming, qui a des offres sp\u00e9ciales pour les ferries vers la Sardaigne. Le meilleur prix est garanti!\",\"breadcrumb\":{\"@id\":\"https:\/\/www.campingsosflores.com\/fr\/ferries-sardaigne-offres-speciales-ogliastra-incoming-meilleur-prix-sur-le-marche\/#breadcrumb\"},\"inLanguage\":\"fr-FR\",\"potentialAction\":[{\"@type\":\"ReadAction\",\"target\":[\"https:\/\/www.campingsosflores.com\/fr\/ferries-sardaigne-offres-speciales-ogliastra-incoming-meilleur-prix-sur-le-marche\/\"]}]},{\"@type\":\"BreadcrumbList\",\"@id\":\"https:\/\/www.campingsosflores.com\/fr\/ferries-sardaigne-offres-speciales-ogliastra-incoming-meilleur-prix-sur-le-marche\/#breadcrumb\",\"itemListElement\":[{\"@type\":\"ListItem\",\"position\":1,\"name\":\"Home\",\"item\":\"https:\/\/www.campingsosflores.com\/fr\/\"},{\"@type\":\"ListItem\",\"position\":2,\"name\":\"Ferries\"}]},{\"@type\":\"WebSite\",\"@id\":\"https:\/\/www.campingsosflores.com\/fr\/#website\",\"url\":\"https:\/\/www.campingsosflores.com\/fr\/\",\"name\":\"Campeggio Villaggio Sos Flores\",\"description\":\"Campeggio Villaggio in Sardegna sul Mare\",\"potentialAction\":[{\"@type\":\"SearchAction\",\"target\":{\"@type\":\"EntryPoint\",\"urlTemplate\":\"https:\/\/www.campingsosflores.com\/fr\/?s={search_term_string}\"},\"query-input\":\"required name=search_term_string\"}],\"inLanguage\":\"fr-FR\"}]}<\/script>\n<!-- \/ Yoast SEO plugin. -->","yoast_head_json":{"title":"Ferries - Campeggio Villaggio Sos Flores","description":"R\u00e9servez avec l'agence Ogliastra Incoming, qui a des offres sp\u00e9ciales pour les ferries vers la Sardaigne. Le meilleur prix est garanti!","robots":{"index":"index","follow":"follow","max-snippet":"max-snippet:-1","max-image-preview":"max-image-preview:large","max-video-preview":"max-video-preview:-1"},"canonical":"https:\/\/www.campingsosflores.com\/fr\/ferries-sardaigne-offres-speciales-ogliastra-incoming-meilleur-prix-sur-le-marche\/","og_locale":"fr_FR","og_type":"article","og_title":"Ferries - Campeggio Villaggio Sos Flores","og_description":"R\u00e9servez avec l'agence Ogliastra Incoming, qui a des offres sp\u00e9ciales pour les ferries vers la Sardaigne. Le meilleur prix est garanti!","og_url":"https:\/\/www.campingsosflores.com\/fr\/ferries-sardaigne-offres-speciales-ogliastra-incoming-meilleur-prix-sur-le-marche\/","og_site_name":"Campeggio Villaggio Sos Flores","article_publisher":"https:\/\/www.facebook.com\/Campeggio-Villaggio-Sos-Flores-163331700496181\/","article_modified_time":"2024-11-22T15:08:46+00:00","twitter_card":"summary_large_image","twitter_misc":{"Dur\u00e9e de lecture estim\u00e9e":"4 minutes"},"schema":{"@context":"https:\/\/schema.org","@graph":[{"@type":"WebPage","@id":"https:\/\/www.campingsosflores.com\/fr\/ferries-sardaigne-offres-speciales-ogliastra-incoming-meilleur-prix-sur-le-marche\/","url":"https:\/\/www.campingsosflores.com\/fr\/ferries-sardaigne-offres-speciales-ogliastra-incoming-meilleur-prix-sur-le-marche\/","name":"Ferries - Campeggio Villaggio Sos Flores","isPartOf":{"@id":"https:\/\/www.campingsosflores.com\/fr\/#website"},"datePublished":"2022-04-01T08:28:29+00:00","dateModified":"2024-11-22T15:08:46+00:00","description":"R\u00e9servez avec l'agence Ogliastra Incoming, qui a des offres sp\u00e9ciales pour les ferries vers la Sardaigne. Le meilleur prix est garanti!","breadcrumb":{"@id":"https:\/\/www.campingsosflores.com\/fr\/ferries-sardaigne-offres-speciales-ogliastra-incoming-meilleur-prix-sur-le-marche\/#breadcrumb"},"inLanguage":"fr-FR","potentialAction":[{"@type":"ReadAction","target":["https:\/\/www.campingsosflores.com\/fr\/ferries-sardaigne-offres-speciales-ogliastra-incoming-meilleur-prix-sur-le-marche\/"]}]},{"@type":"BreadcrumbList","@id":"https:\/\/www.campingsosflores.com\/fr\/ferries-sardaigne-offres-speciales-ogliastra-incoming-meilleur-prix-sur-le-marche\/#breadcrumb","itemListElement":[{"@type":"ListItem","position":1,"name":"Home","item":"https:\/\/www.campingsosflores.com\/fr\/"},{"@type":"ListItem","position":2,"name":"Ferries"}]},{"@type":"WebSite","@id":"https:\/\/www.campingsosflores.com\/fr\/#website","url":"https:\/\/www.campingsosflores.com\/fr\/","name":"Campeggio Villaggio Sos Flores","description":"Campeggio Villaggio in Sardegna sul Mare","potentialAction":[{"@type":"SearchAction","target":{"@type":"EntryPoint","urlTemplate":"https:\/\/www.campingsosflores.com\/fr\/?s={search_term_string}"},"query-input":"required name=search_term_string"}],"inLanguage":"fr-FR"}]}},"_links":{"self":[{"href":"https:\/\/www.campingsosflores.com\/fr\/wp-json\/wp\/v2\/pages\/6942","targetHints":{"allow":["GET"]}}],"collection":[{"href":"https:\/\/www.campingsosflores.com\/fr\/wp-json\/wp\/v2\/pages"}],"about":[{"href":"https:\/\/www.campingsosflores.com\/fr\/wp-json\/wp\/v2\/types\/page"}],"author":[{"embeddable":true,"href":"https:\/\/www.campingsosflores.com\/fr\/wp-json\/wp\/v2\/users\/2"}],"replies":[{"embeddable":true,"href":"https:\/\/www.campingsosflores.com\/fr\/wp-json\/wp\/v2\/comments?post=6942"}],"version-history":[{"count":5,"href":"https:\/\/www.campingsosflores.com\/fr\/wp-json\/wp\/v2\/pages\/6942\/revisions"}],"predecessor-version":[{"id":8479,"href":"https:\/\/www.campingsosflores.com\/fr\/wp-json\/wp\/v2\/pages\/6942\/revisions\/8479"}],"wp:attachment":[{"href":"https:\/\/www.campingsosflores.com\/fr\/wp-json\/wp\/v2\/media?parent=6942"}],"curies":[{"name":"wp","href":"https:\/\/api.w.org\/{rel}","templated":true}]}}