{"id":6711,"date":"2022-03-17T18:44:08","date_gmt":"2022-03-17T17:44:08","guid":{"rendered":"https:\/\/www.campingsosflores.com\/offres\/"},"modified":"2026-03-06T09:42:30","modified_gmt":"2026-03-06T08:42:30","slug":"offres-sardaigne","status":"publish","type":"page","link":"https:\/\/www.campingsosflores.com\/fr\/offres-sardaigne\/","title":{"rendered":"Offres"},"content":{"rendered":"<div class=\"wpb-content-wrapper\"><p>[vc_row type=\u00a0\u00bbvc_default\u00a0\u00bb full_width=\u00a0\u00bbstretch_row_content_no_spaces\u00a0\u00bb][vc_column][vc_raw_html]JTNDZGl2JTIwaWQlM0QlMjJib29raW5nZXhwZXJ0JTIyJTNFJTBBJTNDZGl2JTIwaWQlM0QlMjJzZWFyY2hib3glMjIlMjBjbGFzcyUzRCUyMmJhcnJhcmljZXJjYSUyMiUzRSUzQyUyRmRpdiUzRSUwQSUzQyUyRmRpdiUzRQ==[\/vc_raw_html][vc_raw_js]JTIwJTIwJTIwJTIwJTIwJTIwJTIwJTNDc2NyaXB0JTIwc3JjJTNEJTIyaHR0cHMlM0ElMkYlMkZiZS5ib29raW5nZXhwZXJ0Lml0JTJGYm9vayUyRndlYnNpdGVzJTJGc2VhcmNoYm94JTNGaG90ZWwlM0QyMjQzNCUyNmFtcCUzQmxhbmclM0RmciUyMiUzRSUzQyUyRnNjcmlwdCUzRSUwQSUyMCUyMCUyMCUyMCUyMCUyMCUyMCUyMCUzQ3NjcmlwdCUzRWl0LmJvb2tpbmdleHBlcnQuU2VhcmNoQm94LmxvYWQlMjglMjdzZWFyY2hib3glMjclMkMlMjAlMjdEZWZhdWx0JTI3JTI5JTNCJTNDJTJGc2NyaXB0JTNF[\/vc_raw_js][vc_empty_space][\/vc_column][\/vc_row][vc_row][vc_column]<div class=\"dt-fancy-separator h2-size accent-title-color\" style=\"width: 100%;\"><div class=\"dt-fancy-title\"><span class=\"separator-holder separator-left\"><\/span>Les meilleurs offres pour vos vacances en Sardaigne<span class=\"separator-holder separator-right\"><\/span><\/div><\/div>[vc_empty_space][vc_separator color=\u00a0\u00bbcustom\u00a0\u00bb border_width=\u00a0\u00bb2&Prime; accent_color=\u00a0\u00bb#348bfe\u00a0\u00bb][\/vc_column][\/vc_row][vc_row][vc_column width=\u00a0\u00bb1\/2&Prime;][vc_column_text]<\/p>\n<h4 style=\"text-align: center;\">PARRAINER UN AMI<\/h4>\n<p>[\/vc_column_text][vc_hoverbox image=\u00a0\u00bb4436&Prime; primary_title=\u00a0\u00bb\u00a0\u00bb hover_title=\u00a0\u00bbConditions\u00a0\u00bb hover_title_font_container=\u00a0\u00bbcolor:%23006aff\u00a0\u00bb hover_title_use_theme_fonts=\u00a0\u00bbyes\u00a0\u00bb hover_background_color=\u00a0\u00bbwhite\u00a0\u00bb use_custom_fonts_hover_title=\u00a0\u00bbtrue\u00a0\u00bb]<strong>\u20ac50 DE R\u00c9DUCTION POUR VOUS ET POUR VOS AMI<\/strong><\/p>\n<ul>\n<li style=\"text-align: left;\">Promotion valable pour les clients qui ont d\u00e9j\u00e0 s\u00e9journ\u00e9s au Camping Village Sos Flores au moins une fois pendant les deux ann\u00e9es derni\u00e8res<\/li>\n<li style=\"text-align: left;\">L&rsquo;ami ne doit jamais avoir s\u00e9journ\u00e9 au Camping Village Sos Flores<\/li>\n<li style=\"text-align: left;\">Promotion valable pour tous types d&rsquo;h\u00e9bergement du Village (emplacements exclus)<\/li>\n<li style=\"text-align: left;\">S\u00e9jour minimum de 7 nuits pour les deux r\u00e9servations<\/li>\n<li style=\"text-align: left;\">Promotion valable si les deux r\u00e9servations sont confirm\u00e9es en tarif \u00ab\u00a0reserver maintenant, payer plus tard\u00a0\u00bb (tarif pr\u00e9pay\u00e9 exclus)<\/li>\n<li style=\"text-align: left;\">Promotion valable si les deux r\u00e9servations sont confirm\u00e9es avant le 26\/04\/2026<\/li>\n<li style=\"text-align: left;\">Plus vous amenez d&rsquo;amis \u00e0 Sos Flores, plus vous \u00e9conomisez!<\/li>\n<li style=\"text-align: left;\">Vous pouvez amener jusqu&rsquo;\u00e0 4 amis<\/li>\n<li style=\"text-align: left;\">Promotion non cumulable avec l&rsquo;Offre Sp\u00e9ciale Basse Saison<\/li>\n<\/ul>\n<p>[\/vc_hoverbox][vc_empty_space height=\u00a0\u00bb60px\u00a0\u00bb]<div class=\" ubtn-ctn-center \"><a class=\"ubtn-link ult-adjust-bottom-margin ubtn-center ubtn-custom \" href=\"https:\/\/be.bookingexpert.it\/book\/home\/index?layout=14500&nsid=7cf5dee1-c1ee-4f6d-aead-c30b6c53c290\" ><button type=\"button\" id=\"ubtn-5114\"  class=\"ubtn ult-adjust-bottom-margin ult-responsive ubtn-custom ubtn-fade-bg  none  ubtn-center   tooltip-69f4a9d933870\"  data-hover=\"#006aff\" data-border-color=\"#006aff\" data-bg=\"#006aff\" data-hover-bg=\"#ffffff\" data-border-hover=\"#006aff\" data-shadow-hover=\"\" data-shadow-click=\"none\" data-shadow=\"\" data-shd-shadow=\"\"  data-ultimate-target='#ubtn-5114'  data-responsive-json-new='{\"font-size\":\"desktop:18px;\",\"line-height\":\"\"}'  style=\"font-weight:bold;width:250px;min-height:50px;padding:px px;border-radius:25px;border-width:3px;border-color:#006aff;border-style:solid;background: #006aff;color: #ffffff;\"><span class=\"ubtn-hover\" style=\"background-color:#ffffff\"><\/span><span class=\"ubtn-data ubtn-text \" >R\u00e9server<\/span><\/button><\/a><\/div>[vc_empty_space][\/vc_column][vc_column width=\u00a0\u00bb1\/2&Prime;][vc_column_text]<\/p>\n<h4 style=\"text-align: center;\">R\u00c9DUCTION LONG S\u00c9JOUR<\/h4>\n<p>[\/vc_column_text][vc_hoverbox image=\u00a0\u00bb4441&Prime; primary_title=\u00a0\u00bb\u00a0\u00bb hover_title=\u00a0\u00bbConditions\u00a0\u00bb hover_title_font_container=\u00a0\u00bbcolor:%23006aff\u00a0\u00bb hover_title_use_theme_fonts=\u00a0\u00bbyes\u00a0\u00bb hover_background_color=\u00a0\u00bbwhite\u00a0\u00bb use_custom_fonts_hover_title=\u00a0\u00bbtrue\u00a0\u00bb]<strong>R\u00c9DUCTION LONG S\u00c9JOUR<\/strong><\/p>\n<p>R\u00e9servez vos vacances avec notre syst\u00e8me de r\u00e9servation en ligne<\/p>\n<p>Profitez de 5 % de r\u00e9duction pour les s\u00e9jours \u00e0 partir de 14 nuits ou de 10 % de r\u00e9duction pour les s\u00e9jours \u00e0 partir de 21 nuits<\/p>\n<p>La r\u00e9duction est calcul\u00e9e automatiquement par notre syst\u00e8me de r\u00e9servation. Qu\u2019est-ce que vous attendez?<\/p>\n<p>R\u00e9server vos vacances au Camping Village Sos Flores en vaille la peine!<\/p>\n<ul>\n<li style=\"text-align: left;\">Promotion valable pour tous types d&rsquo;h\u00e9bergement du Village (emplacements exclus)<\/li>\n<li style=\"text-align: left;\">Promotion valable de 27\/04\/2026 au 25\/10\/2026<\/li>\n<\/ul>\n<p>&nbsp;<\/p>\n<p>[\/vc_hoverbox][vc_empty_space]<div class=\" ubtn-ctn-center \"><a class=\"ubtn-link ult-adjust-bottom-margin ubtn-center ubtn-custom \" href=\"https:\/\/be.bookingexpert.it\/book\/home\/index?layout=14500&nsid=7cf5dee1-c1ee-4f6d-aead-c30b6c53c290\" ><button type=\"button\" id=\"ubtn-3605\"  class=\"ubtn ult-adjust-bottom-margin ult-responsive ubtn-custom ubtn-fade-bg  none  ubtn-center   tooltip-69f4a9d93392d\"  data-hover=\"#006aff\" data-border-color=\"#006aff\" data-bg=\"#006aff\" data-hover-bg=\"#ffffff\" data-border-hover=\"#006aff\" data-shadow-hover=\"\" data-shadow-click=\"none\" data-shadow=\"\" data-shd-shadow=\"\"  data-ultimate-target='#ubtn-3605'  data-responsive-json-new='{\"font-size\":\"desktop:18px;\",\"line-height\":\"\"}'  style=\"font-weight:bold;width:250px;min-height:50px;padding:px px;border-radius:25px;border-width:3px;border-color:#006aff;border-style:solid;background: #006aff;color: #ffffff;\"><span class=\"ubtn-hover\" style=\"background-color:#ffffff\"><\/span><span class=\"ubtn-data ubtn-text \" >R\u00e9server<\/span><\/button><\/a><\/div>[vc_empty_space][\/vc_column][\/vc_row][vc_row][vc_column][vc_separator color=\u00a0\u00bbcustom\u00a0\u00bb border_width=\u00a0\u00bb2&Prime; accent_color=\u00a0\u00bb#348bfe\u00a0\u00bb][\/vc_column][\/vc_row][vc_row][vc_column width=\u00a0\u00bb1\/2&Prime; offset=\u00a0\u00bbvc_hidden-lg vc_hidden-md vc_hidden-sm vc_hidden-xs\u00a0\u00bb][vc_column_text]<\/p>\n<h4 style=\"text-align: center;\">OFFRE SP\u00c9CIALE BASSE SAISON<\/h4>\n<p>[\/vc_column_text][vc_hoverbox image=\u00a0\u00bb4406&Prime; primary_title=\u00a0\u00bb\u00a0\u00bb hover_title=\u00a0\u00bbConditions\u00a0\u00bb hover_title_font_container=\u00a0\u00bbcolor:%23006aff\u00a0\u00bb hover_title_use_theme_fonts=\u00a0\u00bbyes\u00a0\u00bb hover_background_color=\u00a0\u00bbwhite\u00a0\u00bb use_custom_fonts_hover_title=\u00a0\u00bbtrue\u00a0\u00bb]<\/p>\n<p style=\"text-align: center;\"><strong>OFFRE SP\u00c9CIALE EN BASSE SAISON<\/strong><\/p>\n<ul>\n<li style=\"text-align: left;\">Promotion valable de 16\/05\/2026 au 15\/06\/2026 et de 07\/09\/2026 au 16\/10\/2026<\/li>\n<li style=\"text-align: left;\">Nuit\u00e9 dans un Mobil-home Superior \/ 4\u00e8me Ligne (4 ou 6 lits)<\/li>\n<li style=\"text-align: left;\">Chiens de petite taille (jusqu&rsquo;\u00e0 40 cm au garrot) sont accept\u00e9s avec un suppl\u00e9ment journalier selon la liste de prix<\/li>\n<\/ul>\n<p>[\/vc_hoverbox][vc_empty_space]<div class=\" ubtn-ctn-center \"><a class=\"ubtn-link ult-adjust-bottom-margin ubtn-center ubtn-custom \" href=\"https:\/\/be.bookingexpert.it\/book\/home\/index?layout=14500&nsid=7cf5dee1-c1ee-4f6d-aead-c30b6c53c290\" ><button type=\"button\" id=\"ubtn-2457\"  class=\"ubtn ult-adjust-bottom-margin ult-responsive ubtn-custom ubtn-fade-bg  none  ubtn-center   tooltip-69f4a9d933982\"  data-hover=\"#006aff\" data-border-color=\"#006aff\" data-bg=\"#006aff\" data-hover-bg=\"#ffffff\" data-border-hover=\"#006aff\" data-shadow-hover=\"\" data-shadow-click=\"none\" data-shadow=\"\" data-shd-shadow=\"\"  data-ultimate-target='#ubtn-2457'  data-responsive-json-new='{\"font-size\":\"desktop:18px;\",\"line-height\":\"\"}'  style=\"font-weight:bold;width:250px;min-height:50px;padding:px px;border-radius:25px;border-width:3px;border-color:#006aff;border-style:solid;background: #006aff;color: #ffffff;\"><span class=\"ubtn-hover\" style=\"background-color:#ffffff\"><\/span><span class=\"ubtn-data ubtn-text \" >R\u00e9server<\/span><\/button><\/a><\/div>[vc_empty_space][\/vc_column][vc_column width=\u00a0\u00bb1\/2&Prime; offset=\u00a0\u00bbvc_hidden-lg vc_hidden-md vc_hidden-sm vc_hidden-xs\u00a0\u00bb][vc_column_text]<\/p>\n<h4 style=\"text-align: center;\">OFFRE SP\u00c9CIALE EMPLACEMENT 10=9<\/h4>\n<p>[\/vc_column_text][vc_hoverbox image=\u00a0\u00bb6574&Prime; primary_title=\u00a0\u00bb\u00a0\u00bb hover_title=\u00a0\u00bbConditions\u00a0\u00bb hover_title_font_container=\u00a0\u00bbcolor:%23006aff\u00a0\u00bb hover_title_use_theme_fonts=\u00a0\u00bbyes\u00a0\u00bb hover_background_color=\u00a0\u00bbwhite\u00a0\u00bb use_custom_fonts_hover_title=\u00a0\u00bbtrue\u00a0\u00bb]<\/p>\n<h4><strong>OFFRE SP\u00c9CIALE EMPLACEMENT 10=9<\/strong><\/h4>\n<p>Camper au Camping Village\u00a0Sos Flores n&rsquo;a jamais \u00e9t\u00e9 si avantageux!<\/p>\n<p>Toutes les dix nuits, une est gratuite.<\/p>\n<h3>10=9<\/h3>\n<h3>20=18<\/h3>\n<h3>30=27<\/h3>\n<h3>40=36<\/h3>\n<p>Offre valable pour s\u00e9jours du 29\/04 au 07\/08 et du 21\/08 au 30\/10 r\u00e9serv\u00e9s au moins 7 jours avant l&rsquo;arriv\u00e9e.[\/vc_hoverbox][vc_empty_space]<div class=\" ubtn-ctn-center \"><a class=\"ubtn-link ult-adjust-bottom-margin ubtn-center ubtn-custom \" href=\"https:\/\/be.bookingexpert.it\/book\/home\/index?layout=14500&nsid=7cf5dee1-c1ee-4f6d-aead-c30b6c53c290\" ><button type=\"button\" id=\"ubtn-3197\"  class=\"ubtn ult-adjust-bottom-margin ult-responsive ubtn-custom ubtn-fade-bg  none  ubtn-center   tooltip-69f4a9d9339d5\"  data-hover=\"#006aff\" data-border-color=\"#006aff\" data-bg=\"#006aff\" data-hover-bg=\"#ffffff\" data-border-hover=\"#006aff\" data-shadow-hover=\"\" data-shadow-click=\"none\" data-shadow=\"\" data-shd-shadow=\"\"  data-ultimate-target='#ubtn-3197'  data-responsive-json-new='{\"font-size\":\"desktop:18px;\",\"line-height\":\"\"}'  style=\"font-weight:bold;width:250px;min-height:50px;padding:px px;border-radius:25px;border-width:3px;border-color:#006aff;border-style:solid;background: #006aff;color: #ffffff;\"><span class=\"ubtn-hover\" style=\"background-color:#ffffff\"><\/span><span class=\"ubtn-data ubtn-text \" >R\u00e9server<\/span><\/button><\/a><\/div>[vc_empty_space][\/vc_column][\/vc_row]<\/p>\n<\/div>","protected":false},"excerpt":{"rendered":"<p>[vc_row type=\u00a0\u00bbvc_default\u00a0\u00bb full_width=\u00a0\u00bbstretch_row_content_no_spaces\u00a0\u00bb][vc_column][vc_raw_html]JTNDZGl2JTIwaWQlM0QlMjJib29raW5nZXhwZXJ0JTIyJTNFJTBBJTNDZGl2JTIwaWQlM0QlMjJzZWFyY2hib3glMjIlMjBjbGFzcyUzRCUyMmJhcnJhcmljZXJjYSUyMiUzRSUzQyUyRmRpdiUzRSUwQSUzQyUyRmRpdiUzRQ==[\/vc_raw_html][vc_raw_js]JTIwJTIwJTIwJTIwJTIwJTIwJTIwJTNDc2NyaXB0JTIwc3JjJTNEJTIyaHR0cHMlM0ElMkYlMkZiZS5ib29raW5nZXhwZXJ0Lml0JTJGYm9vayUyRndlYnNpdGVzJTJGc2VhcmNoYm94JTNGaG90ZWwlM0QyMjQzNCUyNmFtcCUzQmxhbmclM0RmciUyMiUzRSUzQyUyRnNjcmlwdCUzRSUwQSUyMCUyMCUyMCUyMCUyMCUyMCUyMCUyMCUzQ3NjcmlwdCUzRWl0LmJvb2tpbmdleHBlcnQuU2VhcmNoQm94LmxvYWQlMjglMjdzZWFyY2hib3glMjclMkMlMjAlMjdEZWZhdWx0JTI3JTI5JTNCJTNDJTJGc2NyaXB0JTNF[\/vc_raw_js][vc_empty_space][\/vc_column][\/vc_row][vc_row][vc_column][vc_empty_space][vc_separator color=\u00a0\u00bbcustom\u00a0\u00bb border_width=\u00a0\u00bb2&Prime; accent_color=\u00a0\u00bb#348bfe\u00a0\u00bb][\/vc_column][\/vc_row][vc_row][vc_column width=\u00a0\u00bb1\/2&Prime;][vc_column_text] PARRAINER UN AMI [\/vc_column_text][vc_hoverbox image=\u00a0\u00bb4436&Prime; primary_title=\u00a0\u00bb\u00a0\u00bb hover_title=\u00a0\u00bbConditions\u00a0\u00bb hover_title_font_container=\u00a0\u00bbcolor:%23006aff\u00a0\u00bb hover_title_use_theme_fonts=\u00a0\u00bbyes\u00a0\u00bb hover_background_color=\u00a0\u00bbwhite\u00a0\u00bb use_custom_fonts_hover_title=\u00a0\u00bbtrue\u00a0\u00bb]\u20ac50 DE R\u00c9DUCTION POUR VOUS ET POUR VOS AMI Promotion valable pour les clients qui ont d\u00e9j\u00e0 s\u00e9journ\u00e9s au Camping Village Sos Flores au moins une fois pendant les deux ann\u00e9es derni\u00e8res L&rsquo;ami ne doit jamais avoir s\u00e9journ\u00e9&hellip;<\/p>\n","protected":false},"author":2,"featured_media":0,"parent":0,"menu_order":0,"comment_status":"closed","ping_status":"closed","template":"","meta":{"footnotes":""},"class_list":["post-6711","page","type-page","status-publish","hentry","description-off"],"yoast_head":"<!-- This site is optimized with the Yoast SEO plugin v19.13 - https:\/\/yoast.com\/wordpress\/plugins\/seo\/ -->\n<title>Offres Camping Sardaigne - Campeggio Villaggio Sos Flores<\/title>\n<meta name=\"description\" content=\"Les meilleures offres du Camping Village Sos Flores. Offres Camping in Sardaigne. Offres pour vos vacances en Ogliastra \u00e0 Tortol\u00ec.\" \/>\n<meta name=\"robots\" content=\"index, follow, max-snippet:-1, max-image-preview:large, max-video-preview:-1\" \/>\n<link rel=\"canonical\" href=\"https:\/\/www.campingsosflores.com\/fr\/offres-sardaigne\/\" \/>\n<meta property=\"og:locale\" content=\"fr_FR\" \/>\n<meta property=\"og:type\" content=\"article\" \/>\n<meta property=\"og:title\" content=\"Offres Camping Sardaigne - Campeggio Villaggio Sos Flores\" \/>\n<meta property=\"og:description\" content=\"Les meilleures offres du Camping Village Sos Flores. Offres Camping in Sardaigne. Offres pour vos vacances en Ogliastra \u00e0 Tortol\u00ec.\" \/>\n<meta property=\"og:url\" content=\"https:\/\/www.campingsosflores.com\/fr\/offres-sardaigne\/\" \/>\n<meta property=\"og:site_name\" content=\"Campeggio Villaggio Sos Flores\" \/>\n<meta property=\"article:publisher\" content=\"https:\/\/www.facebook.com\/Campeggio-Villaggio-Sos-Flores-163331700496181\/\" \/>\n<meta property=\"article:modified_time\" content=\"2026-03-06T08:42:30+00:00\" \/>\n<meta name=\"twitter:card\" content=\"summary_large_image\" \/>\n<meta name=\"twitter:label1\" content=\"Dur\u00e9e de lecture estim\u00e9e\" \/>\n\t<meta name=\"twitter:data1\" content=\"3 minutes\" \/>\n<script type=\"application\/ld+json\" class=\"yoast-schema-graph\">{\"@context\":\"https:\/\/schema.org\",\"@graph\":[{\"@type\":\"WebPage\",\"@id\":\"https:\/\/www.campingsosflores.com\/fr\/offres-sardaigne\/\",\"url\":\"https:\/\/www.campingsosflores.com\/fr\/offres-sardaigne\/\",\"name\":\"Offres Camping Sardaigne - Campeggio Villaggio Sos Flores\",\"isPartOf\":{\"@id\":\"https:\/\/www.campingsosflores.com\/fr\/#website\"},\"datePublished\":\"2022-03-17T17:44:08+00:00\",\"dateModified\":\"2026-03-06T08:42:30+00:00\",\"description\":\"Les meilleures offres du Camping Village Sos Flores. Offres Camping in Sardaigne. Offres pour vos vacances en Ogliastra \u00e0 Tortol\u00ec.\",\"breadcrumb\":{\"@id\":\"https:\/\/www.campingsosflores.com\/fr\/offres-sardaigne\/#breadcrumb\"},\"inLanguage\":\"fr-FR\",\"potentialAction\":[{\"@type\":\"ReadAction\",\"target\":[\"https:\/\/www.campingsosflores.com\/fr\/offres-sardaigne\/\"]}]},{\"@type\":\"BreadcrumbList\",\"@id\":\"https:\/\/www.campingsosflores.com\/fr\/offres-sardaigne\/#breadcrumb\",\"itemListElement\":[{\"@type\":\"ListItem\",\"position\":1,\"name\":\"Home\",\"item\":\"https:\/\/www.campingsosflores.com\/fr\/\"},{\"@type\":\"ListItem\",\"position\":2,\"name\":\"Offres\"}]},{\"@type\":\"WebSite\",\"@id\":\"https:\/\/www.campingsosflores.com\/fr\/#website\",\"url\":\"https:\/\/www.campingsosflores.com\/fr\/\",\"name\":\"Campeggio Villaggio Sos Flores\",\"description\":\"Campeggio Villaggio in Sardegna sul Mare\",\"potentialAction\":[{\"@type\":\"SearchAction\",\"target\":{\"@type\":\"EntryPoint\",\"urlTemplate\":\"https:\/\/www.campingsosflores.com\/fr\/?s={search_term_string}\"},\"query-input\":\"required name=search_term_string\"}],\"inLanguage\":\"fr-FR\"}]}<\/script>\n<!-- \/ Yoast SEO plugin. -->","yoast_head_json":{"title":"Offres Camping Sardaigne - Campeggio Villaggio Sos Flores","description":"Les meilleures offres du Camping Village Sos Flores. Offres Camping in Sardaigne. Offres pour vos vacances en Ogliastra \u00e0 Tortol\u00ec.","robots":{"index":"index","follow":"follow","max-snippet":"max-snippet:-1","max-image-preview":"max-image-preview:large","max-video-preview":"max-video-preview:-1"},"canonical":"https:\/\/www.campingsosflores.com\/fr\/offres-sardaigne\/","og_locale":"fr_FR","og_type":"article","og_title":"Offres Camping Sardaigne - Campeggio Villaggio Sos Flores","og_description":"Les meilleures offres du Camping Village Sos Flores. Offres Camping in Sardaigne. Offres pour vos vacances en Ogliastra \u00e0 Tortol\u00ec.","og_url":"https:\/\/www.campingsosflores.com\/fr\/offres-sardaigne\/","og_site_name":"Campeggio Villaggio Sos Flores","article_publisher":"https:\/\/www.facebook.com\/Campeggio-Villaggio-Sos-Flores-163331700496181\/","article_modified_time":"2026-03-06T08:42:30+00:00","twitter_card":"summary_large_image","twitter_misc":{"Dur\u00e9e de lecture estim\u00e9e":"3 minutes"},"schema":{"@context":"https:\/\/schema.org","@graph":[{"@type":"WebPage","@id":"https:\/\/www.campingsosflores.com\/fr\/offres-sardaigne\/","url":"https:\/\/www.campingsosflores.com\/fr\/offres-sardaigne\/","name":"Offres Camping Sardaigne - Campeggio Villaggio Sos Flores","isPartOf":{"@id":"https:\/\/www.campingsosflores.com\/fr\/#website"},"datePublished":"2022-03-17T17:44:08+00:00","dateModified":"2026-03-06T08:42:30+00:00","description":"Les meilleures offres du Camping Village Sos Flores. Offres Camping in Sardaigne. Offres pour vos vacances en Ogliastra \u00e0 Tortol\u00ec.","breadcrumb":{"@id":"https:\/\/www.campingsosflores.com\/fr\/offres-sardaigne\/#breadcrumb"},"inLanguage":"fr-FR","potentialAction":[{"@type":"ReadAction","target":["https:\/\/www.campingsosflores.com\/fr\/offres-sardaigne\/"]}]},{"@type":"BreadcrumbList","@id":"https:\/\/www.campingsosflores.com\/fr\/offres-sardaigne\/#breadcrumb","itemListElement":[{"@type":"ListItem","position":1,"name":"Home","item":"https:\/\/www.campingsosflores.com\/fr\/"},{"@type":"ListItem","position":2,"name":"Offres"}]},{"@type":"WebSite","@id":"https:\/\/www.campingsosflores.com\/fr\/#website","url":"https:\/\/www.campingsosflores.com\/fr\/","name":"Campeggio Villaggio Sos Flores","description":"Campeggio Villaggio in Sardegna sul Mare","potentialAction":[{"@type":"SearchAction","target":{"@type":"EntryPoint","urlTemplate":"https:\/\/www.campingsosflores.com\/fr\/?s={search_term_string}"},"query-input":"required name=search_term_string"}],"inLanguage":"fr-FR"}]}},"_links":{"self":[{"href":"https:\/\/www.campingsosflores.com\/fr\/wp-json\/wp\/v2\/pages\/6711","targetHints":{"allow":["GET"]}}],"collection":[{"href":"https:\/\/www.campingsosflores.com\/fr\/wp-json\/wp\/v2\/pages"}],"about":[{"href":"https:\/\/www.campingsosflores.com\/fr\/wp-json\/wp\/v2\/types\/page"}],"author":[{"embeddable":true,"href":"https:\/\/www.campingsosflores.com\/fr\/wp-json\/wp\/v2\/users\/2"}],"replies":[{"embeddable":true,"href":"https:\/\/www.campingsosflores.com\/fr\/wp-json\/wp\/v2\/comments?post=6711"}],"version-history":[{"count":26,"href":"https:\/\/www.campingsosflores.com\/fr\/wp-json\/wp\/v2\/pages\/6711\/revisions"}],"predecessor-version":[{"id":10260,"href":"https:\/\/www.campingsosflores.com\/fr\/wp-json\/wp\/v2\/pages\/6711\/revisions\/10260"}],"wp:attachment":[{"href":"https:\/\/www.campingsosflores.com\/fr\/wp-json\/wp\/v2\/media?parent=6711"}],"curies":[{"name":"wp","href":"https:\/\/api.w.org\/{rel}","templated":true}]}}