{"id":2342,"date":"2018-10-05T15:38:53","date_gmt":"2018-10-05T14:38:53","guid":{"rendered":"http:\/\/www.campingsosflores.com\/?page_id=2342"},"modified":"2026-03-11T11:54:26","modified_gmt":"2026-03-11T10:54:26","slug":"lodge-tent-tortoli","status":"publish","type":"page","link":"https:\/\/www.campingsosflores.com\/fr\/lodge-tent-tortoli\/","title":{"rendered":"Lodge Tent"},"content":{"rendered":"<div class=\"wpb-content-wrapper\"><p>[vc_row][vc_column]<div id=\"ultimate-heading-515969f4a9eda4b40\" class=\"uvc-heading ult-adjust-bottom-margin ultimate-heading-515969f4a9eda4b40 uvc-2158 \" data-hspacer=\"no_spacer\"  data-halign=\"left\" style=\"text-align:left\"><div class=\"uvc-heading-spacer no_spacer\" style=\"top\"><\/div><div class=\"uvc-main-heading ult-responsive\"  data-ultimate-target='.uvc-heading.ultimate-heading-515969f4a9eda4b40 h2'  data-responsive-json-new='{\"font-size\":\"desktop:40px;\",\"line-height\":\"\"}' ><h2 style=\"--font-weight:theme;\">Lodge Tent Coco'<\/h2><\/div><\/div>[vc_empty_space height=\u00a0\u00bb12px\u00a0\u00bb][vc_column_text]La Lodge Tent Coc\u00f2 repr\u00e9sente une option d&rsquo;h\u00e9bergement r\u00e9volutionnaire pour ceux qui souhaitent vivre une exp\u00e9rience unique pendant leurs vacances en Sardaigne. Ce concept de tente innovant est con\u00e7u pour offrir fonctionnalit\u00e9, convivialit\u00e9 et confort, rendant chaque s\u00e9jour amusant et agr\u00e9able. Id\u00e9ale pour les petites familles ou les groupes jusqu&rsquo;\u00e0 3 personnes, Coc\u00f2 offre un environnement s\u00e9duisant et \u00e9conomiquement accessible pour tous ceux qui recherchent une alternative charmante aux h\u00e9bergements traditionnels.<\/p>\n<p>La tente est enti\u00e8rement \u00e9quip\u00e9e avec toutes les n\u00e9cessit\u00e9s modernes. \u00c0 l&rsquo;int\u00e9rieur, vous trouverez une salle de bain priv\u00e9e dot\u00e9e de WC et lavabo, essentielle pour le confort et l&rsquo;intimit\u00e9. La cuisine est bien organis\u00e9e avec des plaques de cuisson \u00e0 gaz, un r\u00e9frig\u00e9rateur, des placards et des ustensiles de base, permettant aux h\u00f4tes de pr\u00e9parer et de savourer leurs repas dans le calme de leur tente. La position de la Lodge Tent Coc\u00f2 est strat\u00e9gique, situ\u00e9e pr\u00e8s des douches communes et des \u00e9viers pour la vaisselle, facilitant l&rsquo;acc\u00e8s \u00e0 d&rsquo;autres commodit\u00e9s du camping.<\/p>\n<p>En choisissant la Lodge Tent Coc\u00f2, les h\u00f4tes peuvent profiter d&rsquo;un contact direct avec la nature sans renoncer au confort d&rsquo;un v\u00e9ritable h\u00e9bergement. Cette option est id\u00e9ale pour ceux qui cherchent une exp\u00e9rience de camping authentique mais confortable en Sardaigne.[\/vc_column_text][vc_empty_space][\/vc_column][\/vc_row][vc_row][vc_column width=\u00a0\u00bb1\/3&Prime;]<div class=\" ubtn-ctn-center \"><a class=\"ubtn-link ult-adjust-bottom-margin ubtn-center ubtn-custom \" href=\"https:\/\/www.campingsosflores.com\/fr\/contactes-sos-flores\/\" ><button type=\"button\" id=\"ubtn-4335\"  class=\"ubtn ult-adjust-bottom-margin ult-responsive ubtn-custom ubtn-fade-bg  none  ubtn-center   tooltip-69f4a9eda4c09\"  data-hover=\"#006aff\" data-border-color=\"#006aff\" data-bg=\"#006aff\" data-hover-bg=\"#ffffff\" data-border-hover=\"#006aff\" data-shadow-hover=\"\" data-shadow-click=\"none\" data-shadow=\"\" data-shd-shadow=\"\"  data-ultimate-target='#ubtn-4335'  data-responsive-json-new='{\"font-size\":\"desktop:18px;\",\"line-height\":\"\"}'  style=\"font-weight:bold;width:250px;min-height:50px;padding:px px;border-radius:25px;border-width:3px;border-color:#006aff;border-style:solid;background: #006aff;color: #ffffff;\"><span class=\"ubtn-hover\" style=\"background-color:#ffffff\"><\/span><span class=\"ubtn-data ubtn-text \" >Contactez-nous<\/span><\/button><\/a><\/div>[\/vc_column][vc_column width=\u00a0\u00bb1\/3&Prime;]<div class=\" ubtn-ctn-center \"><a class=\"ubtn-link ult-adjust-bottom-margin ubtn-center ubtn-custom \" href=\"https:\/\/be.bookingexpert.it\/book\/home\/single?layout=14500&lang=fr&currency=EUR&nsid=7cf5dee1-c1ee-4f6d-aead-c30b6c53c290\" ><button type=\"button\" id=\"ubtn-5225\"  class=\"ubtn ult-adjust-bottom-margin ult-responsive ubtn-custom ubtn-fade-bg  none  ubtn-center   tooltip-69f4a9eda4cd8\"  data-hover=\"#006aff\" data-border-color=\"#006aff\" data-bg=\"#006aff\" data-hover-bg=\"#ffffff\" data-border-hover=\"#006aff\" data-shadow-hover=\"\" data-shadow-click=\"none\" data-shadow=\"\" data-shd-shadow=\"\"  data-ultimate-target='#ubtn-5225'  data-responsive-json-new='{\"font-size\":\"desktop:18px;\",\"line-height\":\"\"}'  style=\"font-weight:bold;width:250px;min-height:50px;padding:px px;border-radius:25px;border-width:3px;border-color:#006aff;border-style:solid;background: #006aff;color: #ffffff;\"><span class=\"ubtn-hover\" style=\"background-color:#ffffff\"><\/span><span class=\"ubtn-data ubtn-text \" >R\u00e9servez d\u00e8s maintenant<\/span><\/button><\/a><\/div>[\/vc_column][vc_column width=\u00a0\u00bb1\/3&Prime;][vc_column_text]<\/p>\n<p style=\"text-align: center;\"><div class='w3eden'><!-- WPDM Link Template: Default Template -->\n\n<div class=\"link-template-default card mb-2\">\n    <div class=\"card-body\">\n        <div class=\"media\">\n            <div class=\"mr-3 img-48\"><img decoding=\"async\" class=\"wpdm_icon\" alt=\"Ic\u00f4ne\"   src=\"https:\/\/www.campingsosflores.com\/wp-content\/plugins\/download-manager\/assets\/file-type-icons\/pdf.svg\" \/><\/div>\n            <div class=\"media-body\">\n                <h3 class=\"package-title\"><a href='https:\/\/www.campingsosflores.com\/fr\/download\/equipement-de-votre-hebergement\/'>\u00c9quipement<\/a><\/h3>\n                <div class=\"text-muted text-small\"><i class=\"fas fa-copy\"><\/i> 1 fichier\u00b7s <i class=\"fas fa-hdd ml-3\"><\/i> 273 KB<\/div>\n            <\/div>\n            <div class=\"ml-3\">\n                <a class='wpdm-download-link download-on-click btn btn-primary ' rel='nofollow' href='#' data-downloadurl=\"https:\/\/www.campingsosflores.com\/fr\/download\/equipement-de-votre-hebergement\/?wpdmdl=4613&refresh=69f4a9eda67591777641965\">T\u00e9l\u00e9charger<\/a>\n            <\/div>\n        <\/div>\n    <\/div>\n<\/div>\n\n<\/div>\n<p>[\/vc_column_text][\/vc_column][\/vc_row][vc_row][vc_column][vc_empty_space]\n\t\t\t<!-- START Lodge Tent REVOLUTION SLIDER 6.7.38 --><p class=\"rs-p-wp-fix\"><\/p>\n\t\t\t<rs-module-wrap id=\"rev_slider_23_1_wrapper\" data-source=\"gallery\" style=\"visibility:hidden;background:#ffffff;padding:0;margin:0px auto;margin-top:0;margin-bottom:0;\">\n\t\t\t\t<rs-module id=\"rev_slider_23_1\" style=\"\" data-version=\"6.7.38\">\n\t\t\t\t\t<rs-slides style=\"overflow: hidden; position: absolute;\">\n\t\t\t\t\t\t<rs-slide style=\"position: absolute;\" data-key=\"rs-799\" data-title=\"Slide\" data-thumb=\"\/\/www.campingsosflores.com\/wp-content\/uploads\/2018\/10\/Lodge-Tent-1-Panoramica-100x50.jpg\" data-anim=\"adpr:false;\" data-in=\"o:0;\" data-out=\"a:false;\">\n\t\t\t\t\t\t\t<img decoding=\"async\" src=\"\/\/www.campingsosflores.com\/wp-content\/plugins\/revslider\/sr6\/assets\/assets\/dummy.png\" alt=\"\" title=\"Lodge Tent\" class=\"rev-slidebg tp-rs-img rs-lazyload\" data-lazyload=\"\/\/www.campingsosflores.com\/wp-content\/uploads\/2018\/10\/Lodge-Tent-1-Panoramica.jpg\" data-parallax=\"off\" data-no-retina>\n<!--\n\t\t\t\t\t\t\t--><rs-layer\n\t\t\t\t\t\t\t\tid=\"slider-23-slide-799-layer-2\" \n\t\t\t\t\t\t\t\tdata-type=\"text\"\n\t\t\t\t\t\t\t\tdata-color=\"rgba(255, 255, 255, 1)\"\n\t\t\t\t\t\t\t\tdata-rsp_ch=\"on\"\n\t\t\t\t\t\t\t\tdata-xy=\"x:c;y:378px;\"\n\t\t\t\t\t\t\t\tdata-text=\"l:22;\"\n\t\t\t\t\t\t\t\tdata-frame_1=\"e:power2.inOut;st:500;sR:500;\"\n\t\t\t\t\t\t\t\tdata-frame_999=\"o:0;e:nothing;st:w;sR:8200;\"\n\t\t\t\t\t\t\t\tstyle=\"z-index:6;font-family:'Roboto';\"\n\t\t\t\t\t\t\t>Lodge Tent Coco' \n\t\t\t\t\t\t\t<\/rs-layer><!--\n\n\t\t\t\t\t\t\t--><rs-layer\n\t\t\t\t\t\t\t\tid=\"slider-23-slide-799-layer-3\" \n\t\t\t\t\t\t\t\tclass=\"tp-shape tp-shapewrapper\"\n\t\t\t\t\t\t\t\tdata-type=\"shape\"\n\t\t\t\t\t\t\t\tdata-rsp_ch=\"on\"\n\t\t\t\t\t\t\t\tdata-xy=\"x:-7px;y:372px;\"\n\t\t\t\t\t\t\t\tdata-text=\"w:normal;\"\n\t\t\t\t\t\t\t\tdata-dim=\"w:531px;h:38px;\"\n\t\t\t\t\t\t\t\tdata-frame_1=\"e:power2.inOut;st:500;sR:500;\"\n\t\t\t\t\t\t\t\tdata-frame_999=\"o:0;e:nothing;st:w;sR:8200;\"\n\t\t\t\t\t\t\t\tstyle=\"z-index:5;background-color:rgba(0,0,0,0.5);\"\n\t\t\t\t\t\t\t> \n\t\t\t\t\t\t\t<\/rs-layer><!--\n-->\t\t\t\t\t<\/rs-slide>\n\t\t\t\t\t\t<rs-slide style=\"position: absolute;\" data-key=\"rs-800\" data-title=\"Slide\" data-thumb=\"\/\/www.campingsosflores.com\/wp-content\/uploads\/2018\/10\/Lodge-Tent-2-Soggiorno-100x50.jpg\" data-anim=\"adpr:false;\" data-in=\"o:0;\" data-out=\"a:false;\">\n\t\t\t\t\t\t\t<img decoding=\"async\" src=\"\/\/www.campingsosflores.com\/wp-content\/plugins\/revslider\/sr6\/assets\/assets\/dummy.png\" alt=\"\" title=\"Lodge Tent\" class=\"rev-slidebg tp-rs-img rs-lazyload\" data-lazyload=\"\/\/www.campingsosflores.com\/wp-content\/uploads\/2018\/10\/Lodge-Tent-2-Soggiorno.jpg\" data-parallax=\"off\" data-no-retina>\n<!--\n\t\t\t\t\t\t\t--><rs-layer\n\t\t\t\t\t\t\t\tid=\"slider-23-slide-800-layer-2\" \n\t\t\t\t\t\t\t\tdata-type=\"text\"\n\t\t\t\t\t\t\t\tdata-color=\"rgba(255, 255, 255, 1)\"\n\t\t\t\t\t\t\t\tdata-rsp_ch=\"on\"\n\t\t\t\t\t\t\t\tdata-xy=\"x:c;y:378px;\"\n\t\t\t\t\t\t\t\tdata-text=\"l:22;\"\n\t\t\t\t\t\t\t\tdata-frame_1=\"e:power2.inOut;st:500;sR:500;\"\n\t\t\t\t\t\t\t\tdata-frame_999=\"o:0;e:nothing;st:w;sR:8200;\"\n\t\t\t\t\t\t\t\tstyle=\"z-index:6;font-family:'Roboto';\"\n\t\t\t\t\t\t\t>Lodge Tent Coco' - Petit espace de vie \n\t\t\t\t\t\t\t<\/rs-layer><!--\n\n\t\t\t\t\t\t\t--><rs-layer\n\t\t\t\t\t\t\t\tid=\"slider-23-slide-800-layer-3\" \n\t\t\t\t\t\t\t\tclass=\"tp-shape tp-shapewrapper\"\n\t\t\t\t\t\t\t\tdata-type=\"shape\"\n\t\t\t\t\t\t\t\tdata-rsp_ch=\"on\"\n\t\t\t\t\t\t\t\tdata-xy=\"x:-7px;y:372px;\"\n\t\t\t\t\t\t\t\tdata-text=\"w:normal;\"\n\t\t\t\t\t\t\t\tdata-dim=\"w:531px;h:38px;\"\n\t\t\t\t\t\t\t\tdata-frame_1=\"e:power2.inOut;st:500;sR:500;\"\n\t\t\t\t\t\t\t\tdata-frame_999=\"o:0;e:nothing;st:w;sR:8200;\"\n\t\t\t\t\t\t\t\tstyle=\"z-index:5;background-color:rgba(0,0,0,0.5);\"\n\t\t\t\t\t\t\t> \n\t\t\t\t\t\t\t<\/rs-layer><!--\n-->\t\t\t\t\t<\/rs-slide>\n\t\t\t\t\t\t<rs-slide style=\"position: absolute;\" data-key=\"rs-801\" data-title=\"Slide\" data-thumb=\"\/\/www.campingsosflores.com\/wp-content\/uploads\/2018\/10\/Lodge-Tent-3-Soggiorno-100x50.jpg\" data-anim=\"adpr:false;\" data-in=\"o:0;\" data-out=\"a:false;\">\n\t\t\t\t\t\t\t<img decoding=\"async\" src=\"\/\/www.campingsosflores.com\/wp-content\/plugins\/revslider\/sr6\/assets\/assets\/dummy.png\" alt=\"\" title=\"Lodge Tent\" class=\"rev-slidebg tp-rs-img rs-lazyload\" data-lazyload=\"\/\/www.campingsosflores.com\/wp-content\/uploads\/2018\/10\/Lodge-Tent-3-Soggiorno.jpg\" data-parallax=\"off\" data-no-retina>\n<!--\n\t\t\t\t\t\t\t--><rs-layer\n\t\t\t\t\t\t\t\tid=\"slider-23-slide-801-layer-2\" \n\t\t\t\t\t\t\t\tdata-type=\"text\"\n\t\t\t\t\t\t\t\tdata-color=\"rgba(255, 255, 255, 1)\"\n\t\t\t\t\t\t\t\tdata-rsp_ch=\"on\"\n\t\t\t\t\t\t\t\tdata-xy=\"x:c;y:378px;\"\n\t\t\t\t\t\t\t\tdata-text=\"l:22;\"\n\t\t\t\t\t\t\t\tdata-frame_1=\"e:power2.inOut;st:500;sR:500;\"\n\t\t\t\t\t\t\t\tdata-frame_999=\"o:0;e:nothing;st:w;sR:8200;\"\n\t\t\t\t\t\t\t\tstyle=\"z-index:6;font-family:'Roboto';\"\n\t\t\t\t\t\t\t>Lodge Tent Coco' - Petit espace de vie \n\t\t\t\t\t\t\t<\/rs-layer><!--\n\n\t\t\t\t\t\t\t--><rs-layer\n\t\t\t\t\t\t\t\tid=\"slider-23-slide-801-layer-3\" \n\t\t\t\t\t\t\t\tclass=\"tp-shape tp-shapewrapper\"\n\t\t\t\t\t\t\t\tdata-type=\"shape\"\n\t\t\t\t\t\t\t\tdata-rsp_ch=\"on\"\n\t\t\t\t\t\t\t\tdata-xy=\"x:-7px;y:372px;\"\n\t\t\t\t\t\t\t\tdata-text=\"w:normal;\"\n\t\t\t\t\t\t\t\tdata-dim=\"w:531px;h:38px;\"\n\t\t\t\t\t\t\t\tdata-frame_1=\"e:power2.inOut;st:500;sR:500;\"\n\t\t\t\t\t\t\t\tdata-frame_999=\"o:0;e:nothing;st:w;sR:8200;\"\n\t\t\t\t\t\t\t\tstyle=\"z-index:5;background-color:rgba(0,0,0,0.5);\"\n\t\t\t\t\t\t\t> \n\t\t\t\t\t\t\t<\/rs-layer><!--\n-->\t\t\t\t\t<\/rs-slide>\n\t\t\t\t\t\t<rs-slide style=\"position: absolute;\" data-key=\"rs-802\" data-title=\"Slide\" data-thumb=\"\/\/www.campingsosflores.com\/wp-content\/uploads\/2018\/10\/Lodge-Tent-4-Camera-Matrimoniale-100x50.jpg\" data-anim=\"adpr:false;\" data-in=\"o:0;\" data-out=\"a:false;\">\n\t\t\t\t\t\t\t<img decoding=\"async\" src=\"\/\/www.campingsosflores.com\/wp-content\/plugins\/revslider\/sr6\/assets\/assets\/dummy.png\" alt=\"\" title=\"Lodge Tent\" class=\"rev-slidebg tp-rs-img rs-lazyload\" data-lazyload=\"\/\/www.campingsosflores.com\/wp-content\/uploads\/2018\/10\/Lodge-Tent-4-Camera-Matrimoniale.jpg\" data-parallax=\"off\" data-no-retina>\n<!--\n\t\t\t\t\t\t\t--><rs-layer\n\t\t\t\t\t\t\t\tid=\"slider-23-slide-802-layer-2\" \n\t\t\t\t\t\t\t\tdata-type=\"text\"\n\t\t\t\t\t\t\t\tdata-color=\"rgba(255, 255, 255, 1)\"\n\t\t\t\t\t\t\t\tdata-rsp_ch=\"on\"\n\t\t\t\t\t\t\t\tdata-xy=\"x:c;y:378px;\"\n\t\t\t\t\t\t\t\tdata-text=\"l:22;\"\n\t\t\t\t\t\t\t\tdata-frame_1=\"e:power2.inOut;st:500;sR:500;\"\n\t\t\t\t\t\t\t\tdata-frame_999=\"o:0;e:nothing;st:w;sR:8200;\"\n\t\t\t\t\t\t\t\tstyle=\"z-index:6;font-family:'Roboto';\"\n\t\t\t\t\t\t\t>Lodge Tent Coco' - Chambre double \n\t\t\t\t\t\t\t<\/rs-layer><!--\n\n\t\t\t\t\t\t\t--><rs-layer\n\t\t\t\t\t\t\t\tid=\"slider-23-slide-802-layer-3\" \n\t\t\t\t\t\t\t\tclass=\"tp-shape tp-shapewrapper\"\n\t\t\t\t\t\t\t\tdata-type=\"shape\"\n\t\t\t\t\t\t\t\tdata-rsp_ch=\"on\"\n\t\t\t\t\t\t\t\tdata-xy=\"x:-7px;y:372px;\"\n\t\t\t\t\t\t\t\tdata-text=\"w:normal;\"\n\t\t\t\t\t\t\t\tdata-dim=\"w:531px;h:38px;\"\n\t\t\t\t\t\t\t\tdata-frame_1=\"e:power2.inOut;st:500;sR:500;\"\n\t\t\t\t\t\t\t\tdata-frame_999=\"o:0;e:nothing;st:w;sR:8200;\"\n\t\t\t\t\t\t\t\tstyle=\"z-index:5;background-color:rgba(0,0,0,0.5);\"\n\t\t\t\t\t\t\t> \n\t\t\t\t\t\t\t<\/rs-layer><!--\n-->\t\t\t\t\t<\/rs-slide>\n\t\t\t\t\t\t<rs-slide style=\"position: absolute;\" data-key=\"rs-803\" data-title=\"Slide\" data-thumb=\"\/\/www.campingsosflores.com\/wp-content\/uploads\/2018\/10\/Lodge-Tent-5-Cameretta-100x50.jpg\" data-anim=\"adpr:false;\" data-in=\"o:0;\" data-out=\"a:false;\">\n\t\t\t\t\t\t\t<img decoding=\"async\" src=\"\/\/www.campingsosflores.com\/wp-content\/plugins\/revslider\/sr6\/assets\/assets\/dummy.png\" alt=\"\" title=\"Lodge Tent\" class=\"rev-slidebg tp-rs-img rs-lazyload\" data-lazyload=\"\/\/www.campingsosflores.com\/wp-content\/uploads\/2018\/10\/Lodge-Tent-5-Cameretta.jpg\" data-parallax=\"off\" data-no-retina>\n<!--\n\t\t\t\t\t\t\t--><rs-layer\n\t\t\t\t\t\t\t\tid=\"slider-23-slide-803-layer-2\" \n\t\t\t\t\t\t\t\tdata-type=\"text\"\n\t\t\t\t\t\t\t\tdata-color=\"rgba(255, 255, 255, 1)\"\n\t\t\t\t\t\t\t\tdata-rsp_ch=\"on\"\n\t\t\t\t\t\t\t\tdata-xy=\"x:c;y:378px;\"\n\t\t\t\t\t\t\t\tdata-text=\"l:22;\"\n\t\t\t\t\t\t\t\tdata-frame_1=\"e:power2.inOut;st:500;sR:500;\"\n\t\t\t\t\t\t\t\tdata-frame_999=\"o:0;e:nothing;st:w;sR:8200;\"\n\t\t\t\t\t\t\t\tstyle=\"z-index:6;font-family:'Roboto';\"\n\t\t\t\t\t\t\t>Lodge Tent Coco' - Troisi\u00e8me lit \n\t\t\t\t\t\t\t<\/rs-layer><!--\n\n\t\t\t\t\t\t\t--><rs-layer\n\t\t\t\t\t\t\t\tid=\"slider-23-slide-803-layer-3\" \n\t\t\t\t\t\t\t\tclass=\"tp-shape tp-shapewrapper\"\n\t\t\t\t\t\t\t\tdata-type=\"shape\"\n\t\t\t\t\t\t\t\tdata-rsp_ch=\"on\"\n\t\t\t\t\t\t\t\tdata-xy=\"x:-7px;y:372px;\"\n\t\t\t\t\t\t\t\tdata-text=\"w:normal;\"\n\t\t\t\t\t\t\t\tdata-dim=\"w:531px;h:38px;\"\n\t\t\t\t\t\t\t\tdata-frame_1=\"e:power2.inOut;st:500;sR:500;\"\n\t\t\t\t\t\t\t\tdata-frame_999=\"o:0;e:nothing;st:w;sR:8200;\"\n\t\t\t\t\t\t\t\tstyle=\"z-index:5;background-color:rgba(0,0,0,0.5);\"\n\t\t\t\t\t\t\t> \n\t\t\t\t\t\t\t<\/rs-layer><!--\n-->\t\t\t\t\t<\/rs-slide>\n\t\t\t\t\t\t<rs-slide style=\"position: absolute;\" data-key=\"rs-804\" data-title=\"Slide\" data-thumb=\"\/\/www.campingsosflores.com\/wp-content\/uploads\/2018\/10\/Lodge-Tent-6-Bagno-100x50.jpg\" data-anim=\"adpr:false;\" data-in=\"o:0;\" data-out=\"a:false;\">\n\t\t\t\t\t\t\t<img decoding=\"async\" src=\"\/\/www.campingsosflores.com\/wp-content\/plugins\/revslider\/sr6\/assets\/assets\/dummy.png\" alt=\"\" title=\"Lodge Tent\" class=\"rev-slidebg tp-rs-img rs-lazyload\" data-lazyload=\"\/\/www.campingsosflores.com\/wp-content\/uploads\/2018\/10\/Lodge-Tent-6-Bagno.jpg\" data-parallax=\"off\" data-no-retina>\n<!--\n\t\t\t\t\t\t\t--><rs-layer\n\t\t\t\t\t\t\t\tid=\"slider-23-slide-804-layer-2\" \n\t\t\t\t\t\t\t\tdata-type=\"text\"\n\t\t\t\t\t\t\t\tdata-color=\"rgba(255, 255, 255, 1)\"\n\t\t\t\t\t\t\t\tdata-rsp_ch=\"on\"\n\t\t\t\t\t\t\t\tdata-xy=\"x:c;y:378px;\"\n\t\t\t\t\t\t\t\tdata-text=\"l:22;\"\n\t\t\t\t\t\t\t\tdata-frame_1=\"e:power2.inOut;st:500;sR:500;\"\n\t\t\t\t\t\t\t\tdata-frame_999=\"o:0;e:nothing;st:w;sR:8200;\"\n\t\t\t\t\t\t\t\tstyle=\"z-index:6;font-family:'Roboto';\"\n\t\t\t\t\t\t\t>Lodge Tent Coco' - Toilette \n\t\t\t\t\t\t\t<\/rs-layer><!--\n\n\t\t\t\t\t\t\t--><rs-layer\n\t\t\t\t\t\t\t\tid=\"slider-23-slide-804-layer-3\" \n\t\t\t\t\t\t\t\tclass=\"tp-shape tp-shapewrapper\"\n\t\t\t\t\t\t\t\tdata-type=\"shape\"\n\t\t\t\t\t\t\t\tdata-rsp_ch=\"on\"\n\t\t\t\t\t\t\t\tdata-xy=\"x:-7px;y:372px;\"\n\t\t\t\t\t\t\t\tdata-text=\"w:normal;\"\n\t\t\t\t\t\t\t\tdata-dim=\"w:531px;h:38px;\"\n\t\t\t\t\t\t\t\tdata-frame_1=\"e:power2.inOut;st:500;sR:500;\"\n\t\t\t\t\t\t\t\tdata-frame_999=\"o:0;e:nothing;st:w;sR:8200;\"\n\t\t\t\t\t\t\t\tstyle=\"z-index:5;background-color:rgba(0,0,0,0.5);\"\n\t\t\t\t\t\t\t> \n\t\t\t\t\t\t\t<\/rs-layer><!--\n-->\t\t\t\t\t<\/rs-slide>\n\t\t\t\t\t<\/rs-slides>\n\t\t\t\t<\/rs-module>\n\t\t\t\t<script>\n\t\t\t\t\tsetREVStartSize({c: 'rev_slider_23_1',rl:[1240,1024,778,480],el:[405],gw:[500],gh:[405],type:'carousel',justify:'',layout:'fullwidth',thumbh:\"100\",mh:\"0\"});if (window.RS_MODULES!==undefined && window.RS_MODULES.modules!==undefined && window.RS_MODULES.modules[\"revslider231\"]!==undefined) {window.RS_MODULES.modules[\"revslider231\"].once = false;window.revapi23 = undefined;if (window.RS_MODULES.checkMinimal!==undefined) window.RS_MODULES.checkMinimal()}\n\t\t\t\t<\/script>\n\t\t\t<\/rs-module-wrap>\n\t\t\t<!-- END REVOLUTION SLIDER -->\n[\/vc_column][\/vc_row]<\/p>\n<\/div>","protected":false},"excerpt":{"rendered":"<p>[vc_row][vc_column][vc_empty_space height=\u00a0\u00bb12px\u00a0\u00bb][vc_column_text]La Lodge Tent Coc\u00f2 repr\u00e9sente une option d&rsquo;h\u00e9bergement r\u00e9volutionnaire pour ceux qui souhaitent vivre une exp\u00e9rience unique pendant leurs vacances en Sardaigne. Ce concept de tente innovant est con\u00e7u pour offrir fonctionnalit\u00e9, convivialit\u00e9 et confort, rendant chaque s\u00e9jour amusant et agr\u00e9able. Id\u00e9ale pour les petites familles ou les groupes jusqu&rsquo;\u00e0 3 personnes, Coc\u00f2 offre&hellip;<\/p>\n","protected":false},"author":2,"featured_media":0,"parent":0,"menu_order":1,"comment_status":"closed","ping_status":"closed","template":"","meta":{"footnotes":""},"class_list":["post-2342","page","type-page","status-publish","hentry","description-off"],"yoast_head":"<!-- This site is optimized with the Yoast SEO plugin v19.13 - https:\/\/yoast.com\/wordpress\/plugins\/seo\/ -->\n<title>Lodge Tent en Sardaigne, Village vacances Tortol\u00ec, mer<\/title>\n<meta name=\"description\" content=\"Lodge Tent de 3 places, id\u00e9als pour les familles qui veulent passer des vacances en Sardaigne directement en bord de mer.\" \/>\n<meta name=\"robots\" content=\"index, follow, max-snippet:-1, max-image-preview:large, max-video-preview:-1\" \/>\n<link rel=\"canonical\" href=\"https:\/\/www.campingsosflores.com\/fr\/lodge-tent-tortoli\/\" \/>\n<meta property=\"og:locale\" content=\"fr_FR\" \/>\n<meta property=\"og:type\" content=\"article\" \/>\n<meta property=\"og:title\" content=\"Lodge Tent en Sardaigne, Village vacances Tortol\u00ec, mer\" \/>\n<meta property=\"og:description\" content=\"Lodge Tent de 3 places, id\u00e9als pour les familles qui veulent passer des vacances en Sardaigne directement en bord de mer.\" \/>\n<meta property=\"og:url\" content=\"https:\/\/www.campingsosflores.com\/fr\/lodge-tent-tortoli\/\" \/>\n<meta property=\"og:site_name\" content=\"Campeggio Villaggio Sos Flores\" \/>\n<meta property=\"article:publisher\" content=\"https:\/\/www.facebook.com\/Campeggio-Villaggio-Sos-Flores-163331700496181\/\" \/>\n<meta property=\"article:modified_time\" content=\"2026-03-11T10:54:26+00:00\" \/>\n<meta name=\"twitter:card\" content=\"summary_large_image\" \/>\n<meta name=\"twitter:label1\" content=\"Dur\u00e9e de lecture estim\u00e9e\" \/>\n\t<meta name=\"twitter:data1\" content=\"2 minutes\" \/>\n<script type=\"application\/ld+json\" class=\"yoast-schema-graph\">{\"@context\":\"https:\/\/schema.org\",\"@graph\":[{\"@type\":\"WebPage\",\"@id\":\"https:\/\/www.campingsosflores.com\/fr\/lodge-tent-tortoli\/\",\"url\":\"https:\/\/www.campingsosflores.com\/fr\/lodge-tent-tortoli\/\",\"name\":\"Lodge Tent en Sardaigne, Village vacances Tortol\u00ec, mer\",\"isPartOf\":{\"@id\":\"https:\/\/www.campingsosflores.com\/fr\/#website\"},\"datePublished\":\"2018-10-05T14:38:53+00:00\",\"dateModified\":\"2026-03-11T10:54:26+00:00\",\"description\":\"Lodge Tent de 3 places, id\u00e9als pour les familles qui veulent passer des vacances en Sardaigne directement en bord de mer.\",\"breadcrumb\":{\"@id\":\"https:\/\/www.campingsosflores.com\/fr\/lodge-tent-tortoli\/#breadcrumb\"},\"inLanguage\":\"fr-FR\",\"potentialAction\":[{\"@type\":\"ReadAction\",\"target\":[\"https:\/\/www.campingsosflores.com\/fr\/lodge-tent-tortoli\/\"]}]},{\"@type\":\"BreadcrumbList\",\"@id\":\"https:\/\/www.campingsosflores.com\/fr\/lodge-tent-tortoli\/#breadcrumb\",\"itemListElement\":[{\"@type\":\"ListItem\",\"position\":1,\"name\":\"Home\",\"item\":\"https:\/\/www.campingsosflores.com\/fr\/\"},{\"@type\":\"ListItem\",\"position\":2,\"name\":\"Lodge Tent\"}]},{\"@type\":\"WebSite\",\"@id\":\"https:\/\/www.campingsosflores.com\/fr\/#website\",\"url\":\"https:\/\/www.campingsosflores.com\/fr\/\",\"name\":\"Campeggio Villaggio Sos Flores\",\"description\":\"Campeggio Villaggio in Sardegna sul Mare\",\"potentialAction\":[{\"@type\":\"SearchAction\",\"target\":{\"@type\":\"EntryPoint\",\"urlTemplate\":\"https:\/\/www.campingsosflores.com\/fr\/?s={search_term_string}\"},\"query-input\":\"required name=search_term_string\"}],\"inLanguage\":\"fr-FR\"}]}<\/script>\n<!-- \/ Yoast SEO plugin. -->","yoast_head_json":{"title":"Lodge Tent en Sardaigne, Village vacances Tortol\u00ec, mer","description":"Lodge Tent de 3 places, id\u00e9als pour les familles qui veulent passer des vacances en Sardaigne directement en bord de mer.","robots":{"index":"index","follow":"follow","max-snippet":"max-snippet:-1","max-image-preview":"max-image-preview:large","max-video-preview":"max-video-preview:-1"},"canonical":"https:\/\/www.campingsosflores.com\/fr\/lodge-tent-tortoli\/","og_locale":"fr_FR","og_type":"article","og_title":"Lodge Tent en Sardaigne, Village vacances Tortol\u00ec, mer","og_description":"Lodge Tent de 3 places, id\u00e9als pour les familles qui veulent passer des vacances en Sardaigne directement en bord de mer.","og_url":"https:\/\/www.campingsosflores.com\/fr\/lodge-tent-tortoli\/","og_site_name":"Campeggio Villaggio Sos Flores","article_publisher":"https:\/\/www.facebook.com\/Campeggio-Villaggio-Sos-Flores-163331700496181\/","article_modified_time":"2026-03-11T10:54:26+00:00","twitter_card":"summary_large_image","twitter_misc":{"Dur\u00e9e de lecture estim\u00e9e":"2 minutes"},"schema":{"@context":"https:\/\/schema.org","@graph":[{"@type":"WebPage","@id":"https:\/\/www.campingsosflores.com\/fr\/lodge-tent-tortoli\/","url":"https:\/\/www.campingsosflores.com\/fr\/lodge-tent-tortoli\/","name":"Lodge Tent en Sardaigne, Village vacances Tortol\u00ec, mer","isPartOf":{"@id":"https:\/\/www.campingsosflores.com\/fr\/#website"},"datePublished":"2018-10-05T14:38:53+00:00","dateModified":"2026-03-11T10:54:26+00:00","description":"Lodge Tent de 3 places, id\u00e9als pour les familles qui veulent passer des vacances en Sardaigne directement en bord de mer.","breadcrumb":{"@id":"https:\/\/www.campingsosflores.com\/fr\/lodge-tent-tortoli\/#breadcrumb"},"inLanguage":"fr-FR","potentialAction":[{"@type":"ReadAction","target":["https:\/\/www.campingsosflores.com\/fr\/lodge-tent-tortoli\/"]}]},{"@type":"BreadcrumbList","@id":"https:\/\/www.campingsosflores.com\/fr\/lodge-tent-tortoli\/#breadcrumb","itemListElement":[{"@type":"ListItem","position":1,"name":"Home","item":"https:\/\/www.campingsosflores.com\/fr\/"},{"@type":"ListItem","position":2,"name":"Lodge Tent"}]},{"@type":"WebSite","@id":"https:\/\/www.campingsosflores.com\/fr\/#website","url":"https:\/\/www.campingsosflores.com\/fr\/","name":"Campeggio Villaggio Sos Flores","description":"Campeggio Villaggio in Sardegna sul Mare","potentialAction":[{"@type":"SearchAction","target":{"@type":"EntryPoint","urlTemplate":"https:\/\/www.campingsosflores.com\/fr\/?s={search_term_string}"},"query-input":"required name=search_term_string"}],"inLanguage":"fr-FR"}]}},"_links":{"self":[{"href":"https:\/\/www.campingsosflores.com\/fr\/wp-json\/wp\/v2\/pages\/2342","targetHints":{"allow":["GET"]}}],"collection":[{"href":"https:\/\/www.campingsosflores.com\/fr\/wp-json\/wp\/v2\/pages"}],"about":[{"href":"https:\/\/www.campingsosflores.com\/fr\/wp-json\/wp\/v2\/types\/page"}],"author":[{"embeddable":true,"href":"https:\/\/www.campingsosflores.com\/fr\/wp-json\/wp\/v2\/users\/2"}],"replies":[{"embeddable":true,"href":"https:\/\/www.campingsosflores.com\/fr\/wp-json\/wp\/v2\/comments?post=2342"}],"version-history":[{"count":13,"href":"https:\/\/www.campingsosflores.com\/fr\/wp-json\/wp\/v2\/pages\/2342\/revisions"}],"predecessor-version":[{"id":10298,"href":"https:\/\/www.campingsosflores.com\/fr\/wp-json\/wp\/v2\/pages\/2342\/revisions\/10298"}],"wp:attachment":[{"href":"https:\/\/www.campingsosflores.com\/fr\/wp-json\/wp\/v2\/media?parent=2342"}],"curies":[{"name":"wp","href":"https:\/\/api.w.org\/{rel}","templated":true}]}}