{"id":1864,"date":"2017-05-15T11:44:16","date_gmt":"2017-05-15T10:44:16","guid":{"rendered":"http:\/\/www.campingsosflores.com\/fr\/?page_id=1864"},"modified":"2022-04-16T09:08:27","modified_gmt":"2022-04-16T08:08:27","slug":"carte-village-tortoli","status":"publish","type":"page","link":"https:\/\/www.campingsosflores.com\/fr\/carte-village-tortoli\/","title":{"rendered":"Carte interactive"},"content":{"rendered":"<div class=\"wpb-content-wrapper\"><p>[vc_row type=\u00a0\u00bbvc_default\u00a0\u00bb full_width=\u00a0\u00bbstretch_row_content_no_spaces\u00a0\u00bb][vc_column][vc_raw_html]JTIwJTIwJTNDZGl2JTIwaWQlM0QlMjJib29raW5nZXhwZXJ0JTIyJTNFJTBBJTIwJTIwJTIwJTIwJTIwJTIwJTIwJTIwJTIwJTIwJTIwJTIwJTNDZGl2JTIwaWQlM0QlMjJzZWFyY2hib3glMjIlMjBjbGFzcyUzRCUyMmJhcnJhcmljZXJjYSUyMiUzRSUzQyUyRmRpdiUzRSUwQSUyMCUyMCUyMCUyMCUyMCUyMCUyMCUyMCUzQyUyRmRpdiUzRQ==[\/vc_raw_html][vc_raw_js]JTIwJTIwJTIwJTIwJTIwJTIwJTIwJTNDc2NyaXB0JTIwc3JjJTNEJTIyaHR0cHMlM0ElMkYlMkZiZS5ib29raW5nZXhwZXJ0Lml0JTJGYm9vayUyRndlYnNpdGVzJTJGc2VhcmNoYm94JTNGaG90ZWwlM0QyMjQzNCUyNmFtcCUzQmxhbmclM0RmciUyMiUzRSUzQyUyRnNjcmlwdCUzRSUwQSUyMCUyMCUyMCUyMCUyMCUyMCUyMCUyMCUzQ3NjcmlwdCUzRWl0LmJvb2tpbmdleHBlcnQuU2VhcmNoQm94LmxvYWQlMjglMjdzZWFyY2hib3glMjclMkMlMjAlMjdEZWZhdWx0JTI3JTI5JTNCJTNDJTJGc2NyaXB0JTNF[\/vc_raw_js][\/vc_column][\/vc_row][vc_row full_width_row=\u00a0\u00bbtrue\u00a0\u00bb][vc_column offset=\u00a0\u00bbvc_hidden-lg vc_hidden-md\u00a0\u00bb][vc_column_text]<\/p>\n<h4 style=\"text-align: center;\">Faites pivoter votre appareil pour afficher la carte en plein \u00e9cran et attendez que le t\u00e9l\u00e9chargement.<\/h4>\n<p>[\/vc_column_text][vc_single_image image=\u00a0\u00bb1204&Prime; img_size=\u00a0\u00bb150&#215;90&Prime; alignment=\u00a0\u00bbcenter\u00a0\u00bb][\/vc_column][\/vc_row][vc_row type=\u00a0\u00bbvc_default\u00a0\u00bb full_width_row=\u00a0\u00bbtrue\u00a0\u00bb][vc_column][vc_column_text]<\/p>\n<p style=\"text-align: center;\"><div id=\"image-map-pro-9375\"><\/div>\n<p>[\/vc_column_text][\/vc_column][\/vc_row]<\/p>\n<\/div>","protected":false},"excerpt":{"rendered":"<p>[vc_row type=\u00a0\u00bbvc_default\u00a0\u00bb full_width=\u00a0\u00bbstretch_row_content_no_spaces\u00a0\u00bb][vc_column][vc_raw_html]JTIwJTIwJTNDZGl2JTIwaWQlM0QlMjJib29raW5nZXhwZXJ0JTIyJTNFJTBBJTIwJTIwJTIwJTIwJTIwJTIwJTIwJTIwJTIwJTIwJTIwJTIwJTNDZGl2JTIwaWQlM0QlMjJzZWFyY2hib3glMjIlMjBjbGFzcyUzRCUyMmJhcnJhcmljZXJjYSUyMiUzRSUzQyUyRmRpdiUzRSUwQSUyMCUyMCUyMCUyMCUyMCUyMCUyMCUyMCUzQyUyRmRpdiUzRQ==[\/vc_raw_html][vc_raw_js]JTIwJTIwJTIwJTIwJTIwJTIwJTIwJTNDc2NyaXB0JTIwc3JjJTNEJTIyaHR0cHMlM0ElMkYlMkZiZS5ib29raW5nZXhwZXJ0Lml0JTJGYm9vayUyRndlYnNpdGVzJTJGc2VhcmNoYm94JTNGaG90ZWwlM0QyMjQzNCUyNmFtcCUzQmxhbmclM0RmciUyMiUzRSUzQyUyRnNjcmlwdCUzRSUwQSUyMCUyMCUyMCUyMCUyMCUyMCUyMCUyMCUzQ3NjcmlwdCUzRWl0LmJvb2tpbmdleHBlcnQuU2VhcmNoQm94LmxvYWQlMjglMjdzZWFyY2hib3glMjclMkMlMjAlMjdEZWZhdWx0JTI3JTI5JTNCJTNDJTJGc2NyaXB0JTNF[\/vc_raw_js][\/vc_column][\/vc_row][vc_row full_width_row=\u00a0\u00bbtrue\u00a0\u00bb][vc_column offset=\u00a0\u00bbvc_hidden-lg vc_hidden-md\u00a0\u00bb][vc_column_text] Faites pivoter votre appareil pour afficher la carte en plein \u00e9cran et attendez que le t\u00e9l\u00e9chargement. [\/vc_column_text][vc_single_image image=\u00a0\u00bb1204&Prime; img_size=\u00a0\u00bb150&#215;90&Prime; alignment=\u00a0\u00bbcenter\u00a0\u00bb][\/vc_column][\/vc_row][vc_row type=\u00a0\u00bbvc_default\u00a0\u00bb full_width_row=\u00a0\u00bbtrue\u00a0\u00bb][vc_column][vc_column_text] [\/vc_column_text][\/vc_column][\/vc_row]<\/p>\n","protected":false},"author":1,"featured_media":0,"parent":0,"menu_order":0,"comment_status":"closed","ping_status":"closed","template":"","meta":{"footnotes":""},"class_list":["post-1864","page","type-page","status-publish","hentry","description-off"],"yoast_head":"<!-- This site is optimized with the Yoast SEO plugin v19.13 - https:\/\/yoast.com\/wordpress\/plugins\/seo\/ -->\n<title>La carte du Camping Village Sos Flores, Sardaigne, Tortol\u00ec<\/title>\n<meta name=\"description\" content=\"Regardez la carte du Camping Village Sos Flores, le camping au bord de mer de Tortol\u00ec avec bungalow, mobil home, chalets, petites villas et emplacements.\" \/>\n<meta name=\"robots\" content=\"index, follow, max-snippet:-1, max-image-preview:large, max-video-preview:-1\" \/>\n<link rel=\"canonical\" href=\"https:\/\/www.campingsosflores.com\/fr\/carte-village-tortoli\/\" \/>\n<meta property=\"og:locale\" content=\"fr_FR\" \/>\n<meta property=\"og:type\" content=\"article\" \/>\n<meta property=\"og:title\" content=\"La carte du Camping Village Sos Flores, Sardaigne, Tortol\u00ec\" \/>\n<meta property=\"og:description\" content=\"Regardez la carte du Camping Village Sos Flores, le camping au bord de mer de Tortol\u00ec avec bungalow, mobil home, chalets, petites villas et emplacements.\" \/>\n<meta property=\"og:url\" content=\"https:\/\/www.campingsosflores.com\/fr\/carte-village-tortoli\/\" \/>\n<meta property=\"og:site_name\" content=\"Campeggio Villaggio Sos Flores\" \/>\n<meta property=\"article:publisher\" content=\"https:\/\/www.facebook.com\/Campeggio-Villaggio-Sos-Flores-163331700496181\/\" \/>\n<meta property=\"article:modified_time\" content=\"2022-04-16T08:08:27+00:00\" \/>\n<meta name=\"twitter:card\" content=\"summary_large_image\" \/>\n<meta name=\"twitter:label1\" content=\"Dur\u00e9e de lecture estim\u00e9e\" \/>\n\t<meta name=\"twitter:data1\" content=\"1 minute\" \/>\n<script type=\"application\/ld+json\" class=\"yoast-schema-graph\">{\"@context\":\"https:\/\/schema.org\",\"@graph\":[{\"@type\":\"WebPage\",\"@id\":\"https:\/\/www.campingsosflores.com\/fr\/carte-village-tortoli\/\",\"url\":\"https:\/\/www.campingsosflores.com\/fr\/carte-village-tortoli\/\",\"name\":\"La carte du Camping Village Sos Flores, Sardaigne, Tortol\u00ec\",\"isPartOf\":{\"@id\":\"https:\/\/www.campingsosflores.com\/fr\/#website\"},\"datePublished\":\"2017-05-15T10:44:16+00:00\",\"dateModified\":\"2022-04-16T08:08:27+00:00\",\"description\":\"Regardez la carte du Camping Village Sos Flores, le camping au bord de mer de Tortol\u00ec avec bungalow, mobil home, chalets, petites villas et emplacements.\",\"breadcrumb\":{\"@id\":\"https:\/\/www.campingsosflores.com\/fr\/carte-village-tortoli\/#breadcrumb\"},\"inLanguage\":\"fr-FR\",\"potentialAction\":[{\"@type\":\"ReadAction\",\"target\":[\"https:\/\/www.campingsosflores.com\/fr\/carte-village-tortoli\/\"]}]},{\"@type\":\"BreadcrumbList\",\"@id\":\"https:\/\/www.campingsosflores.com\/fr\/carte-village-tortoli\/#breadcrumb\",\"itemListElement\":[{\"@type\":\"ListItem\",\"position\":1,\"name\":\"Home\",\"item\":\"https:\/\/www.campingsosflores.com\/fr\/\"},{\"@type\":\"ListItem\",\"position\":2,\"name\":\"Carte interactive\"}]},{\"@type\":\"WebSite\",\"@id\":\"https:\/\/www.campingsosflores.com\/fr\/#website\",\"url\":\"https:\/\/www.campingsosflores.com\/fr\/\",\"name\":\"Campeggio Villaggio Sos Flores\",\"description\":\"Campeggio Villaggio in Sardegna sul Mare\",\"potentialAction\":[{\"@type\":\"SearchAction\",\"target\":{\"@type\":\"EntryPoint\",\"urlTemplate\":\"https:\/\/www.campingsosflores.com\/fr\/?s={search_term_string}\"},\"query-input\":\"required name=search_term_string\"}],\"inLanguage\":\"fr-FR\"}]}<\/script>\n<!-- \/ Yoast SEO plugin. -->","yoast_head_json":{"title":"La carte du Camping Village Sos Flores, Sardaigne, Tortol\u00ec","description":"Regardez la carte du Camping Village Sos Flores, le camping au bord de mer de Tortol\u00ec avec bungalow, mobil home, chalets, petites villas et emplacements.","robots":{"index":"index","follow":"follow","max-snippet":"max-snippet:-1","max-image-preview":"max-image-preview:large","max-video-preview":"max-video-preview:-1"},"canonical":"https:\/\/www.campingsosflores.com\/fr\/carte-village-tortoli\/","og_locale":"fr_FR","og_type":"article","og_title":"La carte du Camping Village Sos Flores, Sardaigne, Tortol\u00ec","og_description":"Regardez la carte du Camping Village Sos Flores, le camping au bord de mer de Tortol\u00ec avec bungalow, mobil home, chalets, petites villas et emplacements.","og_url":"https:\/\/www.campingsosflores.com\/fr\/carte-village-tortoli\/","og_site_name":"Campeggio Villaggio Sos Flores","article_publisher":"https:\/\/www.facebook.com\/Campeggio-Villaggio-Sos-Flores-163331700496181\/","article_modified_time":"2022-04-16T08:08:27+00:00","twitter_card":"summary_large_image","twitter_misc":{"Dur\u00e9e de lecture estim\u00e9e":"1 minute"},"schema":{"@context":"https:\/\/schema.org","@graph":[{"@type":"WebPage","@id":"https:\/\/www.campingsosflores.com\/fr\/carte-village-tortoli\/","url":"https:\/\/www.campingsosflores.com\/fr\/carte-village-tortoli\/","name":"La carte du Camping Village Sos Flores, Sardaigne, Tortol\u00ec","isPartOf":{"@id":"https:\/\/www.campingsosflores.com\/fr\/#website"},"datePublished":"2017-05-15T10:44:16+00:00","dateModified":"2022-04-16T08:08:27+00:00","description":"Regardez la carte du Camping Village Sos Flores, le camping au bord de mer de Tortol\u00ec avec bungalow, mobil home, chalets, petites villas et emplacements.","breadcrumb":{"@id":"https:\/\/www.campingsosflores.com\/fr\/carte-village-tortoli\/#breadcrumb"},"inLanguage":"fr-FR","potentialAction":[{"@type":"ReadAction","target":["https:\/\/www.campingsosflores.com\/fr\/carte-village-tortoli\/"]}]},{"@type":"BreadcrumbList","@id":"https:\/\/www.campingsosflores.com\/fr\/carte-village-tortoli\/#breadcrumb","itemListElement":[{"@type":"ListItem","position":1,"name":"Home","item":"https:\/\/www.campingsosflores.com\/fr\/"},{"@type":"ListItem","position":2,"name":"Carte interactive"}]},{"@type":"WebSite","@id":"https:\/\/www.campingsosflores.com\/fr\/#website","url":"https:\/\/www.campingsosflores.com\/fr\/","name":"Campeggio Villaggio Sos Flores","description":"Campeggio Villaggio in Sardegna sul Mare","potentialAction":[{"@type":"SearchAction","target":{"@type":"EntryPoint","urlTemplate":"https:\/\/www.campingsosflores.com\/fr\/?s={search_term_string}"},"query-input":"required name=search_term_string"}],"inLanguage":"fr-FR"}]}},"_links":{"self":[{"href":"https:\/\/www.campingsosflores.com\/fr\/wp-json\/wp\/v2\/pages\/1864","targetHints":{"allow":["GET"]}}],"collection":[{"href":"https:\/\/www.campingsosflores.com\/fr\/wp-json\/wp\/v2\/pages"}],"about":[{"href":"https:\/\/www.campingsosflores.com\/fr\/wp-json\/wp\/v2\/types\/page"}],"author":[{"embeddable":true,"href":"https:\/\/www.campingsosflores.com\/fr\/wp-json\/wp\/v2\/users\/1"}],"replies":[{"embeddable":true,"href":"https:\/\/www.campingsosflores.com\/fr\/wp-json\/wp\/v2\/comments?post=1864"}],"version-history":[{"count":10,"href":"https:\/\/www.campingsosflores.com\/fr\/wp-json\/wp\/v2\/pages\/1864\/revisions"}],"predecessor-version":[{"id":7115,"href":"https:\/\/www.campingsosflores.com\/fr\/wp-json\/wp\/v2\/pages\/1864\/revisions\/7115"}],"wp:attachment":[{"href":"https:\/\/www.campingsosflores.com\/fr\/wp-json\/wp\/v2\/media?parent=1864"}],"curies":[{"name":"wp","href":"https:\/\/api.w.org\/{rel}","templated":true}]}}