{"id":1807,"date":"2017-05-15T11:02:39","date_gmt":"2017-05-15T10:02:39","guid":{"rendered":"http:\/\/www.campingsosflores.com\/fr\/?page_id=1807"},"modified":"2026-02-06T18:15:10","modified_gmt":"2026-02-06T17:15:10","slug":"petites-villas-sardaigne-mer","status":"publish","type":"page","link":"https:\/\/www.campingsosflores.com\/fr\/petites-villas-sardaigne-mer\/","title":{"rendered":"Villas"},"content":{"rendered":"<div class=\"wpb-content-wrapper\"><p>[vc_row type=\u00a0\u00bbvc_default\u00a0\u00bb][vc_column]<div id=\"ultimate-heading-759569f4a9a6dcc82\" class=\"uvc-heading ult-adjust-bottom-margin ultimate-heading-759569f4a9a6dcc82 uvc-4465 \" data-hspacer=\"no_spacer\"  data-halign=\"left\" style=\"text-align:left\"><div class=\"uvc-heading-spacer no_spacer\" style=\"top\"><\/div><div class=\"uvc-main-heading ult-responsive\"  data-ultimate-target='.uvc-heading.ultimate-heading-759569f4a9a6dcc82 h2'  data-responsive-json-new='{\"font-size\":\"desktop:40px;\",\"line-height\":\"\"}' ><h2 style=\"--font-weight:theme;\">Villas<\/h2><\/div><\/div>[vc_empty_space height=\u00a0\u00bb12px\u00a0\u00bb][vc_column_text]<\/p>\n<h3><strong>Exp\u00e9rience de luxe dans les Villas du Camping Village Sos Flores, en Sardaigne<\/strong><\/h3>\n<p>D\u00e9couvrez le paradis des <strong>Villas<\/strong> au Camping Village Sos Flores, o\u00f9 le luxe rencontre la nature dans la magnifique <strong>Sardaigne<\/strong>. Ces habitations sont con\u00e7ues pour offrir le maximum de confort et d\u2019\u00e9l\u00e9gance, id\u00e9ales pour ceux qui recherchent un s\u00e9jour sp\u00e9cial, dans un cadre m\u00e9diterran\u00e9en d\u2019exception. Avec une capacit\u00e9 d&rsquo;accueil allant jusqu&rsquo;\u00e0 six adultes, ce type d\u2019h\u00e9bergement est la solution parfaite pour les familles ou les groupes souhaitant vivre une exp\u00e9rience de vacances unique.<\/p>\n<p>Nos villas, soign\u00e9es dans les moindres d\u00e9tails, disposent toutes d\u2019une chambre double accueillante et d\u2019une seconde chambre pouvant accueillir un, deux ou trois lits, selon la configuration. La villa de plus grande capacit\u00e9 comprend \u00e9galement une troisi\u00e8me chambre \u00e9quip\u00e9e d\u2019un lit superpos\u00e9. La cuisine, enti\u00e8rement \u00e9quip\u00e9e avec des appareils modernes, s&rsquo;ouvre sur un espace de vie lumineux, cr\u00e9ant une atmosph\u00e8re chaleureuse et invitante. La salle de bain priv\u00e9e est dot\u00e9e d&rsquo;une douche chaude, offrant un niveau suppl\u00e9mentaire de confort et de commodit\u00e9.<\/p>\n<p>La v\u00e9randa ext\u00e9rieure, l&rsquo;un des points forts des Villas, est l&rsquo;endroit id\u00e9al pour se d\u00e9tendre, prendre ses repas en plein air ou simplement profiter du climat doux de la Sardaigne. \u00c9quip\u00e9e de table, chaises et chaises longues, cette zone ext\u00e9rieure agrandit l&rsquo;espace de vie, permettant aux h\u00f4tes de profiter pleinement de l&rsquo;environnement naturel environnant.<\/p>\n<p>Situ\u00e9es dans la zone la plus tranquille du <strong>Camping Village Sos Flores<\/strong>, les villas offrent un refuge serein, \u00e0 seulement 300 m\u00e8tres de la plage cristalline de Sardaigne. La proximit\u00e9 de la mer permet de profiter des journ\u00e9es ensoleill\u00e9es sur la plage, de faire de longues promenades sur le sable dor\u00e9 et d&rsquo;explorer la riche biodiversit\u00e9 marine de l&rsquo;\u00eele.<\/p>\n<p>Notre engagement est d&rsquo;offrir une exp\u00e9rience de s\u00e9jour inoubliable. Chaque Ville, avec sa combinaison unique d&rsquo;\u00e9l\u00e9gance, de fonctionnalit\u00e9 et d&rsquo;attention aux d\u00e9tails, est con\u00e7ue pour r\u00e9pondre aux besoins de ceux qui recherchent une villa de vacances en Sardaigne. La qualit\u00e9 des services, l&rsquo;environnement accueillant et le cadre naturel font de nos Villas le choix id\u00e9al pour des vacances plac\u00e9es sous le signe de la d\u00e9tente et du luxe.<\/p>\n<p>Le Camping Village Sos Flores, avec ses Villas, repr\u00e9sente l&rsquo;une des meilleures options pour ceux qui souhaitent une exp\u00e9rience de vacances exclusive en Sardaigne. Que vous souhaitiez vous d\u00e9tendre dans la tranquillit\u00e9 de votre h\u00e9bergement ou explorer les beaut\u00e9s naturelles et culturelles de l&rsquo;\u00eele, nos Villas offrent le point de d\u00e9part id\u00e9al. Nous vous invitons \u00e0 d\u00e9couvrir la magie d&rsquo;un s\u00e9jour dans l&rsquo;une de nos Villas, o\u00f9 chaque d\u00e9tail est pens\u00e9 pour garantir un s\u00e9jour de r\u00eave dans la splendide \u00eele de Sardaigne.[\/vc_column_text][vc_empty_space][\/vc_column][\/vc_row][vc_row][vc_column width=\u00a0\u00bb1\/3&Prime;]<div class=\" ubtn-ctn-center \"><a class=\"ubtn-link ult-adjust-bottom-margin ubtn-center ubtn-custom \" href=\"http:\/\/campingsosflores.com\/fr\/contatti\/\" ><button type=\"button\" id=\"ubtn-6844\"  class=\"ubtn ult-adjust-bottom-margin ult-responsive ubtn-custom ubtn-fade-bg  none  ubtn-center   tooltip-69f4a9a6dccfe\"  data-hover=\"#006aff\" data-border-color=\"#006aff\" data-bg=\"#006aff\" data-hover-bg=\"#ffffff\" data-border-hover=\"#006aff\" data-shadow-hover=\"\" data-shadow-click=\"none\" data-shadow=\"\" data-shd-shadow=\"\"  data-ultimate-target='#ubtn-6844'  data-responsive-json-new='{\"font-size\":\"desktop:18px;\",\"line-height\":\"\"}'  style=\"font-weight:bold;width:250px;min-height:50px;padding:px px;border-radius:25px;border-width:3px;border-color:#006aff;border-style:solid;background: #006aff;color: #ffffff;\"><span class=\"ubtn-hover\" style=\"background-color:#ffffff\"><\/span><span class=\"ubtn-data ubtn-text \" >Contactez-nous<\/span><\/button><\/a><\/div>[\/vc_column][vc_column width=\u00a0\u00bb1\/3&Prime;]<div class=\" ubtn-ctn-center \"><a class=\"ubtn-link ult-adjust-bottom-margin ubtn-center ubtn-custom \" href=\"https:\/\/be.bookingexpert.it\/book\/home\/single?layout=14500&lang=fr&currency=EUR&nsid=7cf5dee1-c1ee-4f6d-aead-c30b6c53c290\" ><button type=\"button\" id=\"ubtn-1502\"  class=\"ubtn ult-adjust-bottom-margin ult-responsive ubtn-custom ubtn-fade-bg  none  ubtn-center   tooltip-69f4a9a6dcd69\"  data-hover=\"#006aff\" data-border-color=\"#006aff\" data-bg=\"#006aff\" data-hover-bg=\"#ffffff\" data-border-hover=\"#006aff\" data-shadow-hover=\"\" data-shadow-click=\"none\" data-shadow=\"\" data-shd-shadow=\"\"  data-ultimate-target='#ubtn-1502'  data-responsive-json-new='{\"font-size\":\"desktop:18px;\",\"line-height\":\"\"}'  style=\"font-weight:bold;width:250px;min-height:50px;padding:px px;border-radius:25px;border-width:3px;border-color:#006aff;border-style:solid;background: #006aff;color: #ffffff;\"><span class=\"ubtn-hover\" style=\"background-color:#ffffff\"><\/span><span class=\"ubtn-data ubtn-text \" >R\u00e9servez d\u00e8s maintenant<\/span><\/button><\/a><\/div>[\/vc_column][vc_column width=\u00a0\u00bb1\/3&Prime;][vc_column_text]<\/p>\n<p style=\"text-align: center;\"><div class='w3eden'><!-- WPDM Link Template: Default Template -->\n\n<div class=\"link-template-default card mb-2\">\n    <div class=\"card-body\">\n        <div class=\"media\">\n            <div class=\"mr-3 img-48\"><img decoding=\"async\" class=\"wpdm_icon\" alt=\"Ic\u00f4ne\"   src=\"https:\/\/www.campingsosflores.com\/wp-content\/plugins\/download-manager\/assets\/file-type-icons\/pdf.svg\" \/><\/div>\n            <div class=\"media-body\">\n                <h3 class=\"package-title\"><a href='https:\/\/www.campingsosflores.com\/fr\/download\/equipement-de-votre-hebergement\/'>\u00c9quipement<\/a><\/h3>\n                <div class=\"text-muted text-small\"><i class=\"fas fa-copy\"><\/i> 1 fichier\u00b7s <i class=\"fas fa-hdd ml-3\"><\/i> 273 KB<\/div>\n            <\/div>\n            <div class=\"ml-3\">\n                <a class='wpdm-download-link download-on-click btn btn-primary ' rel='nofollow' href='#' data-downloadurl=\"https:\/\/www.campingsosflores.com\/fr\/download\/equipement-de-votre-hebergement\/?wpdmdl=4613&refresh=69f4a9a6de2461777641894\">T\u00e9l\u00e9charger<\/a>\n            <\/div>\n        <\/div>\n    <\/div>\n<\/div>\n\n<\/div>\n<p>[\/vc_column_text][\/vc_column][\/vc_row][vc_row][vc_column][vc_empty_space][rev_slider_vc alias=\u00a0\u00bbvilletta\u00a0\u00bb][\/vc_column][\/vc_row]<\/p>\n<\/div>","protected":false},"excerpt":{"rendered":"<p>[vc_row type=\u00a0\u00bbvc_default\u00a0\u00bb][vc_column][vc_empty_space height=\u00a0\u00bb12px\u00a0\u00bb][vc_column_text] Exp\u00e9rience de luxe dans les Villas du Camping Village Sos Flores, en Sardaigne D\u00e9couvrez le paradis des Villas au Camping Village Sos Flores, o\u00f9 le luxe rencontre la nature dans la magnifique Sardaigne. Ces habitations sont con\u00e7ues pour offrir le maximum de confort et d\u2019\u00e9l\u00e9gance, id\u00e9ales pour ceux qui recherchent un s\u00e9jour&hellip;<\/p>\n","protected":false},"author":1,"featured_media":0,"parent":0,"menu_order":1,"comment_status":"closed","ping_status":"closed","template":"","meta":{"footnotes":""},"class_list":["post-1807","page","type-page","status-publish","hentry","description-off"],"yoast_head":"<!-- This site is optimized with the Yoast SEO plugin v19.13 - https:\/\/yoast.com\/wordpress\/plugins\/seo\/ -->\n<title>Petites villas Vacances en Sardaigne<\/title>\n<meta name=\"description\" content=\"Petites Villas \u00e0 300 mt de la plage dans Tortol\u00ec, id\u00e9ale pour des vacances au bord de la mer de la Sardaigne.\" \/>\n<meta name=\"robots\" content=\"index, follow, max-snippet:-1, max-image-preview:large, max-video-preview:-1\" \/>\n<link rel=\"canonical\" href=\"https:\/\/www.campingsosflores.com\/fr\/petites-villas-sardaigne-mer\/\" \/>\n<meta property=\"og:locale\" content=\"fr_FR\" \/>\n<meta property=\"og:type\" content=\"article\" \/>\n<meta property=\"og:title\" content=\"Petites villas Vacances en Sardaigne\" \/>\n<meta property=\"og:description\" content=\"Petites Villas \u00e0 300 mt de la plage dans Tortol\u00ec, id\u00e9ale pour des vacances au bord de la mer de la Sardaigne.\" \/>\n<meta property=\"og:url\" content=\"https:\/\/www.campingsosflores.com\/fr\/petites-villas-sardaigne-mer\/\" \/>\n<meta property=\"og:site_name\" content=\"Campeggio Villaggio Sos Flores\" \/>\n<meta property=\"article:publisher\" content=\"https:\/\/www.facebook.com\/Campeggio-Villaggio-Sos-Flores-163331700496181\/\" \/>\n<meta property=\"article:modified_time\" content=\"2026-02-06T17:15:10+00:00\" \/>\n<meta name=\"twitter:card\" content=\"summary_large_image\" \/>\n<meta name=\"twitter:label1\" content=\"Dur\u00e9e de lecture estim\u00e9e\" \/>\n\t<meta name=\"twitter:data1\" content=\"3 minutes\" \/>\n<script type=\"application\/ld+json\" class=\"yoast-schema-graph\">{\"@context\":\"https:\/\/schema.org\",\"@graph\":[{\"@type\":\"WebPage\",\"@id\":\"https:\/\/www.campingsosflores.com\/fr\/petites-villas-sardaigne-mer\/\",\"url\":\"https:\/\/www.campingsosflores.com\/fr\/petites-villas-sardaigne-mer\/\",\"name\":\"Petites villas Vacances en Sardaigne\",\"isPartOf\":{\"@id\":\"https:\/\/www.campingsosflores.com\/fr\/#website\"},\"datePublished\":\"2017-05-15T10:02:39+00:00\",\"dateModified\":\"2026-02-06T17:15:10+00:00\",\"description\":\"Petites Villas \u00e0 300 mt de la plage dans Tortol\u00ec, id\u00e9ale pour des vacances au bord de la mer de la Sardaigne.\",\"breadcrumb\":{\"@id\":\"https:\/\/www.campingsosflores.com\/fr\/petites-villas-sardaigne-mer\/#breadcrumb\"},\"inLanguage\":\"fr-FR\",\"potentialAction\":[{\"@type\":\"ReadAction\",\"target\":[\"https:\/\/www.campingsosflores.com\/fr\/petites-villas-sardaigne-mer\/\"]}]},{\"@type\":\"BreadcrumbList\",\"@id\":\"https:\/\/www.campingsosflores.com\/fr\/petites-villas-sardaigne-mer\/#breadcrumb\",\"itemListElement\":[{\"@type\":\"ListItem\",\"position\":1,\"name\":\"Home\",\"item\":\"https:\/\/www.campingsosflores.com\/fr\/\"},{\"@type\":\"ListItem\",\"position\":2,\"name\":\"Villas\"}]},{\"@type\":\"WebSite\",\"@id\":\"https:\/\/www.campingsosflores.com\/fr\/#website\",\"url\":\"https:\/\/www.campingsosflores.com\/fr\/\",\"name\":\"Campeggio Villaggio Sos Flores\",\"description\":\"Campeggio Villaggio in Sardegna sul Mare\",\"potentialAction\":[{\"@type\":\"SearchAction\",\"target\":{\"@type\":\"EntryPoint\",\"urlTemplate\":\"https:\/\/www.campingsosflores.com\/fr\/?s={search_term_string}\"},\"query-input\":\"required name=search_term_string\"}],\"inLanguage\":\"fr-FR\"}]}<\/script>\n<!-- \/ Yoast SEO plugin. -->","yoast_head_json":{"title":"Petites villas Vacances en Sardaigne","description":"Petites Villas \u00e0 300 mt de la plage dans Tortol\u00ec, id\u00e9ale pour des vacances au bord de la mer de la Sardaigne.","robots":{"index":"index","follow":"follow","max-snippet":"max-snippet:-1","max-image-preview":"max-image-preview:large","max-video-preview":"max-video-preview:-1"},"canonical":"https:\/\/www.campingsosflores.com\/fr\/petites-villas-sardaigne-mer\/","og_locale":"fr_FR","og_type":"article","og_title":"Petites villas Vacances en Sardaigne","og_description":"Petites Villas \u00e0 300 mt de la plage dans Tortol\u00ec, id\u00e9ale pour des vacances au bord de la mer de la Sardaigne.","og_url":"https:\/\/www.campingsosflores.com\/fr\/petites-villas-sardaigne-mer\/","og_site_name":"Campeggio Villaggio Sos Flores","article_publisher":"https:\/\/www.facebook.com\/Campeggio-Villaggio-Sos-Flores-163331700496181\/","article_modified_time":"2026-02-06T17:15:10+00:00","twitter_card":"summary_large_image","twitter_misc":{"Dur\u00e9e de lecture estim\u00e9e":"3 minutes"},"schema":{"@context":"https:\/\/schema.org","@graph":[{"@type":"WebPage","@id":"https:\/\/www.campingsosflores.com\/fr\/petites-villas-sardaigne-mer\/","url":"https:\/\/www.campingsosflores.com\/fr\/petites-villas-sardaigne-mer\/","name":"Petites villas Vacances en Sardaigne","isPartOf":{"@id":"https:\/\/www.campingsosflores.com\/fr\/#website"},"datePublished":"2017-05-15T10:02:39+00:00","dateModified":"2026-02-06T17:15:10+00:00","description":"Petites Villas \u00e0 300 mt de la plage dans Tortol\u00ec, id\u00e9ale pour des vacances au bord de la mer de la Sardaigne.","breadcrumb":{"@id":"https:\/\/www.campingsosflores.com\/fr\/petites-villas-sardaigne-mer\/#breadcrumb"},"inLanguage":"fr-FR","potentialAction":[{"@type":"ReadAction","target":["https:\/\/www.campingsosflores.com\/fr\/petites-villas-sardaigne-mer\/"]}]},{"@type":"BreadcrumbList","@id":"https:\/\/www.campingsosflores.com\/fr\/petites-villas-sardaigne-mer\/#breadcrumb","itemListElement":[{"@type":"ListItem","position":1,"name":"Home","item":"https:\/\/www.campingsosflores.com\/fr\/"},{"@type":"ListItem","position":2,"name":"Villas"}]},{"@type":"WebSite","@id":"https:\/\/www.campingsosflores.com\/fr\/#website","url":"https:\/\/www.campingsosflores.com\/fr\/","name":"Campeggio Villaggio Sos Flores","description":"Campeggio Villaggio in Sardegna sul Mare","potentialAction":[{"@type":"SearchAction","target":{"@type":"EntryPoint","urlTemplate":"https:\/\/www.campingsosflores.com\/fr\/?s={search_term_string}"},"query-input":"required name=search_term_string"}],"inLanguage":"fr-FR"}]}},"_links":{"self":[{"href":"https:\/\/www.campingsosflores.com\/fr\/wp-json\/wp\/v2\/pages\/1807","targetHints":{"allow":["GET"]}}],"collection":[{"href":"https:\/\/www.campingsosflores.com\/fr\/wp-json\/wp\/v2\/pages"}],"about":[{"href":"https:\/\/www.campingsosflores.com\/fr\/wp-json\/wp\/v2\/types\/page"}],"author":[{"embeddable":true,"href":"https:\/\/www.campingsosflores.com\/fr\/wp-json\/wp\/v2\/users\/1"}],"replies":[{"embeddable":true,"href":"https:\/\/www.campingsosflores.com\/fr\/wp-json\/wp\/v2\/comments?post=1807"}],"version-history":[{"count":19,"href":"https:\/\/www.campingsosflores.com\/fr\/wp-json\/wp\/v2\/pages\/1807\/revisions"}],"predecessor-version":[{"id":10236,"href":"https:\/\/www.campingsosflores.com\/fr\/wp-json\/wp\/v2\/pages\/1807\/revisions\/10236"}],"wp:attachment":[{"href":"https:\/\/www.campingsosflores.com\/fr\/wp-json\/wp\/v2\/media?parent=1807"}],"curies":[{"name":"wp","href":"https:\/\/api.w.org\/{rel}","templated":true}]}}