{"id":1749,"date":"2017-05-12T15:45:07","date_gmt":"2017-05-12T14:45:07","guid":{"rendered":"http:\/\/www.campingsosflores.com\/fr\/?page_id=1749"},"modified":"2024-05-20T09:15:24","modified_gmt":"2024-05-20T08:15:24","slug":"plage-tortoli","status":"publish","type":"page","link":"https:\/\/www.campingsosflores.com\/fr\/plage-tortoli\/","title":{"rendered":"Plage"},"content":{"rendered":"<div class=\"wpb-content-wrapper\"><p>[vc_row][vc_column]<div id=\"ultimate-heading-272869f4a9b40a139\" class=\"uvc-heading ult-adjust-bottom-margin ultimate-heading-272869f4a9b40a139 uvc-7096 \" data-hspacer=\"no_spacer\"  data-halign=\"center\" style=\"text-align:center\"><div class=\"uvc-heading-spacer no_spacer\" style=\"top\"><\/div><div class=\"uvc-main-heading ult-responsive\"  data-ultimate-target='.uvc-heading.ultimate-heading-272869f4a9b40a139 h2'  data-responsive-json-new='{\"font-size\":\"desktop:32px;\",\"line-height\":\"\"}' ><h2 style=\"--font-weight:theme;\">Camping avec acc\u00e8s direct \u00e0 la plage<\/h2><\/div><\/div>[vc_empty_space][\/vc_column][\/vc_row][vc_row][vc_column][vc_separator color=\u00a0\u00bbcustom\u00a0\u00bb border_width=\u00a0\u00bb2&Prime; accent_color=\u00a0\u00bb#348bfe\u00a0\u00bb][vc_empty_space][vc_column_text]<\/p>\n<h2>Explorez la Plage de San Gemiliano et les Merveilles C\u00f4ti\u00e8res de l&rsquo;Ogliastra<\/h2>\n<p>La plage de San Gemiliano, joyau du Camping Village Sos Flores, offre un paysage c\u00f4tier incroyable avec son sable dor\u00e9 et ses eaux transparentes et cristallines. Cette magnifique plage, qui s&rsquo;\u00e9tend le long de la majeure partie du camping, permet d&rsquo;admirer la tour sarrasine historique qui domine la baie. Un atout suppl\u00e9mentaire est la distance des acc\u00e8s publics de la plage adjacente au camping, garantissant espace, tranquillit\u00e9 et d\u00e9tente \u00e0 ses h\u00f4tes m\u00eame en haute saison, un v\u00e9ritable luxe en Sardaigne.<\/p>\n<p>Pour un maximum de confort, nos clients ont la possibilit\u00e9 de louer des parasols et des chaises longues directement sur la plage et de profiter pleinement des chaudes journ\u00e9es d&rsquo;\u00e9t\u00e9.<\/p>\n<h2>D\u00e9couvrez les Merveilles Naturelles de l&rsquo;Ogliastra<\/h2>\n<p>Outre San Gemiliano, l&rsquo;Ogliastra offre un vaste choix de magnifiques plages, criques et baies, immerg\u00e9es dans des pin\u00e8des luxuriantes et une v\u00e9g\u00e9tation m\u00e9diterran\u00e9enne abondante, toutes facilement accessibles en quelques minutes de voiture depuis le Camping Village Sos Flores.<\/p>\n<p>Parmi toutes, la Baie de Porto Frailis se distingue, une oasis de paix au c\u0153ur de Tortol\u00ec, c\u00e9l\u00e8bre pour son sable fin et la couleur de ses eaux. La particularit\u00e9 de son fond peu profond en fait une plage id\u00e9ale pour les enfants et elle est tr\u00e8s pris\u00e9e des familles de touristes et des locaux. La falaise voisine de San Gemiliano, avec sa tour sarrasine et ses douces criques, est consid\u00e9r\u00e9e comme un refuge id\u00e9al pour ceux qui recherchent un coin de paix durant la haute saison estivale.<\/p>\n<p>Parmi les destinations c\u00f4ti\u00e8res les plus c\u00e9l\u00e8bres de Sardaigne, le Lido di Orr\u00ec est consid\u00e9r\u00e9 comme la plus belle plage de Tortol\u00ec. Son sable blanc fin et son eau cristalline en font une plage parfaite pour les adultes et les enfants, un v\u00e9ritable joyau de l&rsquo;\u00eele.<\/p>\n<p>Le Golfetto, un autre coin de paradis immerg\u00e9 dans la nature la plus authentique, \u00e9tonne \u00e0 chaque visite. Un petit golfe intact caract\u00e9ris\u00e9 par des eaux limpides et un fond peu profond o\u00f9 les enfants s&rsquo;amusent \u00e0 observer des petits poissons rapides.<\/p>\n<p>La plage de Cea, c\u00e9l\u00e8bre pour ses pittoresques stacks de porphyre rouge immerg\u00e9s dans la mer, enchante tout le monde par sa beaut\u00e9 extraordinaire et compl\u00e8te l&rsquo;offre de plages paradisiaques \u00e0 visiter pr\u00e8s du Camping Village Sos Flores[\/vc_column_text][vc_empty_space][vc_separator color=\u00a0\u00bbcustom\u00a0\u00bb border_width=\u00a0\u00bb2&Prime; accent_color=\u00a0\u00bb#348bfe\u00a0\u00bb][\/vc_column][\/vc_row][vc_row][vc_column][rev_slider_vc alias=\u00a0\u00bbspiagge\u00a0\u00bb][\/vc_column][\/vc_row]<\/p>\n<\/div>","protected":false},"excerpt":{"rendered":"<p>[vc_row][vc_column][vc_empty_space][\/vc_column][\/vc_row][vc_row][vc_column][vc_separator color=\u00a0\u00bbcustom\u00a0\u00bb border_width=\u00a0\u00bb2&Prime; accent_color=\u00a0\u00bb#348bfe\u00a0\u00bb][vc_empty_space][vc_column_text] Explorez la Plage de San Gemiliano et les Merveilles C\u00f4ti\u00e8res de l&rsquo;Ogliastra La plage de San Gemiliano, joyau du Camping Village Sos Flores, offre un paysage c\u00f4tier incroyable avec son sable dor\u00e9 et ses eaux transparentes et cristallines. Cette magnifique plage, qui s&rsquo;\u00e9tend le long de la majeure partie du camping,&hellip;<\/p>\n","protected":false},"author":1,"featured_media":0,"parent":0,"menu_order":1,"comment_status":"closed","ping_status":"closed","template":"","meta":{"footnotes":""},"class_list":["post-1749","page","type-page","status-publish","hentry","description-off"],"yoast_head":"<!-- This site is optimized with the Yoast SEO plugin v19.13 - https:\/\/yoast.com\/wordpress\/plugins\/seo\/ -->\n<title>Plage de San Gemiliano in Tortoli | Camping Village Sos Flores<\/title>\n<meta name=\"description\" content=\"Le Camping Village Sos Flores se trouve directement au bord de la mer cristalline de la Sardaigne et sur la plage de San Gemiliano \u00e0 Tortol\u00ec.\" \/>\n<meta name=\"robots\" content=\"index, follow, max-snippet:-1, max-image-preview:large, max-video-preview:-1\" \/>\n<link rel=\"canonical\" href=\"https:\/\/www.campingsosflores.com\/fr\/plage-tortoli\/\" \/>\n<meta property=\"og:locale\" content=\"fr_FR\" \/>\n<meta property=\"og:type\" content=\"article\" \/>\n<meta property=\"og:title\" content=\"Plage de San Gemiliano in Tortoli | Camping Village Sos Flores\" \/>\n<meta property=\"og:description\" content=\"Le Camping Village Sos Flores se trouve directement au bord de la mer cristalline de la Sardaigne et sur la plage de San Gemiliano \u00e0 Tortol\u00ec.\" \/>\n<meta property=\"og:url\" content=\"https:\/\/www.campingsosflores.com\/fr\/plage-tortoli\/\" \/>\n<meta property=\"og:site_name\" content=\"Campeggio Villaggio Sos Flores\" \/>\n<meta property=\"article:publisher\" content=\"https:\/\/www.facebook.com\/Campeggio-Villaggio-Sos-Flores-163331700496181\/\" \/>\n<meta property=\"article:modified_time\" content=\"2024-05-20T08:15:24+00:00\" \/>\n<meta name=\"twitter:card\" content=\"summary_large_image\" \/>\n<meta name=\"twitter:label1\" content=\"Dur\u00e9e de lecture estim\u00e9e\" \/>\n\t<meta name=\"twitter:data1\" content=\"3 minutes\" \/>\n<script type=\"application\/ld+json\" class=\"yoast-schema-graph\">{\"@context\":\"https:\/\/schema.org\",\"@graph\":[{\"@type\":\"WebPage\",\"@id\":\"https:\/\/www.campingsosflores.com\/fr\/plage-tortoli\/\",\"url\":\"https:\/\/www.campingsosflores.com\/fr\/plage-tortoli\/\",\"name\":\"Plage de San Gemiliano in Tortoli | Camping Village Sos Flores\",\"isPartOf\":{\"@id\":\"https:\/\/www.campingsosflores.com\/fr\/#website\"},\"datePublished\":\"2017-05-12T14:45:07+00:00\",\"dateModified\":\"2024-05-20T08:15:24+00:00\",\"description\":\"Le Camping Village Sos Flores se trouve directement au bord de la mer cristalline de la Sardaigne et sur la plage de San Gemiliano \u00e0 Tortol\u00ec.\",\"breadcrumb\":{\"@id\":\"https:\/\/www.campingsosflores.com\/fr\/plage-tortoli\/#breadcrumb\"},\"inLanguage\":\"fr-FR\",\"potentialAction\":[{\"@type\":\"ReadAction\",\"target\":[\"https:\/\/www.campingsosflores.com\/fr\/plage-tortoli\/\"]}]},{\"@type\":\"BreadcrumbList\",\"@id\":\"https:\/\/www.campingsosflores.com\/fr\/plage-tortoli\/#breadcrumb\",\"itemListElement\":[{\"@type\":\"ListItem\",\"position\":1,\"name\":\"Home\",\"item\":\"https:\/\/www.campingsosflores.com\/fr\/\"},{\"@type\":\"ListItem\",\"position\":2,\"name\":\"Plage\"}]},{\"@type\":\"WebSite\",\"@id\":\"https:\/\/www.campingsosflores.com\/fr\/#website\",\"url\":\"https:\/\/www.campingsosflores.com\/fr\/\",\"name\":\"Campeggio Villaggio Sos Flores\",\"description\":\"Campeggio Villaggio in Sardegna sul Mare\",\"potentialAction\":[{\"@type\":\"SearchAction\",\"target\":{\"@type\":\"EntryPoint\",\"urlTemplate\":\"https:\/\/www.campingsosflores.com\/fr\/?s={search_term_string}\"},\"query-input\":\"required name=search_term_string\"}],\"inLanguage\":\"fr-FR\"}]}<\/script>\n<!-- \/ Yoast SEO plugin. -->","yoast_head_json":{"title":"Plage de San Gemiliano in Tortoli | Camping Village Sos Flores","description":"Le Camping Village Sos Flores se trouve directement au bord de la mer cristalline de la Sardaigne et sur la plage de San Gemiliano \u00e0 Tortol\u00ec.","robots":{"index":"index","follow":"follow","max-snippet":"max-snippet:-1","max-image-preview":"max-image-preview:large","max-video-preview":"max-video-preview:-1"},"canonical":"https:\/\/www.campingsosflores.com\/fr\/plage-tortoli\/","og_locale":"fr_FR","og_type":"article","og_title":"Plage de San Gemiliano in Tortoli | Camping Village Sos Flores","og_description":"Le Camping Village Sos Flores se trouve directement au bord de la mer cristalline de la Sardaigne et sur la plage de San Gemiliano \u00e0 Tortol\u00ec.","og_url":"https:\/\/www.campingsosflores.com\/fr\/plage-tortoli\/","og_site_name":"Campeggio Villaggio Sos Flores","article_publisher":"https:\/\/www.facebook.com\/Campeggio-Villaggio-Sos-Flores-163331700496181\/","article_modified_time":"2024-05-20T08:15:24+00:00","twitter_card":"summary_large_image","twitter_misc":{"Dur\u00e9e de lecture estim\u00e9e":"3 minutes"},"schema":{"@context":"https:\/\/schema.org","@graph":[{"@type":"WebPage","@id":"https:\/\/www.campingsosflores.com\/fr\/plage-tortoli\/","url":"https:\/\/www.campingsosflores.com\/fr\/plage-tortoli\/","name":"Plage de San Gemiliano in Tortoli | Camping Village Sos Flores","isPartOf":{"@id":"https:\/\/www.campingsosflores.com\/fr\/#website"},"datePublished":"2017-05-12T14:45:07+00:00","dateModified":"2024-05-20T08:15:24+00:00","description":"Le Camping Village Sos Flores se trouve directement au bord de la mer cristalline de la Sardaigne et sur la plage de San Gemiliano \u00e0 Tortol\u00ec.","breadcrumb":{"@id":"https:\/\/www.campingsosflores.com\/fr\/plage-tortoli\/#breadcrumb"},"inLanguage":"fr-FR","potentialAction":[{"@type":"ReadAction","target":["https:\/\/www.campingsosflores.com\/fr\/plage-tortoli\/"]}]},{"@type":"BreadcrumbList","@id":"https:\/\/www.campingsosflores.com\/fr\/plage-tortoli\/#breadcrumb","itemListElement":[{"@type":"ListItem","position":1,"name":"Home","item":"https:\/\/www.campingsosflores.com\/fr\/"},{"@type":"ListItem","position":2,"name":"Plage"}]},{"@type":"WebSite","@id":"https:\/\/www.campingsosflores.com\/fr\/#website","url":"https:\/\/www.campingsosflores.com\/fr\/","name":"Campeggio Villaggio Sos Flores","description":"Campeggio Villaggio in Sardegna sul Mare","potentialAction":[{"@type":"SearchAction","target":{"@type":"EntryPoint","urlTemplate":"https:\/\/www.campingsosflores.com\/fr\/?s={search_term_string}"},"query-input":"required name=search_term_string"}],"inLanguage":"fr-FR"}]}},"_links":{"self":[{"href":"https:\/\/www.campingsosflores.com\/fr\/wp-json\/wp\/v2\/pages\/1749","targetHints":{"allow":["GET"]}}],"collection":[{"href":"https:\/\/www.campingsosflores.com\/fr\/wp-json\/wp\/v2\/pages"}],"about":[{"href":"https:\/\/www.campingsosflores.com\/fr\/wp-json\/wp\/v2\/types\/page"}],"author":[{"embeddable":true,"href":"https:\/\/www.campingsosflores.com\/fr\/wp-json\/wp\/v2\/users\/1"}],"replies":[{"embeddable":true,"href":"https:\/\/www.campingsosflores.com\/fr\/wp-json\/wp\/v2\/comments?post=1749"}],"version-history":[{"count":5,"href":"https:\/\/www.campingsosflores.com\/fr\/wp-json\/wp\/v2\/pages\/1749\/revisions"}],"predecessor-version":[{"id":9232,"href":"https:\/\/www.campingsosflores.com\/fr\/wp-json\/wp\/v2\/pages\/1749\/revisions\/9232"}],"wp:attachment":[{"href":"https:\/\/www.campingsosflores.com\/fr\/wp-json\/wp\/v2\/media?parent=1749"}],"curies":[{"name":"wp","href":"https:\/\/api.w.org\/{rel}","templated":true}]}}