{"id":1731,"date":"2017-05-12T15:31:37","date_gmt":"2017-05-12T14:31:37","guid":{"rendered":"http:\/\/www.campingsosflores.com\/fr\/?page_id=1731"},"modified":"2026-02-24T17:59:20","modified_gmt":"2026-02-24T16:59:20","slug":"restaurant-village-tortoli","status":"publish","type":"page","link":"https:\/\/www.campingsosflores.com\/fr\/restaurant-village-tortoli\/","title":{"rendered":"Restauration"},"content":{"rendered":"<div class=\"wpb-content-wrapper\"><p>[vc_row][vc_column][vc_empty_space][\/vc_column][\/vc_row][vc_row][vc_column][vc_separator color=\u00a0\u00bbcustom\u00a0\u00bb border_width=\u00a0\u00bb2&Prime; accent_color=\u00a0\u00bb#348bfe\u00a0\u00bb][vc_empty_space][vc_column_text]<\/p>\n<h2>Restaurant et pizzeria<\/h2>\n<div class=\"section\">\n<p>Savourez la cuisine traditionnelle sarde et ogliastrine et le parfum d\u2019une pizza croustillante cuite au feu de bois au restaurant du Camping Village Sos Flores, au c\u0153ur de l\u2019Ogliastra.<\/p>\n<p>Ouvert pour le d\u00e9jeuner et le d\u00eener pendant toute la saison estivale, le restaurant vous accueille dans une grande salle int\u00e9rieure ainsi que dans une nouvelle v\u00e9randa ext\u00e9rieure, id\u00e9ale pour profiter d\u2019une atmosph\u00e8re d\u00e9tendue et familiale. La pizzeria au feu de bois est ouverte chaque soir \u00e0 partir de 19h et propose des p\u00e2tes l\u00e9g\u00e8res garnies d\u2019ingr\u00e9dients soigneusement s\u00e9lectionn\u00e9s.<\/p>\n<p>Notre cuisine met \u00e0 l\u2019honneur des produits frais et locaux : l\u00e9gumes de saison, viandes s\u00e9lectionn\u00e9es et poisson de la r\u00e9gion. La carte associe sp\u00e9cialit\u00e9s sardes et grands classiques italiens, pour offrir des saveurs authentiques et vari\u00e9es.<\/p>\n<h2>Caf\u00e9-snack face \u00e0 la mer<\/h2>\n<p>Ouvert du matin au soir, notre caf\u00e9-snack face \u00e0 la mer est l\u2019endroit id\u00e9al pour un petit-d\u00e9jeuner, un d\u00e9jeuner l\u00e9ger ou un ap\u00e9ritif en profitant de la vue sur les plages et la nature environnante.<\/p>\n<\/div>\n<p>[\/vc_column_text][vc_empty_space][vc_separator color=\u00a0\u00bbcustom\u00a0\u00bb border_width=\u00a0\u00bb2&Prime; accent_color=\u00a0\u00bb#348bfe\u00a0\u00bb][\/vc_column][\/vc_row]<\/p>\n<\/div>","protected":false},"excerpt":{"rendered":"<p>[vc_row][vc_column][vc_empty_space][\/vc_column][\/vc_row][vc_row][vc_column][vc_separator color=\u00a0\u00bbcustom\u00a0\u00bb border_width=\u00a0\u00bb2&Prime; accent_color=\u00a0\u00bb#348bfe\u00a0\u00bb][vc_empty_space][vc_column_text] Restaurant et pizzeria Savourez la cuisine traditionnelle sarde et ogliastrine et le parfum d\u2019une pizza croustillante cuite au feu de bois au restaurant du Camping Village Sos Flores, au c\u0153ur de l\u2019Ogliastra. Ouvert pour le d\u00e9jeuner et le d\u00eener pendant toute la saison estivale, le restaurant vous accueille dans une grande&hellip;<\/p>\n","protected":false},"author":1,"featured_media":0,"parent":0,"menu_order":1,"comment_status":"closed","ping_status":"closed","template":"","meta":{"footnotes":""},"class_list":["post-1731","page","type-page","status-publish","hentry","description-off"],"yoast_head":"<!-- This site is optimized with the Yoast SEO plugin v19.13 - https:\/\/yoast.com\/wordpress\/plugins\/seo\/ -->\n<title>Camping Village Restaurant Tortol\u00ec, plats typiques Sardaigne, Pizza<\/title>\n<meta name=\"description\" content=\"Pizza, plats typiques de la cuisine sarde et de la tradition de l&#039;Ogliastra : Le restaurant du camping village Sos Flores vous attend \u00e0 Tortol\u00ec en Sardaigne.\" \/>\n<meta name=\"robots\" content=\"index, follow, max-snippet:-1, max-image-preview:large, max-video-preview:-1\" \/>\n<link rel=\"canonical\" href=\"https:\/\/www.campingsosflores.com\/fr\/restaurant-village-tortoli\/\" \/>\n<meta property=\"og:locale\" content=\"fr_FR\" \/>\n<meta property=\"og:type\" content=\"article\" \/>\n<meta property=\"og:title\" content=\"Camping Village Restaurant Tortol\u00ec, plats typiques Sardaigne, Pizza\" \/>\n<meta property=\"og:description\" content=\"Pizza, plats typiques de la cuisine sarde et de la tradition de l&#039;Ogliastra : Le restaurant du camping village Sos Flores vous attend \u00e0 Tortol\u00ec en Sardaigne.\" \/>\n<meta property=\"og:url\" content=\"https:\/\/www.campingsosflores.com\/fr\/restaurant-village-tortoli\/\" \/>\n<meta property=\"og:site_name\" content=\"Campeggio Villaggio Sos Flores\" \/>\n<meta property=\"article:publisher\" content=\"https:\/\/www.facebook.com\/Campeggio-Villaggio-Sos-Flores-163331700496181\/\" \/>\n<meta property=\"article:modified_time\" content=\"2026-02-24T16:59:20+00:00\" \/>\n<meta name=\"twitter:card\" content=\"summary_large_image\" \/>\n<meta name=\"twitter:label1\" content=\"Dur\u00e9e de lecture estim\u00e9e\" \/>\n\t<meta name=\"twitter:data1\" content=\"2 minutes\" \/>\n<script type=\"application\/ld+json\" class=\"yoast-schema-graph\">{\"@context\":\"https:\/\/schema.org\",\"@graph\":[{\"@type\":\"WebPage\",\"@id\":\"https:\/\/www.campingsosflores.com\/fr\/restaurant-village-tortoli\/\",\"url\":\"https:\/\/www.campingsosflores.com\/fr\/restaurant-village-tortoli\/\",\"name\":\"Camping Village Restaurant Tortol\u00ec, plats typiques Sardaigne, Pizza\",\"isPartOf\":{\"@id\":\"https:\/\/www.campingsosflores.com\/fr\/#website\"},\"datePublished\":\"2017-05-12T14:31:37+00:00\",\"dateModified\":\"2026-02-24T16:59:20+00:00\",\"description\":\"Pizza, plats typiques de la cuisine sarde et de la tradition de l'Ogliastra : Le restaurant du camping village Sos Flores vous attend \u00e0 Tortol\u00ec en Sardaigne.\",\"breadcrumb\":{\"@id\":\"https:\/\/www.campingsosflores.com\/fr\/restaurant-village-tortoli\/#breadcrumb\"},\"inLanguage\":\"fr-FR\",\"potentialAction\":[{\"@type\":\"ReadAction\",\"target\":[\"https:\/\/www.campingsosflores.com\/fr\/restaurant-village-tortoli\/\"]}]},{\"@type\":\"BreadcrumbList\",\"@id\":\"https:\/\/www.campingsosflores.com\/fr\/restaurant-village-tortoli\/#breadcrumb\",\"itemListElement\":[{\"@type\":\"ListItem\",\"position\":1,\"name\":\"Home\",\"item\":\"https:\/\/www.campingsosflores.com\/fr\/\"},{\"@type\":\"ListItem\",\"position\":2,\"name\":\"Restauration\"}]},{\"@type\":\"WebSite\",\"@id\":\"https:\/\/www.campingsosflores.com\/fr\/#website\",\"url\":\"https:\/\/www.campingsosflores.com\/fr\/\",\"name\":\"Campeggio Villaggio Sos Flores\",\"description\":\"Campeggio Villaggio in Sardegna sul Mare\",\"potentialAction\":[{\"@type\":\"SearchAction\",\"target\":{\"@type\":\"EntryPoint\",\"urlTemplate\":\"https:\/\/www.campingsosflores.com\/fr\/?s={search_term_string}\"},\"query-input\":\"required name=search_term_string\"}],\"inLanguage\":\"fr-FR\"}]}<\/script>\n<!-- \/ Yoast SEO plugin. -->","yoast_head_json":{"title":"Camping Village Restaurant Tortol\u00ec, plats typiques Sardaigne, Pizza","description":"Pizza, plats typiques de la cuisine sarde et de la tradition de l'Ogliastra : Le restaurant du camping village Sos Flores vous attend \u00e0 Tortol\u00ec en Sardaigne.","robots":{"index":"index","follow":"follow","max-snippet":"max-snippet:-1","max-image-preview":"max-image-preview:large","max-video-preview":"max-video-preview:-1"},"canonical":"https:\/\/www.campingsosflores.com\/fr\/restaurant-village-tortoli\/","og_locale":"fr_FR","og_type":"article","og_title":"Camping Village Restaurant Tortol\u00ec, plats typiques Sardaigne, Pizza","og_description":"Pizza, plats typiques de la cuisine sarde et de la tradition de l'Ogliastra : Le restaurant du camping village Sos Flores vous attend \u00e0 Tortol\u00ec en Sardaigne.","og_url":"https:\/\/www.campingsosflores.com\/fr\/restaurant-village-tortoli\/","og_site_name":"Campeggio Villaggio Sos Flores","article_publisher":"https:\/\/www.facebook.com\/Campeggio-Villaggio-Sos-Flores-163331700496181\/","article_modified_time":"2026-02-24T16:59:20+00:00","twitter_card":"summary_large_image","twitter_misc":{"Dur\u00e9e de lecture estim\u00e9e":"2 minutes"},"schema":{"@context":"https:\/\/schema.org","@graph":[{"@type":"WebPage","@id":"https:\/\/www.campingsosflores.com\/fr\/restaurant-village-tortoli\/","url":"https:\/\/www.campingsosflores.com\/fr\/restaurant-village-tortoli\/","name":"Camping Village Restaurant Tortol\u00ec, plats typiques Sardaigne, Pizza","isPartOf":{"@id":"https:\/\/www.campingsosflores.com\/fr\/#website"},"datePublished":"2017-05-12T14:31:37+00:00","dateModified":"2026-02-24T16:59:20+00:00","description":"Pizza, plats typiques de la cuisine sarde et de la tradition de l'Ogliastra : Le restaurant du camping village Sos Flores vous attend \u00e0 Tortol\u00ec en Sardaigne.","breadcrumb":{"@id":"https:\/\/www.campingsosflores.com\/fr\/restaurant-village-tortoli\/#breadcrumb"},"inLanguage":"fr-FR","potentialAction":[{"@type":"ReadAction","target":["https:\/\/www.campingsosflores.com\/fr\/restaurant-village-tortoli\/"]}]},{"@type":"BreadcrumbList","@id":"https:\/\/www.campingsosflores.com\/fr\/restaurant-village-tortoli\/#breadcrumb","itemListElement":[{"@type":"ListItem","position":1,"name":"Home","item":"https:\/\/www.campingsosflores.com\/fr\/"},{"@type":"ListItem","position":2,"name":"Restauration"}]},{"@type":"WebSite","@id":"https:\/\/www.campingsosflores.com\/fr\/#website","url":"https:\/\/www.campingsosflores.com\/fr\/","name":"Campeggio Villaggio Sos Flores","description":"Campeggio Villaggio in Sardegna sul Mare","potentialAction":[{"@type":"SearchAction","target":{"@type":"EntryPoint","urlTemplate":"https:\/\/www.campingsosflores.com\/fr\/?s={search_term_string}"},"query-input":"required name=search_term_string"}],"inLanguage":"fr-FR"}]}},"_links":{"self":[{"href":"https:\/\/www.campingsosflores.com\/fr\/wp-json\/wp\/v2\/pages\/1731","targetHints":{"allow":["GET"]}}],"collection":[{"href":"https:\/\/www.campingsosflores.com\/fr\/wp-json\/wp\/v2\/pages"}],"about":[{"href":"https:\/\/www.campingsosflores.com\/fr\/wp-json\/wp\/v2\/types\/page"}],"author":[{"embeddable":true,"href":"https:\/\/www.campingsosflores.com\/fr\/wp-json\/wp\/v2\/users\/1"}],"replies":[{"embeddable":true,"href":"https:\/\/www.campingsosflores.com\/fr\/wp-json\/wp\/v2\/comments?post=1731"}],"version-history":[{"count":8,"href":"https:\/\/www.campingsosflores.com\/fr\/wp-json\/wp\/v2\/pages\/1731\/revisions"}],"predecessor-version":[{"id":10246,"href":"https:\/\/www.campingsosflores.com\/fr\/wp-json\/wp\/v2\/pages\/1731\/revisions\/10246"}],"wp:attachment":[{"href":"https:\/\/www.campingsosflores.com\/fr\/wp-json\/wp\/v2\/media?parent=1731"}],"curies":[{"name":"wp","href":"https:\/\/api.w.org\/{rel}","templated":true}]}}