{"id":1719,"date":"2017-05-12T15:20:30","date_gmt":"2017-05-12T14:20:30","guid":{"rendered":"http:\/\/www.campingsosflores.com\/fr\/?page_id=1719"},"modified":"2026-02-24T16:52:42","modified_gmt":"2026-02-24T15:52:42","slug":"animation-village-sardaigne","status":"publish","type":"page","link":"https:\/\/www.campingsosflores.com\/fr\/animation-village-sardaigne\/","title":{"rendered":"Divertissements"},"content":{"rendered":"<div class=\"wpb-content-wrapper\"><p>[vc_row][vc_column]<div id=\"ultimate-heading-31969f4a9d92db98\" class=\"uvc-heading ult-adjust-bottom-margin ultimate-heading-31969f4a9d92db98 uvc-4930  uvc-heading-default-font-sizes\" data-hspacer=\"no_spacer\"  data-halign=\"center\" style=\"text-align:center\"><div class=\"uvc-heading-spacer no_spacer\" style=\"top\"><\/div><div class=\"uvc-sub-heading ult-responsive\"  data-ultimate-target='.uvc-heading.ultimate-heading-31969f4a9d92db98 .uvc-sub-heading '  data-responsive-json-new='{\"font-size\":\"\",\"line-height\":\"\"}'  style=\"font-weight:normal;\"><\/p>\n<h2><span style=\"font-size: 24pt;\">Des vacances en Sardaigne avec les enfants<\/span><\/h2>\n<p><\/div><\/div>[vc_empty_space][\/vc_column][\/vc_row][vc_row][vc_column][vc_separator color=\u00a0\u00bbcustom\u00a0\u00bb border_width=\u00a0\u00bb2&Prime; accent_color=\u00a0\u00bb#348bfe\u00a0\u00bb][vc_empty_space][vc_column_text]Le plaisir de divertir et de d\u00e9tendre nos invit\u00e9s est la sp\u00e9cialit\u00e9 de l\u2019\u00e9quipe d\u2019animation du Campeggio Villaggio Sos Flores, o\u00f9 professionnalisme et savoir-faire se combinent pour cr\u00e9er une ambiance dynamique et conviviale. Nos animateurs, soigneusement s\u00e9lectionn\u00e9s pour leurs comp\u00e9tences, proposent chaque jour des activit\u00e9s r\u00e9cr\u00e9atives et \u00e9ducatives vari\u00e9es, allant du jeu au sport, et impliquant aussi bien les adultes que les enfants.<\/p>\n<p>Les enfants d\u00e8s 4 ans sont au c\u0153ur de nos activit\u00e9s d\u2019animation au Mini Club. Une \u00e9quipe passionn\u00e9e veille \u00e0 ce que les plus petits plongent dans un univers de jeux et de divertissement, entour\u00e9s de nouveaux amis. Cet environnement s\u00fbr et stimulant favorise la cr\u00e9ativit\u00e9 et la socialisation, tout en offrant aux parents la tranquillit\u00e9 n\u00e9cessaire pour profiter de moments de d\u00e9tente bien m\u00e9rit\u00e9s.<\/p>\n<p>Mais l\u2019\u00e9nergie et l\u2019enthousiasme de nos animateurs ne s\u2019arr\u00eatent pas aux plus petits. Les adolescents et les adultes trouveront \u00e9galement un large \u00e9ventail d\u2019activit\u00e9s con\u00e7ues pour rendre leur s\u00e9jour unique. Des jeux d\u2019\u00e9quipe aux comp\u00e9titions sportives, des danses collectives aux activit\u00e9s r\u00e9cr\u00e9atives, nos animateurs proposent toujours des moments amusants et palpitants.<\/p>\n<p>Les journ\u00e9es commencent dans la bonne humeur avec des tournois sportifs, des comp\u00e9titions, des jeux d\u2019\u00e9quipe et des danses collectives. \u00c0 la tomb\u00e9e de la nuit, le Campeggio Villaggio Sos Flores s\u2019illumine de sensations dans notre nouveau th\u00e9\u00e2tre d\u00e9di\u00e9 aux spectacles et aux shows, un espace moderne et accueillant o\u00f9 passer des soir\u00e9es inoubliables au rythme de la musique live, du cabaret, des danses et des performances pour toute la famille.<\/p>\n<p>En r\u00e9sum\u00e9, le Campeggio Villaggio Sos Flores est l\u2019endroit id\u00e9al pour partager des moments privil\u00e9gi\u00e9s entre amis et en famille, dans une ambiance extraordinaire et magique, face aux eaux cristallines de la Sardaigne.[\/vc_column_text][vc_empty_space][vc_separator color=\u00a0\u00bbcustom\u00a0\u00bb border_width=\u00a0\u00bb2&Prime; accent_color=\u00a0\u00bb#348bfe\u00a0\u00bb][\/vc_column][\/vc_row][vc_row][vc_column]\n\t\t\t<!-- START Animazione REVOLUTION SLIDER 6.7.38 --><p class=\"rs-p-wp-fix\"><\/p>\n\t\t\t<rs-module-wrap id=\"rev_slider_12_1_wrapper\" data-source=\"gallery\" style=\"visibility:hidden;background:#e2e2e2;padding:0;margin:0px auto;margin-top:0;margin-bottom:0;\">\n\t\t\t\t<rs-module id=\"rev_slider_12_1\" style=\"\" data-version=\"6.7.38\">\n\t\t\t\t\t<rs-slides style=\"overflow: hidden; position: absolute;\">\n\t\t\t\t\t\t<rs-slide style=\"position: absolute;\" data-key=\"rs-105\" data-title=\"Slide\" data-thumb=\"\/\/www.campingsosflores.com\/wp-content\/uploads\/2016\/01\/DSC_4358-100x50.jpg\" data-anim=\"adpr:false;\">\n\t\t\t\t\t\t\t<img decoding=\"async\" src=\"\/\/www.campingsosflores.com\/wp-content\/plugins\/revslider\/sr6\/assets\/assets\/dummy.png\" alt=\"\" title=\"Divertissements\" class=\"rev-slidebg tp-rs-img rs-lazyload\" data-lazyload=\"\/\/www.campingsosflores.com\/wp-content\/uploads\/2016\/01\/DSC_4358.jpg\" data-parallax=\"off\" data-no-retina>\n<!---->\t\t\t\t\t<\/rs-slide>\n\t\t\t\t\t\t<rs-slide style=\"position: absolute;\" data-key=\"rs-106\" data-title=\"Slide\" data-thumb=\"\/\/www.campingsosflores.com\/wp-content\/uploads\/2016\/01\/DSC_2371-100x50.jpg\" data-anim=\"adpr:false;\">\n\t\t\t\t\t\t\t<img decoding=\"async\" src=\"\/\/www.campingsosflores.com\/wp-content\/plugins\/revslider\/sr6\/assets\/assets\/dummy.png\" alt=\"\" title=\"Divertissements\" class=\"rev-slidebg tp-rs-img rs-lazyload\" data-lazyload=\"\/\/www.campingsosflores.com\/wp-content\/uploads\/2016\/01\/DSC_2371.jpg\" data-parallax=\"off\" data-no-retina>\n<!---->\t\t\t\t\t<\/rs-slide>\n\t\t\t\t\t\t<rs-slide style=\"position: absolute;\" data-key=\"rs-107\" data-title=\"Slide\" data-thumb=\"\/\/www.campingsosflores.com\/wp-content\/uploads\/2016\/01\/4032-100x50.jpg\" data-anim=\"adpr:false;\">\n\t\t\t\t\t\t\t<img decoding=\"async\" src=\"\/\/www.campingsosflores.com\/wp-content\/plugins\/revslider\/sr6\/assets\/assets\/dummy.png\" alt=\"\" title=\"Divertissements\" class=\"rev-slidebg tp-rs-img rs-lazyload\" data-lazyload=\"\/\/www.campingsosflores.com\/wp-content\/uploads\/2016\/01\/4032.jpg\" data-parallax=\"off\" data-no-retina>\n<!---->\t\t\t\t\t<\/rs-slide>\n\t\t\t\t\t\t<rs-slide style=\"position: absolute;\" data-key=\"rs-108\" data-title=\"Slide\" data-thumb=\"\/\/www.campingsosflores.com\/wp-content\/uploads\/2016\/01\/DSC_6524-100x50.jpg\" data-anim=\"adpr:false;\">\n\t\t\t\t\t\t\t<img decoding=\"async\" src=\"\/\/www.campingsosflores.com\/wp-content\/plugins\/revslider\/sr6\/assets\/assets\/dummy.png\" alt=\"\" title=\"Divertissements\" class=\"rev-slidebg tp-rs-img rs-lazyload\" data-lazyload=\"\/\/www.campingsosflores.com\/wp-content\/uploads\/2016\/01\/DSC_6524.jpg\" data-parallax=\"off\" data-no-retina>\n<!---->\t\t\t\t\t<\/rs-slide>\n\t\t\t\t\t\t<rs-slide style=\"position: absolute;\" data-key=\"rs-109\" data-title=\"Slide\" data-thumb=\"\/\/www.campingsosflores.com\/wp-content\/uploads\/2016\/01\/DSC_7687-100x50.jpg\" data-anim=\"adpr:false;\">\n\t\t\t\t\t\t\t<img decoding=\"async\" src=\"\/\/www.campingsosflores.com\/wp-content\/plugins\/revslider\/sr6\/assets\/assets\/dummy.png\" alt=\"\" title=\"Divertissements\" class=\"rev-slidebg tp-rs-img rs-lazyload\" data-lazyload=\"\/\/www.campingsosflores.com\/wp-content\/uploads\/2016\/01\/DSC_7687.jpg\" data-parallax=\"off\" data-no-retina>\n<!---->\t\t\t\t\t<\/rs-slide>\n\t\t\t\t\t\t<rs-slide style=\"position: absolute;\" data-key=\"rs-110\" data-title=\"Slide\" data-thumb=\"\/\/www.campingsosflores.com\/wp-content\/uploads\/2016\/01\/DSC_6035-100x50.jpg\" data-anim=\"adpr:false;\">\n\t\t\t\t\t\t\t<img decoding=\"async\" src=\"\/\/www.campingsosflores.com\/wp-content\/plugins\/revslider\/sr6\/assets\/assets\/dummy.png\" alt=\"\" title=\"Divertissements\" class=\"rev-slidebg tp-rs-img rs-lazyload\" data-lazyload=\"\/\/www.campingsosflores.com\/wp-content\/uploads\/2016\/01\/DSC_6035.jpg\" data-parallax=\"off\" data-no-retina>\n<!---->\t\t\t\t\t<\/rs-slide>\n\t\t\t\t\t\t<rs-slide style=\"position: absolute;\" data-key=\"rs-111\" data-title=\"Slide\" data-thumb=\"\/\/www.campingsosflores.com\/wp-content\/uploads\/2016\/01\/DSC_6657-100x50.jpg\" data-anim=\"adpr:false;\">\n\t\t\t\t\t\t\t<img decoding=\"async\" src=\"\/\/www.campingsosflores.com\/wp-content\/plugins\/revslider\/sr6\/assets\/assets\/dummy.png\" alt=\"\" title=\"Divertissements\" class=\"rev-slidebg tp-rs-img rs-lazyload\" data-lazyload=\"\/\/www.campingsosflores.com\/wp-content\/uploads\/2016\/01\/DSC_6657.jpg\" data-parallax=\"off\" data-no-retina>\n<!---->\t\t\t\t\t<\/rs-slide>\n\t\t\t\t\t\t<rs-slide style=\"position: absolute;\" data-key=\"rs-112\" data-title=\"Slide\" data-thumb=\"\/\/www.campingsosflores.com\/wp-content\/uploads\/2015\/12\/DSC_4417-100x50.jpg\" data-anim=\"adpr:false;\">\n\t\t\t\t\t\t\t<img decoding=\"async\" src=\"\/\/www.campingsosflores.com\/wp-content\/plugins\/revslider\/sr6\/assets\/assets\/dummy.png\" alt=\"\" title=\"Divertissements\" class=\"rev-slidebg tp-rs-img rs-lazyload\" data-lazyload=\"\/\/www.campingsosflores.com\/wp-content\/uploads\/2015\/12\/DSC_4417.jpg\" data-parallax=\"off\" data-no-retina>\n<!---->\t\t\t\t\t<\/rs-slide>\n\t\t\t\t\t\t<rs-slide style=\"position: absolute;\" data-key=\"rs-114\" data-title=\"Slide\" data-thumb=\"\/\/www.campingsosflores.com\/wp-content\/uploads\/2016\/01\/DSC_6763-100x50.jpg\" data-anim=\"adpr:false;\">\n\t\t\t\t\t\t\t<img decoding=\"async\" src=\"\/\/www.campingsosflores.com\/wp-content\/plugins\/revslider\/sr6\/assets\/assets\/dummy.png\" alt=\"\" title=\"Divertissements\" class=\"rev-slidebg tp-rs-img rs-lazyload\" data-lazyload=\"\/\/www.campingsosflores.com\/wp-content\/uploads\/2016\/01\/DSC_6763.jpg\" data-parallax=\"off\" data-no-retina>\n<!---->\t\t\t\t\t<\/rs-slide>\n\t\t\t\t\t<\/rs-slides>\n\t\t\t\t<\/rs-module>\n\t\t\t\t<script>\n\t\t\t\t\tsetREVStartSize({c: 'rev_slider_12_1',rl:[1240,1024,778,480],el:[],gw:[720],gh:[405],type:'carousel',justify:'',layout:'fullwidth',thumbh:\"100\",mh:\"0\"});if (window.RS_MODULES!==undefined && window.RS_MODULES.modules!==undefined && window.RS_MODULES.modules[\"revslider121\"]!==undefined) {window.RS_MODULES.modules[\"revslider121\"].once = false;window.revapi12 = undefined;if (window.RS_MODULES.checkMinimal!==undefined) window.RS_MODULES.checkMinimal()}\n\t\t\t\t<\/script>\n\t\t\t<\/rs-module-wrap>\n\t\t\t<!-- END REVOLUTION SLIDER -->\n[\/vc_column][\/vc_row]<\/p>\n<\/div>","protected":false},"excerpt":{"rendered":"<p>[vc_row][vc_column][vc_empty_space][\/vc_column][\/vc_row][vc_row][vc_column][vc_separator color=\u00a0\u00bbcustom\u00a0\u00bb border_width=\u00a0\u00bb2&Prime; accent_color=\u00a0\u00bb#348bfe\u00a0\u00bb][vc_empty_space][vc_column_text]Le plaisir de divertir et de d\u00e9tendre nos invit\u00e9s est la sp\u00e9cialit\u00e9 de l\u2019\u00e9quipe d\u2019animation du Campeggio Villaggio Sos Flores, o\u00f9 professionnalisme et savoir-faire se combinent pour cr\u00e9er une ambiance dynamique et conviviale. Nos animateurs, soigneusement s\u00e9lectionn\u00e9s pour leurs comp\u00e9tences, proposent chaque jour des activit\u00e9s r\u00e9cr\u00e9atives et \u00e9ducatives vari\u00e9es, allant du jeu&hellip;<\/p>\n","protected":false},"author":1,"featured_media":0,"parent":0,"menu_order":1,"comment_status":"closed","ping_status":"closed","template":"","meta":{"footnotes":""},"class_list":["post-1719","page","type-page","status-publish","hentry","description-off"],"yoast_head":"<!-- This site is optimized with the Yoast SEO plugin v19.13 - https:\/\/yoast.com\/wordpress\/plugins\/seo\/ -->\n<title>Camping Village avec Animation en Sardaigne, Mini Club Tortol\u00ec<\/title>\n<meta name=\"description\" content=\"Du Mini Club aux jeux, activit\u00e9s ludiques, sportives et cours de danse : d\u00e9couvrez l&#039;animation du Camping Village Sos Flores de Tortol\u00ec en Sardaigne.\" \/>\n<meta name=\"robots\" content=\"index, follow, max-snippet:-1, max-image-preview:large, max-video-preview:-1\" \/>\n<link rel=\"canonical\" href=\"https:\/\/www.campingsosflores.com\/fr\/animation-village-sardaigne\/\" \/>\n<meta property=\"og:locale\" content=\"fr_FR\" \/>\n<meta property=\"og:type\" content=\"article\" \/>\n<meta property=\"og:title\" content=\"Camping Village avec Animation en Sardaigne, Mini Club Tortol\u00ec\" \/>\n<meta property=\"og:description\" content=\"Du Mini Club aux jeux, activit\u00e9s ludiques, sportives et cours de danse : d\u00e9couvrez l&#039;animation du Camping Village Sos Flores de Tortol\u00ec en Sardaigne.\" \/>\n<meta property=\"og:url\" content=\"https:\/\/www.campingsosflores.com\/fr\/animation-village-sardaigne\/\" \/>\n<meta property=\"og:site_name\" content=\"Campeggio Villaggio Sos Flores\" \/>\n<meta property=\"article:publisher\" content=\"https:\/\/www.facebook.com\/Campeggio-Villaggio-Sos-Flores-163331700496181\/\" \/>\n<meta property=\"article:modified_time\" content=\"2026-02-24T15:52:42+00:00\" \/>\n<meta name=\"twitter:card\" content=\"summary_large_image\" \/>\n<meta name=\"twitter:label1\" content=\"Dur\u00e9e de lecture estim\u00e9e\" \/>\n\t<meta name=\"twitter:data1\" content=\"2 minutes\" \/>\n<script type=\"application\/ld+json\" class=\"yoast-schema-graph\">{\"@context\":\"https:\/\/schema.org\",\"@graph\":[{\"@type\":\"WebPage\",\"@id\":\"https:\/\/www.campingsosflores.com\/fr\/animation-village-sardaigne\/\",\"url\":\"https:\/\/www.campingsosflores.com\/fr\/animation-village-sardaigne\/\",\"name\":\"Camping Village avec Animation en Sardaigne, Mini Club Tortol\u00ec\",\"isPartOf\":{\"@id\":\"https:\/\/www.campingsosflores.com\/fr\/#website\"},\"datePublished\":\"2017-05-12T14:20:30+00:00\",\"dateModified\":\"2026-02-24T15:52:42+00:00\",\"description\":\"Du Mini Club aux jeux, activit\u00e9s ludiques, sportives et cours de danse : d\u00e9couvrez l'animation du Camping Village Sos Flores de Tortol\u00ec en Sardaigne.\",\"breadcrumb\":{\"@id\":\"https:\/\/www.campingsosflores.com\/fr\/animation-village-sardaigne\/#breadcrumb\"},\"inLanguage\":\"fr-FR\",\"potentialAction\":[{\"@type\":\"ReadAction\",\"target\":[\"https:\/\/www.campingsosflores.com\/fr\/animation-village-sardaigne\/\"]}]},{\"@type\":\"BreadcrumbList\",\"@id\":\"https:\/\/www.campingsosflores.com\/fr\/animation-village-sardaigne\/#breadcrumb\",\"itemListElement\":[{\"@type\":\"ListItem\",\"position\":1,\"name\":\"Home\",\"item\":\"https:\/\/www.campingsosflores.com\/fr\/\"},{\"@type\":\"ListItem\",\"position\":2,\"name\":\"Divertissements\"}]},{\"@type\":\"WebSite\",\"@id\":\"https:\/\/www.campingsosflores.com\/fr\/#website\",\"url\":\"https:\/\/www.campingsosflores.com\/fr\/\",\"name\":\"Campeggio Villaggio Sos Flores\",\"description\":\"Campeggio Villaggio in Sardegna sul Mare\",\"potentialAction\":[{\"@type\":\"SearchAction\",\"target\":{\"@type\":\"EntryPoint\",\"urlTemplate\":\"https:\/\/www.campingsosflores.com\/fr\/?s={search_term_string}\"},\"query-input\":\"required name=search_term_string\"}],\"inLanguage\":\"fr-FR\"}]}<\/script>\n<!-- \/ Yoast SEO plugin. -->","yoast_head_json":{"title":"Camping Village avec Animation en Sardaigne, Mini Club Tortol\u00ec","description":"Du Mini Club aux jeux, activit\u00e9s ludiques, sportives et cours de danse : d\u00e9couvrez l'animation du Camping Village Sos Flores de Tortol\u00ec en Sardaigne.","robots":{"index":"index","follow":"follow","max-snippet":"max-snippet:-1","max-image-preview":"max-image-preview:large","max-video-preview":"max-video-preview:-1"},"canonical":"https:\/\/www.campingsosflores.com\/fr\/animation-village-sardaigne\/","og_locale":"fr_FR","og_type":"article","og_title":"Camping Village avec Animation en Sardaigne, Mini Club Tortol\u00ec","og_description":"Du Mini Club aux jeux, activit\u00e9s ludiques, sportives et cours de danse : d\u00e9couvrez l'animation du Camping Village Sos Flores de Tortol\u00ec en Sardaigne.","og_url":"https:\/\/www.campingsosflores.com\/fr\/animation-village-sardaigne\/","og_site_name":"Campeggio Villaggio Sos Flores","article_publisher":"https:\/\/www.facebook.com\/Campeggio-Villaggio-Sos-Flores-163331700496181\/","article_modified_time":"2026-02-24T15:52:42+00:00","twitter_card":"summary_large_image","twitter_misc":{"Dur\u00e9e de lecture estim\u00e9e":"2 minutes"},"schema":{"@context":"https:\/\/schema.org","@graph":[{"@type":"WebPage","@id":"https:\/\/www.campingsosflores.com\/fr\/animation-village-sardaigne\/","url":"https:\/\/www.campingsosflores.com\/fr\/animation-village-sardaigne\/","name":"Camping Village avec Animation en Sardaigne, Mini Club Tortol\u00ec","isPartOf":{"@id":"https:\/\/www.campingsosflores.com\/fr\/#website"},"datePublished":"2017-05-12T14:20:30+00:00","dateModified":"2026-02-24T15:52:42+00:00","description":"Du Mini Club aux jeux, activit\u00e9s ludiques, sportives et cours de danse : d\u00e9couvrez l'animation du Camping Village Sos Flores de Tortol\u00ec en Sardaigne.","breadcrumb":{"@id":"https:\/\/www.campingsosflores.com\/fr\/animation-village-sardaigne\/#breadcrumb"},"inLanguage":"fr-FR","potentialAction":[{"@type":"ReadAction","target":["https:\/\/www.campingsosflores.com\/fr\/animation-village-sardaigne\/"]}]},{"@type":"BreadcrumbList","@id":"https:\/\/www.campingsosflores.com\/fr\/animation-village-sardaigne\/#breadcrumb","itemListElement":[{"@type":"ListItem","position":1,"name":"Home","item":"https:\/\/www.campingsosflores.com\/fr\/"},{"@type":"ListItem","position":2,"name":"Divertissements"}]},{"@type":"WebSite","@id":"https:\/\/www.campingsosflores.com\/fr\/#website","url":"https:\/\/www.campingsosflores.com\/fr\/","name":"Campeggio Villaggio Sos Flores","description":"Campeggio Villaggio in Sardegna sul Mare","potentialAction":[{"@type":"SearchAction","target":{"@type":"EntryPoint","urlTemplate":"https:\/\/www.campingsosflores.com\/fr\/?s={search_term_string}"},"query-input":"required name=search_term_string"}],"inLanguage":"fr-FR"}]}},"_links":{"self":[{"href":"https:\/\/www.campingsosflores.com\/fr\/wp-json\/wp\/v2\/pages\/1719","targetHints":{"allow":["GET"]}}],"collection":[{"href":"https:\/\/www.campingsosflores.com\/fr\/wp-json\/wp\/v2\/pages"}],"about":[{"href":"https:\/\/www.campingsosflores.com\/fr\/wp-json\/wp\/v2\/types\/page"}],"author":[{"embeddable":true,"href":"https:\/\/www.campingsosflores.com\/fr\/wp-json\/wp\/v2\/users\/1"}],"replies":[{"embeddable":true,"href":"https:\/\/www.campingsosflores.com\/fr\/wp-json\/wp\/v2\/comments?post=1719"}],"version-history":[{"count":6,"href":"https:\/\/www.campingsosflores.com\/fr\/wp-json\/wp\/v2\/pages\/1719\/revisions"}],"predecessor-version":[{"id":10243,"href":"https:\/\/www.campingsosflores.com\/fr\/wp-json\/wp\/v2\/pages\/1719\/revisions\/10243"}],"wp:attachment":[{"href":"https:\/\/www.campingsosflores.com\/fr\/wp-json\/wp\/v2\/media?parent=1719"}],"curies":[{"name":"wp","href":"https:\/\/api.w.org\/{rel}","templated":true}]}}