{"id":1714,"date":"2017-05-12T15:17:10","date_gmt":"2017-05-12T14:17:10","guid":{"rendered":"http:\/\/www.campingsosflores.com\/fr\/?page_id=1714"},"modified":"2026-03-11T12:48:43","modified_gmt":"2026-03-11T11:48:43","slug":"contactes-sos-flores","status":"publish","type":"page","link":"https:\/\/www.campingsosflores.com\/fr\/contactes-sos-flores\/","title":{"rendered":"Contacts"},"content":{"rendered":"<div class=\"wpb-content-wrapper\"><p>[vc_row type=\u00a0\u00bbvc_default\u00a0\u00bb full_width=\u00a0\u00bbstretch_row_content_no_spaces\u00a0\u00bb][vc_column][vc_raw_html]JTIwJTIwJTNDZGl2JTIwaWQlM0QlMjJib29raW5nZXhwZXJ0JTIyJTNFJTBBJTIwJTIwJTIwJTIwJTIwJTIwJTIwJTIwJTIwJTIwJTIwJTIwJTNDZGl2JTIwaWQlM0QlMjJzZWFyY2hib3glMjIlMjBjbGFzcyUzRCUyMmJhcnJhcmljZXJjYSUyMiUzRSUzQyUyRmRpdiUzRSUwQSUyMCUyMCUyMCUyMCUyMCUyMCUyMCUyMCUzQyUyRmRpdiUzRQ==[\/vc_raw_html][vc_raw_js]JTIwJTIwJTIwJTIwJTIwJTIwJTIwJTNDc2NyaXB0JTIwc3JjJTNEJTIyaHR0cHMlM0ElMkYlMkZiZS5ib29raW5nZXhwZXJ0Lml0JTJGYm9vayUyRndlYnNpdGVzJTJGc2VhcmNoYm94JTNGaG90ZWwlM0QyMjQzNCUyNmFtcCUzQmxhbmclM0RmciUyMiUzRSUzQyUyRnNjcmlwdCUzRSUwQSUyMCUyMCUyMCUyMCUyMCUyMCUyMCUyMCUzQ3NjcmlwdCUzRWl0LmJvb2tpbmdleHBlcnQuU2VhcmNoQm94LmxvYWQlMjglMjdzZWFyY2hib3glMjclMkMlMjAlMjdEZWZhdWx0JTI3JTI5JTNCJTNDJTJGc2NyaXB0JTNF[\/vc_raw_js][\/vc_column][\/vc_row][vc_row][vc_column width=\u00a0\u00bb1\/3&Prime;][vc_single_image image=\u00a0\u00bb3493&Prime; img_size=\u00a0\u00bb330&#215;200&Prime; alignment=\u00a0\u00bbcenter\u00a0\u00bb][vc_column_text]<\/p>\n<p style=\"text-align: center;\"><strong>CAMPEGGIO-VILLAGGIO SOS FLORES<\/strong><\/p>\n<p style=\"text-align: center;\"><b><\/b>Via San Lussorio snc \u2013 08048 \u2013 Tortol\u00ec (OG)<\/p>\n<p style=\"text-align: center;\">Tel +39 0782 667485<\/p>\n<p style=\"text-align: center;\">Fax +39 0782 221934<\/p>\n<p style=\"text-align: center;\">Email:\u00a0<a href=\"mailto:info@campingsosflores.com\">info@campingsosflores.com<\/a><\/p>\n<p style=\"text-align: center;\">P.I. 02925360923<\/p>\n<p>[\/vc_column_text][\/vc_column][vc_column width=\u00a0\u00bb1\/3&Prime;][vc_single_image image=\u00a0\u00bb4106&Prime; img_size=\u00a0\u00bb250&#215;250&Prime; alignment=\u00a0\u00bbcenter\u00a0\u00bb][vc_column_text]<\/p>\n<p style=\"text-align: center;\"><strong>AGRITURISMO SU CANONIGU<\/strong><\/p>\n<p style=\"text-align: center;\">Via San Gemiliano 8 \u2013 08048 \u2013 Tortol\u00ec (OG)<\/p>\n<p style=\"text-align: center;\">Tel +39 0782 623671<\/p>\n<p style=\"text-align: center;\">Fax +39 0782 624627<\/p>\n<p style=\"text-align: center;\">Email:\u00a0<a href=\"mailto:sucanonigu@tiscali.it\">sucanonigu@tiscali.it<\/a><\/p>\n<p style=\"text-align: center;\">P.I. 00093190916<\/p>\n<p>[\/vc_column_text][\/vc_column][vc_column width=\u00a0\u00bb1\/3&Prime;][vc_single_image image=\u00a0\u00bb5439&Prime; img_size=\u00a0\u00bb330&#215;200&Prime; alignment=\u00a0\u00bbcenter\u00a0\u00bb onclick=\u00a0\u00bbcustom_link\u00a0\u00bb link=\u00a0\u00bbhttps:\/\/www.ogliastraincoming.com\/\u00a0\u00bb][vc_column_text]<\/p>\n<p style=\"text-align: center;\"><strong>OGLIASTRA INCOMING<\/strong><\/p>\n<p style=\"text-align: center;\"><b><\/b>Via Vittorio Emanuele 42 \u2013 08048 \u2013 Tortol\u00ec (OG)<\/p>\n<p style=\"text-align: center;\">Tel +39 0782 222994<\/p>\n<p style=\"text-align: center;\">Email:\u00a0<a href=\"mailto:info@ogliastraincoming.com\">info@ogliastraincoming.com<\/a><\/p>\n<p style=\"text-align: center;\">P.I. 01544060914<\/p>\n<p>[\/vc_column_text][\/vc_column][\/vc_row][vc_row type=\u00a0\u00bbvc_default\u00a0\u00bb equal_height=\u00a0\u00bbyes\u00a0\u00bb bg_type=\u00a0\u00bbbg_color\u00a0\u00bb bg_override=\u00a0\u00bbex-full\u00a0\u00bb bg_color_value=\u00a0\u00bb#f4f4f4&Prime; el_id=\u00a0\u00bbmenu_section\u00a0\u00bb css=\u00a0\u00bb.vc_custom_1469436977972{padding-top: 90px !important;padding-bottom: 60px !important;}\u00a0\u00bb][vc_column css=\u00a0\u00bb.vc_custom_1487581636117{margin-right: 30px !important;margin-bottom: 30px !important;padding-top: 45px !important;padding-right: 40px !important;padding-bottom: 40px !important;padding-left: 40px !important;background-color: #ffffff !important;}\u00a0\u00bb offset=\u00a0\u00bbvc_col-lg-offset-0 vc_col-lg-6 vc_col-md-offset-0 vc_col-md-6 vc_col-sm-offset-0&Prime;]<div id=\"ultimate-heading-274869e9dd97d01a4\" class=\"uvc-heading ult-adjust-bottom-margin ultimate-heading-274869e9dd97d01a4 uvc-1111 \" data-hspacer=\"line_only\"  data-halign=\"center\" style=\"text-align:center\"><div class=\"uvc-sub-heading ult-responsive\"  data-ultimate-target='.uvc-heading.ultimate-heading-274869e9dd97d01a4 .uvc-sub-heading '  data-responsive-json-new='{\"font-size\":\"desktop:35px;\",\"line-height\":\"desktop:40px;\"}'  style=\"font-family:&#039;Poppins&#039;;font-weight:normal;color:#303030;margin-top:-5px;\">LOCALISATION<\/div><div class=\"uvc-heading-spacer line_only\" style=\"topheight:5px;\"><span class=\"uvc-headings-line\" style=\"border-style:solid;border-bottom-width:5px;border-color:#ccc;width:500px;\"><\/span><\/div><\/div>[vc_gmaps link=\u00a0\u00bb#E-8_JTNDaWZyYW1lJTIwc3JjJTNEJTIyaHR0cHMlM0ElMkYlMkZ3d3cuZ29vZ2xlLmNvbSUyRm1hcHMlMkZlbWJlZCUzRnBiJTNEJTIxMW0xNCUyMTFtOCUyMTFtMyUyMTFkNjExOS44MTU5MTAyMjM4MTA1JTIxMmQ5LjY5MTA5MSUyMTNkMzkuOTIxMDc2MDAwMDAwMDA2JTIxM20yJTIxMWkxMDI0JTIxMmk3NjglMjE0ZjEzLjElMjEzbTMlMjExbTIlMjExczB4MCUyNTNBMHhkNmZiYThlZmRkZjRiNzkwJTIxMnNDYW1wZWdnaW8lMkJWaWxsYWdnaW8lMkJTb3MlMkJGbG9yZXMlMjE1ZTAlMjEzbTIlMjExc2l0JTIxMnN1cyUyMTR2MTQ3Njc5NzAzOTU2MiUyMiUyMHdpZHRoJTNEJTIyNjAwJTIyJTIwaGVpZ2h0JTNEJTIyNDUwJTIyJTIwZnJhbWVib3JkZXIlM0QlMjIwJTIyJTIwc3R5bGUlM0QlMjJib3JkZXIlM0EwJTIyJTIwYWxsb3dmdWxsc2NyZWVuJTNFJTNDJTJGaWZyYW1lJTNF\u00a0\u00bb size=\u00a0\u00bb700&Prime;][\/vc_column][vc_column css=\u00a0\u00bb.vc_custom_1487581650213{margin-bottom: 30px !important;margin-left: 30px !important;padding-top: 45px !important;padding-right: 40px !important;padding-bottom: 30px !important;padding-left: 40px !important;background-color: #ffffff !important;}\u00a0\u00bb offset=\u00a0\u00bbvc_col-lg-6 vc_col-md-6&Prime;]<div id=\"ultimate-heading-290969e9dd97d0254\" class=\"uvc-heading ult-adjust-bottom-margin ultimate-heading-290969e9dd97d0254 uvc-1577 \" data-hspacer=\"line_only\"  data-halign=\"center\" style=\"text-align:center\"><div class=\"uvc-sub-heading ult-responsive\"  data-ultimate-target='.uvc-heading.ultimate-heading-290969e9dd97d0254 .uvc-sub-heading '  data-responsive-json-new='{\"font-size\":\"desktop:35px;\",\"line-height\":\"desktop:40px;\"}'  style=\"font-family:&#039;Poppins&#039;;font-weight:normal;color:#303030;margin-top:-5px;\">NOUS CONTACTER<\/div><div class=\"uvc-heading-spacer line_only\" style=\"topheight:5px;\"><span class=\"uvc-headings-line\" style=\"border-style:solid;border-bottom-width:5px;border-color:#ccc;width:500px;\"><\/span><\/div><\/div>\n<div class=\"wpcf7 no-js\" id=\"wpcf7-f8668-o1\" lang=\"fr-FR\" dir=\"ltr\" data-wpcf7-id=\"8668\">\n<div class=\"screen-reader-response\"><p role=\"status\" aria-live=\"polite\" aria-atomic=\"true\"><\/p> <ul><\/ul><\/div>\n<form action=\"\/fr\/wp-json\/wp\/v2\/pages\/1714#wpcf7-f8668-o1\" method=\"post\" class=\"wpcf7-form init\" aria-label=\"Formulaire de contact\" novalidate=\"novalidate\" data-status=\"init\">\n<fieldset class=\"hidden-fields-container\"><input type=\"hidden\" name=\"_wpcf7\" value=\"8668\" \/><input type=\"hidden\" name=\"_wpcf7_version\" value=\"6.1.5\" \/><input type=\"hidden\" name=\"_wpcf7_locale\" value=\"fr_FR\" \/><input type=\"hidden\" name=\"_wpcf7_unit_tag\" value=\"wpcf7-f8668-o1\" \/><input type=\"hidden\" name=\"_wpcf7_container_post\" value=\"0\" \/><input type=\"hidden\" name=\"_wpcf7_posted_data_hash\" value=\"\" \/><input type=\"hidden\" name=\"_wpcf7_recaptcha_response\" value=\"\" \/>\n<\/fieldset>\n<p>Pr\u00e9nom\n<\/p>\n<p><span class=\"wpcf7-form-control-wrap\" data-name=\"your-name\"><input size=\"40\" maxlength=\"400\" class=\"wpcf7-form-control wpcf7-text wpcf7-validates-as-required\" aria-required=\"true\" aria-invalid=\"false\" value=\"\" type=\"text\" name=\"your-name\" \/><\/span>\n<\/p>\n<p>Nom\n<\/p>\n<p><span class=\"wpcf7-form-control-wrap\" data-name=\"your-surname\"><input size=\"40\" maxlength=\"400\" class=\"wpcf7-form-control wpcf7-text wpcf7-validates-as-required\" aria-required=\"true\" aria-invalid=\"false\" value=\"\" type=\"text\" name=\"your-surname\" \/><\/span>\n<\/p>\n<p>E-mail\n<\/p>\n<p><span class=\"wpcf7-form-control-wrap\" data-name=\"your-email\"><input size=\"40\" maxlength=\"400\" class=\"wpcf7-form-control wpcf7-email wpcf7-validates-as-required wpcf7-text wpcf7-validates-as-email\" aria-required=\"true\" aria-invalid=\"false\" value=\"\" type=\"email\" name=\"your-email\" \/><\/span>\n<\/p>\n<p>T\u00e9l\u00e9phone\n<\/p>\n<p><span class=\"wpcf7-form-control-wrap\" data-name=\"tel-218\"><input size=\"40\" maxlength=\"400\" class=\"wpcf7-form-control wpcf7-tel wpcf7-validates-as-required wpcf7-text wpcf7-validates-as-tel\" aria-required=\"true\" aria-invalid=\"false\" value=\"\" type=\"tel\" name=\"tel-218\" \/><\/span>\n<\/p>\n<p>Message\n<\/p>\n<p><span class=\"wpcf7-form-control-wrap\" data-name=\"your-message\"><textarea cols=\"40\" rows=\"10\" maxlength=\"2000\" class=\"wpcf7-form-control wpcf7-textarea\" aria-invalid=\"false\" name=\"your-message\"><\/textarea><\/span>\n<\/p>\n<p><span class=\"wpcf7-form-control-wrap\" data-name=\"checkbox-813\"><span class=\"wpcf7-form-control wpcf7-checkbox wpcf7-validates-as-required\"><span class=\"wpcf7-list-item first last\"><input type=\"checkbox\" name=\"checkbox-813[]\" value=\"Je d\u00e9clare avoir pris connaissance des informations concernant le traitement des donn\u00e9es personnelles, j&#039;autorise l&#039;utilisation de mon adresse e-mail pour recevoir des informations et des promotions concernant le monde du camping avec la possibilit\u00e9 de l&#039;annuler \u00e0 tout moment.\" \/><span class=\"wpcf7-list-item-label\">Je d\u00e9clare avoir pris connaissance des informations concernant le traitement des donn\u00e9es personnelles, j&#039;autorise l&#039;utilisation de mon adresse e-mail pour recevoir des informations et des promotions concernant le monde du camping avec la possibilit\u00e9 de l&#039;annuler \u00e0 tout moment.<\/span><\/span><\/span><\/span>\n<\/p>\n<p><a href=\"http:\/\/www.campingsosflores.com\/privacy-policy\/\">Cliquez ici pour lire la politique de confidentialit\u00e9<\/a>\n<\/p>\n\n<p><input class=\"wpcf7-form-control wpcf7-submit has-spinner\" type=\"submit\" value=\"Envoyer\" \/>\n<\/p><input type='hidden' class='wpcf7-pum' value='{\"closepopup\":false,\"closedelay\":0,\"openpopup\":false,\"openpopup_id\":0}' \/><div class=\"wpcf7-response-output\" aria-hidden=\"true\"><\/div>\n<\/form>\n<\/div>\n[\/vc_column][\/vc_row][vc_row anchor=\u00a0\u00bbcome-raggiungerci\u00a0\u00bb][vc_column]<div id=\"ultimate-heading-634769e9dd97d19f9\" class=\"uvc-heading ult-adjust-bottom-margin ultimate-heading-634769e9dd97d19f9 uvc-802 \" data-hspacer=\"line_only\"  data-halign=\"center\" style=\"text-align:center\"><div class=\"uvc-sub-heading ult-responsive\"  data-ultimate-target='.uvc-heading.ultimate-heading-634769e9dd97d19f9 .uvc-sub-heading '  data-responsive-json-new='{\"font-size\":\"desktop:35px;\",\"line-height\":\"desktop:40px;\"}'  style=\"font-family:&#039;Poppins&#039;;font-weight:normal;color:#303030;margin-top:-5px;\">ACCES AU CAMPING<\/div><div class=\"uvc-heading-spacer line_only\" style=\"topheight:5px;\"><span class=\"uvc-headings-line\" style=\"border-style:solid;border-bottom-width:5px;border-color:#ccc;width:1000px;\"><\/span><\/div><\/div>[\/vc_column][\/vc_row][vc_row type=\u00a0\u00bbvc_default\u00a0\u00bb equal_height=\u00a0\u00bbyes\u00a0\u00bb bg_type=\u00a0\u00bbbg_color\u00a0\u00bb bg_override=\u00a0\u00bbex-full\u00a0\u00bb bg_color_value=\u00a0\u00bb#f4f4f4&Prime; css=\u00a0\u00bb.vc_custom_1469436977972{padding-top: 90px !important;padding-bottom: 60px !important;}\u00a0\u00bb][vc_column css=\u00a0\u00bb.vc_custom_1487581590567{margin-bottom: 30px !important;padding-top: 45px !important;padding-right: 40px !important;padding-bottom: 40px !important;padding-left: 40px !important;background-color: #ffffff !important;}\u00a0\u00bb offset=\u00a0\u00bbvc_col-lg-offset-0 vc_col-lg-6 vc_col-md-offset-0 vc_col-md-6 vc_col-sm-offset-0&Prime;][vc_column_text]<\/p>\n<div class=\"et_pb_text et_pb_module et_pb_bg_layout_light et_pb_text_align_left et_pb_text_0\">\n<ul>\n<li>Le camping Sos Flores Village se trouve \u00e0 Tortol\u00ec, au milieu de la c\u00f4te est de l\u2019\u00eele, dans la province d\u2019Ogliastra, \u00e0 4 km du port d\u2019Arbatax et 1,5 km de l\u2019a\u00e9roport de Tortol\u00ec.<\/li>\n<li>Le port d\u2019Arbatax propose des travers\u00e9es jusqu\u2019\u00e0 G\u00eanes et Civitavecchia, organis\u00e9es par la compagnie maritime Tirrenia.<\/li>\n<li>L\u2019a\u00e9roport de Tortol\u00ec est ferm\u00e9 depuis quelques ann\u00e9es. Vous pouvez facilement rejoindre Tortol\u00ec depuis les principaux ports et a\u00e9roports de l\u2019\u00eele gr\u00e2ce \u00e0 un r\u00e9seau routier de qualit\u00e9.<\/li>\n<\/ul>\n<\/div>\n<p>[\/vc_column_text][vc_column_text]<\/p>\n<h5 class=\"tablepress-table-name tablepress-table-name-id-4\">Distances des principaux ports et a\u00e9roports.<\/h5>\n<table width=\"480\" cellspacing=\"0\" cellpadding=\"0\" bgcolor=\"#ffffff\">\n<colgroup>\n<col width=\"198\" \/>\n<col width=\"92\" \/>\n<col width=\"191\" \/> <\/colgroup>\n<thead>\n<tr>\n<td style=\"background: #ffffff;\" bgcolor=\"#ffffff\" width=\"198\"><span style=\"font-family: Calibri, serif;\"><b><br \/>\nLIEU<\/b><\/span><\/td>\n<td style=\"background: #ffffff;\" bgcolor=\"#ffffff\" width=\"92\"><span style=\"font-family: Calibri, serif;\"><b><br \/>\nDISTANCE<\/b><\/span><\/td>\n<td style=\"background: #ffffff;\" bgcolor=\"#ffffff\" width=\"191\"><span style=\"font-family: Calibri, serif;\"><b><br \/>\nDUR\u00c9E DU TRAJET<\/b><\/span><\/td>\n<\/tr>\n<\/thead>\n<tbody>\n<tr>\n<td style=\"background: #ffffff;\" bgcolor=\"#ffffff\" width=\"198\"><span style=\"font-family: Calibri, serif;\"><br \/>\nA\u00e9roport d&rsquo;Alghero<\/span><\/td>\n<td style=\"background: #ffffff;\" bgcolor=\"#ffffff\" width=\"92\"><span style=\"font-family: Calibri, serif;\"><br \/>\n220 km<\/span><\/td>\n<td style=\"background: #ffffff;\" bgcolor=\"#ffffff\" width=\"191\"><span style=\"font-family: Calibri, serif;\"><br \/>\n2h et 50min<\/span><\/td>\n<\/tr>\n<tr>\n<td style=\"background: #ffffff;\" bgcolor=\"#ffffff\" width=\"198\"><span style=\"font-family: Calibri, serif;\"><br \/>\nA\u00e9roport de Cagliari<\/span><\/td>\n<td style=\"background: #ffffff;\" bgcolor=\"#ffffff\" width=\"92\"><span style=\"font-family: Calibri, serif;\"><br \/>\n140 km<\/span><\/td>\n<td style=\"background: #ffffff;\" bgcolor=\"#ffffff\" width=\"191\"><span style=\"font-family: Calibri, serif;\"><br \/>\n1h et 40min<\/span><\/td>\n<\/tr>\n<tr>\n<td style=\"background: #ffffff;\" bgcolor=\"#ffffff\" width=\"198\"><span style=\"font-family: Calibri, serif;\"><br \/>\nA\u00e9roport d&rsquo;Olbia<\/span><\/td>\n<td style=\"background: #ffffff;\" bgcolor=\"#ffffff\" width=\"92\"><span style=\"font-family: Calibri, serif;\"><br \/>\n175 km<\/span><\/td>\n<td style=\"background: #ffffff;\" bgcolor=\"#ffffff\" width=\"191\"><span style=\"font-family: Calibri, serif;\"><br \/>\n2h et 10min<\/span><\/td>\n<\/tr>\n<tr>\n<td style=\"background: #ffffff;\" bgcolor=\"#ffffff\" width=\"198\"><span style=\"font-family: Calibri, serif;\"><br \/>\nPort de Cagliari<\/span><\/td>\n<td style=\"background: #ffffff;\" bgcolor=\"#ffffff\" width=\"92\"><span style=\"font-family: Calibri, serif;\"><br \/>\n145 km<\/span><\/td>\n<td style=\"background: #ffffff;\" bgcolor=\"#ffffff\" width=\"191\"><span style=\"font-family: Calibri, serif;\"><br \/>\n1h et 50min<\/span><\/td>\n<\/tr>\n<tr>\n<td style=\"background: #ffffff;\" bgcolor=\"#ffffff\" width=\"198\"><span style=\"font-family: Calibri, serif;\"><br \/>\nPort d&rsquo;Olbia &#8211; Golfo Aranci<\/span><\/td>\n<td style=\"background: #ffffff;\" bgcolor=\"#ffffff\" width=\"92\"><span style=\"font-family: Calibri, serif;\"><br \/>\n180 km<\/span><\/td>\n<td style=\"background: #ffffff;\" bgcolor=\"#ffffff\" width=\"191\"><span style=\"font-family: Calibri, serif;\"><br \/>\n2h et 15min<\/span><\/td>\n<\/tr>\n<tr>\n<td style=\"background: #ffffff;\" bgcolor=\"#ffffff\" width=\"198\"><span style=\"font-family: Calibri, serif;\"><br \/>\nPort de Porto Torres<\/span><\/td>\n<td style=\"background: #ffffff;\" bgcolor=\"#ffffff\" width=\"92\"><span style=\"font-family: Calibri, serif;\"><br \/>\n220 km<\/span><\/td>\n<td style=\"background: #ffffff;\" bgcolor=\"#ffffff\" width=\"191\"><span style=\"font-family: Calibri, serif;\"><br \/>\n2h et 45min<\/span><\/td>\n<\/tr>\n<\/tbody>\n<\/table>\n<p>[\/vc_column_text][\/vc_column][vc_column css=\u00a0\u00bb.vc_custom_1487581603601{margin-bottom: 30px !important;padding-top: 45px !important;padding-right: 40px !important;padding-bottom: 30px !important;padding-left: 40px !important;background-color: #ffffff !important;}\u00a0\u00bb offset=\u00a0\u00bbvc_col-lg-6 vc_col-md-6&Prime;][vc_single_image image=\u00a0\u00bb2961&Prime; img_size=\u00a0\u00bblarge\u00a0\u00bb alignment=\u00a0\u00bbcenter\u00a0\u00bb][\/vc_column][\/vc_row]<\/p>\n<\/div>","protected":false},"excerpt":{"rendered":"<p>[vc_row type=\u00a0\u00bbvc_default\u00a0\u00bb full_width=\u00a0\u00bbstretch_row_content_no_spaces\u00a0\u00bb][vc_column][vc_raw_html]JTIwJTIwJTNDZGl2JTIwaWQlM0QlMjJib29raW5nZXhwZXJ0JTIyJTNFJTBBJTIwJTIwJTIwJTIwJTIwJTIwJTIwJTIwJTIwJTIwJTIwJTIwJTNDZGl2JTIwaWQlM0QlMjJzZWFyY2hib3glMjIlMjBjbGFzcyUzRCUyMmJhcnJhcmljZXJjYSUyMiUzRSUzQyUyRmRpdiUzRSUwQSUyMCUyMCUyMCUyMCUyMCUyMCUyMCUyMCUzQyUyRmRpdiUzRQ==[\/vc_raw_html][vc_raw_js]JTIwJTIwJTIwJTIwJTIwJTIwJTIwJTNDc2NyaXB0JTIwc3JjJTNEJTIyaHR0cHMlM0ElMkYlMkZiZS5ib29raW5nZXhwZXJ0Lml0JTJGYm9vayUyRndlYnNpdGVzJTJGc2VhcmNoYm94JTNGaG90ZWwlM0QyMjQzNCUyNmFtcCUzQmxhbmclM0RmciUyMiUzRSUzQyUyRnNjcmlwdCUzRSUwQSUyMCUyMCUyMCUyMCUyMCUyMCUyMCUyMCUzQ3NjcmlwdCUzRWl0LmJvb2tpbmdleHBlcnQuU2VhcmNoQm94LmxvYWQlMjglMjdzZWFyY2hib3glMjclMkMlMjAlMjdEZWZhdWx0JTI3JTI5JTNCJTNDJTJGc2NyaXB0JTNF[\/vc_raw_js][\/vc_column][\/vc_row][vc_row][vc_column width=\u00a0\u00bb1\/3&Prime;][vc_single_image image=\u00a0\u00bb3493&Prime; img_size=\u00a0\u00bb330&#215;200&Prime; alignment=\u00a0\u00bbcenter\u00a0\u00bb][vc_column_text] CAMPEGGIO-VILLAGGIO SOS FLORES Via San Lussorio snc \u2013 08048 \u2013 Tortol\u00ec (OG) Tel +39 0782 667485 Fax +39 0782 221934 Email:\u00a0info@campingsosflores.com P.I. 02925360923 [\/vc_column_text][\/vc_column][vc_column width=\u00a0\u00bb1\/3&Prime;][vc_single_image image=\u00a0\u00bb4106&Prime; img_size=\u00a0\u00bb250&#215;250&Prime; alignment=\u00a0\u00bbcenter\u00a0\u00bb][vc_column_text] AGRITURISMO SU CANONIGU Via San Gemiliano 8 \u2013 08048 \u2013 Tortol\u00ec (OG) Tel +39 0782 623671 Fax +39 0782 624627&hellip;<\/p>\n","protected":false},"author":1,"featured_media":0,"parent":0,"menu_order":5,"comment_status":"closed","ping_status":"closed","template":"","meta":{"footnotes":""},"class_list":["post-1714","page","type-page","status-publish","hentry","description-off"],"yoast_head":"<!-- This site is optimized with the Yoast SEO plugin v19.13 - https:\/\/yoast.com\/wordpress\/plugins\/seo\/ -->\n<title>Contacts Camping Village Sos Flores, Camping Village Sardaigne<\/title>\n<meta name=\"description\" content=\"Contactez Le Camping Village Sos Flores et r\u00e9servez vos vacances en Sardaigne. Demandez des informations sur le camping village.\" \/>\n<meta name=\"robots\" content=\"index, follow, max-snippet:-1, max-image-preview:large, max-video-preview:-1\" \/>\n<link rel=\"canonical\" href=\"https:\/\/www.campingsosflores.com\/fr\/contactes-sos-flores\/\" \/>\n<meta property=\"og:locale\" content=\"fr_FR\" \/>\n<meta property=\"og:type\" content=\"article\" \/>\n<meta property=\"og:title\" content=\"Contacts Camping Village Sos Flores, Camping Village Sardaigne\" \/>\n<meta property=\"og:description\" content=\"Contactez Le Camping Village Sos Flores et r\u00e9servez vos vacances en Sardaigne. Demandez des informations sur le camping village.\" \/>\n<meta property=\"og:url\" content=\"https:\/\/www.campingsosflores.com\/fr\/contactes-sos-flores\/\" \/>\n<meta property=\"og:site_name\" content=\"Campeggio Villaggio Sos Flores\" \/>\n<meta property=\"article:publisher\" content=\"https:\/\/www.facebook.com\/Campeggio-Villaggio-Sos-Flores-163331700496181\/\" \/>\n<meta property=\"article:modified_time\" content=\"2026-03-11T11:48:43+00:00\" \/>\n<meta name=\"twitter:card\" content=\"summary_large_image\" \/>\n<meta name=\"twitter:label1\" content=\"Dur\u00e9e de lecture estim\u00e9e\" \/>\n\t<meta name=\"twitter:data1\" content=\"2 minutes\" \/>\n<script type=\"application\/ld+json\" class=\"yoast-schema-graph\">{\"@context\":\"https:\/\/schema.org\",\"@graph\":[{\"@type\":\"WebPage\",\"@id\":\"https:\/\/www.campingsosflores.com\/fr\/contactes-sos-flores\/\",\"url\":\"https:\/\/www.campingsosflores.com\/fr\/contactes-sos-flores\/\",\"name\":\"Contacts Camping Village Sos Flores, Camping Village Sardaigne\",\"isPartOf\":{\"@id\":\"https:\/\/www.campingsosflores.com\/fr\/#website\"},\"datePublished\":\"2017-05-12T14:17:10+00:00\",\"dateModified\":\"2026-03-11T11:48:43+00:00\",\"description\":\"Contactez Le Camping Village Sos Flores et r\u00e9servez vos vacances en Sardaigne. Demandez des informations sur le camping village.\",\"breadcrumb\":{\"@id\":\"https:\/\/www.campingsosflores.com\/fr\/contactes-sos-flores\/#breadcrumb\"},\"inLanguage\":\"fr-FR\",\"potentialAction\":[{\"@type\":\"ReadAction\",\"target\":[\"https:\/\/www.campingsosflores.com\/fr\/contactes-sos-flores\/\"]}]},{\"@type\":\"BreadcrumbList\",\"@id\":\"https:\/\/www.campingsosflores.com\/fr\/contactes-sos-flores\/#breadcrumb\",\"itemListElement\":[{\"@type\":\"ListItem\",\"position\":1,\"name\":\"Home\",\"item\":\"https:\/\/www.campingsosflores.com\/fr\/\"},{\"@type\":\"ListItem\",\"position\":2,\"name\":\"Contacts\"}]},{\"@type\":\"WebSite\",\"@id\":\"https:\/\/www.campingsosflores.com\/fr\/#website\",\"url\":\"https:\/\/www.campingsosflores.com\/fr\/\",\"name\":\"Campeggio Villaggio Sos Flores\",\"description\":\"Campeggio Villaggio in Sardegna sul Mare\",\"potentialAction\":[{\"@type\":\"SearchAction\",\"target\":{\"@type\":\"EntryPoint\",\"urlTemplate\":\"https:\/\/www.campingsosflores.com\/fr\/?s={search_term_string}\"},\"query-input\":\"required name=search_term_string\"}],\"inLanguage\":\"fr-FR\"}]}<\/script>\n<!-- \/ Yoast SEO plugin. -->","yoast_head_json":{"title":"Contacts Camping Village Sos Flores, Camping Village Sardaigne","description":"Contactez Le Camping Village Sos Flores et r\u00e9servez vos vacances en Sardaigne. Demandez des informations sur le camping village.","robots":{"index":"index","follow":"follow","max-snippet":"max-snippet:-1","max-image-preview":"max-image-preview:large","max-video-preview":"max-video-preview:-1"},"canonical":"https:\/\/www.campingsosflores.com\/fr\/contactes-sos-flores\/","og_locale":"fr_FR","og_type":"article","og_title":"Contacts Camping Village Sos Flores, Camping Village Sardaigne","og_description":"Contactez Le Camping Village Sos Flores et r\u00e9servez vos vacances en Sardaigne. Demandez des informations sur le camping village.","og_url":"https:\/\/www.campingsosflores.com\/fr\/contactes-sos-flores\/","og_site_name":"Campeggio Villaggio Sos Flores","article_publisher":"https:\/\/www.facebook.com\/Campeggio-Villaggio-Sos-Flores-163331700496181\/","article_modified_time":"2026-03-11T11:48:43+00:00","twitter_card":"summary_large_image","twitter_misc":{"Dur\u00e9e de lecture estim\u00e9e":"2 minutes"},"schema":{"@context":"https:\/\/schema.org","@graph":[{"@type":"WebPage","@id":"https:\/\/www.campingsosflores.com\/fr\/contactes-sos-flores\/","url":"https:\/\/www.campingsosflores.com\/fr\/contactes-sos-flores\/","name":"Contacts Camping Village Sos Flores, Camping Village Sardaigne","isPartOf":{"@id":"https:\/\/www.campingsosflores.com\/fr\/#website"},"datePublished":"2017-05-12T14:17:10+00:00","dateModified":"2026-03-11T11:48:43+00:00","description":"Contactez Le Camping Village Sos Flores et r\u00e9servez vos vacances en Sardaigne. Demandez des informations sur le camping village.","breadcrumb":{"@id":"https:\/\/www.campingsosflores.com\/fr\/contactes-sos-flores\/#breadcrumb"},"inLanguage":"fr-FR","potentialAction":[{"@type":"ReadAction","target":["https:\/\/www.campingsosflores.com\/fr\/contactes-sos-flores\/"]}]},{"@type":"BreadcrumbList","@id":"https:\/\/www.campingsosflores.com\/fr\/contactes-sos-flores\/#breadcrumb","itemListElement":[{"@type":"ListItem","position":1,"name":"Home","item":"https:\/\/www.campingsosflores.com\/fr\/"},{"@type":"ListItem","position":2,"name":"Contacts"}]},{"@type":"WebSite","@id":"https:\/\/www.campingsosflores.com\/fr\/#website","url":"https:\/\/www.campingsosflores.com\/fr\/","name":"Campeggio Villaggio Sos Flores","description":"Campeggio Villaggio in Sardegna sul Mare","potentialAction":[{"@type":"SearchAction","target":{"@type":"EntryPoint","urlTemplate":"https:\/\/www.campingsosflores.com\/fr\/?s={search_term_string}"},"query-input":"required name=search_term_string"}],"inLanguage":"fr-FR"}]}},"_links":{"self":[{"href":"https:\/\/www.campingsosflores.com\/fr\/wp-json\/wp\/v2\/pages\/1714","targetHints":{"allow":["GET"]}}],"collection":[{"href":"https:\/\/www.campingsosflores.com\/fr\/wp-json\/wp\/v2\/pages"}],"about":[{"href":"https:\/\/www.campingsosflores.com\/fr\/wp-json\/wp\/v2\/types\/page"}],"author":[{"embeddable":true,"href":"https:\/\/www.campingsosflores.com\/fr\/wp-json\/wp\/v2\/users\/1"}],"replies":[{"embeddable":true,"href":"https:\/\/www.campingsosflores.com\/fr\/wp-json\/wp\/v2\/comments?post=1714"}],"version-history":[{"count":13,"href":"https:\/\/www.campingsosflores.com\/fr\/wp-json\/wp\/v2\/pages\/1714\/revisions"}],"predecessor-version":[{"id":10319,"href":"https:\/\/www.campingsosflores.com\/fr\/wp-json\/wp\/v2\/pages\/1714\/revisions\/10319"}],"wp:attachment":[{"href":"https:\/\/www.campingsosflores.com\/fr\/wp-json\/wp\/v2\/media?parent=1714"}],"curies":[{"name":"wp","href":"https:\/\/api.w.org\/{rel}","templated":true}]}}