{"id":1695,"date":"2017-05-12T15:01:13","date_gmt":"2017-05-12T14:01:13","guid":{"rendered":"http:\/\/www.campingsosflores.com\/fr\/?page_id=1695"},"modified":"2023-04-15T09:13:04","modified_gmt":"2023-04-15T08:13:04","slug":"agritourisme-tortoli","status":"publish","type":"page","link":"https:\/\/www.campingsosflores.com\/fr\/agritourisme-tortoli\/","title":{"rendered":"Agritourisme"},"content":{"rendered":"<div class=\"wpb-content-wrapper\"><p>[vc_row][vc_column][vc_single_image image=\u00a0\u00bb2616&Prime; alignment=\u00a0\u00bbcenter\u00a0\u00bb][\/vc_column][\/vc_row][vc_row type=\u00a0\u00bbvc_default\u00a0\u00bb][vc_column]<blockquote class=\"text-big shortcode-blockquote\"><p>L&rsquo;h\u00e9bergement est situ\u00e9e dans une plantation d&rsquo;agrumes qui s&rsquo;\u00e9tend sur une quinzaine d&rsquo;hectares entre le village de Tortol\u00ec, le quartier d&rsquo;Arbatax (tous deux situ\u00e9s \u00e0 environ 2 km) et la mer, qui n&rsquo;est qu&rsquo;\u00e0 quelques centaines de m\u00e8tres. <strong>L&rsquo;agritourisme Su Canonigu<\/strong> est accessible depuis Sos Flores par un chemin interne que l&rsquo;on peut parcourir \u00e0 pied ou \u00e0 v\u00e9lo, ou par la route normale en voiture.<\/p>\n<p>Toutes les chambres sont \u00e9quip\u00e9es de toilettes, d&rsquo;une t\u00e9l\u00e9vision, de l&rsquo;air conditionn\u00e9, d&rsquo;un minibar, d&rsquo;un t\u00e9l\u00e9phone et d&rsquo;un interphone. Les balcons donnent sur la campagne et le jardin environnant.<\/p>\n<p>La salle est confortable et spacieuse. Nous organisons des conf\u00e9rences et des c\u00e9r\u00e9monies sur demande. Dans le restaurant, vous pourrez d\u00e9guster les plats typiques de la tradition de l&rsquo;Ogliastra. Des soir\u00e9es avec des menus fixes de viande ou de poisson sont organis\u00e9es de temps en temps.<\/p>\n<p>Il est possible d&rsquo;acheter des sp\u00e9cialit\u00e9s telles que des confitures, de l&rsquo;huile, du miel et des conserves pr\u00e9par\u00e9es avec des ingr\u00e9dients frais et authentiques dans nos ateliers. Un bar est attenant au restaurant pour la commodit\u00e9 des clients<\/p>\n<p>La piscine est \u00e9quip\u00e9e d&rsquo;un syst\u00e8me d&rsquo;hydromassage, de douches et de services annexes.<\/p>\n<\/blockquote>[vc_row_inner][vc_column_inner][vc_empty_space]<div class=\" ubtn-ctn-center \"><a class=\"ubtn-link ult-adjust-bottom-margin ubtn-center ubtn-custom \" href=\"http:\/\/www.sucanonigu.it\/\" target=\"_blank\" rel=\"noopener\" ><button type=\"button\" id=\"ubtn-8243\"  class=\"ubtn ult-adjust-bottom-margin ult-responsive ubtn-custom ubtn-fade-bg  none  ubtn-center   tooltip-69e51e89116a6\"  data-hover=\"#006aff\" data-border-color=\"#006aff\" data-bg=\"#006aff\" data-hover-bg=\"#ffffff\" data-border-hover=\"#006aff\" data-shadow-hover=\"\" data-shadow-click=\"none\" data-shadow=\"\" data-shd-shadow=\"\"  data-ultimate-target='#ubtn-8243'  data-responsive-json-new='{\"font-size\":\"desktop:18px;\",\"line-height\":\"\"}'  style=\"font-weight:bold;width:250px;min-height:50px;padding:px px;border-radius:25px;border-width:3px;border-color:#006aff;border-style:solid;background: #006aff;color: #ffffff;\"><span class=\"ubtn-hover\" style=\"background-color:#ffffff\"><\/span><span class=\"ubtn-data ubtn-text \" >Aller sur le site<\/span><\/button><\/a><\/div>[\/vc_column_inner][\/vc_row_inner][vc_empty_space][\/vc_column][\/vc_row][vc_row][vc_column][rev_slider_vc alias=\u00a0\u00bbagriturismo\u00a0\u00bb][\/vc_column][\/vc_row]<\/p>\n<\/div>","protected":false},"excerpt":{"rendered":"<p>[vc_row][vc_column][vc_single_image image=\u00a0\u00bb2616&Prime; alignment=\u00a0\u00bbcenter\u00a0\u00bb][\/vc_column][\/vc_row][vc_row type=\u00a0\u00bbvc_default\u00a0\u00bb][vc_column][vc_row_inner][vc_column_inner][vc_empty_space][\/vc_column_inner][\/vc_row_inner][vc_empty_space][\/vc_column][\/vc_row][vc_row][vc_column][rev_slider_vc alias=\u00a0\u00bbagriturismo\u00a0\u00bb][\/vc_column][\/vc_row]<\/p>\n","protected":false},"author":1,"featured_media":0,"parent":0,"menu_order":1,"comment_status":"closed","ping_status":"closed","template":"","meta":{"footnotes":""},"class_list":["post-1695","page","type-page","status-publish","hentry","description-off"],"yoast_head":"<!-- This site is optimized with the Yoast SEO plugin v19.13 - https:\/\/yoast.com\/wordpress\/plugins\/seo\/ -->\n<title>Agritourisme Su Canonigu Tortol\u00ec Arbatax, vacances en Sardaigne sur la Mer<\/title>\n<meta name=\"description\" content=\"L&#039;Agriturismo Su Canonigu, situ\u00e9 entre Tortol\u00ec et Arbatax, vous propose des vacances en pleine nature. Il se trouve \u00e0 quelques centaines de m\u00e8tres de la mer et dispose d&#039;une piscine et d&#039;un restaurant.\" \/>\n<meta name=\"robots\" content=\"index, follow, max-snippet:-1, max-image-preview:large, max-video-preview:-1\" \/>\n<link rel=\"canonical\" href=\"https:\/\/www.campingsosflores.com\/fr\/agritourisme-tortoli\/\" \/>\n<meta property=\"og:locale\" content=\"fr_FR\" \/>\n<meta property=\"og:type\" content=\"article\" \/>\n<meta property=\"og:title\" content=\"Agritourisme Su Canonigu Tortol\u00ec Arbatax, vacances en Sardaigne sur la Mer\" \/>\n<meta property=\"og:description\" content=\"L&#039;Agriturismo Su Canonigu, situ\u00e9 entre Tortol\u00ec et Arbatax, vous propose des vacances en pleine nature. Il se trouve \u00e0 quelques centaines de m\u00e8tres de la mer et dispose d&#039;une piscine et d&#039;un restaurant.\" \/>\n<meta property=\"og:url\" content=\"https:\/\/www.campingsosflores.com\/fr\/agritourisme-tortoli\/\" \/>\n<meta property=\"og:site_name\" content=\"Campeggio Villaggio Sos Flores\" \/>\n<meta property=\"article:publisher\" content=\"https:\/\/www.facebook.com\/Campeggio-Villaggio-Sos-Flores-163331700496181\/\" \/>\n<meta property=\"article:modified_time\" content=\"2023-04-15T08:13:04+00:00\" \/>\n<meta name=\"twitter:card\" content=\"summary_large_image\" \/>\n<meta name=\"twitter:label1\" content=\"Dur\u00e9e de lecture estim\u00e9e\" \/>\n\t<meta name=\"twitter:data1\" content=\"2 minutes\" \/>\n<script type=\"application\/ld+json\" class=\"yoast-schema-graph\">{\"@context\":\"https:\/\/schema.org\",\"@graph\":[{\"@type\":\"WebPage\",\"@id\":\"https:\/\/www.campingsosflores.com\/fr\/agritourisme-tortoli\/\",\"url\":\"https:\/\/www.campingsosflores.com\/fr\/agritourisme-tortoli\/\",\"name\":\"Agritourisme Su Canonigu Tortol\u00ec Arbatax, vacances en Sardaigne sur la Mer\",\"isPartOf\":{\"@id\":\"https:\/\/www.campingsosflores.com\/fr\/#website\"},\"datePublished\":\"2017-05-12T14:01:13+00:00\",\"dateModified\":\"2023-04-15T08:13:04+00:00\",\"description\":\"L'Agriturismo Su Canonigu, situ\u00e9 entre Tortol\u00ec et Arbatax, vous propose des vacances en pleine nature. Il se trouve \u00e0 quelques centaines de m\u00e8tres de la mer et dispose d'une piscine et d'un restaurant.\",\"breadcrumb\":{\"@id\":\"https:\/\/www.campingsosflores.com\/fr\/agritourisme-tortoli\/#breadcrumb\"},\"inLanguage\":\"fr-FR\",\"potentialAction\":[{\"@type\":\"ReadAction\",\"target\":[\"https:\/\/www.campingsosflores.com\/fr\/agritourisme-tortoli\/\"]}]},{\"@type\":\"BreadcrumbList\",\"@id\":\"https:\/\/www.campingsosflores.com\/fr\/agritourisme-tortoli\/#breadcrumb\",\"itemListElement\":[{\"@type\":\"ListItem\",\"position\":1,\"name\":\"Home\",\"item\":\"https:\/\/www.campingsosflores.com\/fr\/\"},{\"@type\":\"ListItem\",\"position\":2,\"name\":\"Agritourisme\"}]},{\"@type\":\"WebSite\",\"@id\":\"https:\/\/www.campingsosflores.com\/fr\/#website\",\"url\":\"https:\/\/www.campingsosflores.com\/fr\/\",\"name\":\"Campeggio Villaggio Sos Flores\",\"description\":\"Campeggio Villaggio in Sardegna sul Mare\",\"potentialAction\":[{\"@type\":\"SearchAction\",\"target\":{\"@type\":\"EntryPoint\",\"urlTemplate\":\"https:\/\/www.campingsosflores.com\/fr\/?s={search_term_string}\"},\"query-input\":\"required name=search_term_string\"}],\"inLanguage\":\"fr-FR\"}]}<\/script>\n<!-- \/ Yoast SEO plugin. -->","yoast_head_json":{"title":"Agritourisme Su Canonigu Tortol\u00ec Arbatax, vacances en Sardaigne sur la Mer","description":"L'Agriturismo Su Canonigu, situ\u00e9 entre Tortol\u00ec et Arbatax, vous propose des vacances en pleine nature. Il se trouve \u00e0 quelques centaines de m\u00e8tres de la mer et dispose d'une piscine et d'un restaurant.","robots":{"index":"index","follow":"follow","max-snippet":"max-snippet:-1","max-image-preview":"max-image-preview:large","max-video-preview":"max-video-preview:-1"},"canonical":"https:\/\/www.campingsosflores.com\/fr\/agritourisme-tortoli\/","og_locale":"fr_FR","og_type":"article","og_title":"Agritourisme Su Canonigu Tortol\u00ec Arbatax, vacances en Sardaigne sur la Mer","og_description":"L'Agriturismo Su Canonigu, situ\u00e9 entre Tortol\u00ec et Arbatax, vous propose des vacances en pleine nature. Il se trouve \u00e0 quelques centaines de m\u00e8tres de la mer et dispose d'une piscine et d'un restaurant.","og_url":"https:\/\/www.campingsosflores.com\/fr\/agritourisme-tortoli\/","og_site_name":"Campeggio Villaggio Sos Flores","article_publisher":"https:\/\/www.facebook.com\/Campeggio-Villaggio-Sos-Flores-163331700496181\/","article_modified_time":"2023-04-15T08:13:04+00:00","twitter_card":"summary_large_image","twitter_misc":{"Dur\u00e9e de lecture estim\u00e9e":"2 minutes"},"schema":{"@context":"https:\/\/schema.org","@graph":[{"@type":"WebPage","@id":"https:\/\/www.campingsosflores.com\/fr\/agritourisme-tortoli\/","url":"https:\/\/www.campingsosflores.com\/fr\/agritourisme-tortoli\/","name":"Agritourisme Su Canonigu Tortol\u00ec Arbatax, vacances en Sardaigne sur la Mer","isPartOf":{"@id":"https:\/\/www.campingsosflores.com\/fr\/#website"},"datePublished":"2017-05-12T14:01:13+00:00","dateModified":"2023-04-15T08:13:04+00:00","description":"L'Agriturismo Su Canonigu, situ\u00e9 entre Tortol\u00ec et Arbatax, vous propose des vacances en pleine nature. Il se trouve \u00e0 quelques centaines de m\u00e8tres de la mer et dispose d'une piscine et d'un restaurant.","breadcrumb":{"@id":"https:\/\/www.campingsosflores.com\/fr\/agritourisme-tortoli\/#breadcrumb"},"inLanguage":"fr-FR","potentialAction":[{"@type":"ReadAction","target":["https:\/\/www.campingsosflores.com\/fr\/agritourisme-tortoli\/"]}]},{"@type":"BreadcrumbList","@id":"https:\/\/www.campingsosflores.com\/fr\/agritourisme-tortoli\/#breadcrumb","itemListElement":[{"@type":"ListItem","position":1,"name":"Home","item":"https:\/\/www.campingsosflores.com\/fr\/"},{"@type":"ListItem","position":2,"name":"Agritourisme"}]},{"@type":"WebSite","@id":"https:\/\/www.campingsosflores.com\/fr\/#website","url":"https:\/\/www.campingsosflores.com\/fr\/","name":"Campeggio Villaggio Sos Flores","description":"Campeggio Villaggio in Sardegna sul Mare","potentialAction":[{"@type":"SearchAction","target":{"@type":"EntryPoint","urlTemplate":"https:\/\/www.campingsosflores.com\/fr\/?s={search_term_string}"},"query-input":"required name=search_term_string"}],"inLanguage":"fr-FR"}]}},"_links":{"self":[{"href":"https:\/\/www.campingsosflores.com\/fr\/wp-json\/wp\/v2\/pages\/1695","targetHints":{"allow":["GET"]}}],"collection":[{"href":"https:\/\/www.campingsosflores.com\/fr\/wp-json\/wp\/v2\/pages"}],"about":[{"href":"https:\/\/www.campingsosflores.com\/fr\/wp-json\/wp\/v2\/types\/page"}],"author":[{"embeddable":true,"href":"https:\/\/www.campingsosflores.com\/fr\/wp-json\/wp\/v2\/users\/1"}],"replies":[{"embeddable":true,"href":"https:\/\/www.campingsosflores.com\/fr\/wp-json\/wp\/v2\/comments?post=1695"}],"version-history":[{"count":6,"href":"https:\/\/www.campingsosflores.com\/fr\/wp-json\/wp\/v2\/pages\/1695\/revisions"}],"predecessor-version":[{"id":7866,"href":"https:\/\/www.campingsosflores.com\/fr\/wp-json\/wp\/v2\/pages\/1695\/revisions\/7866"}],"wp:attachment":[{"href":"https:\/\/www.campingsosflores.com\/fr\/wp-json\/wp\/v2\/media?parent=1695"}],"curies":[{"name":"wp","href":"https:\/\/api.w.org\/{rel}","templated":true}]}}