{"id":1686,"date":"2017-05-12T14:53:25","date_gmt":"2017-05-12T13:53:25","guid":{"rendered":"http:\/\/www.campingsosflores.com\/fr\/?page_id=1686"},"modified":"2026-02-25T15:28:49","modified_gmt":"2026-02-25T14:28:49","slug":"vacances-en-sardaigne","status":"publish","type":"page","link":"https:\/\/www.campingsosflores.com\/fr\/vacances-en-sardaigne\/","title":{"rendered":"Services"},"content":{"rendered":"<div class=\"wpb-content-wrapper\"><p>[vc_row type=\u00a0\u00bbvc_default\u00a0\u00bb full_width=\u00a0\u00bbstretch_row_content_no_spaces\u00a0\u00bb][vc_column][vc_raw_html]JTIwJTIwJTNDZGl2JTIwaWQlM0QlMjJib29raW5nZXhwZXJ0JTIyJTNFJTBBJTIwJTIwJTIwJTIwJTIwJTIwJTIwJTIwJTIwJTIwJTIwJTIwJTNDZGl2JTIwaWQlM0QlMjJzZWFyY2hib3glMjIlMjBjbGFzcyUzRCUyMmJhcnJhcmljZXJjYSUyMiUzRSUzQyUyRmRpdiUzRSUwQSUyMCUyMCUyMCUyMCUyMCUyMCUyMCUyMCUzQyUyRmRpdiUzRQ==[\/vc_raw_html][vc_raw_js]JTIwJTIwJTIwJTIwJTIwJTIwJTIwJTNDc2NyaXB0JTIwc3JjJTNEJTIyaHR0cHMlM0ElMkYlMkZiZS5ib29raW5nZXhwZXJ0Lml0JTJGYm9vayUyRndlYnNpdGVzJTJGc2VhcmNoYm94JTNGaG90ZWwlM0QyMjQzNCUyNmFtcCUzQmxhbmclM0RmciUyMiUzRSUzQyUyRnNjcmlwdCUzRSUwQSUyMCUyMCUyMCUyMCUyMCUyMCUyMCUyMCUzQ3NjcmlwdCUzRWl0LmJvb2tpbmdleHBlcnQuU2VhcmNoQm94LmxvYWQlMjglMjdzZWFyY2hib3glMjclMkMlMjAlMjdEZWZhdWx0JTI3JTI5JTNCJTNDJTJGc2NyaXB0JTNF[\/vc_raw_js][\/vc_column][\/vc_row][vc_row][vc_column][vc_empty_space][\/vc_column][\/vc_row][vc_row][vc_column][vc_separator color=\u00a0\u00bbcustom\u00a0\u00bb border_width=\u00a0\u00bb2&Prime; accent_color=\u00a0\u00bb#348bfe\u00a0\u00bb][\/vc_column][\/vc_row][vc_row][vc_column width=\u00a0\u00bb1\/3&Prime;][vc_single_image image=\u00a0\u00bb3405&Prime; img_size=\u00a0\u00bb64&#215;64&Prime; alignment=\u00a0\u00bbcenter\u00a0\u00bb]<div class=\"dt-fancy-separator h3-size style-disabled accent-title-color\" style=\"width: 100%;\"><div class=\"dt-fancy-title\"><span class=\"separator-holder separator-left\"><\/span>Restauration<span class=\"separator-holder separator-right\"><\/span><\/div><\/div>[vc_custom_heading text=\u00a0\u00bb16\/05-15\/10&Prime; font_container=\u00a0\u00bbtag:h4|text_align:center\u00a0\u00bb use_theme_fonts=\u00a0\u00bbyes\u00a0\u00bb][vc_empty_space][vc_column_text]<\/p>\n<h5 style=\"text-align: center;\">Chez nous, vous pourrez d\u00e9guster une savoureuse pizza cuite au four \u00e0 bois et les sp\u00e9cialit\u00e9s culinaires d\u2018Ogliastra? Le Restaurant est ouvert pour le d\u00e9jeuner et le d\u00eener, m\u00eame en basse saison. Il accueille les clients dans une grande salle \u00e0 manger et sur une terrasse toute neuve.<\/h5>\n<p>[\/vc_column_text]<div class=\" ubtn-ctn-center \"><a class=\"ubtn-link ult-adjust-bottom-margin ubtn-center ubtn-mini \" href=\"http:\/\/www.campingsosflores.com\/fr\/restaurant-village-tortoli\/\" ><button type=\"button\" id=\"ubtn-4056\"  class=\"ubtn ult-adjust-bottom-margin ult-responsive ubtn-mini ubtn-no-hover-bg  none  ubtn-center   tooltip-69e767e22b298\"  data-hover=\"#348bfe\" data-border-color=\"#ffffff\" data-bg=\"#348bfe\" data-hover-bg=\"#ffffff\" data-border-hover=\"#348bfe\" data-shadow-hover=\"\" data-shadow-click=\"none\" data-shadow=\"\" data-shd-shadow=\"\"  data-ultimate-target='#ubtn-4056'  data-responsive-json-new='{\"font-size\":\"desktop:17px;\",\"line-height\":\"\"}'  style=\"font-weight:normal;border-radius:18px;border-width:2px;border-color:#ffffff;border-style:solid;background: #348bfe;color: #ffffff;\"><span class=\"ubtn-hover\" style=\"background-color:#ffffff\"><\/span><span class=\"ubtn-data ubtn-text \" >D\u00c8COUVRE<\/span><\/button><\/a><\/div>[vc_empty_space][\/vc_column][vc_column width=\u00a0\u00bb1\/3&Prime;][vc_single_image image=\u00a0\u00bb3373&Prime; img_size=\u00a0\u00bb64&#215;64&Prime; alignment=\u00a0\u00bbcenter\u00a0\u00bb]<div class=\"dt-fancy-separator h3-size style-disabled accent-title-color\" style=\"width: 100%;\"><div class=\"dt-fancy-title\"><span class=\"separator-holder separator-left\"><\/span>Plage<span class=\"separator-holder separator-right\"><\/span><\/div><\/div>[vc_custom_heading text=\u00a0\u00bb15\/06-06\/09&Prime; font_container=\u00a0\u00bbtag:h4|text_align:center\u00a0\u00bb use_theme_fonts=\u00a0\u00bbyes\u00a0\u00bb][vc_empty_space][vc_column_text]<\/p>\n<h5 style=\"text-align: center;\">Le camping Sos Flores Village est bord\u00e9 par la merveilleuse plage de San Gemiliano. L\u2019acc\u00e8s \u00e0 la plage se fait par chacune de ses extr\u00e9mit\u00e9s. Les campeurs peuvent ainsi \u00e9viter la foule, m\u00eame en haute saison. La mer, transparente, est particuli\u00e8rement propre.<\/h5>\n<p>[\/vc_column_text]<div class=\" ubtn-ctn-center \"><a class=\"ubtn-link ult-adjust-bottom-margin ubtn-center ubtn-mini \" href=\"http:\/\/www.campingsosflores.com\/fr\/plage-tortoli\/\" ><button type=\"button\" id=\"ubtn-2880\"  class=\"ubtn ult-adjust-bottom-margin ult-responsive ubtn-mini ubtn-no-hover-bg  none  ubtn-center   tooltip-69e767e22b3c0\"  data-hover=\"#348bfe\" data-border-color=\"#ffffff\" data-bg=\"#348bfe\" data-hover-bg=\"#ffffff\" data-border-hover=\"#348bfe\" data-shadow-hover=\"\" data-shadow-click=\"none\" data-shadow=\"\" data-shd-shadow=\"\"  data-ultimate-target='#ubtn-2880'  data-responsive-json-new='{\"font-size\":\"desktop:17px;\",\"line-height\":\"\"}'  style=\"font-weight:normal;border-radius:18px;border-width:2px;border-color:#ffffff;border-style:solid;background: #348bfe;color: #ffffff;\"><span class=\"ubtn-hover\" style=\"background-color:#ffffff\"><\/span><span class=\"ubtn-data ubtn-text \" >D\u00c8COUVRE<\/span><\/button><\/a><\/div>[vc_empty_space][\/vc_column][vc_column width=\u00a0\u00bb1\/3&Prime;][vc_single_image image=\u00a0\u00bb3385&Prime; img_size=\u00a0\u00bb64&#215;64&Prime; alignment=\u00a0\u00bbcenter\u00a0\u00bb]<div class=\"dt-fancy-separator h3-size style-disabled accent-title-color\" style=\"width: 100%;\"><div class=\"dt-fancy-title\"><span class=\"separator-holder separator-left\"><\/span>Divertissements<span class=\"separator-holder separator-right\"><\/span><\/div><\/div>[vc_custom_heading text=\u00a0\u00bb15\/06-06\/09&Prime; font_container=\u00a0\u00bbtag:h4|text_align:center\u00a0\u00bb use_theme_fonts=\u00a0\u00bbyes\u00a0\u00bb][vc_empty_space][vc_column_text]<\/p>\n<h5 style=\"text-align: center;\">Au camping Sos Flores Village, le divertissement est confi\u00e9 \u00e0 des professionnels. Au Mini Club, vos enfants profiteront d\u2019un large \u00e9ventail d\u2019activit\u00e9s sous la surveillance d\u2019une \u00e9quipe d\u00e9di\u00e9e. Notre programme comprend de nombreuses activit\u00e9s pour tous les go\u00fbts, et m\u00eame des cours de danse.<\/h5>\n<p>[\/vc_column_text]<div class=\" ubtn-ctn-center \"><a class=\"ubtn-link ult-adjust-bottom-margin ubtn-center ubtn-mini \" href=\"http:\/\/www.campingsosflores.com\/fr\/animation-village-sardaigne\/\" ><button type=\"button\" id=\"ubtn-6462\"  class=\"ubtn ult-adjust-bottom-margin ult-responsive ubtn-mini ubtn-no-hover-bg  none  ubtn-center   tooltip-69e767e22b442\"  data-hover=\"#348bfe\" data-border-color=\"#ffffff\" data-bg=\"#348bfe\" data-hover-bg=\"#ffffff\" data-border-hover=\"#348bfe\" data-shadow-hover=\"\" data-shadow-click=\"none\" data-shadow=\"\" data-shd-shadow=\"\"  data-ultimate-target='#ubtn-6462'  data-responsive-json-new='{\"font-size\":\"desktop:17px;\",\"line-height\":\"\"}'  style=\"font-weight:normal;border-radius:18px;border-width:2px;border-color:#ffffff;border-style:solid;background: #348bfe;color: #ffffff;\"><span class=\"ubtn-hover\" style=\"background-color:#ffffff\"><\/span><span class=\"ubtn-data ubtn-text \" >D\u00c8COUVRE<\/span><\/button><\/a><\/div>[vc_empty_space][\/vc_column][\/vc_row][vc_row][vc_column][vc_separator color=\u00a0\u00bbcustom\u00a0\u00bb border_width=\u00a0\u00bb2&Prime; accent_color=\u00a0\u00bb#348bfe\u00a0\u00bb][\/vc_column][\/vc_row][vc_row][vc_column width=\u00a0\u00bb1\/3&Prime;][vc_single_image image=\u00a0\u00bb3393&Prime; img_size=\u00a0\u00bb64&#215;64&Prime; alignment=\u00a0\u00bbcenter\u00a0\u00bb]<div class=\"dt-fancy-separator h3-size style-disabled accent-title-color\" style=\"width: 100%;\"><div class=\"dt-fancy-title\"><span class=\"separator-holder separator-left\"><\/span>Excursions<span class=\"separator-holder separator-right\"><\/span><\/div><\/div>[vc_custom_heading text=\u00a0\u00bb01\/05-25\/10&Prime; font_container=\u00a0\u00bbtag:h4|text_align:center\u00a0\u00bb use_theme_fonts=\u00a0\u00bbyes\u00a0\u00bb][vc_empty_space][vc_column_text]<\/p>\n<h5 style=\"text-align: center;\">La r\u00e9gion d\u2019Ogliastra, sauvage et pr\u00e9serv\u00e9e, compte parmi les plus belles plages d\u2019Italie et de nombreuses attractions dans l\u2019arri\u00e8re-pays. N\u2019h\u00e9sitez pas \u00e0 vous adresser \u00e0 notre R\u00e9ception pour b\u00e9n\u00e9ficier de tarifs r\u00e9duits sur nos excursions.<\/h5>\n<p>[\/vc_column_text]<div class=\" ubtn-ctn-center \"><a class=\"ubtn-link ult-adjust-bottom-margin ubtn-center ubtn-mini \" href=\"http:\/\/www.campingsosflores.com\/fr\/decouvrez-ogliastra\/\" ><button type=\"button\" id=\"ubtn-8862\"  class=\"ubtn ult-adjust-bottom-margin ult-responsive ubtn-mini ubtn-no-hover-bg  none  ubtn-center   tooltip-69e767e22b500\"  data-hover=\"#348bfe\" data-border-color=\"#ffffff\" data-bg=\"#348bfe\" data-hover-bg=\"#ffffff\" data-border-hover=\"#348bfe\" data-shadow-hover=\"\" data-shadow-click=\"none\" data-shadow=\"\" data-shd-shadow=\"\"  data-ultimate-target='#ubtn-8862'  data-responsive-json-new='{\"font-size\":\"desktop:17px;\",\"line-height\":\"\"}'  style=\"font-weight:normal;border-radius:18px;border-width:2px;border-color:#ffffff;border-style:solid;background: #348bfe;color: #ffffff;\"><span class=\"ubtn-hover\" style=\"background-color:#ffffff\"><\/span><span class=\"ubtn-data ubtn-text \" >D\u00c8COUVRE<\/span><\/button><\/a><\/div>[vc_empty_space][\/vc_column][vc_column width=\u00a0\u00bb1\/3&Prime;][vc_single_image image=\u00a0\u00bb3377&Prime; img_size=\u00a0\u00bb64&#215;64&Prime; alignment=\u00a0\u00bbcenter\u00a0\u00bb]<div class=\"dt-fancy-separator h3-size style-disabled accent-title-color\" style=\"width: 100%;\"><div class=\"dt-fancy-title\"><span class=\"separator-holder separator-left\"><\/span>Spectacles<span class=\"separator-holder separator-right\"><\/span><\/div><\/div>[vc_custom_heading text=\u00a0\u00bb01\/07-31\/08&Prime; font_container=\u00a0\u00bbtag:h4|text_align:center\u00a0\u00bb use_theme_fonts=\u00a0\u00bbyes\u00a0\u00bb][vc_empty_space][vc_column_text]<\/p>\n<h5 style=\"text-align: center;\">Les soir\u00e9es au camping Sos Flores Village sont anim\u00e9es par notre \u00e9quipe. Notre th\u00e9\u00e2tre en bord de plage propose de nombreuses soir\u00e9es \u00e0 th\u00e8me\u00a0: cabaret, d\u00e9monstrations de talents et projections de films.<\/h5>\n<p>[\/vc_column_text][vc_empty_space][\/vc_column][vc_column width=\u00a0\u00bb1\/3&Prime;][vc_single_image image=\u00a0\u00bb3397&Prime; img_size=\u00a0\u00bb64&#215;64&Prime; alignment=\u00a0\u00bbcenter\u00a0\u00bb]<div class=\"dt-fancy-separator h3-size style-disabled accent-title-color\" style=\"width: 100%;\"><div class=\"dt-fancy-title\"><span class=\"separator-holder separator-left\"><\/span>Sport<span class=\"separator-holder separator-right\"><\/span><\/div><\/div>[vc_custom_heading text=\u00a0\u00bb15\/06-06\/09&Prime; font_container=\u00a0\u00bbtag:h4|text_align:center\u00a0\u00bb use_theme_fonts=\u00a0\u00bbyes\u00a0\u00bb][vc_empty_space][vc_column_text]<\/p>\n<h5 style=\"text-align: center;\">Des terrains de football \u00e0 5 et de tennis en gazon synth\u00e9tique, ainsi qu\u2019une table de ping-pong, vous attendent. Sur la plage, des terrains de beach-volley et de beach-soccer sont \u00e9galement \u00e0 disposition. La salle de sport, les cours de fitness et les tournois viennent compl\u00e9ter l\u2019offre sportive.<\/h5>\n<p>[\/vc_column_text]<div class=\" ubtn-ctn-center \"><a class=\"ubtn-link ult-adjust-bottom-margin ubtn-center ubtn-mini \" href=\"http:\/\/www.campingsosflores.com\/fr\/camping-sport-sardaigne\/\" ><button type=\"button\" id=\"ubtn-4624\"  class=\"ubtn ult-adjust-bottom-margin ult-responsive ubtn-mini ubtn-no-hover-bg  none  ubtn-center   tooltip-69e767e22b595\"  data-hover=\"#348bfe\" data-border-color=\"#ffffff\" data-bg=\"#348bfe\" data-hover-bg=\"#ffffff\" data-border-hover=\"#348bfe\" data-shadow-hover=\"\" data-shadow-click=\"none\" data-shadow=\"\" data-shd-shadow=\"\"  data-ultimate-target='#ubtn-4624'  data-responsive-json-new='{\"font-size\":\"desktop:17px;\",\"line-height\":\"\"}'  style=\"font-weight:normal;border-radius:18px;border-width:2px;border-color:#ffffff;border-style:solid;background: #348bfe;color: #ffffff;\"><span class=\"ubtn-hover\" style=\"background-color:#ffffff\"><\/span><span class=\"ubtn-data ubtn-text \" >D\u00c8COUVRE<\/span><\/button><\/a><\/div>[vc_empty_space][\/vc_column][\/vc_row][vc_row][vc_column][vc_separator color=\u00a0\u00bbcustom\u00a0\u00bb border_width=\u00a0\u00bb2&Prime; accent_color=\u00a0\u00bb#348bfe\u00a0\u00bb][\/vc_column][\/vc_row][vc_row][vc_column width=\u00a0\u00bb1\/3&Prime;][vc_single_image image=\u00a0\u00bb3381&Prime; img_size=\u00a0\u00bb64&#215;64&Prime; alignment=\u00a0\u00bbcenter\u00a0\u00bb]<div class=\"dt-fancy-separator h3-size style-disabled accent-title-color\" style=\"width: 100%;\"><div class=\"dt-fancy-title\"><span class=\"separator-holder separator-left\"><\/span>\u00c9picerie<span class=\"separator-holder separator-right\"><\/span><\/div><\/div>[vc_custom_heading text=\u00a0\u00bb01\/06-30\/09&Prime; font_container=\u00a0\u00bbtag:h4|text_align:center\u00a0\u00bb use_theme_fonts=\u00a0\u00bbyes\u00a0\u00bb][vc_empty_space][vc_column_text]<\/p>\n<h5 style=\"text-align: center;\">Notre \u00e9picerie propose les produits de base ainsi qu\u2019une large gamme de produits de qualit\u00e9, d\u2019\u00e9quipements de camping et de jeux de plage. Ouverte de juin \u00e0 septembre.<\/h5>\n<p>[\/vc_column_text][\/vc_column][vc_column width=\u00a0\u00bb1\/3&Prime;][vc_single_image image=\u00a0\u00bb3401&Prime; img_size=\u00a0\u00bb64&#215;64&Prime; alignment=\u00a0\u00bbcenter\u00a0\u00bb]<div class=\"dt-fancy-separator h3-size style-disabled accent-title-color\" style=\"width: 100%;\"><div class=\"dt-fancy-title\"><span class=\"separator-holder separator-left\"><\/span>Bar<span class=\"separator-holder separator-right\"><\/span><\/div><\/div>[vc_custom_heading text=\u00a0\u00bb16\/05-15\/10&Prime; font_container=\u00a0\u00bbtag:h4|text_align:center\u00a0\u00bb use_theme_fonts=\u00a0\u00bbyes\u00a0\u00bb][vc_empty_space][vc_column_text]<\/p>\n<h5 style=\"text-align: center;\">Le Bar central vous attend tout au long de la saison estivale avec de copieux petits-d\u00e9jeuners, des caf\u00e9s aromatiques et de d\u00e9licieux ap\u00e9ritifs. Pendant les mois les plus chauds de juillet et ao\u00fbt, nous vous accueillons \u00e9galement au Caf\u00e9-snack face \u00e0 la mer, parfait pour une pause ou un d\u00e9jeuner rapide \u00e0 quelques pas de la plage de San Gemiliano.<\/h5>\n<p>[\/vc_column_text][\/vc_column][vc_column width=\u00a0\u00bb1\/3&Prime;][vc_single_image image=\u00a0\u00bb3389&Prime; img_size=\u00a0\u00bb64&#215;64&Prime; alignment=\u00a0\u00bbcenter\u00a0\u00bb]<div class=\"dt-fancy-separator h3-size style-disabled accent-title-color\" style=\"width: 100%;\"><div class=\"dt-fancy-title\"><span class=\"separator-holder separator-left\"><\/span>Laverie<span class=\"separator-holder separator-right\"><\/span><\/div><\/div>[vc_custom_heading text=\u00a0\u00bb01\/05-25\/10&Prime; font_container=\u00a0\u00bbtag:h4|text_align:center\u00a0\u00bb use_theme_fonts=\u00a0\u00bbyes\u00a0\u00bb][vc_empty_space][vc_column_text]<\/p>\n<h5 style=\"text-align: center;\">La nouvelle laverie est \u00e9quip\u00e9e de machines \u00e0 laver de 5 et 7 kg avec un distributeur automatique de jetons. Les instructions d\u2019utilisation sont traduites en plusieurs langues.<\/h5>\n<p>[\/vc_column_text][\/vc_column][\/vc_row]<\/p>\n<\/div>","protected":false},"excerpt":{"rendered":"<p>[vc_row type=\u00a0\u00bbvc_default\u00a0\u00bb full_width=\u00a0\u00bbstretch_row_content_no_spaces\u00a0\u00bb][vc_column][vc_raw_html]JTIwJTIwJTNDZGl2JTIwaWQlM0QlMjJib29raW5nZXhwZXJ0JTIyJTNFJTBBJTIwJTIwJTIwJTIwJTIwJTIwJTIwJTIwJTIwJTIwJTIwJTIwJTNDZGl2JTIwaWQlM0QlMjJzZWFyY2hib3glMjIlMjBjbGFzcyUzRCUyMmJhcnJhcmljZXJjYSUyMiUzRSUzQyUyRmRpdiUzRSUwQSUyMCUyMCUyMCUyMCUyMCUyMCUyMCUyMCUzQyUyRmRpdiUzRQ==[\/vc_raw_html][vc_raw_js]JTIwJTIwJTIwJTIwJTIwJTIwJTIwJTNDc2NyaXB0JTIwc3JjJTNEJTIyaHR0cHMlM0ElMkYlMkZiZS5ib29raW5nZXhwZXJ0Lml0JTJGYm9vayUyRndlYnNpdGVzJTJGc2VhcmNoYm94JTNGaG90ZWwlM0QyMjQzNCUyNmFtcCUzQmxhbmclM0RmciUyMiUzRSUzQyUyRnNjcmlwdCUzRSUwQSUyMCUyMCUyMCUyMCUyMCUyMCUyMCUyMCUzQ3NjcmlwdCUzRWl0LmJvb2tpbmdleHBlcnQuU2VhcmNoQm94LmxvYWQlMjglMjdzZWFyY2hib3glMjclMkMlMjAlMjdEZWZhdWx0JTI3JTI5JTNCJTNDJTJGc2NyaXB0JTNF[\/vc_raw_js][\/vc_column][\/vc_row][vc_row][vc_column][vc_empty_space][\/vc_column][\/vc_row][vc_row][vc_column][vc_separator color=\u00a0\u00bbcustom\u00a0\u00bb border_width=\u00a0\u00bb2&Prime; accent_color=\u00a0\u00bb#348bfe\u00a0\u00bb][\/vc_column][\/vc_row][vc_row][vc_column width=\u00a0\u00bb1\/3&Prime;][vc_single_image image=\u00a0\u00bb3405&Prime; img_size=\u00a0\u00bb64&#215;64&Prime; alignment=\u00a0\u00bbcenter\u00a0\u00bb][vc_custom_heading text=\u00a0\u00bb16\/05-15\/10&Prime; font_container=\u00a0\u00bbtag:h4|text_align:center\u00a0\u00bb use_theme_fonts=\u00a0\u00bbyes\u00a0\u00bb][vc_empty_space][vc_column_text] Chez nous, vous pourrez d\u00e9guster une savoureuse pizza cuite au four \u00e0 bois et les sp\u00e9cialit\u00e9s culinaires d\u2018Ogliastra? Le Restaurant est ouvert pour le d\u00e9jeuner et le d\u00eener, m\u00eame en basse saison. Il accueille les clients dans une grande salle \u00e0 manger&hellip;<\/p>\n","protected":false},"author":1,"featured_media":0,"parent":0,"menu_order":1,"comment_status":"closed","ping_status":"closed","template":"","meta":{"footnotes":""},"class_list":["post-1686","page","type-page","status-publish","hentry","description-off"],"yoast_head":"<!-- This site is optimized with the Yoast SEO plugin v19.13 - https:\/\/yoast.com\/wordpress\/plugins\/seo\/ -->\n<title>Vacances en Sardaigne, Camping Village Tortol\u00ec avec plage, Restaurant<\/title>\n<meta name=\"description\" content=\"D\u00e9couvrez tous les services du camping village Sos Flores, le camping directement sur la mer de Sardaigne avec plage, restaurant, pizzeria, animation et sport.\" \/>\n<meta name=\"robots\" content=\"index, follow, max-snippet:-1, max-image-preview:large, max-video-preview:-1\" \/>\n<link rel=\"canonical\" href=\"https:\/\/www.campingsosflores.com\/fr\/vacances-en-sardaigne\/\" \/>\n<meta property=\"og:locale\" content=\"fr_FR\" \/>\n<meta property=\"og:type\" content=\"article\" \/>\n<meta property=\"og:title\" content=\"Vacances en Sardaigne, Camping Village Tortol\u00ec avec plage, Restaurant\" \/>\n<meta property=\"og:description\" content=\"D\u00e9couvrez tous les services du camping village Sos Flores, le camping directement sur la mer de Sardaigne avec plage, restaurant, pizzeria, animation et sport.\" \/>\n<meta property=\"og:url\" content=\"https:\/\/www.campingsosflores.com\/fr\/vacances-en-sardaigne\/\" \/>\n<meta property=\"og:site_name\" content=\"Campeggio Villaggio Sos Flores\" \/>\n<meta property=\"article:publisher\" content=\"https:\/\/www.facebook.com\/Campeggio-Villaggio-Sos-Flores-163331700496181\/\" \/>\n<meta property=\"article:modified_time\" content=\"2026-02-25T14:28:49+00:00\" \/>\n<meta name=\"twitter:card\" content=\"summary_large_image\" \/>\n<meta name=\"twitter:label1\" content=\"Dur\u00e9e de lecture estim\u00e9e\" \/>\n\t<meta name=\"twitter:data1\" content=\"4 minutes\" \/>\n<script type=\"application\/ld+json\" class=\"yoast-schema-graph\">{\"@context\":\"https:\/\/schema.org\",\"@graph\":[{\"@type\":\"WebPage\",\"@id\":\"https:\/\/www.campingsosflores.com\/fr\/vacances-en-sardaigne\/\",\"url\":\"https:\/\/www.campingsosflores.com\/fr\/vacances-en-sardaigne\/\",\"name\":\"Vacances en Sardaigne, Camping Village Tortol\u00ec avec plage, Restaurant\",\"isPartOf\":{\"@id\":\"https:\/\/www.campingsosflores.com\/fr\/#website\"},\"datePublished\":\"2017-05-12T13:53:25+00:00\",\"dateModified\":\"2026-02-25T14:28:49+00:00\",\"description\":\"D\u00e9couvrez tous les services du camping village Sos Flores, le camping directement sur la mer de Sardaigne avec plage, restaurant, pizzeria, animation et sport.\",\"breadcrumb\":{\"@id\":\"https:\/\/www.campingsosflores.com\/fr\/vacances-en-sardaigne\/#breadcrumb\"},\"inLanguage\":\"fr-FR\",\"potentialAction\":[{\"@type\":\"ReadAction\",\"target\":[\"https:\/\/www.campingsosflores.com\/fr\/vacances-en-sardaigne\/\"]}]},{\"@type\":\"BreadcrumbList\",\"@id\":\"https:\/\/www.campingsosflores.com\/fr\/vacances-en-sardaigne\/#breadcrumb\",\"itemListElement\":[{\"@type\":\"ListItem\",\"position\":1,\"name\":\"Home\",\"item\":\"https:\/\/www.campingsosflores.com\/fr\/\"},{\"@type\":\"ListItem\",\"position\":2,\"name\":\"Services\"}]},{\"@type\":\"WebSite\",\"@id\":\"https:\/\/www.campingsosflores.com\/fr\/#website\",\"url\":\"https:\/\/www.campingsosflores.com\/fr\/\",\"name\":\"Campeggio Villaggio Sos Flores\",\"description\":\"Campeggio Villaggio in Sardegna sul Mare\",\"potentialAction\":[{\"@type\":\"SearchAction\",\"target\":{\"@type\":\"EntryPoint\",\"urlTemplate\":\"https:\/\/www.campingsosflores.com\/fr\/?s={search_term_string}\"},\"query-input\":\"required name=search_term_string\"}],\"inLanguage\":\"fr-FR\"}]}<\/script>\n<!-- \/ Yoast SEO plugin. -->","yoast_head_json":{"title":"Vacances en Sardaigne, Camping Village Tortol\u00ec avec plage, Restaurant","description":"D\u00e9couvrez tous les services du camping village Sos Flores, le camping directement sur la mer de Sardaigne avec plage, restaurant, pizzeria, animation et sport.","robots":{"index":"index","follow":"follow","max-snippet":"max-snippet:-1","max-image-preview":"max-image-preview:large","max-video-preview":"max-video-preview:-1"},"canonical":"https:\/\/www.campingsosflores.com\/fr\/vacances-en-sardaigne\/","og_locale":"fr_FR","og_type":"article","og_title":"Vacances en Sardaigne, Camping Village Tortol\u00ec avec plage, Restaurant","og_description":"D\u00e9couvrez tous les services du camping village Sos Flores, le camping directement sur la mer de Sardaigne avec plage, restaurant, pizzeria, animation et sport.","og_url":"https:\/\/www.campingsosflores.com\/fr\/vacances-en-sardaigne\/","og_site_name":"Campeggio Villaggio Sos Flores","article_publisher":"https:\/\/www.facebook.com\/Campeggio-Villaggio-Sos-Flores-163331700496181\/","article_modified_time":"2026-02-25T14:28:49+00:00","twitter_card":"summary_large_image","twitter_misc":{"Dur\u00e9e de lecture estim\u00e9e":"4 minutes"},"schema":{"@context":"https:\/\/schema.org","@graph":[{"@type":"WebPage","@id":"https:\/\/www.campingsosflores.com\/fr\/vacances-en-sardaigne\/","url":"https:\/\/www.campingsosflores.com\/fr\/vacances-en-sardaigne\/","name":"Vacances en Sardaigne, Camping Village Tortol\u00ec avec plage, Restaurant","isPartOf":{"@id":"https:\/\/www.campingsosflores.com\/fr\/#website"},"datePublished":"2017-05-12T13:53:25+00:00","dateModified":"2026-02-25T14:28:49+00:00","description":"D\u00e9couvrez tous les services du camping village Sos Flores, le camping directement sur la mer de Sardaigne avec plage, restaurant, pizzeria, animation et sport.","breadcrumb":{"@id":"https:\/\/www.campingsosflores.com\/fr\/vacances-en-sardaigne\/#breadcrumb"},"inLanguage":"fr-FR","potentialAction":[{"@type":"ReadAction","target":["https:\/\/www.campingsosflores.com\/fr\/vacances-en-sardaigne\/"]}]},{"@type":"BreadcrumbList","@id":"https:\/\/www.campingsosflores.com\/fr\/vacances-en-sardaigne\/#breadcrumb","itemListElement":[{"@type":"ListItem","position":1,"name":"Home","item":"https:\/\/www.campingsosflores.com\/fr\/"},{"@type":"ListItem","position":2,"name":"Services"}]},{"@type":"WebSite","@id":"https:\/\/www.campingsosflores.com\/fr\/#website","url":"https:\/\/www.campingsosflores.com\/fr\/","name":"Campeggio Villaggio Sos Flores","description":"Campeggio Villaggio in Sardegna sul Mare","potentialAction":[{"@type":"SearchAction","target":{"@type":"EntryPoint","urlTemplate":"https:\/\/www.campingsosflores.com\/fr\/?s={search_term_string}"},"query-input":"required name=search_term_string"}],"inLanguage":"fr-FR"}]}},"_links":{"self":[{"href":"https:\/\/www.campingsosflores.com\/fr\/wp-json\/wp\/v2\/pages\/1686","targetHints":{"allow":["GET"]}}],"collection":[{"href":"https:\/\/www.campingsosflores.com\/fr\/wp-json\/wp\/v2\/pages"}],"about":[{"href":"https:\/\/www.campingsosflores.com\/fr\/wp-json\/wp\/v2\/types\/page"}],"author":[{"embeddable":true,"href":"https:\/\/www.campingsosflores.com\/fr\/wp-json\/wp\/v2\/users\/1"}],"replies":[{"embeddable":true,"href":"https:\/\/www.campingsosflores.com\/fr\/wp-json\/wp\/v2\/comments?post=1686"}],"version-history":[{"count":19,"href":"https:\/\/www.campingsosflores.com\/fr\/wp-json\/wp\/v2\/pages\/1686\/revisions"}],"predecessor-version":[{"id":10249,"href":"https:\/\/www.campingsosflores.com\/fr\/wp-json\/wp\/v2\/pages\/1686\/revisions\/10249"}],"wp:attachment":[{"href":"https:\/\/www.campingsosflores.com\/fr\/wp-json\/wp\/v2\/media?parent=1686"}],"curies":[{"name":"wp","href":"https:\/\/api.w.org\/{rel}","templated":true}]}}