{"id":9982,"date":"2026-01-12T12:15:26","date_gmt":"2026-01-12T11:15:26","guid":{"rendered":"https:\/\/www.campingsosflores.com\/?page_id=9982"},"modified":"2026-01-12T12:51:52","modified_gmt":"2026-01-12T11:51:52","slug":"kontaktformular-messen","status":"publish","type":"page","link":"https:\/\/www.campingsosflores.com\/de\/kontaktformular-messen\/","title":{"rendered":"Kontaktformular Messen"},"content":{"rendered":"<div class=\"wpb-content-wrapper\"><p>[vc_row anchor=&#8221;come-raggiungerci&#8221;][vc_column]<div id=\"ultimate-heading-432569e3701edda5d\" class=\"uvc-heading ult-adjust-bottom-margin ultimate-heading-432569e3701edda5d uvc-7401 \" data-hspacer=\"line_only\"  data-halign=\"center\" style=\"text-align:center\"><div class=\"uvc-sub-heading ult-responsive\"  data-ultimate-target='.uvc-heading.ultimate-heading-432569e3701edda5d .uvc-sub-heading '  data-responsive-json-new='{\"font-size\":\"desktop:35px;\",\"line-height\":\"desktop:40px;\"}'  style=\"font-family:&#039;Poppins&#039;;font-weight:normal;color:#303030;margin-top:-5px;\"><\/p>\n<p style=\"text-align: center;\">MESSERABATT ANFRAGEN<\/p>\n<p><\/div><div class=\"uvc-heading-spacer line_only\" style=\"topheight:5px;\"><span class=\"uvc-headings-line\" style=\"border-style:solid;border-bottom-width:5px;border-color:#ccc;width:1000px;\"><\/span><\/div><\/div>[vc_empty_space]\n<div class=\"wpcf7 no-js\" id=\"wpcf7-f10012-o1\" lang=\"de-DE\" dir=\"ltr\" data-wpcf7-id=\"10012\">\n<div class=\"screen-reader-response\"><p role=\"status\" aria-live=\"polite\" aria-atomic=\"true\"><\/p> <ul><\/ul><\/div>\n<form action=\"\/de\/wp-json\/wp\/v2\/pages\/9982#wpcf7-f10012-o1\" method=\"post\" class=\"wpcf7-form init\" aria-label=\"Contact form\" novalidate=\"novalidate\" data-status=\"init\">\n<fieldset class=\"hidden-fields-container\"><input type=\"hidden\" name=\"_wpcf7\" value=\"10012\" \/><input type=\"hidden\" name=\"_wpcf7_version\" value=\"6.1.5\" \/><input type=\"hidden\" name=\"_wpcf7_locale\" value=\"de_DE\" \/><input type=\"hidden\" name=\"_wpcf7_unit_tag\" value=\"wpcf7-f10012-o1\" \/><input type=\"hidden\" name=\"_wpcf7_container_post\" value=\"0\" \/><input type=\"hidden\" name=\"_wpcf7_posted_data_hash\" value=\"\" \/><input type=\"hidden\" name=\"_wpcf7_recaptcha_response\" value=\"\" \/>\n<\/fieldset>\n<p>Vorname\n<\/p>\n<p><span class=\"wpcf7-form-control-wrap\" data-name=\"your-name\"><input size=\"40\" maxlength=\"400\" class=\"wpcf7-form-control wpcf7-text wpcf7-validates-as-required\" aria-required=\"true\" aria-invalid=\"false\" value=\"\" type=\"text\" name=\"your-name\" \/><\/span>\n<\/p>\n<p>Nachname\n<\/p>\n<p><span class=\"wpcf7-form-control-wrap\" data-name=\"your-surname\"><input size=\"40\" maxlength=\"400\" class=\"wpcf7-form-control wpcf7-text wpcf7-validates-as-required\" aria-required=\"true\" aria-invalid=\"false\" value=\"\" type=\"text\" name=\"your-surname\" \/><\/span>\n<\/p>\n<p>E-Mail Adresse\n<\/p>\n<p><span class=\"wpcf7-form-control-wrap\" data-name=\"your-email\"><input size=\"40\" maxlength=\"400\" class=\"wpcf7-form-control wpcf7-email wpcf7-validates-as-required wpcf7-text wpcf7-validates-as-email\" aria-required=\"true\" aria-invalid=\"false\" value=\"\" type=\"email\" name=\"your-email\" \/><\/span>\n<\/p>\n<p>Telefonnummer\n<\/p>\n<p><span class=\"wpcf7-form-control-wrap\" data-name=\"tel-218\"><input size=\"40\" maxlength=\"400\" class=\"wpcf7-form-control wpcf7-tel wpcf7-validates-as-required wpcf7-text wpcf7-validates-as-tel\" aria-required=\"true\" aria-invalid=\"false\" value=\"\" type=\"tel\" name=\"tel-218\" \/><\/span>\n<\/p>\n<p>Wie haben Sie uns gefunden\n<\/p>\n<p><span class=\"wpcf7-form-control-wrap\" data-name=\"fiera\"><select class=\"wpcf7-form-control wpcf7-select wpcf7-validates-as-required\" aria-required=\"true\" aria-invalid=\"false\" name=\"fiera\"><option value=\"\">&#8212;Please choose an option&#8212;<\/option><option value=\"CMT Stuttgart\">CMT Stuttgart<\/option><option value=\"FESPO Z\u00fcrich\">FESPO Z\u00fcrich<\/option><option value=\"FREE M\u00fcnchen\">FREE M\u00fcnchen<\/option><\/select><\/span>\n<\/p>\n<p>Anreisedatum\n<\/p>\n<p><span class=\"wpcf7-form-control-wrap\" data-name=\"datadiarrivo\"><input class=\"wpcf7-form-control wpcf7-date wpcf7-validates-as-required wpcf7-validates-as-date\" aria-required=\"true\" aria-invalid=\"false\" value=\"\" type=\"date\" name=\"datadiarrivo\" \/><\/span>\n<\/p>\n<p>Abreisedatum\n<\/p>\n<p><span class=\"wpcf7-form-control-wrap\" data-name=\"datadipartenza\"><input class=\"wpcf7-form-control wpcf7-date wpcf7-validates-as-required wpcf7-validates-as-date\" aria-required=\"true\" aria-invalid=\"false\" value=\"\" type=\"date\" name=\"datadipartenza\" \/><\/span>\n<\/p>\n<p>Ihre Angebotsanfrage\n<\/p>\n<p><span class=\"wpcf7-form-control-wrap\" data-name=\"your-message\"><textarea cols=\"40\" rows=\"10\" maxlength=\"2000\" class=\"wpcf7-form-control wpcf7-textarea\" aria-invalid=\"false\" name=\"your-message\"><\/textarea><\/span>\n<\/p>\n<p><span class=\"wpcf7-form-control-wrap\" data-name=\"checkbox-813\"><span class=\"wpcf7-form-control wpcf7-checkbox wpcf7-validates-as-required\"><span class=\"wpcf7-list-item first last\"><input type=\"checkbox\" name=\"checkbox-813[]\" value=\"Ich habe die Informationen \u00fcber die Verarbeitung von personenbezogenen Daten gelesen, ich erm\u00e4chtige, meine E-Mail-Adresse zu verwenden, um Informationen und Promotionen \u00fcber die Welt des Campingplatzes mit der M\u00f6glichkeit der Stornierung jederzeit zu erhalten.\" \/><span class=\"wpcf7-list-item-label\">Ich habe die Informationen \u00fcber die Verarbeitung von personenbezogenen Daten gelesen, ich erm\u00e4chtige, meine E-Mail-Adresse zu verwenden, um Informationen und Promotionen \u00fcber die Welt des Campingplatzes mit der M\u00f6glichkeit der Stornierung jederzeit zu erhalten.<\/span><\/span><\/span><\/span>\n<\/p>\n<p><a href=\"http:\/\/www.campingsosflores.com\/privacy-policy\/\">Klicken Sie hier, um die Datenschutzbestimmungen zu lesen<\/a>\n<\/p>\n\n<p><input class=\"wpcf7-form-control wpcf7-submit has-spinner\" type=\"submit\" value=\"Senden\" \/>\n<\/p><input type='hidden' class='wpcf7-pum' value='{\"closepopup\":false,\"closedelay\":0,\"openpopup\":false,\"openpopup_id\":0}' \/><div class=\"wpcf7-response-output\" aria-hidden=\"true\"><\/div>\n<\/form>\n<\/div>\n[\/vc_column][\/vc_row]<\/p>\n<\/div>","protected":false},"excerpt":{"rendered":"<p>[vc_row anchor=&#8221;come-raggiungerci&#8221;][vc_column][vc_empty_space][\/vc_column][\/vc_row]<\/p>\n","protected":false},"author":2,"featured_media":0,"parent":0,"menu_order":5,"comment_status":"closed","ping_status":"closed","template":"","meta":{"footnotes":""},"class_list":["post-9982","page","type-page","status-publish","hentry","description-off"],"yoast_head":"<!-- This site is optimized with the Yoast SEO plugin v19.13 - https:\/\/yoast.com\/wordpress\/plugins\/seo\/ -->\n<title>Messe-Rabatt Feriendorf Sos Flores, Campingplatz Sardinien<\/title>\n<meta name=\"description\" content=\"Campingplatz Feriendorf Sos Flores kontaktieren und Messe-Rabatt anfragen\" \/>\n<meta name=\"robots\" content=\"index, follow, max-snippet:-1, max-image-preview:large, max-video-preview:-1\" \/>\n<link rel=\"canonical\" href=\"https:\/\/www.campingsosflores.com\/de\/kontaktformular-messen\/\" \/>\n<meta property=\"og:locale\" content=\"de_DE\" \/>\n<meta property=\"og:type\" content=\"article\" \/>\n<meta property=\"og:title\" content=\"Messe-Rabatt Feriendorf Sos Flores, Campingplatz Sardinien\" \/>\n<meta property=\"og:description\" content=\"Campingplatz Feriendorf Sos Flores kontaktieren und Messe-Rabatt anfragen\" \/>\n<meta property=\"og:url\" content=\"https:\/\/www.campingsosflores.com\/de\/kontaktformular-messen\/\" \/>\n<meta property=\"og:site_name\" content=\"Campeggio Villaggio Sos Flores\" \/>\n<meta property=\"article:publisher\" content=\"https:\/\/www.facebook.com\/Campeggio-Villaggio-Sos-Flores-163331700496181\/\" \/>\n<meta property=\"article:modified_time\" content=\"2026-01-12T11:51:52+00:00\" \/>\n<meta name=\"twitter:card\" content=\"summary_large_image\" \/>\n<meta name=\"twitter:label1\" content=\"Est. reading time\" \/>\n\t<meta name=\"twitter:data1\" content=\"1 minute\" \/>\n<script type=\"application\/ld+json\" class=\"yoast-schema-graph\">{\"@context\":\"https:\/\/schema.org\",\"@graph\":[{\"@type\":\"WebPage\",\"@id\":\"https:\/\/www.campingsosflores.com\/de\/kontaktformular-messen\/\",\"url\":\"https:\/\/www.campingsosflores.com\/de\/kontaktformular-messen\/\",\"name\":\"Messe-Rabatt Feriendorf Sos Flores, Campingplatz Sardinien\",\"isPartOf\":{\"@id\":\"https:\/\/www.campingsosflores.com\/de\/#website\"},\"datePublished\":\"2026-01-12T11:15:26+00:00\",\"dateModified\":\"2026-01-12T11:51:52+00:00\",\"description\":\"Campingplatz Feriendorf Sos Flores kontaktieren und Messe-Rabatt anfragen\",\"breadcrumb\":{\"@id\":\"https:\/\/www.campingsosflores.com\/de\/kontaktformular-messen\/#breadcrumb\"},\"inLanguage\":\"de-DE\",\"potentialAction\":[{\"@type\":\"ReadAction\",\"target\":[\"https:\/\/www.campingsosflores.com\/de\/kontaktformular-messen\/\"]}]},{\"@type\":\"BreadcrumbList\",\"@id\":\"https:\/\/www.campingsosflores.com\/de\/kontaktformular-messen\/#breadcrumb\",\"itemListElement\":[{\"@type\":\"ListItem\",\"position\":1,\"name\":\"Home\",\"item\":\"https:\/\/www.campingsosflores.com\/de\/\"},{\"@type\":\"ListItem\",\"position\":2,\"name\":\"Kontaktformular Messen\"}]},{\"@type\":\"WebSite\",\"@id\":\"https:\/\/www.campingsosflores.com\/de\/#website\",\"url\":\"https:\/\/www.campingsosflores.com\/de\/\",\"name\":\"Campeggio Villaggio Sos Flores\",\"description\":\"Campeggio Villaggio in Sardegna sul Mare\",\"potentialAction\":[{\"@type\":\"SearchAction\",\"target\":{\"@type\":\"EntryPoint\",\"urlTemplate\":\"https:\/\/www.campingsosflores.com\/de\/?s={search_term_string}\"},\"query-input\":\"required name=search_term_string\"}],\"inLanguage\":\"de-DE\"}]}<\/script>\n<!-- \/ Yoast SEO plugin. -->","yoast_head_json":{"title":"Messe-Rabatt Feriendorf Sos Flores, Campingplatz Sardinien","description":"Campingplatz Feriendorf Sos Flores kontaktieren und Messe-Rabatt anfragen","robots":{"index":"index","follow":"follow","max-snippet":"max-snippet:-1","max-image-preview":"max-image-preview:large","max-video-preview":"max-video-preview:-1"},"canonical":"https:\/\/www.campingsosflores.com\/de\/kontaktformular-messen\/","og_locale":"de_DE","og_type":"article","og_title":"Messe-Rabatt Feriendorf Sos Flores, Campingplatz Sardinien","og_description":"Campingplatz Feriendorf Sos Flores kontaktieren und Messe-Rabatt anfragen","og_url":"https:\/\/www.campingsosflores.com\/de\/kontaktformular-messen\/","og_site_name":"Campeggio Villaggio Sos Flores","article_publisher":"https:\/\/www.facebook.com\/Campeggio-Villaggio-Sos-Flores-163331700496181\/","article_modified_time":"2026-01-12T11:51:52+00:00","twitter_card":"summary_large_image","twitter_misc":{"Est. reading time":"1 minute"},"schema":{"@context":"https:\/\/schema.org","@graph":[{"@type":"WebPage","@id":"https:\/\/www.campingsosflores.com\/de\/kontaktformular-messen\/","url":"https:\/\/www.campingsosflores.com\/de\/kontaktformular-messen\/","name":"Messe-Rabatt Feriendorf Sos Flores, Campingplatz Sardinien","isPartOf":{"@id":"https:\/\/www.campingsosflores.com\/de\/#website"},"datePublished":"2026-01-12T11:15:26+00:00","dateModified":"2026-01-12T11:51:52+00:00","description":"Campingplatz Feriendorf Sos Flores kontaktieren und Messe-Rabatt anfragen","breadcrumb":{"@id":"https:\/\/www.campingsosflores.com\/de\/kontaktformular-messen\/#breadcrumb"},"inLanguage":"de-DE","potentialAction":[{"@type":"ReadAction","target":["https:\/\/www.campingsosflores.com\/de\/kontaktformular-messen\/"]}]},{"@type":"BreadcrumbList","@id":"https:\/\/www.campingsosflores.com\/de\/kontaktformular-messen\/#breadcrumb","itemListElement":[{"@type":"ListItem","position":1,"name":"Home","item":"https:\/\/www.campingsosflores.com\/de\/"},{"@type":"ListItem","position":2,"name":"Kontaktformular Messen"}]},{"@type":"WebSite","@id":"https:\/\/www.campingsosflores.com\/de\/#website","url":"https:\/\/www.campingsosflores.com\/de\/","name":"Campeggio Villaggio Sos Flores","description":"Campeggio Villaggio in Sardegna sul Mare","potentialAction":[{"@type":"SearchAction","target":{"@type":"EntryPoint","urlTemplate":"https:\/\/www.campingsosflores.com\/de\/?s={search_term_string}"},"query-input":"required name=search_term_string"}],"inLanguage":"de-DE"}]}},"_links":{"self":[{"href":"https:\/\/www.campingsosflores.com\/de\/wp-json\/wp\/v2\/pages\/9982","targetHints":{"allow":["GET"]}}],"collection":[{"href":"https:\/\/www.campingsosflores.com\/de\/wp-json\/wp\/v2\/pages"}],"about":[{"href":"https:\/\/www.campingsosflores.com\/de\/wp-json\/wp\/v2\/types\/page"}],"author":[{"embeddable":true,"href":"https:\/\/www.campingsosflores.com\/de\/wp-json\/wp\/v2\/users\/2"}],"replies":[{"embeddable":true,"href":"https:\/\/www.campingsosflores.com\/de\/wp-json\/wp\/v2\/comments?post=9982"}],"version-history":[{"count":5,"href":"https:\/\/www.campingsosflores.com\/de\/wp-json\/wp\/v2\/pages\/9982\/revisions"}],"predecessor-version":[{"id":10018,"href":"https:\/\/www.campingsosflores.com\/de\/wp-json\/wp\/v2\/pages\/9982\/revisions\/10018"}],"wp:attachment":[{"href":"https:\/\/www.campingsosflores.com\/de\/wp-json\/wp\/v2\/media?parent=9982"}],"curies":[{"name":"wp","href":"https:\/\/api.w.org\/{rel}","templated":true}]}}