{"id":9482,"date":"2024-11-18T19:06:16","date_gmt":"2024-11-18T18:06:16","guid":{"rendered":"https:\/\/www.campingsosflores.com\/?page_id=9482"},"modified":"2026-02-05T12:29:06","modified_gmt":"2026-02-05T11:29:06","slug":"urlaub-mit-hund","status":"publish","type":"page","link":"https:\/\/www.campingsosflores.com\/de\/urlaub-mit-hund\/","title":{"rendered":"Urlaub mit Hund"},"content":{"rendered":"<div class=\"wpb-content-wrapper\"><p>[vc_row][vc_column]<div id=\"ultimate-heading-603969e4ee318e004\" class=\"uvc-heading ult-adjust-bottom-margin ultimate-heading-603969e4ee318e004 uvc-2373 \" data-hspacer=\"no_spacer\"  data-halign=\"center\" style=\"text-align:center\"><div class=\"uvc-heading-spacer no_spacer\" style=\"top\"><\/div><div class=\"uvc-main-heading ult-responsive\"  data-ultimate-target='.uvc-heading.ultimate-heading-603969e4ee318e004 h2'  data-responsive-json-new='{\"font-size\":\"desktop:32px;\",\"line-height\":\"\"}' ><h2 style=\"--font-weight:theme;\">Haustierfreundliche Ferien im Campingdorf Sos Flores<\/h2><\/div><\/div>[vc_empty_space][\/vc_column][\/vc_row][vc_row][vc_column][vc_separator color=&#8221;custom&#8221; border_width=&#8221;2&#8243; accent_color=&#8221;#348bfe&#8221;][vc_empty_space][vc_column_text]Willkommen im Sos Flores, dem <strong>haustierfreundlichen Campingdorf<\/strong> im Herzen von Ogliastra!<\/p>\n<p>Erleben Sie unvergessliche <strong>Urlaubsmomente<\/strong>, bei denen das Rauschen des Meeres und die N\u00e4he zu Ihrem <span lang=\"de-DE\">Hund bzw. Ihrem <\/span>treuen <span lang=\"de-DE\">Begleiter<\/span> perfekt harmonieren. Im Campingdorf Sos Flores erwartet Sie ein erholsamer R\u00fcckzugsort, an dem die ganze Familie \u2013 inklusive Ihrer Herzensfreund \u2013 willkommen ist.<\/p>\n<p>Bei uns sind <strong>kleine Haustiere<\/strong> (Widerristh\u00f6he\u00a0bis 40 cm) in allen Unterk\u00fcnften herzlich willkommen. Ob gro\u00dfz\u00fcgige, naturnahe <a href=\"https:\/\/www.campingsosflores.com\/de\/campingplatz-sardinien\/\">Stellpl\u00e4tze<\/a>, komfortable <a href=\"https:\/\/www.campingsosflores.com\/de\/mobilheime-tortoli\/\">Mobilheime<\/a>, gem\u00fctliche <a href=\"https:\/\/www.campingsosflores.com\/de\/bungalow-meer-sardinien\/\">Bungalows<\/a>, charmante <a href=\"https:\/\/www.campingsosflores.com\/de\/ferienhaus-sardinien-meer\/\">Ferienh\u00e4user<\/a> oder <a href=\"https:\/\/www.campingsosflores.com\/de\/lodge-zelt-tortoli\/\">voll ausgestattete Zelte<\/a> \u2013 bei uns finden Sie die perfekte Unterkunft f\u00fcr sich und Ihren Hund bzw. pelzige<span lang=\"de-DE\">n<\/span> Freund.<\/p>\n<p>F\u00fcr einen <strong>harmonischen Urlaub<\/strong> mit Ihren <span lang=\"de-DE\">tierischen Begleitern<\/span> bitten wir Sie einfache und tierfreundliche Regeln:<\/p>\n<ul>\n<li>Sie k<span lang=\"de-DE\">\u00f6nnen bis zu zwei Haustiere pro Buchung mitbringen<\/span><\/li>\n<li>\n<p lang=\"de-DE\">Ihre treuen Begleiter sind in unseren Gemeinschaftsbereichen wie die Rezeption, das Restaurant, der Markt und die Caf\u00e9s willkommen, solange sie an der Leine gef\u00fchrt werden<\/p>\n<\/li>\n<li>\n<p lang=\"de-DE\">Lassen Sie Ihre Hunde nicht unbeaufsichtigt und sorgen Sie daf\u00fcr, dass die Natur sauber bleibt \u2013 damit der Aufenthalt f\u00fcr alle ein Genuss bleibt<\/p>\n<\/li>\n<\/ul>\n<p lang=\"de-DE\">Nur 700 Meter von unserem Campingdorf entfernt erwartet Sie eine einladende <strong>Hundestrand<\/strong>, wo Sie und Ihre Fellnase Spazierg\u00e4nge im warmen Sand, erfrischende Spr\u00fcnge ins kristallklare Wasser und viel Platz f\u00fcr Spa\u00df und Bewegung genie\u00dfen k\u00f6nnen \u2013 ganz <strong>ohne Einschr\u00e4nkungen<\/strong>!<\/p>\n<p>Au\u00dferdem bietet der <a href=\"https:\/\/www.campingsosflores.com\/de\/strand-tortoli\/\"><strong>Strand von San Gemiliano<\/strong><\/a> direkt gegen\u00fcber dem Campingdorf in den Morgen- und Abendstunden (20:00 bis 08:00) <strong>Zugang f\u00fcr Hunde<\/strong>.<\/p>\n<p lang=\"de-DE\">Wir m\u00f6chten sicherstellen, dass Ihr Urlaub mit Ihrem geliebten tierischen Begleiter von Anfang an reibungslos verl\u00e4uft. <strong>Bitte melden Sie sich vor der Buchung bei uns<\/strong> \u2013 so k\u00f6nnen wir gemeinsam pr\u00fcfen, ob Ihr Haustier unseren Voraussetzungen entspricht (max. 40 cm Schulterh\u00f6he, bis zu zwei Tiere pro Buchung) und alles optimal f\u00fcr Ihre Ankunft vorbereiten.<\/p>\n<p>Mit dieser kleinen Abstimmung sorgen wir daf\u00fcr, dass Ihr Aufenthalt bei uns genauso entspannt und harmonisch wird, wie Sie es sich w\u00fcnschen.<\/p>\n<p><span lang=\"de-DE\">Laden Sie unsere <strong>Haustierordnung<\/strong> herunter und informieren Sie sich: Sie finden alle wichtigen Hinweise, um einen entspannten und respektvollen Aufenthalt f\u00fcr Sie, Ihre tierischen Begleiter und alle G\u00e4ste unseres Feriendorfs zu gew\u00e4hrleisten.<\/span><\/p>\n<p>Melden Sie sich noch heute bei uns und sichern Sie sich Ihren Aufenthalt f\u00fcr einen <strong>einzigartigen Outdoor-Urlaub<\/strong> \u2013 voller unvergesslicher Momente mit Ihrem Herzensfreund.[\/vc_column_text][vc_empty_space][vc_separator color=&#8221;custom&#8221; border_width=&#8221;2&#8243; accent_color=&#8221;#348bfe&#8221;][\/vc_column][\/vc_row][vc_row][vc_column][\/vc_column][\/vc_row]<\/p>\n<\/div>","protected":false},"excerpt":{"rendered":"<p>[vc_row][vc_column][vc_empty_space][\/vc_column][\/vc_row][vc_row][vc_column][vc_separator color=&#8221;custom&#8221; border_width=&#8221;2&#8243; accent_color=&#8221;#348bfe&#8221;][vc_empty_space][vc_column_text]Willkommen im Sos Flores, dem haustierfreundlichen Campingdorf im Herzen von Ogliastra! Erleben Sie unvergessliche Urlaubsmomente, bei denen das Rauschen des Meeres und die N\u00e4he zu Ihrem Hund bzw. Ihrem treuen Begleiter perfekt harmonieren. Im Campingdorf Sos Flores erwartet Sie ein erholsamer R\u00fcckzugsort, an dem die ganze Familie \u2013 inklusive Ihrer Herzensfreund \u2013&hellip;<\/p>\n","protected":false},"author":2,"featured_media":0,"parent":0,"menu_order":1,"comment_status":"closed","ping_status":"closed","template":"","meta":{"footnotes":""},"class_list":["post-9482","page","type-page","status-publish","hentry","description-off"],"yoast_head":"<!-- This site is optimized with the Yoast SEO plugin v19.13 - https:\/\/yoast.com\/wordpress\/plugins\/seo\/ -->\n<title>Ferien mit Hund bei Campingdorf Sos Flores in Ogliastra<\/title>\n<meta name=\"description\" content=\"Willkommen im haustierfreundlichen Campingdorf Sos Flores und genie\u00dfen Sie einen unvergesslichen Urlaub mit Ihren lieben Hund\" \/>\n<meta name=\"robots\" content=\"index, follow, max-snippet:-1, max-image-preview:large, max-video-preview:-1\" \/>\n<link rel=\"canonical\" href=\"https:\/\/www.campingsosflores.com\/de\/urlaub-mit-hund\/\" \/>\n<meta property=\"og:locale\" content=\"de_DE\" \/>\n<meta property=\"og:type\" content=\"article\" \/>\n<meta property=\"og:title\" content=\"Ferien mit Hund bei Campingdorf Sos Flores in Ogliastra\" \/>\n<meta property=\"og:description\" content=\"Willkommen im haustierfreundlichen Campingdorf Sos Flores und genie\u00dfen Sie einen unvergesslichen Urlaub mit Ihren lieben Hund\" \/>\n<meta property=\"og:url\" content=\"https:\/\/www.campingsosflores.com\/de\/urlaub-mit-hund\/\" \/>\n<meta property=\"og:site_name\" content=\"Campeggio Villaggio Sos Flores\" \/>\n<meta property=\"article:publisher\" content=\"https:\/\/www.facebook.com\/Campeggio-Villaggio-Sos-Flores-163331700496181\/\" \/>\n<meta property=\"article:modified_time\" content=\"2026-02-05T11:29:06+00:00\" \/>\n<meta name=\"twitter:card\" content=\"summary_large_image\" \/>\n<meta name=\"twitter:label1\" content=\"Est. reading time\" \/>\n\t<meta name=\"twitter:data1\" content=\"2 minutes\" \/>\n<script type=\"application\/ld+json\" class=\"yoast-schema-graph\">{\"@context\":\"https:\/\/schema.org\",\"@graph\":[{\"@type\":\"WebPage\",\"@id\":\"https:\/\/www.campingsosflores.com\/de\/urlaub-mit-hund\/\",\"url\":\"https:\/\/www.campingsosflores.com\/de\/urlaub-mit-hund\/\",\"name\":\"Ferien mit Hund bei Campingdorf Sos Flores in Ogliastra\",\"isPartOf\":{\"@id\":\"https:\/\/www.campingsosflores.com\/de\/#website\"},\"datePublished\":\"2024-11-18T18:06:16+00:00\",\"dateModified\":\"2026-02-05T11:29:06+00:00\",\"description\":\"Willkommen im haustierfreundlichen Campingdorf Sos Flores und genie\u00dfen Sie einen unvergesslichen Urlaub mit Ihren lieben Hund\",\"breadcrumb\":{\"@id\":\"https:\/\/www.campingsosflores.com\/de\/urlaub-mit-hund\/#breadcrumb\"},\"inLanguage\":\"de-DE\",\"potentialAction\":[{\"@type\":\"ReadAction\",\"target\":[\"https:\/\/www.campingsosflores.com\/de\/urlaub-mit-hund\/\"]}]},{\"@type\":\"BreadcrumbList\",\"@id\":\"https:\/\/www.campingsosflores.com\/de\/urlaub-mit-hund\/#breadcrumb\",\"itemListElement\":[{\"@type\":\"ListItem\",\"position\":1,\"name\":\"Home\",\"item\":\"https:\/\/www.campingsosflores.com\/de\/\"},{\"@type\":\"ListItem\",\"position\":2,\"name\":\"Urlaub mit Hund\"}]},{\"@type\":\"WebSite\",\"@id\":\"https:\/\/www.campingsosflores.com\/de\/#website\",\"url\":\"https:\/\/www.campingsosflores.com\/de\/\",\"name\":\"Campeggio Villaggio Sos Flores\",\"description\":\"Campeggio Villaggio in Sardegna sul Mare\",\"potentialAction\":[{\"@type\":\"SearchAction\",\"target\":{\"@type\":\"EntryPoint\",\"urlTemplate\":\"https:\/\/www.campingsosflores.com\/de\/?s={search_term_string}\"},\"query-input\":\"required name=search_term_string\"}],\"inLanguage\":\"de-DE\"}]}<\/script>\n<!-- \/ Yoast SEO plugin. -->","yoast_head_json":{"title":"Ferien mit Hund bei Campingdorf Sos Flores in Ogliastra","description":"Willkommen im haustierfreundlichen Campingdorf Sos Flores und genie\u00dfen Sie einen unvergesslichen Urlaub mit Ihren lieben Hund","robots":{"index":"index","follow":"follow","max-snippet":"max-snippet:-1","max-image-preview":"max-image-preview:large","max-video-preview":"max-video-preview:-1"},"canonical":"https:\/\/www.campingsosflores.com\/de\/urlaub-mit-hund\/","og_locale":"de_DE","og_type":"article","og_title":"Ferien mit Hund bei Campingdorf Sos Flores in Ogliastra","og_description":"Willkommen im haustierfreundlichen Campingdorf Sos Flores und genie\u00dfen Sie einen unvergesslichen Urlaub mit Ihren lieben Hund","og_url":"https:\/\/www.campingsosflores.com\/de\/urlaub-mit-hund\/","og_site_name":"Campeggio Villaggio Sos Flores","article_publisher":"https:\/\/www.facebook.com\/Campeggio-Villaggio-Sos-Flores-163331700496181\/","article_modified_time":"2026-02-05T11:29:06+00:00","twitter_card":"summary_large_image","twitter_misc":{"Est. reading time":"2 minutes"},"schema":{"@context":"https:\/\/schema.org","@graph":[{"@type":"WebPage","@id":"https:\/\/www.campingsosflores.com\/de\/urlaub-mit-hund\/","url":"https:\/\/www.campingsosflores.com\/de\/urlaub-mit-hund\/","name":"Ferien mit Hund bei Campingdorf Sos Flores in Ogliastra","isPartOf":{"@id":"https:\/\/www.campingsosflores.com\/de\/#website"},"datePublished":"2024-11-18T18:06:16+00:00","dateModified":"2026-02-05T11:29:06+00:00","description":"Willkommen im haustierfreundlichen Campingdorf Sos Flores und genie\u00dfen Sie einen unvergesslichen Urlaub mit Ihren lieben Hund","breadcrumb":{"@id":"https:\/\/www.campingsosflores.com\/de\/urlaub-mit-hund\/#breadcrumb"},"inLanguage":"de-DE","potentialAction":[{"@type":"ReadAction","target":["https:\/\/www.campingsosflores.com\/de\/urlaub-mit-hund\/"]}]},{"@type":"BreadcrumbList","@id":"https:\/\/www.campingsosflores.com\/de\/urlaub-mit-hund\/#breadcrumb","itemListElement":[{"@type":"ListItem","position":1,"name":"Home","item":"https:\/\/www.campingsosflores.com\/de\/"},{"@type":"ListItem","position":2,"name":"Urlaub mit Hund"}]},{"@type":"WebSite","@id":"https:\/\/www.campingsosflores.com\/de\/#website","url":"https:\/\/www.campingsosflores.com\/de\/","name":"Campeggio Villaggio Sos Flores","description":"Campeggio Villaggio in Sardegna sul Mare","potentialAction":[{"@type":"SearchAction","target":{"@type":"EntryPoint","urlTemplate":"https:\/\/www.campingsosflores.com\/de\/?s={search_term_string}"},"query-input":"required name=search_term_string"}],"inLanguage":"de-DE"}]}},"_links":{"self":[{"href":"https:\/\/www.campingsosflores.com\/de\/wp-json\/wp\/v2\/pages\/9482","targetHints":{"allow":["GET"]}}],"collection":[{"href":"https:\/\/www.campingsosflores.com\/de\/wp-json\/wp\/v2\/pages"}],"about":[{"href":"https:\/\/www.campingsosflores.com\/de\/wp-json\/wp\/v2\/types\/page"}],"author":[{"embeddable":true,"href":"https:\/\/www.campingsosflores.com\/de\/wp-json\/wp\/v2\/users\/2"}],"replies":[{"embeddable":true,"href":"https:\/\/www.campingsosflores.com\/de\/wp-json\/wp\/v2\/comments?post=9482"}],"version-history":[{"count":6,"href":"https:\/\/www.campingsosflores.com\/de\/wp-json\/wp\/v2\/pages\/9482\/revisions"}],"predecessor-version":[{"id":9531,"href":"https:\/\/www.campingsosflores.com\/de\/wp-json\/wp\/v2\/pages\/9482\/revisions\/9531"}],"wp:attachment":[{"href":"https:\/\/www.campingsosflores.com\/de\/wp-json\/wp\/v2\/media?parent=9482"}],"curies":[{"name":"wp","href":"https:\/\/api.w.org\/{rel}","templated":true}]}}