{"id":7826,"date":"2023-04-14T15:16:18","date_gmt":"2023-04-14T14:16:18","guid":{"rendered":"https:\/\/www.campingsosflores.com\/guest-house\/"},"modified":"2026-03-11T11:21:04","modified_gmt":"2026-03-11T10:21:04","slug":"villa-silvana-ogliastra","status":"publish","type":"page","link":"https:\/\/www.campingsosflores.com\/de\/villa-silvana-ogliastra\/","title":{"rendered":"Villa Silvana"},"content":{"rendered":"<div class=\"wpb-content-wrapper\"><p>[vc_row][vc_column][vc_single_image image=&#8221;9359&#8243; img_size=&#8221;full&#8221; alignment=&#8221;center&#8221;][\/vc_column][\/vc_row][vc_row][vc_column][vc_column_text]<strong>Villa Silvana<\/strong> liegt versteckt in einem ruhigen l\u00e4ndlichen Gebiet nahe bei <strong>Campingdorf Sos Flores<\/strong> und nur 400 Meter von den wundersch\u00f6nen Str\u00e4nden in Ogliastra. Die Villa ist eine einzigartige Unterkunftsm\u00f6glichkeit f\u00fcr diejenigen, die einen entspannenden Urlaub in Verbindung mit der Natur suchen. Neulich renoviert ist sie ideal f\u00fcr G\u00e4ste, die einen stressfreien Aufenthalt sich w\u00fcnschen, ohne auf alle Dienste des Campingdorfes zu verzichten.<\/p>\n<p>Innen besteht <strong>Villa Silvana<\/strong> aus 12 bequemen und gem\u00fctlichen Zimmern, jedes mit allen Bequemlichkeiten ausgestattet. Jedes Zimmer tats\u00e4chlich bietet ein privates Bad mit Dusche, Haartrockner, Fernsehen, Klimaanlage, Mini K\u00fchlschrank, W\u00e4schest\u00e4nder und WLAN Verbindung. Die Kombination von Funktionalit\u00e4t und Gem\u00fctlichkeit charakterisiert Villa Silvana als perfektes R\u00fcckzugsort nach einem Tag unterwegs beim Entdecken nat\u00fcrliche Landschaften und traumhafte Str\u00e4nde. <strong>Zwei elegante Pools <\/strong>versch\u00f6nen dem Aufenthalt der G\u00e4ste mit dem exklusiven Zugang. Das Ruhebereich ist mit Sonnenliegen und Sonnenschirmen ausgestattet, um unter der warmen Sonne <strong>Sardiniens<\/strong> sich zu entspannen.<\/p>\n<p>Villa Silvana entz\u00fcckt Ihre G\u00e4ste mit einem leckeren <strong>Fr\u00fchst\u00fccksbuffet<\/strong> aus einer Vielfalt von s\u00fc\u00dfen und salzigen K\u00f6stlichkeiten. Im Fr\u00fchst\u00fccksraum sorgf\u00e4ltig serviert, ist das Buffet der perfekte Start in den Tag.<\/p>\n<p>Ein gleichgewichtiges Urlaubskonzept ideal f\u00fcr die G\u00e4ste, die Ruhezeit und entspannende Momente aussuchen, in einer gem\u00fctlichen und schicken zeitlosen Location, perfekt auch f\u00fcr <strong>private Veranstaltungen und Feiern<\/strong>.[\/vc_column_text][\/vc_column][\/vc_row][vc_row][vc_column width=&#8221;1\/2&#8243;][vc_empty_space]<div class=\" ubtn-ctn-center \"><a class=\"ubtn-link ult-adjust-bottom-margin ubtn-center ubtn-custom \" href=\"https:\/\/www.campingsosflores.com\/de\/kontakte-sos-flores\/\" ><button type=\"button\" id=\"ubtn-1476\"  class=\"ubtn ult-adjust-bottom-margin ult-responsive ubtn-custom ubtn-fade-bg  none  ubtn-center   tooltip-69e4eec5715d4\"  data-hover=\"#006aff\" data-border-color=\"#006aff\" data-bg=\"#006aff\" data-hover-bg=\"#ffffff\" data-border-hover=\"#006aff\" data-shadow-hover=\"\" data-shadow-click=\"none\" data-shadow=\"\" data-shd-shadow=\"\"  data-ultimate-target='#ubtn-1476'  data-responsive-json-new='{\"font-size\":\"desktop:18px;\",\"line-height\":\"\"}'  style=\"font-weight:bold;width:250px;min-height:50px;padding:px px;border-radius:25px;border-width:3px;border-color:#006aff;border-style:solid;background: #006aff;color: #ffffff;\"><span class=\"ubtn-hover\" style=\"background-color:#ffffff\"><\/span><span class=\"ubtn-data ubtn-text \" >Kontaktieren Sie uns<\/span><\/button><\/a><\/div>[vc_empty_space][\/vc_column][vc_column width=&#8221;1\/2&#8243;][vc_empty_space]<div class=\" ubtn-ctn-center \"><a class=\"ubtn-link ult-adjust-bottom-margin ubtn-center ubtn-custom \" href=\"https:\/\/be.bookingexpert.it\/book\/home\/single?layout=14500&lang=de&currency=EUR&nsid=7cf5dee1-c1ee-4f6d-aead-c30b6c53c290\" ><button type=\"button\" id=\"ubtn-9984\"  class=\"ubtn ult-adjust-bottom-margin ult-responsive ubtn-custom ubtn-fade-bg  none  ubtn-center   tooltip-69e4eec571687\"  data-hover=\"#006aff\" data-border-color=\"#006aff\" data-bg=\"#006aff\" data-hover-bg=\"#ffffff\" data-border-hover=\"#006aff\" data-shadow-hover=\"\" data-shadow-click=\"none\" data-shadow=\"\" data-shd-shadow=\"\"  data-ultimate-target='#ubtn-9984'  data-responsive-json-new='{\"font-size\":\"desktop:18px;\",\"line-height\":\"\"}'  style=\"font-weight:bold;width:250px;min-height:50px;padding:px px;border-radius:25px;border-width:3px;border-color:#006aff;border-style:solid;background: #006aff;color: #ffffff;\"><span class=\"ubtn-hover\" style=\"background-color:#ffffff\"><\/span><span class=\"ubtn-data ubtn-text \" >Jetzt buchen<\/span><\/button><\/a><\/div>[vc_empty_space][\/vc_column][\/vc_row][vc_row][vc_column]\n\t\t\t<!-- START Villa Silvana REVOLUTION SLIDER 6.7.38 --><p class=\"rs-p-wp-fix\"><\/p>\n\t\t\t<rs-module-wrap id=\"rev_slider_37_1_wrapper\" data-source=\"gallery\" style=\"visibility:hidden;background:#e2e2e2;padding:0;margin:0px auto;margin-top:0;margin-bottom:0;\">\n\t\t\t\t<rs-module id=\"rev_slider_37_1\" style=\"\" data-version=\"6.7.38\">\n\t\t\t\t\t<rs-slides style=\"overflow: hidden; position: absolute;\">\n\t\t\t\t\t\t<rs-slide style=\"position: absolute;\" data-key=\"rs-1305\" data-title=\"Slide\" data-thumb=\"\/\/www.campingsosflores.com\/wp-content\/uploads\/2023\/04\/Esterno-100x50.jpg\" data-anim=\"adpr:false;\" data-in=\"o:0;\" data-out=\"a:false;\">\n\t\t\t\t\t\t\t<img decoding=\"async\" src=\"\/\/www.campingsosflores.com\/wp-content\/plugins\/revslider\/sr6\/assets\/assets\/dummy.png\" alt=\"\" title=\"Esterno\" width=\"1920\" height=\"1440\" class=\"rev-slidebg tp-rs-img rs-lazyload\" data-lazyload=\"\/\/www.campingsosflores.com\/wp-content\/uploads\/2023\/04\/Esterno.jpg\" data-bg=\"f:contain;\" data-parallax=\"off\" data-no-retina>\n<!---->\t\t\t\t\t<\/rs-slide>\n\t\t\t\t\t\t<rs-slide style=\"position: absolute;\" data-key=\"rs-1301\" data-title=\"Slide\" data-thumb=\"\/\/www.campingsosflores.com\/wp-content\/uploads\/2023\/04\/Sala-Relax-100x50.jpg\" data-anim=\"adpr:false;\" data-in=\"o:0;\" data-out=\"a:false;\">\n\t\t\t\t\t\t\t<img decoding=\"async\" src=\"\/\/www.campingsosflores.com\/wp-content\/plugins\/revslider\/sr6\/assets\/assets\/dummy.png\" alt=\"\" title=\"Sala Relax\" width=\"1920\" height=\"1440\" class=\"rev-slidebg tp-rs-img rs-lazyload\" data-lazyload=\"\/\/www.campingsosflores.com\/wp-content\/uploads\/2023\/04\/Sala-Relax.jpg\" data-bg=\"f:contain;\" data-parallax=\"off\" data-no-retina>\n<!---->\t\t\t\t\t<\/rs-slide>\n\t\t\t\t\t\t<rs-slide style=\"position: absolute;\" data-key=\"rs-1300\" data-title=\"Slide\" data-thumb=\"\/\/www.campingsosflores.com\/wp-content\/uploads\/2023\/04\/Colazione-100x50.jpg\" data-anim=\"adpr:false;\" data-in=\"o:0;\" data-out=\"a:false;\">\n\t\t\t\t\t\t\t<img decoding=\"async\" src=\"\/\/www.campingsosflores.com\/wp-content\/plugins\/revslider\/sr6\/assets\/assets\/dummy.png\" alt=\"\" title=\"Colazione\" width=\"1920\" height=\"1440\" class=\"rev-slidebg tp-rs-img rs-lazyload\" data-lazyload=\"\/\/www.campingsosflores.com\/wp-content\/uploads\/2023\/04\/Colazione.jpg\" data-bg=\"f:contain;\" data-parallax=\"off\" data-no-retina>\n<!---->\t\t\t\t\t<\/rs-slide>\n\t\t\t\t\t\t<rs-slide style=\"position: absolute;\" data-key=\"rs-1302\" data-title=\"Slide\" data-thumb=\"\/\/www.campingsosflores.com\/wp-content\/uploads\/2023\/04\/Camera-Doppia-Retro-scaled-100x50.jpg\" data-anim=\"adpr:false;\" data-in=\"o:0;\" data-out=\"a:false;\">\n\t\t\t\t\t\t\t<img decoding=\"async\" src=\"\/\/www.campingsosflores.com\/wp-content\/plugins\/revslider\/sr6\/assets\/assets\/dummy.png\" alt=\"\" title=\"Camera Doppia Retro\" width=\"2560\" height=\"1920\" class=\"rev-slidebg tp-rs-img rs-lazyload\" data-lazyload=\"\/\/www.campingsosflores.com\/wp-content\/uploads\/2023\/04\/Camera-Doppia-Retro-scaled.jpg\" data-bg=\"f:contain;\" data-parallax=\"off\" data-no-retina>\n<!---->\t\t\t\t\t<\/rs-slide>\n\t\t\t\t\t<\/rs-slides>\n\t\t\t\t<\/rs-module>\n\t\t\t\t<script>\n\t\t\t\t\tsetREVStartSize({c: 'rev_slider_37_1',rl:[1240,1024,778,480],el:[405],gw:[500],gh:[405],type:'carousel',justify:'',layout:'fullwidth',thumbh:\"100\",mh:\"0\"});if (window.RS_MODULES!==undefined && window.RS_MODULES.modules!==undefined && window.RS_MODULES.modules[\"revslider371\"]!==undefined) {window.RS_MODULES.modules[\"revslider371\"].once = false;window.revapi37 = undefined;if (window.RS_MODULES.checkMinimal!==undefined) window.RS_MODULES.checkMinimal()}\n\t\t\t\t<\/script>\n\t\t\t<\/rs-module-wrap>\n\t\t\t<!-- END REVOLUTION SLIDER -->\n[\/vc_column][\/vc_row]<\/p>\n<\/div>","protected":false},"excerpt":{"rendered":"<p>[vc_row][vc_column][vc_single_image image=&#8221;9359&#8243; img_size=&#8221;full&#8221; alignment=&#8221;center&#8221;][\/vc_column][\/vc_row][vc_row][vc_column][vc_column_text]Villa Silvana liegt versteckt in einem ruhigen l\u00e4ndlichen Gebiet nahe bei Campingdorf Sos Flores und nur 400 Meter von den wundersch\u00f6nen Str\u00e4nden in Ogliastra. Die Villa ist eine einzigartige Unterkunftsm\u00f6glichkeit f\u00fcr diejenigen, die einen entspannenden Urlaub in Verbindung mit der Natur suchen. Neulich renoviert ist sie ideal f\u00fcr G\u00e4ste, die einen stressfreien&hellip;<\/p>\n","protected":false},"author":2,"featured_media":0,"parent":0,"menu_order":0,"comment_status":"closed","ping_status":"closed","template":"","meta":{"footnotes":""},"class_list":["post-7826","page","type-page","status-publish","hentry","description-off"],"yoast_head":"<!-- This site is optimized with the Yoast SEO plugin v19.13 - https:\/\/yoast.com\/wordpress\/plugins\/seo\/ -->\n<title>Villa Silvana - Campeggio Villaggio Sos Flores<\/title>\n<meta name=\"description\" content=\"Villa Silvana, k\u00fcrzlich renoviert, in Ogliastra, in der N\u00e4he des Meeres, mit Doppelzimmern, Pools und Fr\u00fchst\u00fcck inklusive.\" \/>\n<meta name=\"robots\" content=\"index, follow, max-snippet:-1, max-image-preview:large, max-video-preview:-1\" \/>\n<link rel=\"canonical\" href=\"https:\/\/www.campingsosflores.com\/de\/villa-silvana-ogliastra\/\" \/>\n<meta property=\"og:locale\" content=\"de_DE\" \/>\n<meta property=\"og:type\" content=\"article\" \/>\n<meta property=\"og:title\" content=\"Villa Silvana - Campeggio Villaggio Sos Flores\" \/>\n<meta property=\"og:description\" content=\"Villa Silvana, k\u00fcrzlich renoviert, in Ogliastra, in der N\u00e4he des Meeres, mit Doppelzimmern, Pools und Fr\u00fchst\u00fcck inklusive.\" \/>\n<meta property=\"og:url\" content=\"https:\/\/www.campingsosflores.com\/de\/villa-silvana-ogliastra\/\" \/>\n<meta property=\"og:site_name\" content=\"Campeggio Villaggio Sos Flores\" \/>\n<meta property=\"article:publisher\" content=\"https:\/\/www.facebook.com\/Campeggio-Villaggio-Sos-Flores-163331700496181\/\" \/>\n<meta property=\"article:modified_time\" content=\"2026-03-11T10:21:04+00:00\" \/>\n<meta name=\"twitter:card\" content=\"summary_large_image\" \/>\n<meta name=\"twitter:label1\" content=\"Est. reading time\" \/>\n\t<meta name=\"twitter:data1\" content=\"2 minutes\" \/>\n<script type=\"application\/ld+json\" class=\"yoast-schema-graph\">{\"@context\":\"https:\/\/schema.org\",\"@graph\":[{\"@type\":\"WebPage\",\"@id\":\"https:\/\/www.campingsosflores.com\/de\/villa-silvana-ogliastra\/\",\"url\":\"https:\/\/www.campingsosflores.com\/de\/villa-silvana-ogliastra\/\",\"name\":\"Villa Silvana - Campeggio Villaggio Sos Flores\",\"isPartOf\":{\"@id\":\"https:\/\/www.campingsosflores.com\/de\/#website\"},\"datePublished\":\"2023-04-14T14:16:18+00:00\",\"dateModified\":\"2026-03-11T10:21:04+00:00\",\"description\":\"Villa Silvana, k\u00fcrzlich renoviert, in Ogliastra, in der N\u00e4he des Meeres, mit Doppelzimmern, Pools und Fr\u00fchst\u00fcck inklusive.\",\"breadcrumb\":{\"@id\":\"https:\/\/www.campingsosflores.com\/de\/villa-silvana-ogliastra\/#breadcrumb\"},\"inLanguage\":\"de-DE\",\"potentialAction\":[{\"@type\":\"ReadAction\",\"target\":[\"https:\/\/www.campingsosflores.com\/de\/villa-silvana-ogliastra\/\"]}]},{\"@type\":\"BreadcrumbList\",\"@id\":\"https:\/\/www.campingsosflores.com\/de\/villa-silvana-ogliastra\/#breadcrumb\",\"itemListElement\":[{\"@type\":\"ListItem\",\"position\":1,\"name\":\"Home\",\"item\":\"https:\/\/www.campingsosflores.com\/de\/\"},{\"@type\":\"ListItem\",\"position\":2,\"name\":\"Villa Silvana\"}]},{\"@type\":\"WebSite\",\"@id\":\"https:\/\/www.campingsosflores.com\/de\/#website\",\"url\":\"https:\/\/www.campingsosflores.com\/de\/\",\"name\":\"Campeggio Villaggio Sos Flores\",\"description\":\"Campeggio Villaggio in Sardegna sul Mare\",\"potentialAction\":[{\"@type\":\"SearchAction\",\"target\":{\"@type\":\"EntryPoint\",\"urlTemplate\":\"https:\/\/www.campingsosflores.com\/de\/?s={search_term_string}\"},\"query-input\":\"required name=search_term_string\"}],\"inLanguage\":\"de-DE\"}]}<\/script>\n<!-- \/ Yoast SEO plugin. -->","yoast_head_json":{"title":"Villa Silvana - Campeggio Villaggio Sos Flores","description":"Villa Silvana, k\u00fcrzlich renoviert, in Ogliastra, in der N\u00e4he des Meeres, mit Doppelzimmern, Pools und Fr\u00fchst\u00fcck inklusive.","robots":{"index":"index","follow":"follow","max-snippet":"max-snippet:-1","max-image-preview":"max-image-preview:large","max-video-preview":"max-video-preview:-1"},"canonical":"https:\/\/www.campingsosflores.com\/de\/villa-silvana-ogliastra\/","og_locale":"de_DE","og_type":"article","og_title":"Villa Silvana - Campeggio Villaggio Sos Flores","og_description":"Villa Silvana, k\u00fcrzlich renoviert, in Ogliastra, in der N\u00e4he des Meeres, mit Doppelzimmern, Pools und Fr\u00fchst\u00fcck inklusive.","og_url":"https:\/\/www.campingsosflores.com\/de\/villa-silvana-ogliastra\/","og_site_name":"Campeggio Villaggio Sos Flores","article_publisher":"https:\/\/www.facebook.com\/Campeggio-Villaggio-Sos-Flores-163331700496181\/","article_modified_time":"2026-03-11T10:21:04+00:00","twitter_card":"summary_large_image","twitter_misc":{"Est. reading time":"2 minutes"},"schema":{"@context":"https:\/\/schema.org","@graph":[{"@type":"WebPage","@id":"https:\/\/www.campingsosflores.com\/de\/villa-silvana-ogliastra\/","url":"https:\/\/www.campingsosflores.com\/de\/villa-silvana-ogliastra\/","name":"Villa Silvana - Campeggio Villaggio Sos Flores","isPartOf":{"@id":"https:\/\/www.campingsosflores.com\/de\/#website"},"datePublished":"2023-04-14T14:16:18+00:00","dateModified":"2026-03-11T10:21:04+00:00","description":"Villa Silvana, k\u00fcrzlich renoviert, in Ogliastra, in der N\u00e4he des Meeres, mit Doppelzimmern, Pools und Fr\u00fchst\u00fcck inklusive.","breadcrumb":{"@id":"https:\/\/www.campingsosflores.com\/de\/villa-silvana-ogliastra\/#breadcrumb"},"inLanguage":"de-DE","potentialAction":[{"@type":"ReadAction","target":["https:\/\/www.campingsosflores.com\/de\/villa-silvana-ogliastra\/"]}]},{"@type":"BreadcrumbList","@id":"https:\/\/www.campingsosflores.com\/de\/villa-silvana-ogliastra\/#breadcrumb","itemListElement":[{"@type":"ListItem","position":1,"name":"Home","item":"https:\/\/www.campingsosflores.com\/de\/"},{"@type":"ListItem","position":2,"name":"Villa Silvana"}]},{"@type":"WebSite","@id":"https:\/\/www.campingsosflores.com\/de\/#website","url":"https:\/\/www.campingsosflores.com\/de\/","name":"Campeggio Villaggio Sos Flores","description":"Campeggio Villaggio in Sardegna sul Mare","potentialAction":[{"@type":"SearchAction","target":{"@type":"EntryPoint","urlTemplate":"https:\/\/www.campingsosflores.com\/de\/?s={search_term_string}"},"query-input":"required name=search_term_string"}],"inLanguage":"de-DE"}]}},"_links":{"self":[{"href":"https:\/\/www.campingsosflores.com\/de\/wp-json\/wp\/v2\/pages\/7826","targetHints":{"allow":["GET"]}}],"collection":[{"href":"https:\/\/www.campingsosflores.com\/de\/wp-json\/wp\/v2\/pages"}],"about":[{"href":"https:\/\/www.campingsosflores.com\/de\/wp-json\/wp\/v2\/types\/page"}],"author":[{"embeddable":true,"href":"https:\/\/www.campingsosflores.com\/de\/wp-json\/wp\/v2\/users\/2"}],"replies":[{"embeddable":true,"href":"https:\/\/www.campingsosflores.com\/de\/wp-json\/wp\/v2\/comments?post=7826"}],"version-history":[{"count":19,"href":"https:\/\/www.campingsosflores.com\/de\/wp-json\/wp\/v2\/pages\/7826\/revisions"}],"predecessor-version":[{"id":10286,"href":"https:\/\/www.campingsosflores.com\/de\/wp-json\/wp\/v2\/pages\/7826\/revisions\/10286"}],"wp:attachment":[{"href":"https:\/\/www.campingsosflores.com\/de\/wp-json\/wp\/v2\/media?parent=7826"}],"curies":[{"name":"wp","href":"https:\/\/api.w.org\/{rel}","templated":true}]}}