{"id":6728,"date":"2022-03-18T09:55:54","date_gmt":"2022-03-18T08:55:54","guid":{"rendered":"https:\/\/www.campingsosflores.com\/faehren\/"},"modified":"2024-11-22T16:06:12","modified_gmt":"2024-11-22T15:06:12","slug":"faehren-sardinien-ogliastra-incoming","status":"publish","type":"page","link":"https:\/\/www.campingsosflores.com\/de\/faehren-sardinien-ogliastra-incoming\/","title":{"rendered":"F\u00e4hren"},"content":{"rendered":"<div class=\"wpb-content-wrapper\"><p>[vc_row type=&#8221;vc_default&#8221; full_width=&#8221;stretch_row_content_no_spaces&#8221;][vc_column][vc_raw_html]Jm5ic3A7DQo8ZGl2IGlkPSJib29raW5nZXhwZXJ0Ij4NCjxkaXYgaWQ9InNlYXJjaGJveCIgY2xhc3M9ImJhcnJhcmljZXJjYSI+PC9kaXY+DQo8L2Rpdj4=[\/vc_raw_html][vc_raw_js]JTIwJTIwJTIwJTIwJTIwJTIwJTIwJTNDc2NyaXB0JTIwc3JjJTNEJTIyaHR0cHMlM0ElMkYlMkZiZS5ib29raW5nZXhwZXJ0Lml0JTJGYm9vayUyRndlYnNpdGVzJTJGc2VhcmNoYm94JTNGaG90ZWwlM0QyMjQzNCUyNmFtcCUzQmxhbmclM0RpdCUyMiUzRSUzQyUyRnNjcmlwdCUzRSUwQSUyMCUyMCUyMCUyMCUyMCUyMCUyMCUyMCUzQ3NjcmlwdCUzRWl0LmJvb2tpbmdleHBlcnQuU2VhcmNoQm94LmxvYWQlMjglMjdzZWFyY2hib3glMjclMkMlMjAlMjdEZWZhdWx0JTI3JTI5JTNCJTNDJTJGc2NyaXB0JTNF[\/vc_raw_js][vc_empty_space][\/vc_column][\/vc_row][vc_row][vc_column]<div id=\"ultimate-heading-800769e4eebc7f235\" class=\"uvc-heading ult-adjust-bottom-margin ultimate-heading-800769e4eebc7f235 uvc-5379 \" data-hspacer=\"no_spacer\"  data-halign=\"center\" style=\"text-align:center\"><div class=\"uvc-heading-spacer no_spacer\" style=\"top\"><\/div><div class=\"uvc-main-heading ult-responsive\"  data-ultimate-target='.uvc-heading.ultimate-heading-800769e4eebc7f235 h2'  data-responsive-json-new='{\"font-size\":\"desktop:32px;\",\"line-height\":\"\"}' ><h2 style=\"--font-weight:theme;\">Offerten F\u00e4hren Sardinien: mit uns reisen Sie immer zum besten Preis!<\/h2><\/div><\/div>[vc_empty_space][vc_column_text]Egal, ob Sie eine lange Zeit oder nur ein Wochenende reisen m\u00f6chten, die <strong>F\u00e4hre<\/strong> ist das ideale Verkehrsmittel, nach <strong>Sardinien<\/strong> zu fahren. Wir haben beg\u00fcnstigte Tarifen mit den gro\u00dften Schifffahrtunternehmen vereinbart (<strong>GNV, Grimaldi, Moby, Sardinia Ferries und Tirrenia<\/strong>). Anfordern Sie ein erm\u00e4\u00dfigtes Angebot bei unserem <strong>Reiseagentur Ogliastra Incoming<\/strong>, klicken Sie <a href=\"https:\/\/forms.gle\/4wxU9n1XWu8eKz3a9\">HIER<\/a> oder f\u00fcllen Sie das Anfrage-Formular f\u00fcr Ihre F\u00e4hre nach <strong>Sardinien<\/strong> aus. Wir werden uns bei Ihnen mit einer individuellen Offerte baldm\u00f6glichst melden.[\/vc_column_text][vc_separator][\/vc_column][\/vc_row][vc_row][vc_column width=&#8221;1\/6&#8243;][\/vc_column][vc_column width=&#8221;2\/3&#8243;][vc_raw_html el_id=&#8221;Modulo traghetto&#8221;]JTBBJTIwJTIwJTIwJTIwJTNDaWZyYW1lJTBBJTIwJTIwJTIwJTIwJTIwJTIwaWQlM0QlMjJKb3RGb3JtSUZyYW1lLTIzMjk3MjY3NzAwNzM2MiUyMiUwQSUyMCUyMCUyMCUyMCUyMCUyMHRpdGxlJTNEJTIyTW9kdWxvJTIwb2dsaWFzdHJhaW5jb21pbmcuY29tJTIwU29zJTIwRmxvcmVzJTIyJTBBJTIwJTIwJTIwJTIwJTIwJTIwb25sb2FkJTNEJTIyd2luZG93LnBhcmVudC5zY3JvbGxUbyUyODAlMkMwJTI5JTIyJTBBJTIwJTIwJTIwJTIwJTIwJTIwYWxsb3d0cmFuc3BhcmVuY3klM0QlMjJ0cnVlJTIyJTBBJTIwJTIwJTIwJTIwJTIwJTIwYWxsb3dmdWxsc2NyZWVuJTNEJTIydHJ1ZSUyMiUwQSUyMCUyMCUyMCUyMCUyMCUyMGFsbG93JTNEJTIyZ2VvbG9jYXRpb24lM0IlMjBtaWNyb3Bob25lJTNCJTIwY2FtZXJhJTIyJTBBJTIwJTIwJTIwJTIwJTIwJTIwc3JjJTNEJTIyaHR0cHMlM0ElMkYlMkZmb3JtLmpvdGZvcm0uY29tJTJGb2dsaWFzdHJhaW5jb21pbmclMkZzb3MtZmxvcmVzJTIyJTBBJTIwJTIwJTIwJTIwJTIwJTIwZnJhbWVib3JkZXIlM0QlMjIwJTIyJTBBJTIwJTIwJTIwJTIwJTIwJTIwc3R5bGUlM0QlMjJtaW4td2lkdGglM0ExMDAlMjUlM0JtYXgtd2lkdGglM0ExMDAlMjUlM0JoZWlnaHQlM0E1MzlweCUzQmJvcmRlciUzQW5vbmUlM0IlMjIlMEElMjAlMjAlMjAlMjAlMjAlMjBzY3JvbGxpbmclM0QlMjJubyUyMiUwQSUyMCUyMCUyMCUyMCUzRSUwQSUyMCUyMCUyMCUyMCUzQyUyRmlmcmFtZSUzRSUwQSUyMCUyMCUyMCUyMCUzQ3NjcmlwdCUyMHR5cGUlM0QlMjJ0ZXh0JTJGamF2YXNjcmlwdCUyMiUzRSUwQSUyMCUyMCUyMCUyMHZhciUyMGlmciUyMCUzRCUyMGRvY3VtZW50LmdldEVsZW1lbnRCeUlkJTI4JTIySm90Rm9ybUlGcmFtZS0yMzI5NzI2NzcwMDczNjIlMjIlMjklM0IlMEElMjAlMjAlMjAlMjBpZiUyMCUyOGlmciUyOSUyMCU3QiUwQSUyMCUyMCUyMCUyMCUyMCUyMHZhciUyMHNyYyUyMCUzRCUyMGlmci5zcmMlM0IlMEElMjAlMjAlMjAlMjAlMjAlMjB2YXIlMjBpZnJhbWVQYXJhbXMlMjAlM0QlMjAlNUIlNUQlM0IlMEElMjAlMjAlMjAlMjAlMjAlMjBpZiUyMCUyOHdpbmRvdy5sb2NhdGlvbi5ocmVmJTIwJTI2JTI2JTIwd2luZG93LmxvY2F0aW9uLmhyZWYuaW5kZXhPZiUyOCUyMiUzRiUyMiUyOSUyMCUzRSUyMC0xJTI5JTIwJTdCJTBBJTIwJTIwJTIwJTIwJTIwJTIwJTIwJTIwaWZyYW1lUGFyYW1zJTIwJTNEJTIwaWZyYW1lUGFyYW1zLmNvbmNhdCUyOHdpbmRvdy5sb2NhdGlvbi5ocmVmLnN1YnN0ciUyOHdpbmRvdy5sb2NhdGlvbi5ocmVmLmluZGV4T2YlMjglMjIlM0YlMjIlMjklMjAlMkIlMjAxJTI5LnNwbGl0JTI4JTI3JTI2JTI3JTI5JTI5JTNCJTBBJTIwJTIwJTIwJTIwJTIwJTIwJTdEJTBBJTIwJTIwJTIwJTIwJTIwJTIwaWYlMjAlMjhzcmMlMjAlMjYlMjYlMjBzcmMuaW5kZXhPZiUyOCUyMiUzRiUyMiUyOSUyMCUzRSUyMC0xJTI5JTIwJTdCJTBBJTIwJTIwJTIwJTIwJTIwJTIwJTIwJTIwaWZyYW1lUGFyYW1zJTIwJTNEJTIwaWZyYW1lUGFyYW1zLmNvbmNhdCUyOHNyYy5zdWJzdHIlMjhzcmMuaW5kZXhPZiUyOCUyMiUzRiUyMiUyOSUyMCUyQiUyMDElMjkuc3BsaXQlMjglMjIlMjYlMjIlMjklMjklM0IlMEElMjAlMjAlMjAlMjAlMjAlMjAlMjAlMjBzcmMlMjAlM0QlMjBzcmMuc3Vic3RyJTI4MCUyQyUyMHNyYy5pbmRleE9mJTI4JTIyJTNGJTIyJTI5JTI5JTBBJTIwJTIwJTIwJTIwJTIwJTIwJTdEJTBBJTIwJTIwJTIwJTIwJTIwJTIwaWZyYW1lUGFyYW1zLnB1c2glMjglMjJpc0lmcmFtZUVtYmVkJTNEMSUyMiUyOSUzQiUwQSUyMCUyMCUyMCUyMCUyMCUyMGlmci5zcmMlMjAlM0QlMjBzcmMlMjAlMkIlMjAlMjIlM0YlMjIlMjAlMkIlMjBpZnJhbWVQYXJhbXMuam9pbiUyOCUyNyUyNiUyNyUyOSUzQiUwQSUyMCUyMCUyMCUyMCU3RCUwQSUyMCUyMCUyMCUyMHdpbmRvdy5oYW5kbGVJRnJhbWVNZXNzYWdlJTIwJTNEJTIwZnVuY3Rpb24lMjhlJTI5JTIwJTdCJTBBJTIwJTIwJTIwJTIwJTIwJTIwaWYlMjAlMjh0eXBlb2YlMjBlLmRhdGElMjAlM0QlM0QlM0QlMjAlMjdvYmplY3QlMjclMjklMjAlN0IlMjByZXR1cm4lM0IlMjAlN0QlMEElMjAlMjAlMjAlMjAlMjAlMjB2YXIlMjBhcmdzJTIwJTNEJTIwZS5kYXRhLnNwbGl0JTI4JTIyJTNBJTIyJTI5JTNCJTBBJTIwJTIwJTIwJTIwJTIwJTIwaWYlMjAlMjhhcmdzLmxlbmd0aCUyMCUzRSUyMDIlMjklMjAlN0IlMjBpZnJhbWUlMjAlM0QlMjBkb2N1bWVudC5nZXRFbGVtZW50QnlJZCUyOCUyMkpvdEZvcm1JRnJhbWUtJTIyJTIwJTJCJTIwYXJncyU1QiUyOGFyZ3MubGVuZ3RoJTIwLSUyMDElMjklNUQlMjklM0IlMjAlN0QlMjBlbHNlJTIwJTdCJTIwaWZyYW1lJTIwJTNEJTIwZG9jdW1lbnQuZ2V0RWxlbWVudEJ5SWQlMjglMjJKb3RGb3JtSUZyYW1lJTIyJTI5JTNCJTIwJTdEJTBBJTIwJTIwJTIwJTIwJTIwJTIwaWYlMjAlMjglMjFpZnJhbWUlMjklMjAlN0IlMjByZXR1cm4lM0IlMjAlN0QlMEElMjAlMjAlMjAlMjAlMjAlMjBzd2l0Y2glMjAlMjhhcmdzJTVCMCU1RCUyOSUyMCU3QiUwQSUyMCUyMCUyMCUyMCUyMCUyMCUyMCUyMGNhc2UlMjAlMjJzY3JvbGxJbnRvVmlldyUyMiUzQSUwQSUyMCUyMCUyMCUyMCUyMCUyMCUyMCUyMCUyMCUyMGlmcmFtZS5zY3JvbGxJbnRvVmlldyUyOCUyOSUzQiUwQSUyMCUyMCUyMCUyMCUyMCUyMCUyMCUyMCUyMCUyMGJyZWFrJTNCJTBBJTIwJTIwJTIwJTIwJTIwJTIwJTIwJTIwY2FzZSUyMCUyMnNldEhlaWdodCUyMiUzQSUwQSUyMCUyMCUyMCUyMCUyMCUyMCUyMCUyMCUyMCUyMGlmcmFtZS5zdHlsZS5oZWlnaHQlMjAlM0QlMjBhcmdzJTVCMSU1RCUyMCUyQiUyMCUyMnB4JTIyJTNCJTBBJTIwJTIwJTIwJTIwJTIwJTIwJTIwJTIwJTIwJTIwaWYlMjAlMjglMjFpc05hTiUyOGFyZ3MlNUIxJTVEJTI5JTIwJTI2JTI2JTIwcGFyc2VJbnQlMjhpZnJhbWUuc3R5bGUubWluSGVpZ2h0JTI5JTIwJTNFJTIwcGFyc2VJbnQlMjhhcmdzJTVCMSU1RCUyOSUyOSUyMCU3QiUwQSUyMCUyMCUyMCUyMCUyMCUyMCUyMCUyMCUyMCUyMCUyMCUyMGlmcmFtZS5zdHlsZS5taW5IZWlnaHQlMjAlM0QlMjBhcmdzJTVCMSU1RCUyMCUyQiUyMCUyMnB4JTIyJTNCJTBBJTIwJTIwJTIwJTIwJTIwJTIwJTIwJTIwJTIwJTIwJTdEJTBBJTIwJTIwJTIwJTIwJTIwJTIwJTIwJTIwJTIwJTIwYnJlYWslM0IlMEElMjAlMjAlMjAlMjAlMjAlMjAlMjAlMjBjYXNlJTIwJTIyY29sbGFwc2VFcnJvclBhZ2UlMjIlM0ElMEElMjAlMjAlMjAlMjAlMjAlMjAlMjAlMjAlMjAlMjBpZiUyMCUyOGlmcmFtZS5jbGllbnRIZWlnaHQlMjAlM0UlMjB3aW5kb3cuaW5uZXJIZWlnaHQlMjklMjAlN0IlMEElMjAlMjAlMjAlMjAlMjAlMjAlMjAlMjAlMjAlMjAlMjAlMjBpZnJhbWUuc3R5bGUuaGVpZ2h0JTIwJTNEJTIwd2luZG93LmlubmVySGVpZ2h0JTIwJTJCJTIwJTIycHglMjIlM0IlMEElMjAlMjAlMjAlMjAlMjAlMjAlMjAlMjAlMjAlMjAlN0QlMEElMjAlMjAlMjAlMjAlMjAlMjAlMjAlMjAlMjAlMjBicmVhayUzQiUwQSUyMCUyMCUyMCUyMCUyMCUyMCUyMCUyMGNhc2UlMjAlMjJyZWxvYWRQYWdlJTIyJTNBJTBBJTIwJTIwJTIwJTIwJTIwJTIwJTIwJTIwJTIwJTIwd2luZG93LmxvY2F0aW9uLnJlbG9hZCUyOCUyOSUzQiUwQSUyMCUyMCUyMCUyMCUyMCUyMCUyMCUyMCUyMCUyMGJyZWFrJTNCJTBBJTIwJTIwJTIwJTIwJTIwJTIwJTIwJTIwY2FzZSUyMCUyMmxvYWRTY3JpcHQlMjIlM0ElMEElMjAlMjAlMjAlMjAlMjAlMjAlMjAlMjAlMjAlMjBpZiUyOCUyMCUyMXdpbmRvdy5pc1Blcm1pdHRlZCUyOGUub3JpZ2luJTJDJTIwJTVCJTI3am90Zm9ybS5jb20lMjclMkMlMjAlMjdqb3Rmb3JtLnBybyUyNyU1RCUyOSUyMCUyOSUyMCU3QiUyMGJyZWFrJTNCJTIwJTdEJTBBJTIwJTIwJTIwJTIwJTIwJTIwJTIwJTIwJTIwJTIwdmFyJTIwc3JjJTIwJTNEJTIwYXJncyU1QjElNUQlM0IlMEElMjAlMjAlMjAlMjAlMjAlMjAlMjAlMjAlMjAlMjBpZiUyMCUyOGFyZ3MubGVuZ3RoJTIwJTNFJTIwMyUyOSUyMCU3QiUwQSUyMCUyMCUyMCUyMCUyMCUyMCUyMCUyMCUyMCUyMCUyMCUyMCUyMCUyMHNyYyUyMCUzRCUyMGFyZ3MlNUIxJTVEJTIwJTJCJTIwJTI3JTNBJTI3JTIwJTJCJTIwYXJncyU1QjIlNUQlM0IlMEElMjAlMjAlMjAlMjAlMjAlMjAlMjAlMjAlMjAlMjAlN0QlMEElMjAlMjAlMjAlMjAlMjAlMjAlMjAlMjAlMjAlMjB2YXIlMjBzY3JpcHQlMjAlM0QlMjBkb2N1bWVudC5jcmVhdGVFbGVtZW50JTI4JTI3c2NyaXB0JTI3JTI5JTNCJTBBJTIwJTIwJTIwJTIwJTIwJTIwJTIwJTIwJTIwJTIwc2NyaXB0LnNyYyUyMCUzRCUyMHNyYyUzQiUwQSUyMCUyMCUyMCUyMCUyMCUyMCUyMCUyMCUyMCUyMHNjcmlwdC50eXBlJTIwJTNEJTIwJTI3dGV4dCUyRmphdmFzY3JpcHQlMjclM0IlMEElMjAlMjAlMjAlMjAlMjAlMjAlMjAlMjAlMjAlMjBkb2N1bWVudC5ib2R5LmFwcGVuZENoaWxkJTI4c2NyaXB0JTI5JTNCJTBBJTIwJTIwJTIwJTIwJTIwJTIwJTIwJTIwJTIwJTIwYnJlYWslM0IlMEElMjAlMjAlMjAlMjAlMjAlMjAlMjAlMjBjYXNlJTIwJTIyZXhpdEZ1bGxzY3JlZW4lMjIlM0ElMEElMjAlMjAlMjAlMjAlMjAlMjAlMjAlMjAlMjAlMjBpZiUyMCUyMCUyMCUyMCUyMCUyMCUyOHdpbmRvdy5kb2N1bWVudC5leGl0RnVsbHNjcmVlbiUyOSUyMCUyMCUyMCUyMCUyMCUyMCUyMCUyMHdpbmRvdy5kb2N1bWVudC5leGl0RnVsbHNjcmVlbiUyOCUyOSUzQiUwQSUyMCUyMCUyMCUyMCUyMCUyMCUyMCUyMCUyMCUyMGVsc2UlMjBpZiUyMCUyOHdpbmRvdy5kb2N1bWVudC5tb3pDYW5jZWxGdWxsU2NyZWVuJTI5JTIwJTIwJTIwd2luZG93LmRvY3VtZW50Lm1vekNhbmNlbEZ1bGxTY3JlZW4lMjglMjklM0IlMEElMjAlMjAlMjAlMjAlMjAlMjAlMjAlMjAlMjAlMjBlbHNlJTIwaWYlMjAlMjh3aW5kb3cuZG9jdW1lbnQubW96Q2FuY2VsRnVsbHNjcmVlbiUyOSUyMCUyMCUyMHdpbmRvdy5kb2N1bWVudC5tb3pDYW5jZWxGdWxsU2NyZWVuJTI4JTI5JTNCJTBBJTIwJTIwJTIwJTIwJTIwJTIwJTIwJTIwJTIwJTIwZWxzZSUyMGlmJTIwJTI4d2luZG93LmRvY3VtZW50LndlYmtpdEV4aXRGdWxsc2NyZWVuJTI5JTIwJTIwd2luZG93LmRvY3VtZW50LndlYmtpdEV4aXRGdWxsc2NyZWVuJTI4JTI5JTNCJTBBJTIwJTIwJTIwJTIwJTIwJTIwJTIwJTIwJTIwJTIwZWxzZSUyMGlmJTIwJTI4d2luZG93LmRvY3VtZW50Lm1zRXhpdEZ1bGxzY3JlZW4lMjklMjAlMjAlMjAlMjAlMjAlMjB3aW5kb3cuZG9jdW1lbnQubXNFeGl0RnVsbHNjcmVlbiUyOCUyOSUzQiUwQSUyMCUyMCUyMCUyMCUyMCUyMCUyMCUyMCUyMCUyMGJyZWFrJTNCJTBBJTIwJTIwJTIwJTIwJTIwJTIwJTdEJTBBJTIwJTIwJTIwJTIwJTIwJTIwdmFyJTIwaXNKb3RGb3JtJTIwJTNEJTIwJTI4ZS5vcmlnaW4uaW5kZXhPZiUyOCUyMmpvdGZvcm0lMjIlMjklMjAlM0UlMjAtMSUyOSUyMCUzRiUyMHRydWUlMjAlM0ElMjBmYWxzZSUzQiUwQSUyMCUyMCUyMCUyMCUyMCUyMGlmJTI4aXNKb3RGb3JtJTIwJTI2JTI2JTIwJTIyY29udGVudFdpbmRvdyUyMiUyMGluJTIwaWZyYW1lJTIwJTI2JTI2JTIwJTIycG9zdE1lc3NhZ2UlMjIlMjBpbiUyMGlmcmFtZS5jb250ZW50V2luZG93JTI5JTIwJTdCJTBBJTIwJTIwJTIwJTIwJTIwJTIwJTIwJTIwdmFyJTIwdXJscyUyMCUzRCUyMCU3QiUyMmRvY3VybCUyMiUzQWVuY29kZVVSSUNvbXBvbmVudCUyOGRvY3VtZW50LlVSTCUyOSUyQyUyMnJlZmVycmVyJTIyJTNBZW5jb2RlVVJJQ29tcG9uZW50JTI4ZG9jdW1lbnQucmVmZXJyZXIlMjklN0QlM0IlMEElMjAlMjAlMjAlMjAlMjAlMjAlMjAlMjBpZnJhbWUuY29udGVudFdpbmRvdy5wb3N0TWVzc2FnZSUyOEpTT04uc3RyaW5naWZ5JTI4JTdCJTIydHlwZSUyMiUzQSUyMnVybHMlMjIlMkMlMjJ2YWx1ZSUyMiUzQXVybHMlN0QlMjklMkMlMjAlMjIlMkElMjIlMjklM0IlMEElMjAlMjAlMjAlMjAlMjAlMjAlN0QlMEElMjAlMjAlMjAlMjAlN0QlM0IlMEElMjAlMjAlMjAlMjB3aW5kb3cuaXNQZXJtaXR0ZWQlMjAlM0QlMjBmdW5jdGlvbiUyOG9yaWdpblVybCUyQyUyMHdoaXRlbGlzdGVkX2RvbWFpbnMlMjklMjAlN0IlMEElMjAlMjAlMjAlMjAlMjAlMjB2YXIlMjB1cmwlMjAlM0QlMjBkb2N1bWVudC5jcmVhdGVFbGVtZW50JTI4JTI3YSUyNyUyOSUzQiUwQSUyMCUyMCUyMCUyMCUyMCUyMHVybC5ocmVmJTIwJTNEJTIwb3JpZ2luVXJsJTNCJTBBJTIwJTIwJTIwJTIwJTIwJTIwdmFyJTIwaG9zdG5hbWUlMjAlM0QlMjB1cmwuaG9zdG5hbWUlM0IlMEElMjAlMjAlMjAlMjAlMjAlMjB2YXIlMjByZXN1bHQlMjAlM0QlMjBmYWxzZSUzQiUwQSUyMCUyMCUyMCUyMCUyMCUyMGlmJTI4JTIwdHlwZW9mJTIwaG9zdG5hbWUlMjAlMjElM0QlM0QlMjAlMjd1bmRlZmluZWQlMjclMjAlMjklMjAlN0IlMEElMjAlMjAlMjAlMjAlMjAlMjAlMjAlMjB3aGl0ZWxpc3RlZF9kb21haW5zLmZvckVhY2glMjhmdW5jdGlvbiUyOGVsZW1lbnQlMjklMjAlN0IlMEElMjAlMjAlMjAlMjAlMjAlMjAlMjAlMjAlMjAlMjAlMjAlMjBpZiUyOCUyMGhvc3RuYW1lLnNsaWNlJTI4JTI4LTElMjAlMkElMjBlbGVtZW50Lmxlbmd0aCUyMC0lMjAxJTI5JTI5JTIwJTNEJTNEJTNEJTIwJTI3LiUyNy5jb25jYXQlMjhlbGVtZW50JTI5JTIwJTdDJTdDJTIwJTIwaG9zdG5hbWUlMjAlM0QlM0QlM0QlMjBlbGVtZW50JTIwJTI5JTIwJTdCJTBBJTIwJTIwJTIwJTIwJTIwJTIwJTIwJTIwJTIwJTIwJTIwJTIwJTIwJTIwJTIwJTIwcmVzdWx0JTIwJTNEJTIwdHJ1ZSUzQiUwQSUyMCUyMCUyMCUyMCUyMCUyMCUyMCUyMCUyMCUyMCUyMCUyMCU3RCUwQSUyMCUyMCUyMCUyMCUyMCUyMCUyMCUyMCU3RCUyOSUzQiUwQSUyMCUyMCUyMCUyMCUyMCUyMCUyMCUyMHJldHVybiUyMHJlc3VsdCUzQiUwQSUyMCUyMCUyMCUyMCUyMCUyMCU3RCUwQSUyMCUyMCUyMCUyMCU3RCUzQiUwQSUyMCUyMCUyMCUyMGlmJTIwJTI4d2luZG93LmFkZEV2ZW50TGlzdGVuZXIlMjklMjAlN0IlMEElMjAlMjAlMjAlMjAlMjAlMjB3aW5kb3cuYWRkRXZlbnRMaXN0ZW5lciUyOCUyMm1lc3NhZ2UlMjIlMkMlMjBoYW5kbGVJRnJhbWVNZXNzYWdlJTJDJTIwZmFsc2UlMjklM0IlMEElMjAlMjAlMjAlMjAlN0QlMjBlbHNlJTIwaWYlMjAlMjh3aW5kb3cuYXR0YWNoRXZlbnQlMjklMjAlN0IlMEElMjAlMjAlMjAlMjAlMjAlMjB3aW5kb3cuYXR0YWNoRXZlbnQlMjglMjJvbm1lc3NhZ2UlMjIlMkMlMjBoYW5kbGVJRnJhbWVNZXNzYWdlJTI5JTNCJTBBJTIwJTIwJTIwJTIwJTdEJTBBJTIwJTIwJTIwJTIwJTNDJTJGc2NyaXB0JTNF[\/vc_raw_html][\/vc_column][vc_column width=&#8221;1\/6&#8243;][\/vc_column][\/vc_row][vc_row][vc_column][vc_separator][vc_column_text]<\/p>\n<h3 style=\"text-align: center;\">Kosteng\u00fcnstige Preise der Ticketf\u00e4hre und Sonderangebote<\/h3>\n<p style=\"text-align: left;\">Unsere Agentur <strong>Ogliastra Incoming<\/strong> bietet die <strong>besten Tarifen<\/strong> <strong>auf dem Markt<\/strong> dank den <strong>Vereinbarungen<\/strong> mit den gro\u00dften Schiffahrtunternehmen. Wir vergleichen f\u00fcr Sie in Echtzeit Preise, Tarifen und Fahrpl\u00e4ne der verschiedenen Schiffahrtunternehmen und bieten Ihnen kurzfristig das beste Angebot zurzeit auf dem Markt an, Sonderrabatt eingeschlossen. Wir bieten au\u00dferdem Sonderpreise f\u00fcr die <strong>Bewohner aus Sardinien<\/strong> an, die Preisnachl\u00e4sse und Aktionen ausnutzen k\u00f6nnen.<\/p>\n<p>[\/vc_column_text][vc_empty_space][vc_column_text]<\/p>\n<h3 style=\"text-align: center;\">Unterbringung und Dienste der F\u00e4hren nach Sardinien<\/h3>\n<p>An Bord der <strong>F\u00e4hre<\/strong> haben Sie die Wahl zwischen Unterbringungsarten wie Sitze\/Ruhesessel oder Kabine mit zwei oder vier Betten, komplett ausgestattet, ideal zum Reisen bequem. Beginnen Sie Ihre Ferien am Besten und genie\u00dfen verf\u00fcgbare Dienste an Bord wie Caf\u00e9s, Restaurants, Spielhallen f\u00fcr Kinder, Live-Musik und L\u00e4den, die ihre Fahrt leichter machen werden. Die <strong>F\u00e4hren<\/strong> sind mit einem Schwimmbad und einem Solarium ausgestattet, die w\u00e4hrend der Sommer\u00fcberfahrten ideal zu Ihrer Entspannung sind. Die Fahrtdauer ist unterschiedlich nach Fahrgesellschaft und Strecke, sowie nach Tag- oder Nachtf\u00e4hre. Sie kann zwischen 7 und 12 Stunden dauern.[\/vc_column_text][vc_empty_space][vc_column_text]<\/p>\n<h3 style=\"text-align: center;\">Abfahrtsh\u00e4fen und Ankunftsh\u00e4fen<\/h3>\n<p>Sardinien ist von den Haupth\u00e4fen Italiens und von Sizilien aus erreichbar. Die Abfahrtsh\u00e4fen nach Sardinien sind: Savona, Genua, Livorno, Piombino, Civitavecchia, Neapel und Palermo. Die Ankunftsh\u00e4fen in Sardinien sind: Arbatax, Cagliari, Golfo Aranci, Olbia und Porto Torres. Nach Ihren Bed\u00fcrfnissen haben Sie die freie Wahl der bevorzugten Strecken nach Abfahrtsh\u00e4fen und Ankunftsh\u00e4fen.[\/vc_column_text][vc_empty_space][vc_column_text]<\/p>\n<h3 style=\"text-align: center;\">Autos, Motorr\u00e4der und Wohmobile Einschiffung<\/h3>\n<p>Die <strong>Hauptschifffahrtunternehmen<\/strong>, die das Festland mit <strong>Sardinien<\/strong> verbinden (<strong>Tirrenia, Moby, Sardinia Ferries, Grimaldi und Grandi Navi Veloci),<\/strong> erlauben mit dem eigenen Fahrzeug zu reisen: die Einschiffung von Autos, Motorr\u00e4dern und Wohmobile ist tats\u00e4chlich m\u00f6glich. Bei der Angebotsanfrage w\u00e4hlen Sie die Option &#8220;ich habe ein Fahrzeug&#8221; aus und Sie werden ein individuelles Angebot f\u00fcr Ihren F\u00e4hreticket erhalten. Sie k\u00f6nnen auch insbesondere vorteilhafte Offerten bekommen.<\/p>\n<p>Die Reisenden mit dem eigenen Fahrzeug m\u00fcssen mindestens 2 Stunden vor der Abreise bei der Einschiffung ankommen, damit das F\u00e4hrepersonal alle Fahrzeuge einfacher und schneller einschiffen kann. <strong>Autos <\/strong>und <strong>Wohnmobile <\/strong>m\u00fcssen direkt vom Fahrer hineingefahren und nach Anweisungen der zust\u00e4ndigen Mitarbeiter geparkt werden. Weitere Passagieren m\u00fcssen zu Fu\u00df an Bord der <strong>F\u00e4hre<\/strong> einsteigen. Die Motorr\u00e4der dagegen werden beim Parken in einem Sicherheitbereich mit Gurten gesichert. W\u00e4hrend der \u00dcberfahrt d\u00fcrfen den Fahrzeugen die ganze Zeit nicht gen\u00e4hert werden, deswegen alle pers\u00f6nlichen und Bedarfs- Gegenst\u00e4nde m\u00fcssen mitgebracht werden. Das zust\u00e4ndige Personal benachrichtigt die Passagieren kurz vor der Ausschiffung und teilt denen mit, wie sie die Fahrzeuge abholen und hinausfahren m\u00fcssen. Es ist allern\u00f6tigst Autogas- und Erdgasfahrzeuge im Voraus zu melden.[\/vc_column_text][vc_empty_space][vc_column_text]<\/p>\n<h3 style=\"text-align: center;\">Haustiere<\/h3>\n<p>Die meisten <strong>Schifffahrtunternehmen nach Sardinien<\/strong>\u00a0erlauben <strong>Haustiere<\/strong> an Bord mitzubringen. Reisenden mit <strong>Hunden<\/strong> und <strong>Katzen<\/strong> k\u00f6nnen tats\u00e4chlich auf besondere und geeignete <strong>Kabinen<\/strong> sich verlassen: es ist sehr wichtig zu pr\u00fcfen, ob diese Kabinen noch frei und verf\u00fcgbar beim Buchen sind, vor allem bei Reisen in der Hochsaison. Bitte beachten Sie und erkundigen Sie nach die bestimmte Bedingungen f\u00fcr <strong>Haustiere<\/strong> bei jeder Schiffahrtgesellschaft, da voneinander \u00e4ndern k\u00f6nnen. Im Allgemeinen ist es erlaubt in engen R\u00e4umen die Haustiere an der Leine zu f\u00fchren und den Hundemaulkorb umzubinden, aber es ist auch m\u00f6glich das Deck der F\u00e4hre zu betreten, um spazieren zu gehen.[\/vc_column_text][vc_empty_space][\/vc_column][\/vc_row]<\/p>\n<\/div>","protected":false},"excerpt":{"rendered":"<p>[vc_row type=&#8221;vc_default&#8221; full_width=&#8221;stretch_row_content_no_spaces&#8221;][vc_column][vc_raw_html]Jm5ic3A7DQo8ZGl2IGlkPSJib29raW5nZXhwZXJ0Ij4NCjxkaXYgaWQ9InNlYXJjaGJveCIgY2xhc3M9ImJhcnJhcmljZXJjYSI+PC9kaXY+DQo8L2Rpdj4=[\/vc_raw_html][vc_raw_js]JTIwJTIwJTIwJTIwJTIwJTIwJTIwJTNDc2NyaXB0JTIwc3JjJTNEJTIyaHR0cHMlM0ElMkYlMkZiZS5ib29raW5nZXhwZXJ0Lml0JTJGYm9vayUyRndlYnNpdGVzJTJGc2VhcmNoYm94JTNGaG90ZWwlM0QyMjQzNCUyNmFtcCUzQmxhbmclM0RpdCUyMiUzRSUzQyUyRnNjcmlwdCUzRSUwQSUyMCUyMCUyMCUyMCUyMCUyMCUyMCUyMCUzQ3NjcmlwdCUzRWl0LmJvb2tpbmdleHBlcnQuU2VhcmNoQm94LmxvYWQlMjglMjdzZWFyY2hib3glMjclMkMlMjAlMjdEZWZhdWx0JTI3JTI5JTNCJTNDJTJGc2NyaXB0JTNF[\/vc_raw_js][vc_empty_space][\/vc_column][\/vc_row][vc_row][vc_column][vc_empty_space][vc_column_text]Egal, ob Sie eine lange Zeit oder nur ein Wochenende reisen m\u00f6chten, die F\u00e4hre ist das ideale Verkehrsmittel, nach Sardinien zu fahren. Wir haben beg\u00fcnstigte Tarifen mit den gro\u00dften Schifffahrtunternehmen vereinbart (GNV, Grimaldi, Moby, Sardinia Ferries und Tirrenia). Anfordern Sie ein erm\u00e4\u00dfigtes Angebot bei unserem Reiseagentur Ogliastra Incoming, klicken Sie HIER oder f\u00fcllen&hellip;<\/p>\n","protected":false},"author":2,"featured_media":0,"parent":0,"menu_order":0,"comment_status":"closed","ping_status":"closed","template":"","meta":{"footnotes":""},"class_list":["post-6728","page","type-page","status-publish","hentry","description-off"],"yoast_head":"<!-- This site is optimized with the Yoast SEO plugin v19.13 - https:\/\/yoast.com\/wordpress\/plugins\/seo\/ -->\n<title>F\u00e4hren - Campeggio Villaggio Sos Flores<\/title>\n<meta name=\"description\" content=\"Offerten F\u00e4hren Sardinien: mit Ogliastra Incoming reisen Sie immer zum besten Preis!F\u00e4hre nach Sardinien mit den besten Tarifen auf dem Markt\" \/>\n<meta name=\"robots\" content=\"index, follow, max-snippet:-1, max-image-preview:large, max-video-preview:-1\" \/>\n<link rel=\"canonical\" href=\"https:\/\/www.campingsosflores.com\/de\/faehren-sardinien-ogliastra-incoming\/\" \/>\n<meta property=\"og:locale\" content=\"de_DE\" \/>\n<meta property=\"og:type\" content=\"article\" \/>\n<meta property=\"og:title\" content=\"F\u00e4hren - Campeggio Villaggio Sos Flores\" \/>\n<meta property=\"og:description\" content=\"Offerten F\u00e4hren Sardinien: mit Ogliastra Incoming reisen Sie immer zum besten Preis!F\u00e4hre nach Sardinien mit den besten Tarifen auf dem Markt\" \/>\n<meta property=\"og:url\" content=\"https:\/\/www.campingsosflores.com\/de\/faehren-sardinien-ogliastra-incoming\/\" \/>\n<meta property=\"og:site_name\" content=\"Campeggio Villaggio Sos Flores\" \/>\n<meta property=\"article:publisher\" content=\"https:\/\/www.facebook.com\/Campeggio-Villaggio-Sos-Flores-163331700496181\/\" \/>\n<meta property=\"article:modified_time\" content=\"2024-11-22T15:06:12+00:00\" \/>\n<meta name=\"twitter:card\" content=\"summary_large_image\" \/>\n<meta name=\"twitter:label1\" content=\"Est. reading time\" \/>\n\t<meta name=\"twitter:data1\" content=\"4 minutes\" \/>\n<script type=\"application\/ld+json\" class=\"yoast-schema-graph\">{\"@context\":\"https:\/\/schema.org\",\"@graph\":[{\"@type\":\"WebPage\",\"@id\":\"https:\/\/www.campingsosflores.com\/de\/faehren-sardinien-ogliastra-incoming\/\",\"url\":\"https:\/\/www.campingsosflores.com\/de\/faehren-sardinien-ogliastra-incoming\/\",\"name\":\"F\u00e4hren - Campeggio Villaggio Sos Flores\",\"isPartOf\":{\"@id\":\"https:\/\/www.campingsosflores.com\/de\/#website\"},\"datePublished\":\"2022-03-18T08:55:54+00:00\",\"dateModified\":\"2024-11-22T15:06:12+00:00\",\"description\":\"Offerten F\u00e4hren Sardinien: mit Ogliastra Incoming reisen Sie immer zum besten Preis!F\u00e4hre nach Sardinien mit den besten Tarifen auf dem Markt\",\"breadcrumb\":{\"@id\":\"https:\/\/www.campingsosflores.com\/de\/faehren-sardinien-ogliastra-incoming\/#breadcrumb\"},\"inLanguage\":\"de-DE\",\"potentialAction\":[{\"@type\":\"ReadAction\",\"target\":[\"https:\/\/www.campingsosflores.com\/de\/faehren-sardinien-ogliastra-incoming\/\"]}]},{\"@type\":\"BreadcrumbList\",\"@id\":\"https:\/\/www.campingsosflores.com\/de\/faehren-sardinien-ogliastra-incoming\/#breadcrumb\",\"itemListElement\":[{\"@type\":\"ListItem\",\"position\":1,\"name\":\"Home\",\"item\":\"https:\/\/www.campingsosflores.com\/de\/\"},{\"@type\":\"ListItem\",\"position\":2,\"name\":\"F\u00e4hren\"}]},{\"@type\":\"WebSite\",\"@id\":\"https:\/\/www.campingsosflores.com\/de\/#website\",\"url\":\"https:\/\/www.campingsosflores.com\/de\/\",\"name\":\"Campeggio Villaggio Sos Flores\",\"description\":\"Campeggio Villaggio in Sardegna sul Mare\",\"potentialAction\":[{\"@type\":\"SearchAction\",\"target\":{\"@type\":\"EntryPoint\",\"urlTemplate\":\"https:\/\/www.campingsosflores.com\/de\/?s={search_term_string}\"},\"query-input\":\"required name=search_term_string\"}],\"inLanguage\":\"de-DE\"}]}<\/script>\n<!-- \/ Yoast SEO plugin. -->","yoast_head_json":{"title":"F\u00e4hren - Campeggio Villaggio Sos Flores","description":"Offerten F\u00e4hren Sardinien: mit Ogliastra Incoming reisen Sie immer zum besten Preis!F\u00e4hre nach Sardinien mit den besten Tarifen auf dem Markt","robots":{"index":"index","follow":"follow","max-snippet":"max-snippet:-1","max-image-preview":"max-image-preview:large","max-video-preview":"max-video-preview:-1"},"canonical":"https:\/\/www.campingsosflores.com\/de\/faehren-sardinien-ogliastra-incoming\/","og_locale":"de_DE","og_type":"article","og_title":"F\u00e4hren - Campeggio Villaggio Sos Flores","og_description":"Offerten F\u00e4hren Sardinien: mit Ogliastra Incoming reisen Sie immer zum besten Preis!F\u00e4hre nach Sardinien mit den besten Tarifen auf dem Markt","og_url":"https:\/\/www.campingsosflores.com\/de\/faehren-sardinien-ogliastra-incoming\/","og_site_name":"Campeggio Villaggio Sos Flores","article_publisher":"https:\/\/www.facebook.com\/Campeggio-Villaggio-Sos-Flores-163331700496181\/","article_modified_time":"2024-11-22T15:06:12+00:00","twitter_card":"summary_large_image","twitter_misc":{"Est. reading time":"4 minutes"},"schema":{"@context":"https:\/\/schema.org","@graph":[{"@type":"WebPage","@id":"https:\/\/www.campingsosflores.com\/de\/faehren-sardinien-ogliastra-incoming\/","url":"https:\/\/www.campingsosflores.com\/de\/faehren-sardinien-ogliastra-incoming\/","name":"F\u00e4hren - Campeggio Villaggio Sos Flores","isPartOf":{"@id":"https:\/\/www.campingsosflores.com\/de\/#website"},"datePublished":"2022-03-18T08:55:54+00:00","dateModified":"2024-11-22T15:06:12+00:00","description":"Offerten F\u00e4hren Sardinien: mit Ogliastra Incoming reisen Sie immer zum besten Preis!F\u00e4hre nach Sardinien mit den besten Tarifen auf dem Markt","breadcrumb":{"@id":"https:\/\/www.campingsosflores.com\/de\/faehren-sardinien-ogliastra-incoming\/#breadcrumb"},"inLanguage":"de-DE","potentialAction":[{"@type":"ReadAction","target":["https:\/\/www.campingsosflores.com\/de\/faehren-sardinien-ogliastra-incoming\/"]}]},{"@type":"BreadcrumbList","@id":"https:\/\/www.campingsosflores.com\/de\/faehren-sardinien-ogliastra-incoming\/#breadcrumb","itemListElement":[{"@type":"ListItem","position":1,"name":"Home","item":"https:\/\/www.campingsosflores.com\/de\/"},{"@type":"ListItem","position":2,"name":"F\u00e4hren"}]},{"@type":"WebSite","@id":"https:\/\/www.campingsosflores.com\/de\/#website","url":"https:\/\/www.campingsosflores.com\/de\/","name":"Campeggio Villaggio Sos Flores","description":"Campeggio Villaggio in Sardegna sul Mare","potentialAction":[{"@type":"SearchAction","target":{"@type":"EntryPoint","urlTemplate":"https:\/\/www.campingsosflores.com\/de\/?s={search_term_string}"},"query-input":"required name=search_term_string"}],"inLanguage":"de-DE"}]}},"_links":{"self":[{"href":"https:\/\/www.campingsosflores.com\/de\/wp-json\/wp\/v2\/pages\/6728","targetHints":{"allow":["GET"]}}],"collection":[{"href":"https:\/\/www.campingsosflores.com\/de\/wp-json\/wp\/v2\/pages"}],"about":[{"href":"https:\/\/www.campingsosflores.com\/de\/wp-json\/wp\/v2\/types\/page"}],"author":[{"embeddable":true,"href":"https:\/\/www.campingsosflores.com\/de\/wp-json\/wp\/v2\/users\/2"}],"replies":[{"embeddable":true,"href":"https:\/\/www.campingsosflores.com\/de\/wp-json\/wp\/v2\/comments?post=6728"}],"version-history":[{"count":10,"href":"https:\/\/www.campingsosflores.com\/de\/wp-json\/wp\/v2\/pages\/6728\/revisions"}],"predecessor-version":[{"id":8478,"href":"https:\/\/www.campingsosflores.com\/de\/wp-json\/wp\/v2\/pages\/6728\/revisions\/8478"}],"wp:attachment":[{"href":"https:\/\/www.campingsosflores.com\/de\/wp-json\/wp\/v2\/media?parent=6728"}],"curies":[{"name":"wp","href":"https:\/\/api.w.org\/{rel}","templated":true}]}}