{"id":1721,"date":"2017-05-12T15:21:24","date_gmt":"2017-05-12T14:21:24","guid":{"rendered":"http:\/\/www.campingsosflores.com\/de\/?page_id=1721"},"modified":"2026-01-30T17:50:54","modified_gmt":"2026-01-30T16:50:54","slug":"animation-feriendorf-sardinien","status":"publish","type":"page","link":"https:\/\/www.campingsosflores.com\/de\/animation-feriendorf-sardinien\/","title":{"rendered":"Animation"},"content":{"rendered":"<div class=\"wpb-content-wrapper\"><p>[vc_row][vc_column]<div id=\"ultimate-heading-174169e9dd85f2b1b\" class=\"uvc-heading ult-adjust-bottom-margin ultimate-heading-174169e9dd85f2b1b uvc-6302  uvc-heading-default-font-sizes\" data-hspacer=\"no_spacer\"  data-halign=\"center\" style=\"text-align:center\"><div class=\"uvc-heading-spacer no_spacer\" style=\"top\"><\/div><div class=\"uvc-sub-heading ult-responsive\"  data-ultimate-target='.uvc-heading.ultimate-heading-174169e9dd85f2b1b .uvc-sub-heading '  data-responsive-json-new='{\"font-size\":\"\",\"line-height\":\"\"}'  style=\"font-weight:normal;\"><\/p>\n<h2><span style=\"font-size: 24pt;\">Der beste Urlaub mit Kindern <\/span><span style=\"font-size: 24pt;\">auf Sardinien<\/span><\/h2>\n<p><\/div><\/div>[vc_empty_space][\/vc_column][\/vc_row][vc_row][vc_column][vc_separator color=&#8221;custom&#8221; border_width=&#8221;2&#8243; accent_color=&#8221;#348bfe&#8221;][vc_empty_space][vc_column_text]<\/p>\n<h2>Familienurlaub auf Sardinien \u2013 Spa\u00df f\u00fcr Gro\u00df und Klein<\/h2>\n<p>Die Kunst, G\u00e4ste zu <strong>unterhalten<\/strong>, zu <strong>begeistern<\/strong> und zu entspannen, zeichnet das Animationsteam im <strong>Camping Village Sos Flores<\/strong> aus. Hier verbinden sich Professionalit\u00e4t und Erfahrung, um eine lebendige, mitrei\u00dfende Atmosph\u00e4re zu schaffen. Unsere <strong>Animateure<\/strong> bieten t\u00e4glich abwechslungsreiche Aktivit\u00e4ten \u2013 von Spielen \u00fcber Sport bis hin zu kreativen Workshops \u2013 f\u00fcr Gro\u00df und Klein.<\/p>\n<p>Kinder ab 4 Jahren stehen im <strong>Mini Club<\/strong> im Mittelpunkt. Unser engagiertes Team sorgt daf\u00fcr, dass die Kleinen in einer sicheren, freundlichen Umgebung spielen, lernen und neue Freunde finden k\u00f6nnen. So genie\u00dfen die Eltern die wohlverdiente Entspannung, w\u00e4hrend die Kinder aktiv besch\u00e4ftigt sind.<\/p>\n<p>Doch auch Jugendliche und Erwachsene kommen auf ihre Kosten: <strong>Teamspiele, Sportturniere, Tanzrunden und Freizeitaktivit\u00e4ten<\/strong> sorgen daf\u00fcr, dass jeder Urlaubstag spannend und abwechslungsreich ist.<\/p>\n<p>Vom Morgen mit Sportturnieren und Gruppenspielen bis zum Abend, wenn unser <strong>modernes Theater mit Shows, Musik, Tanz und Comedy<\/strong> zum Treffpunkt f\u00fcr unvergessliche Momente wird \u2013 hier findet jeder etwas, das Spa\u00df macht und begeistert.<\/p>\n<p>Das <strong>Camping Village Sos Flores<\/strong> ist somit der perfekte Ort, um besondere Augenblicke mit Familie und Freunden zu teilen, in einer freundlichen, lebendigen Atmosph\u00e4re \u2013 direkt am <strong>traumhaften Meer Sardiniens<\/strong>.[\/vc_column_text][vc_empty_space][vc_separator color=&#8221;custom&#8221; border_width=&#8221;2&#8243; accent_color=&#8221;#348bfe&#8221;][\/vc_column][\/vc_row][vc_row][vc_column]\n\t\t\t<!-- START Animazione REVOLUTION SLIDER 6.7.38 --><p class=\"rs-p-wp-fix\"><\/p>\n\t\t\t<rs-module-wrap id=\"rev_slider_12_1_wrapper\" data-source=\"gallery\" style=\"visibility:hidden;background:#e2e2e2;padding:0;margin:0px auto;margin-top:0;margin-bottom:0;\">\n\t\t\t\t<rs-module id=\"rev_slider_12_1\" style=\"\" data-version=\"6.7.38\">\n\t\t\t\t\t<rs-slides style=\"overflow: hidden; position: absolute;\">\n\t\t\t\t\t\t<rs-slide style=\"position: absolute;\" data-key=\"rs-105\" data-title=\"Slide\" data-thumb=\"\/\/www.campingsosflores.com\/wp-content\/uploads\/2016\/01\/DSC_4358-100x50.jpg\" data-anim=\"adpr:false;\">\n\t\t\t\t\t\t\t<img decoding=\"async\" src=\"\/\/www.campingsosflores.com\/wp-content\/plugins\/revslider\/sr6\/assets\/assets\/dummy.png\" alt=\"\" title=\"Animation\" class=\"rev-slidebg tp-rs-img rs-lazyload\" data-lazyload=\"\/\/www.campingsosflores.com\/wp-content\/uploads\/2016\/01\/DSC_4358.jpg\" data-parallax=\"off\" data-no-retina>\n<!---->\t\t\t\t\t<\/rs-slide>\n\t\t\t\t\t\t<rs-slide style=\"position: absolute;\" data-key=\"rs-106\" data-title=\"Slide\" data-thumb=\"\/\/www.campingsosflores.com\/wp-content\/uploads\/2016\/01\/DSC_2371-100x50.jpg\" data-anim=\"adpr:false;\">\n\t\t\t\t\t\t\t<img decoding=\"async\" src=\"\/\/www.campingsosflores.com\/wp-content\/plugins\/revslider\/sr6\/assets\/assets\/dummy.png\" alt=\"\" title=\"Animation\" class=\"rev-slidebg tp-rs-img rs-lazyload\" data-lazyload=\"\/\/www.campingsosflores.com\/wp-content\/uploads\/2016\/01\/DSC_2371.jpg\" data-parallax=\"off\" data-no-retina>\n<!---->\t\t\t\t\t<\/rs-slide>\n\t\t\t\t\t\t<rs-slide style=\"position: absolute;\" data-key=\"rs-107\" data-title=\"Slide\" data-thumb=\"\/\/www.campingsosflores.com\/wp-content\/uploads\/2016\/01\/4032-100x50.jpg\" data-anim=\"adpr:false;\">\n\t\t\t\t\t\t\t<img decoding=\"async\" src=\"\/\/www.campingsosflores.com\/wp-content\/plugins\/revslider\/sr6\/assets\/assets\/dummy.png\" alt=\"\" title=\"Animation\" class=\"rev-slidebg tp-rs-img rs-lazyload\" data-lazyload=\"\/\/www.campingsosflores.com\/wp-content\/uploads\/2016\/01\/4032.jpg\" data-parallax=\"off\" data-no-retina>\n<!---->\t\t\t\t\t<\/rs-slide>\n\t\t\t\t\t\t<rs-slide style=\"position: absolute;\" data-key=\"rs-108\" data-title=\"Slide\" data-thumb=\"\/\/www.campingsosflores.com\/wp-content\/uploads\/2016\/01\/DSC_6524-100x50.jpg\" data-anim=\"adpr:false;\">\n\t\t\t\t\t\t\t<img decoding=\"async\" src=\"\/\/www.campingsosflores.com\/wp-content\/plugins\/revslider\/sr6\/assets\/assets\/dummy.png\" alt=\"\" title=\"Animation\" class=\"rev-slidebg tp-rs-img rs-lazyload\" data-lazyload=\"\/\/www.campingsosflores.com\/wp-content\/uploads\/2016\/01\/DSC_6524.jpg\" data-parallax=\"off\" data-no-retina>\n<!---->\t\t\t\t\t<\/rs-slide>\n\t\t\t\t\t\t<rs-slide style=\"position: absolute;\" data-key=\"rs-109\" data-title=\"Slide\" data-thumb=\"\/\/www.campingsosflores.com\/wp-content\/uploads\/2016\/01\/DSC_7687-100x50.jpg\" data-anim=\"adpr:false;\">\n\t\t\t\t\t\t\t<img decoding=\"async\" src=\"\/\/www.campingsosflores.com\/wp-content\/plugins\/revslider\/sr6\/assets\/assets\/dummy.png\" alt=\"\" title=\"Animation\" class=\"rev-slidebg tp-rs-img rs-lazyload\" data-lazyload=\"\/\/www.campingsosflores.com\/wp-content\/uploads\/2016\/01\/DSC_7687.jpg\" data-parallax=\"off\" data-no-retina>\n<!---->\t\t\t\t\t<\/rs-slide>\n\t\t\t\t\t\t<rs-slide style=\"position: absolute;\" data-key=\"rs-110\" data-title=\"Slide\" data-thumb=\"\/\/www.campingsosflores.com\/wp-content\/uploads\/2016\/01\/DSC_6035-100x50.jpg\" data-anim=\"adpr:false;\">\n\t\t\t\t\t\t\t<img decoding=\"async\" src=\"\/\/www.campingsosflores.com\/wp-content\/plugins\/revslider\/sr6\/assets\/assets\/dummy.png\" alt=\"\" title=\"Animation\" class=\"rev-slidebg tp-rs-img rs-lazyload\" data-lazyload=\"\/\/www.campingsosflores.com\/wp-content\/uploads\/2016\/01\/DSC_6035.jpg\" data-parallax=\"off\" data-no-retina>\n<!---->\t\t\t\t\t<\/rs-slide>\n\t\t\t\t\t\t<rs-slide style=\"position: absolute;\" data-key=\"rs-111\" data-title=\"Slide\" data-thumb=\"\/\/www.campingsosflores.com\/wp-content\/uploads\/2016\/01\/DSC_6657-100x50.jpg\" data-anim=\"adpr:false;\">\n\t\t\t\t\t\t\t<img decoding=\"async\" src=\"\/\/www.campingsosflores.com\/wp-content\/plugins\/revslider\/sr6\/assets\/assets\/dummy.png\" alt=\"\" title=\"Animation\" class=\"rev-slidebg tp-rs-img rs-lazyload\" data-lazyload=\"\/\/www.campingsosflores.com\/wp-content\/uploads\/2016\/01\/DSC_6657.jpg\" data-parallax=\"off\" data-no-retina>\n<!---->\t\t\t\t\t<\/rs-slide>\n\t\t\t\t\t\t<rs-slide style=\"position: absolute;\" data-key=\"rs-112\" data-title=\"Slide\" data-thumb=\"\/\/www.campingsosflores.com\/wp-content\/uploads\/2015\/12\/DSC_4417-100x50.jpg\" data-anim=\"adpr:false;\">\n\t\t\t\t\t\t\t<img decoding=\"async\" src=\"\/\/www.campingsosflores.com\/wp-content\/plugins\/revslider\/sr6\/assets\/assets\/dummy.png\" alt=\"\" title=\"Animation\" class=\"rev-slidebg tp-rs-img rs-lazyload\" data-lazyload=\"\/\/www.campingsosflores.com\/wp-content\/uploads\/2015\/12\/DSC_4417.jpg\" data-parallax=\"off\" data-no-retina>\n<!---->\t\t\t\t\t<\/rs-slide>\n\t\t\t\t\t\t<rs-slide style=\"position: absolute;\" data-key=\"rs-114\" data-title=\"Slide\" data-thumb=\"\/\/www.campingsosflores.com\/wp-content\/uploads\/2016\/01\/DSC_6763-100x50.jpg\" data-anim=\"adpr:false;\">\n\t\t\t\t\t\t\t<img decoding=\"async\" src=\"\/\/www.campingsosflores.com\/wp-content\/plugins\/revslider\/sr6\/assets\/assets\/dummy.png\" alt=\"\" title=\"Animation\" class=\"rev-slidebg tp-rs-img rs-lazyload\" data-lazyload=\"\/\/www.campingsosflores.com\/wp-content\/uploads\/2016\/01\/DSC_6763.jpg\" data-parallax=\"off\" data-no-retina>\n<!---->\t\t\t\t\t<\/rs-slide>\n\t\t\t\t\t<\/rs-slides>\n\t\t\t\t<\/rs-module>\n\t\t\t\t<script>\n\t\t\t\t\tsetREVStartSize({c: 'rev_slider_12_1',rl:[1240,1024,778,480],el:[],gw:[720],gh:[405],type:'carousel',justify:'',layout:'fullwidth',thumbh:\"100\",mh:\"0\"});if (window.RS_MODULES!==undefined && window.RS_MODULES.modules!==undefined && window.RS_MODULES.modules[\"revslider121\"]!==undefined) {window.RS_MODULES.modules[\"revslider121\"].once = false;window.revapi12 = undefined;if (window.RS_MODULES.checkMinimal!==undefined) window.RS_MODULES.checkMinimal()}\n\t\t\t\t<\/script>\n\t\t\t<\/rs-module-wrap>\n\t\t\t<!-- END REVOLUTION SLIDER -->\n[\/vc_column][\/vc_row]<\/p>\n<\/div>","protected":false},"excerpt":{"rendered":"<p>[vc_row][vc_column][vc_empty_space][\/vc_column][\/vc_row][vc_row][vc_column][vc_separator color=&#8221;custom&#8221; border_width=&#8221;2&#8243; accent_color=&#8221;#348bfe&#8221;][vc_empty_space][vc_column_text] Familienurlaub auf Sardinien \u2013 Spa\u00df f\u00fcr Gro\u00df und Klein Die Kunst, G\u00e4ste zu unterhalten, zu begeistern und zu entspannen, zeichnet das Animationsteam im Camping Village Sos Flores aus. Hier verbinden sich Professionalit\u00e4t und Erfahrung, um eine lebendige, mitrei\u00dfende Atmosph\u00e4re zu schaffen. Unsere Animateure bieten t\u00e4glich abwechslungsreiche Aktivit\u00e4ten \u2013 von Spielen \u00fcber&hellip;<\/p>\n","protected":false},"author":1,"featured_media":0,"parent":0,"menu_order":1,"comment_status":"closed","ping_status":"closed","template":"","meta":{"footnotes":""},"class_list":["post-1721","page","type-page","status-publish","hentry","description-off"],"yoast_head":"<!-- This site is optimized with the Yoast SEO plugin v19.13 - https:\/\/yoast.com\/wordpress\/plugins\/seo\/ -->\n<title>Campingplatz Feriendorf auf Sardinien mit Animation f\u00fcr Kinder, Sos Flores<\/title>\n<meta name=\"description\" content=\"Vom Miniclub mit Spielen, Unterhaltungsaktivit\u00e4ten, Sport und Tanzstunden: entdecken Sie die Animation des Campingplatz Feriendorf Sos Flores auf Sardinien.\" \/>\n<meta name=\"robots\" content=\"index, follow, max-snippet:-1, max-image-preview:large, max-video-preview:-1\" \/>\n<link rel=\"canonical\" href=\"https:\/\/www.campingsosflores.com\/de\/animation-feriendorf-sardinien\/\" \/>\n<meta property=\"og:locale\" content=\"de_DE\" \/>\n<meta property=\"og:type\" content=\"article\" \/>\n<meta property=\"og:title\" content=\"Campingplatz Feriendorf auf Sardinien mit Animation f\u00fcr Kinder, Sos Flores\" \/>\n<meta property=\"og:description\" content=\"Vom Miniclub mit Spielen, Unterhaltungsaktivit\u00e4ten, Sport und Tanzstunden: entdecken Sie die Animation des Campingplatz Feriendorf Sos Flores auf Sardinien.\" \/>\n<meta property=\"og:url\" content=\"https:\/\/www.campingsosflores.com\/de\/animation-feriendorf-sardinien\/\" \/>\n<meta property=\"og:site_name\" content=\"Campeggio Villaggio Sos Flores\" \/>\n<meta property=\"article:publisher\" content=\"https:\/\/www.facebook.com\/Campeggio-Villaggio-Sos-Flores-163331700496181\/\" \/>\n<meta property=\"article:modified_time\" content=\"2026-01-30T16:50:54+00:00\" \/>\n<meta name=\"twitter:card\" content=\"summary_large_image\" \/>\n<meta name=\"twitter:label1\" content=\"Est. reading time\" \/>\n\t<meta name=\"twitter:data1\" content=\"2 minutes\" \/>\n<script type=\"application\/ld+json\" class=\"yoast-schema-graph\">{\"@context\":\"https:\/\/schema.org\",\"@graph\":[{\"@type\":\"WebPage\",\"@id\":\"https:\/\/www.campingsosflores.com\/de\/animation-feriendorf-sardinien\/\",\"url\":\"https:\/\/www.campingsosflores.com\/de\/animation-feriendorf-sardinien\/\",\"name\":\"Campingplatz Feriendorf auf Sardinien mit Animation f\u00fcr Kinder, Sos Flores\",\"isPartOf\":{\"@id\":\"https:\/\/www.campingsosflores.com\/de\/#website\"},\"datePublished\":\"2017-05-12T14:21:24+00:00\",\"dateModified\":\"2026-01-30T16:50:54+00:00\",\"description\":\"Vom Miniclub mit Spielen, Unterhaltungsaktivit\u00e4ten, Sport und Tanzstunden: entdecken Sie die Animation des Campingplatz Feriendorf Sos Flores auf Sardinien.\",\"breadcrumb\":{\"@id\":\"https:\/\/www.campingsosflores.com\/de\/animation-feriendorf-sardinien\/#breadcrumb\"},\"inLanguage\":\"de-DE\",\"potentialAction\":[{\"@type\":\"ReadAction\",\"target\":[\"https:\/\/www.campingsosflores.com\/de\/animation-feriendorf-sardinien\/\"]}]},{\"@type\":\"BreadcrumbList\",\"@id\":\"https:\/\/www.campingsosflores.com\/de\/animation-feriendorf-sardinien\/#breadcrumb\",\"itemListElement\":[{\"@type\":\"ListItem\",\"position\":1,\"name\":\"Home\",\"item\":\"https:\/\/www.campingsosflores.com\/de\/\"},{\"@type\":\"ListItem\",\"position\":2,\"name\":\"Animation\"}]},{\"@type\":\"WebSite\",\"@id\":\"https:\/\/www.campingsosflores.com\/de\/#website\",\"url\":\"https:\/\/www.campingsosflores.com\/de\/\",\"name\":\"Campeggio Villaggio Sos Flores\",\"description\":\"Campeggio Villaggio in Sardegna sul Mare\",\"potentialAction\":[{\"@type\":\"SearchAction\",\"target\":{\"@type\":\"EntryPoint\",\"urlTemplate\":\"https:\/\/www.campingsosflores.com\/de\/?s={search_term_string}\"},\"query-input\":\"required name=search_term_string\"}],\"inLanguage\":\"de-DE\"}]}<\/script>\n<!-- \/ Yoast SEO plugin. -->","yoast_head_json":{"title":"Campingplatz Feriendorf auf Sardinien mit Animation f\u00fcr Kinder, Sos Flores","description":"Vom Miniclub mit Spielen, Unterhaltungsaktivit\u00e4ten, Sport und Tanzstunden: entdecken Sie die Animation des Campingplatz Feriendorf Sos Flores auf Sardinien.","robots":{"index":"index","follow":"follow","max-snippet":"max-snippet:-1","max-image-preview":"max-image-preview:large","max-video-preview":"max-video-preview:-1"},"canonical":"https:\/\/www.campingsosflores.com\/de\/animation-feriendorf-sardinien\/","og_locale":"de_DE","og_type":"article","og_title":"Campingplatz Feriendorf auf Sardinien mit Animation f\u00fcr Kinder, Sos Flores","og_description":"Vom Miniclub mit Spielen, Unterhaltungsaktivit\u00e4ten, Sport und Tanzstunden: entdecken Sie die Animation des Campingplatz Feriendorf Sos Flores auf Sardinien.","og_url":"https:\/\/www.campingsosflores.com\/de\/animation-feriendorf-sardinien\/","og_site_name":"Campeggio Villaggio Sos Flores","article_publisher":"https:\/\/www.facebook.com\/Campeggio-Villaggio-Sos-Flores-163331700496181\/","article_modified_time":"2026-01-30T16:50:54+00:00","twitter_card":"summary_large_image","twitter_misc":{"Est. reading time":"2 minutes"},"schema":{"@context":"https:\/\/schema.org","@graph":[{"@type":"WebPage","@id":"https:\/\/www.campingsosflores.com\/de\/animation-feriendorf-sardinien\/","url":"https:\/\/www.campingsosflores.com\/de\/animation-feriendorf-sardinien\/","name":"Campingplatz Feriendorf auf Sardinien mit Animation f\u00fcr Kinder, Sos Flores","isPartOf":{"@id":"https:\/\/www.campingsosflores.com\/de\/#website"},"datePublished":"2017-05-12T14:21:24+00:00","dateModified":"2026-01-30T16:50:54+00:00","description":"Vom Miniclub mit Spielen, Unterhaltungsaktivit\u00e4ten, Sport und Tanzstunden: entdecken Sie die Animation des Campingplatz Feriendorf Sos Flores auf Sardinien.","breadcrumb":{"@id":"https:\/\/www.campingsosflores.com\/de\/animation-feriendorf-sardinien\/#breadcrumb"},"inLanguage":"de-DE","potentialAction":[{"@type":"ReadAction","target":["https:\/\/www.campingsosflores.com\/de\/animation-feriendorf-sardinien\/"]}]},{"@type":"BreadcrumbList","@id":"https:\/\/www.campingsosflores.com\/de\/animation-feriendorf-sardinien\/#breadcrumb","itemListElement":[{"@type":"ListItem","position":1,"name":"Home","item":"https:\/\/www.campingsosflores.com\/de\/"},{"@type":"ListItem","position":2,"name":"Animation"}]},{"@type":"WebSite","@id":"https:\/\/www.campingsosflores.com\/de\/#website","url":"https:\/\/www.campingsosflores.com\/de\/","name":"Campeggio Villaggio Sos Flores","description":"Campeggio Villaggio in Sardegna sul Mare","potentialAction":[{"@type":"SearchAction","target":{"@type":"EntryPoint","urlTemplate":"https:\/\/www.campingsosflores.com\/de\/?s={search_term_string}"},"query-input":"required name=search_term_string"}],"inLanguage":"de-DE"}]}},"_links":{"self":[{"href":"https:\/\/www.campingsosflores.com\/de\/wp-json\/wp\/v2\/pages\/1721","targetHints":{"allow":["GET"]}}],"collection":[{"href":"https:\/\/www.campingsosflores.com\/de\/wp-json\/wp\/v2\/pages"}],"about":[{"href":"https:\/\/www.campingsosflores.com\/de\/wp-json\/wp\/v2\/types\/page"}],"author":[{"embeddable":true,"href":"https:\/\/www.campingsosflores.com\/de\/wp-json\/wp\/v2\/users\/1"}],"replies":[{"embeddable":true,"href":"https:\/\/www.campingsosflores.com\/de\/wp-json\/wp\/v2\/comments?post=1721"}],"version-history":[{"count":14,"href":"https:\/\/www.campingsosflores.com\/de\/wp-json\/wp\/v2\/pages\/1721\/revisions"}],"predecessor-version":[{"id":10050,"href":"https:\/\/www.campingsosflores.com\/de\/wp-json\/wp\/v2\/pages\/1721\/revisions\/10050"}],"wp:attachment":[{"href":"https:\/\/www.campingsosflores.com\/de\/wp-json\/wp\/v2\/media?parent=1721"}],"curies":[{"name":"wp","href":"https:\/\/api.w.org\/{rel}","templated":true}]}}