{"id":1684,"date":"2017-05-12T14:50:03","date_gmt":"2017-05-12T13:50:03","guid":{"rendered":"http:\/\/www.campingsosflores.com\/de\/?page_id=1684"},"modified":"2026-02-04T17:10:45","modified_gmt":"2026-02-04T16:10:45","slug":"ferien-auf-sardinien","status":"publish","type":"page","link":"https:\/\/www.campingsosflores.com\/de\/ferien-auf-sardinien\/","title":{"rendered":"Unsere Dienste"},"content":{"rendered":"<div class=\"wpb-content-wrapper\"><p>[vc_row type=&#8221;vc_default&#8221; full_width=&#8221;stretch_row_content_no_spaces&#8221;][vc_column][vc_raw_html]JTIwJTIwJTNDZGl2JTIwaWQlM0QlMjJib29raW5nZXhwZXJ0JTIyJTNFJTBBJTIwJTIwJTIwJTIwJTIwJTIwJTIwJTIwJTIwJTIwJTIwJTIwJTNDZGl2JTIwaWQlM0QlMjJzZWFyY2hib3glMjIlMjBjbGFzcyUzRCUyMmJhcnJhcmljZXJjYSUyMiUzRSUzQyUyRmRpdiUzRSUwQSUyMCUyMCUyMCUyMCUyMCUyMCUyMCUyMCUzQyUyRmRpdiUzRQ==[\/vc_raw_html][vc_raw_js]JTIwJTIwJTIwJTIwJTIwJTIwJTIwJTNDc2NyaXB0JTIwc3JjJTNEJTIyaHR0cHMlM0ElMkYlMkZiZS5ib29raW5nZXhwZXJ0Lml0JTJGYm9vayUyRndlYnNpdGVzJTJGc2VhcmNoYm94JTNGaG90ZWwlM0QyMjQzNCUyNmFtcCUzQmxhbmclM0RkZSUyMiUzRSUzQyUyRnNjcmlwdCUzRSUwQSUyMCUyMCUyMCUyMCUyMCUyMCUyMCUyMCUzQ3NjcmlwdCUzRWl0LmJvb2tpbmdleHBlcnQuU2VhcmNoQm94LmxvYWQlMjglMjdzZWFyY2hib3glMjclMkMlMjAlMjdEZWZhdWx0JTI3JTI5JTNCJTNDJTJGc2NyaXB0JTNF[\/vc_raw_js][\/vc_column][\/vc_row][vc_row][vc_column][vc_empty_space][\/vc_column][\/vc_row][vc_row][vc_column][vc_separator color=&#8221;custom&#8221; border_width=&#8221;2&#8243; accent_color=&#8221;#348bfe&#8221;][\/vc_column][\/vc_row][vc_row][vc_column width=&#8221;1\/3&#8243;][vc_single_image image=&#8221;3406&#8243; img_size=&#8221;64&#215;64&#8243; alignment=&#8221;center&#8221;]<div class=\"dt-fancy-separator h3-size style-disabled accent-title-color\" style=\"width: 100%;\"><div class=\"dt-fancy-title\"><span class=\"separator-holder separator-left\"><\/span>Verpflegung<span class=\"separator-holder separator-right\"><\/span><\/div><\/div>[vc_custom_heading text=&#8221;16\/05-15\/10&#8243; font_container=&#8221;tag:h4|text_align:center&#8221; use_theme_fonts=&#8221;yes&#8221;][vc_empty_space][vc_column_text]<\/p>\n<h5 style=\"text-align: center;\">M\u00f6chten Sie eine leckere Holzofenpizza oder eines der Gerichte der vielseitigen K\u00fcche der Ogliastra genie\u00dfen? Das Restaurant ist auch in der Vorsaison sowohl mittags als auch abends ge\u00f6ffnet und verf\u00fcgt \u00fcber einen gro\u00dfen Innenraum sowie eine erst k\u00fcrzlich eingeweihte Veranda im Freien.<\/h5>\n<p>[\/vc_column_text]<div class=\" ubtn-ctn-center \"><a class=\"ubtn-link ult-adjust-bottom-margin ubtn-center ubtn-mini \" href=\"http:\/\/www.campingsosflores.com\/de\/restaurant-feriendorf-tortoli\/\" ><button type=\"button\" id=\"ubtn-3235\"  class=\"ubtn ult-adjust-bottom-margin ult-responsive ubtn-mini ubtn-no-hover-bg  none  ubtn-center   tooltip-69e4eeba6a99b\"  data-hover=\"#348bfe\" data-border-color=\"#ffffff\" data-bg=\"#348bfe\" data-hover-bg=\"#ffffff\" data-border-hover=\"#348bfe\" data-shadow-hover=\"\" data-shadow-click=\"none\" data-shadow=\"\" data-shd-shadow=\"\"  data-ultimate-target='#ubtn-3235'  data-responsive-json-new='{\"font-size\":\"desktop:17px;\",\"line-height\":\"\"}'  style=\"font-weight:normal;border-radius:18px;border-width:2px;border-color:#ffffff;border-style:solid;background: #348bfe;color: #ffffff;\"><span class=\"ubtn-hover\" style=\"background-color:#ffffff\"><\/span><span class=\"ubtn-data ubtn-text \" >ENTDECKEN<\/span><\/button><\/a><\/div>[vc_empty_space][\/vc_column][vc_column width=&#8221;1\/3&#8243;][vc_single_image image=&#8221;3374&#8243; img_size=&#8221;64&#215;64&#8243; alignment=&#8221;center&#8221;]<div class=\"dt-fancy-separator h3-size style-disabled accent-title-color\" style=\"width: 100%;\"><div class=\"dt-fancy-title\"><span class=\"separator-holder separator-left\"><\/span>Strand<span class=\"separator-holder separator-right\"><\/span><\/div><\/div>[vc_custom_heading text=&#8221;15\/06-06\/09&#8243; font_container=&#8221;tag:h4|text_align:center&#8221; use_theme_fonts=&#8221;yes&#8221;][vc_empty_space][vc_column_text]<\/p>\n<h5 style=\"text-align: center;\">Das Campingdorf Sos Flores liegt am Traumstrand von San Gemiliano. Die Zug\u00e4nge befinden sich an den Au\u00dfengrenzen des Campingdorfes, weshalb der Strand auch in der Hochsaison nie \u00fcberlaufen ist. Das Wasser ist sauber und kristallklar.<\/h5>\n<p>[\/vc_column_text]<div class=\" ubtn-ctn-center \"><a class=\"ubtn-link ult-adjust-bottom-margin ubtn-center ubtn-mini \" href=\"http:\/\/www.campingsosflores.com\/de\/strand\/\" ><button type=\"button\" id=\"ubtn-4589\"  class=\"ubtn ult-adjust-bottom-margin ult-responsive ubtn-mini ubtn-no-hover-bg  none  ubtn-center   tooltip-69e4eeba6aa7f\"  data-hover=\"#348bfe\" data-border-color=\"#ffffff\" data-bg=\"#348bfe\" data-hover-bg=\"#ffffff\" data-border-hover=\"#348bfe\" data-shadow-hover=\"\" data-shadow-click=\"none\" data-shadow=\"\" data-shd-shadow=\"\"  data-ultimate-target='#ubtn-4589'  data-responsive-json-new='{\"font-size\":\"desktop:17px;\",\"line-height\":\"\"}'  style=\"font-weight:normal;border-radius:18px;border-width:2px;border-color:#ffffff;border-style:solid;background: #348bfe;color: #ffffff;\"><span class=\"ubtn-hover\" style=\"background-color:#ffffff\"><\/span><span class=\"ubtn-data ubtn-text \" >ENTDECKEN<\/span><\/button><\/a><\/div>[vc_empty_space][\/vc_column][vc_column width=&#8221;1\/3&#8243;][vc_single_image image=&#8221;3386&#8243; img_size=&#8221;64&#215;64&#8243; alignment=&#8221;center&#8221;]<div class=\"dt-fancy-separator h3-size style-disabled accent-title-color\" style=\"width: 100%;\"><div class=\"dt-fancy-title\"><span class=\"separator-holder separator-left\"><\/span>Animation<span class=\"separator-holder separator-right\"><\/span><\/div><\/div>[vc_custom_heading text=&#8221;15\/06-06\/09&#8243; font_container=&#8221;tag:h4|text_align:center&#8221; use_theme_fonts=&#8221;yes&#8221;][vc_empty_space][vc_column_text]<\/p>\n<h5 style=\"text-align: center;\">Im Campingdorf Sos Flores sorgen Profis f\u00fcr die Animation. Im Mini Club werden Ihre Kinder von einem speziellen hierf\u00fcr ausgebildeten Team betreut, das ihnen verschiedene Aktivit\u00e4ten bietet. Spiele und Tanzkurse vervollst\u00e4ndigen unser Angebot.<\/h5>\n<p>[\/vc_column_text]<div class=\" ubtn-ctn-center \"><a class=\"ubtn-link ult-adjust-bottom-margin ubtn-center ubtn-mini \" href=\"http:\/\/www.campingsosflores.com\/de\/animation-feriendorf-sardinien\/\" ><button type=\"button\" id=\"ubtn-2761\"  class=\"ubtn ult-adjust-bottom-margin ult-responsive ubtn-mini ubtn-no-hover-bg  none  ubtn-center   tooltip-69e4eeba6ab3a\"  data-hover=\"#348bfe\" data-border-color=\"#ffffff\" data-bg=\"#348bfe\" data-hover-bg=\"#ffffff\" data-border-hover=\"#348bfe\" data-shadow-hover=\"\" data-shadow-click=\"none\" data-shadow=\"\" data-shd-shadow=\"\"  data-ultimate-target='#ubtn-2761'  data-responsive-json-new='{\"font-size\":\"desktop:17px;\",\"line-height\":\"\"}'  style=\"font-weight:normal;border-radius:18px;border-width:2px;border-color:#ffffff;border-style:solid;background: #348bfe;color: #ffffff;\"><span class=\"ubtn-hover\" style=\"background-color:#ffffff\"><\/span><span class=\"ubtn-data ubtn-text \" >ENTDECKEN<\/span><\/button><\/a><\/div>[vc_empty_space][\/vc_column][\/vc_row][vc_row][vc_column][vc_separator color=&#8221;custom&#8221; border_width=&#8221;2&#8243; accent_color=&#8221;#348bfe&#8221;][\/vc_column][\/vc_row][vc_row][vc_column width=&#8221;1\/3&#8243;][vc_single_image image=&#8221;3394&#8243; img_size=&#8221;64&#215;64&#8243; alignment=&#8221;center&#8221;]<div class=\"dt-fancy-separator h3-size style-disabled accent-title-color\" style=\"width: 100%;\"><div class=\"dt-fancy-title\"><span class=\"separator-holder separator-left\"><\/span>Ausfl\u00fcge<span class=\"separator-holder separator-right\"><\/span><\/div><\/div>[vc_custom_heading text=&#8221;01\/05-25\/10&#8243; font_container=&#8221;tag:h4|text_align:center&#8221; use_theme_fonts=&#8221;yes&#8221;][vc_empty_space][vc_column_text]<\/p>\n<h5 style=\"text-align: center;\">Die Ogliastra ist eine wilde, unber\u00fchrte Landschaft, die mit den sch\u00f6nsten Str\u00e4nden Italiens und zahlreichen Attraktionen im Hinterland aufwartet. Unsere Rezeption ist gern bereit, Ausfl\u00fcge f\u00fcr Sie zu organisieren, bei denen Sie besonders vorteilhafte Sonderkonditionen nutzen k\u00f6nnen.<\/h5>\n<p>[\/vc_column_text]<div class=\" ubtn-ctn-center \"><a class=\"ubtn-link ult-adjust-bottom-margin ubtn-center ubtn-mini \" href=\"http:\/\/www.campingsosflores.com\/de\/entdecken-sie-ogliastra\/\" ><button type=\"button\" id=\"ubtn-3531\"  class=\"ubtn ult-adjust-bottom-margin ult-responsive ubtn-mini ubtn-no-hover-bg  none  ubtn-center   tooltip-69e4eeba6abf7\"  data-hover=\"#348bfe\" data-border-color=\"#ffffff\" data-bg=\"#348bfe\" data-hover-bg=\"#ffffff\" data-border-hover=\"#348bfe\" data-shadow-hover=\"\" data-shadow-click=\"none\" data-shadow=\"\" data-shd-shadow=\"\"  data-ultimate-target='#ubtn-3531'  data-responsive-json-new='{\"font-size\":\"desktop:17px;\",\"line-height\":\"\"}'  style=\"font-weight:normal;border-radius:18px;border-width:2px;border-color:#ffffff;border-style:solid;background: #348bfe;color: #ffffff;\"><span class=\"ubtn-hover\" style=\"background-color:#ffffff\"><\/span><span class=\"ubtn-data ubtn-text \" >ENTDECKEN<\/span><\/button><\/a><\/div>[vc_empty_space][\/vc_column][vc_column width=&#8221;1\/3&#8243;][vc_single_image image=&#8221;3378&#8243; img_size=&#8221;64&#215;64&#8243; alignment=&#8221;center&#8221;]<div class=\"dt-fancy-separator h3-size style-disabled accent-title-color\" style=\"width: 100%;\"><div class=\"dt-fancy-title\"><span class=\"separator-holder separator-left\"><\/span>Veranstaltungen<span class=\"separator-holder separator-right\"><\/span><\/div><\/div>[vc_custom_heading text=&#8221;01\/07-31\/08&#8243; font_container=&#8221;tag:h4|text_align:center&#8221; use_theme_fonts=&#8221;yes&#8221;][vc_empty_space][vc_column_text]<\/p>\n<h5 style=\"text-align: center;\">Am Abend erwacht die Kreativit\u00e4t im Campingdorf Sos Flores, wo Sie sich direkt am Strand die von unserem Animationsteam zusammen mit unseren G\u00e4sten vorbereiteten Veranstaltungen anschauen k\u00f6nnen. Thematische Abendveranstaltungen, Kabarett, Talentshows und Kino sorgen f\u00fcr gute Laune.<\/h5>\n<p>[\/vc_column_text][vc_empty_space][\/vc_column][vc_column width=&#8221;1\/3&#8243;][vc_single_image image=&#8221;3398&#8243; img_size=&#8221;64&#215;64&#8243; alignment=&#8221;center&#8221;]<div class=\"dt-fancy-separator h3-size style-disabled accent-title-color\" style=\"width: 100%;\"><div class=\"dt-fancy-title\"><span class=\"separator-holder separator-left\"><\/span>Sport<span class=\"separator-holder separator-right\"><\/span><\/div><\/div>[vc_custom_heading text=&#8221;15\/06-06\/09&#8243; font_container=&#8221;tag:h4|text_align:center&#8221; use_theme_fonts=&#8221;yes&#8221;][vc_empty_space][vc_column_text]<\/p>\n<h5 style=\"text-align: center;\">Unsere Anlage verf\u00fcgt \u00fcber Kunstrasenpl\u00e4tze f\u00fcr Miniatur-Fu\u00dfball und Tennis sowie \u00fcber eine Profi-Tischtennisplatte. Am Strand gibt es hingegen Anlagen f\u00fcr Beach-Volley und Beach-Soccer. Fitnessstudio und Fitnesslektionen vervollst\u00e4ndigen das Angebot.<\/h5>\n<p>[\/vc_column_text]<div class=\" ubtn-ctn-center \"><a class=\"ubtn-link ult-adjust-bottom-margin ubtn-center ubtn-mini \" href=\"http:\/\/www.campingsosflores.com\/de\/camping-sport-sardinien\/\" ><button type=\"button\" id=\"ubtn-4673\"  class=\"ubtn ult-adjust-bottom-margin ult-responsive ubtn-mini ubtn-no-hover-bg  none  ubtn-center   tooltip-69e4eeba6ac99\"  data-hover=\"#348bfe\" data-border-color=\"#ffffff\" data-bg=\"#348bfe\" data-hover-bg=\"#ffffff\" data-border-hover=\"#348bfe\" data-shadow-hover=\"\" data-shadow-click=\"none\" data-shadow=\"\" data-shd-shadow=\"\"  data-ultimate-target='#ubtn-4673'  data-responsive-json-new='{\"font-size\":\"desktop:17px;\",\"line-height\":\"\"}'  style=\"font-weight:normal;border-radius:18px;border-width:2px;border-color:#ffffff;border-style:solid;background: #348bfe;color: #ffffff;\"><span class=\"ubtn-hover\" style=\"background-color:#ffffff\"><\/span><span class=\"ubtn-data ubtn-text \" >ENTDECKEN<\/span><\/button><\/a><\/div>[vc_empty_space][\/vc_column][\/vc_row][vc_row][vc_column][vc_separator color=&#8221;custom&#8221; border_width=&#8221;2&#8243; accent_color=&#8221;#348bfe&#8221;][\/vc_column][\/vc_row][vc_row][vc_column width=&#8221;1\/3&#8243;][vc_single_image image=&#8221;3382&#8243; img_size=&#8221;64&#215;64&#8243; alignment=&#8221;center&#8221;]<div class=\"dt-fancy-separator h3-size style-disabled accent-title-color\" style=\"width: 100%;\"><div class=\"dt-fancy-title\"><span class=\"separator-holder separator-left\"><\/span>Minimarkt<span class=\"separator-holder separator-right\"><\/span><\/div><\/div>[vc_custom_heading text=&#8221;01\/06-30\/09&#8243; font_container=&#8221;tag:h4|text_align:center&#8221; use_theme_fonts=&#8221;yes&#8221;][vc_empty_space][vc_column_text]<\/p>\n<h5 style=\"text-align: center;\">Unser Minimarkt bietet neben den Bedarfsartikeln f\u00fcr das t\u00e4gliche Leben eine gro\u00dfe Auswahl an Qualit\u00e4tsprodukten, Campingausr\u00fcstung und Strandspielen. Ge\u00f6ffnet von Juni bis September.<\/h5>\n<p>[\/vc_column_text][\/vc_column][vc_column width=&#8221;1\/3&#8243;][vc_single_image image=&#8221;3402&#8243; img_size=&#8221;64&#215;64&#8243; alignment=&#8221;center&#8221;]<div class=\"dt-fancy-separator h3-size style-disabled accent-title-color\" style=\"width: 100%;\"><div class=\"dt-fancy-title\"><span class=\"separator-holder separator-left\"><\/span>Bar<span class=\"separator-holder separator-right\"><\/span><\/div><\/div>[vc_custom_heading text=&#8221;16\/05-15\/10&#8243; font_container=&#8221;tag:h4|text_align:center&#8221; use_theme_fonts=&#8221;yes&#8221;][vc_empty_space][vc_column_text]<\/p>\n<h5 style=\"text-align: center;\">Unsere zentrale Bar verw\u00f6hnt dich w\u00e4hrend der Sommersaison mit reichhaltigen Fr\u00fchst\u00fccken, duftendem Kaffee und leckeren Aperitifs. In den hei\u00dfen Sommermonaten Juli und August \u00f6ffnet zudem die Strandbar direkt am Meer \u2013 perfekt f\u00fcr eine erfrischende Pause oder ein leichtes Mittagessen nur wenige Schritte vom Strand von San Gemiliano.<\/h5>\n<p>[\/vc_column_text][\/vc_column][vc_column width=&#8221;1\/3&#8243;][vc_single_image image=&#8221;3390&#8243; img_size=&#8221;64&#215;64&#8243; alignment=&#8221;center&#8221;]<div class=\"dt-fancy-separator h3-size style-disabled accent-title-color\" style=\"width: 100%;\"><div class=\"dt-fancy-title\"><span class=\"separator-holder separator-left\"><\/span>Waschsalon<span class=\"separator-holder separator-right\"><\/span><\/div><\/div>[vc_custom_heading text=&#8221;01\/05-25\/10&#8243; font_container=&#8221;tag:h4|text_align:center&#8221; use_theme_fonts=&#8221;yes&#8221;][vc_empty_space][vc_column_text]<\/p>\n<h5 style=\"text-align: center;\">Der neue Waschsalon verf\u00fcgt \u00fcber M\u00fcnzwaschmaschinen f\u00fcr 5 kg und 7 kg W\u00e4sche, einen automatischen M\u00fcnzwechsler und mehrsprachigen Bedienungsanleitungen.<\/h5>\n<p>[\/vc_column_text][\/vc_column][\/vc_row]<\/p>\n<\/div>","protected":false},"excerpt":{"rendered":"<p>[vc_row type=&#8221;vc_default&#8221; full_width=&#8221;stretch_row_content_no_spaces&#8221;][vc_column][vc_raw_html]JTIwJTIwJTNDZGl2JTIwaWQlM0QlMjJib29raW5nZXhwZXJ0JTIyJTNFJTBBJTIwJTIwJTIwJTIwJTIwJTIwJTIwJTIwJTIwJTIwJTIwJTIwJTNDZGl2JTIwaWQlM0QlMjJzZWFyY2hib3glMjIlMjBjbGFzcyUzRCUyMmJhcnJhcmljZXJjYSUyMiUzRSUzQyUyRmRpdiUzRSUwQSUyMCUyMCUyMCUyMCUyMCUyMCUyMCUyMCUzQyUyRmRpdiUzRQ==[\/vc_raw_html][vc_raw_js]JTIwJTIwJTIwJTIwJTIwJTIwJTIwJTNDc2NyaXB0JTIwc3JjJTNEJTIyaHR0cHMlM0ElMkYlMkZiZS5ib29raW5nZXhwZXJ0Lml0JTJGYm9vayUyRndlYnNpdGVzJTJGc2VhcmNoYm94JTNGaG90ZWwlM0QyMjQzNCUyNmFtcCUzQmxhbmclM0RkZSUyMiUzRSUzQyUyRnNjcmlwdCUzRSUwQSUyMCUyMCUyMCUyMCUyMCUyMCUyMCUyMCUzQ3NjcmlwdCUzRWl0LmJvb2tpbmdleHBlcnQuU2VhcmNoQm94LmxvYWQlMjglMjdzZWFyY2hib3glMjclMkMlMjAlMjdEZWZhdWx0JTI3JTI5JTNCJTNDJTJGc2NyaXB0JTNF[\/vc_raw_js][\/vc_column][\/vc_row][vc_row][vc_column][vc_empty_space][\/vc_column][\/vc_row][vc_row][vc_column][vc_separator color=&#8221;custom&#8221; border_width=&#8221;2&#8243; accent_color=&#8221;#348bfe&#8221;][\/vc_column][\/vc_row][vc_row][vc_column width=&#8221;1\/3&#8243;][vc_single_image image=&#8221;3406&#8243; img_size=&#8221;64&#215;64&#8243; alignment=&#8221;center&#8221;][vc_custom_heading text=&#8221;16\/05-15\/10&#8243; font_container=&#8221;tag:h4|text_align:center&#8221; use_theme_fonts=&#8221;yes&#8221;][vc_empty_space][vc_column_text] M\u00f6chten Sie eine leckere Holzofenpizza oder eines der Gerichte der vielseitigen K\u00fcche der Ogliastra genie\u00dfen? Das Restaurant ist auch in der Vorsaison sowohl mittags als auch abends ge\u00f6ffnet und verf\u00fcgt \u00fcber einen gro\u00dfen Innenraum sowie eine erst k\u00fcrzlich eingeweihte Veranda im Freien.&hellip;<\/p>\n","protected":false},"author":1,"featured_media":0,"parent":0,"menu_order":1,"comment_status":"closed","ping_status":"closed","template":"","meta":{"footnotes":""},"class_list":["post-1684","page","type-page","status-publish","hentry","description-off"],"yoast_head":"<!-- This site is optimized with the Yoast SEO plugin v19.13 - https:\/\/yoast.com\/wordpress\/plugins\/seo\/ -->\n<title>Ferien Sardinien, Campingplatz Feriendorf in Tortoli mit Strand, Restaurant<\/title>\n<meta name=\"description\" content=\"Entdecken Sie alle Dienste des Campingplatz Feriensdorf Sos Flores, direkt am Meer auf Sardinien mit Strand, Restaurant, Animation und Sport.\" \/>\n<meta name=\"robots\" content=\"index, follow, max-snippet:-1, max-image-preview:large, max-video-preview:-1\" \/>\n<link rel=\"canonical\" href=\"https:\/\/www.campingsosflores.com\/de\/ferien-auf-sardinien\/\" \/>\n<meta property=\"og:locale\" content=\"de_DE\" \/>\n<meta property=\"og:type\" content=\"article\" \/>\n<meta property=\"og:title\" content=\"Ferien Sardinien, Campingplatz Feriendorf in Tortoli mit Strand, Restaurant\" \/>\n<meta property=\"og:description\" content=\"Entdecken Sie alle Dienste des Campingplatz Feriensdorf Sos Flores, direkt am Meer auf Sardinien mit Strand, Restaurant, Animation und Sport.\" \/>\n<meta property=\"og:url\" content=\"https:\/\/www.campingsosflores.com\/de\/ferien-auf-sardinien\/\" \/>\n<meta property=\"og:site_name\" content=\"Campeggio Villaggio Sos Flores\" \/>\n<meta property=\"article:publisher\" content=\"https:\/\/www.facebook.com\/Campeggio-Villaggio-Sos-Flores-163331700496181\/\" \/>\n<meta property=\"article:modified_time\" content=\"2026-02-04T16:10:45+00:00\" \/>\n<meta name=\"twitter:card\" content=\"summary_large_image\" \/>\n<meta name=\"twitter:label1\" content=\"Est. reading time\" \/>\n\t<meta name=\"twitter:data1\" content=\"3 minutes\" \/>\n<script type=\"application\/ld+json\" class=\"yoast-schema-graph\">{\"@context\":\"https:\/\/schema.org\",\"@graph\":[{\"@type\":\"WebPage\",\"@id\":\"https:\/\/www.campingsosflores.com\/de\/ferien-auf-sardinien\/\",\"url\":\"https:\/\/www.campingsosflores.com\/de\/ferien-auf-sardinien\/\",\"name\":\"Ferien Sardinien, Campingplatz Feriendorf in Tortoli mit Strand, Restaurant\",\"isPartOf\":{\"@id\":\"https:\/\/www.campingsosflores.com\/de\/#website\"},\"datePublished\":\"2017-05-12T13:50:03+00:00\",\"dateModified\":\"2026-02-04T16:10:45+00:00\",\"description\":\"Entdecken Sie alle Dienste des Campingplatz Feriensdorf Sos Flores, direkt am Meer auf Sardinien mit Strand, Restaurant, Animation und Sport.\",\"breadcrumb\":{\"@id\":\"https:\/\/www.campingsosflores.com\/de\/ferien-auf-sardinien\/#breadcrumb\"},\"inLanguage\":\"de-DE\",\"potentialAction\":[{\"@type\":\"ReadAction\",\"target\":[\"https:\/\/www.campingsosflores.com\/de\/ferien-auf-sardinien\/\"]}]},{\"@type\":\"BreadcrumbList\",\"@id\":\"https:\/\/www.campingsosflores.com\/de\/ferien-auf-sardinien\/#breadcrumb\",\"itemListElement\":[{\"@type\":\"ListItem\",\"position\":1,\"name\":\"Home\",\"item\":\"https:\/\/www.campingsosflores.com\/de\/\"},{\"@type\":\"ListItem\",\"position\":2,\"name\":\"Unsere Dienste\"}]},{\"@type\":\"WebSite\",\"@id\":\"https:\/\/www.campingsosflores.com\/de\/#website\",\"url\":\"https:\/\/www.campingsosflores.com\/de\/\",\"name\":\"Campeggio Villaggio Sos Flores\",\"description\":\"Campeggio Villaggio in Sardegna sul Mare\",\"potentialAction\":[{\"@type\":\"SearchAction\",\"target\":{\"@type\":\"EntryPoint\",\"urlTemplate\":\"https:\/\/www.campingsosflores.com\/de\/?s={search_term_string}\"},\"query-input\":\"required name=search_term_string\"}],\"inLanguage\":\"de-DE\"}]}<\/script>\n<!-- \/ Yoast SEO plugin. -->","yoast_head_json":{"title":"Ferien Sardinien, Campingplatz Feriendorf in Tortoli mit Strand, Restaurant","description":"Entdecken Sie alle Dienste des Campingplatz Feriensdorf Sos Flores, direkt am Meer auf Sardinien mit Strand, Restaurant, Animation und Sport.","robots":{"index":"index","follow":"follow","max-snippet":"max-snippet:-1","max-image-preview":"max-image-preview:large","max-video-preview":"max-video-preview:-1"},"canonical":"https:\/\/www.campingsosflores.com\/de\/ferien-auf-sardinien\/","og_locale":"de_DE","og_type":"article","og_title":"Ferien Sardinien, Campingplatz Feriendorf in Tortoli mit Strand, Restaurant","og_description":"Entdecken Sie alle Dienste des Campingplatz Feriensdorf Sos Flores, direkt am Meer auf Sardinien mit Strand, Restaurant, Animation und Sport.","og_url":"https:\/\/www.campingsosflores.com\/de\/ferien-auf-sardinien\/","og_site_name":"Campeggio Villaggio Sos Flores","article_publisher":"https:\/\/www.facebook.com\/Campeggio-Villaggio-Sos-Flores-163331700496181\/","article_modified_time":"2026-02-04T16:10:45+00:00","twitter_card":"summary_large_image","twitter_misc":{"Est. reading time":"3 minutes"},"schema":{"@context":"https:\/\/schema.org","@graph":[{"@type":"WebPage","@id":"https:\/\/www.campingsosflores.com\/de\/ferien-auf-sardinien\/","url":"https:\/\/www.campingsosflores.com\/de\/ferien-auf-sardinien\/","name":"Ferien Sardinien, Campingplatz Feriendorf in Tortoli mit Strand, Restaurant","isPartOf":{"@id":"https:\/\/www.campingsosflores.com\/de\/#website"},"datePublished":"2017-05-12T13:50:03+00:00","dateModified":"2026-02-04T16:10:45+00:00","description":"Entdecken Sie alle Dienste des Campingplatz Feriensdorf Sos Flores, direkt am Meer auf Sardinien mit Strand, Restaurant, Animation und Sport.","breadcrumb":{"@id":"https:\/\/www.campingsosflores.com\/de\/ferien-auf-sardinien\/#breadcrumb"},"inLanguage":"de-DE","potentialAction":[{"@type":"ReadAction","target":["https:\/\/www.campingsosflores.com\/de\/ferien-auf-sardinien\/"]}]},{"@type":"BreadcrumbList","@id":"https:\/\/www.campingsosflores.com\/de\/ferien-auf-sardinien\/#breadcrumb","itemListElement":[{"@type":"ListItem","position":1,"name":"Home","item":"https:\/\/www.campingsosflores.com\/de\/"},{"@type":"ListItem","position":2,"name":"Unsere Dienste"}]},{"@type":"WebSite","@id":"https:\/\/www.campingsosflores.com\/de\/#website","url":"https:\/\/www.campingsosflores.com\/de\/","name":"Campeggio Villaggio Sos Flores","description":"Campeggio Villaggio in Sardegna sul Mare","potentialAction":[{"@type":"SearchAction","target":{"@type":"EntryPoint","urlTemplate":"https:\/\/www.campingsosflores.com\/de\/?s={search_term_string}"},"query-input":"required name=search_term_string"}],"inLanguage":"de-DE"}]}},"_links":{"self":[{"href":"https:\/\/www.campingsosflores.com\/de\/wp-json\/wp\/v2\/pages\/1684","targetHints":{"allow":["GET"]}}],"collection":[{"href":"https:\/\/www.campingsosflores.com\/de\/wp-json\/wp\/v2\/pages"}],"about":[{"href":"https:\/\/www.campingsosflores.com\/de\/wp-json\/wp\/v2\/types\/page"}],"author":[{"embeddable":true,"href":"https:\/\/www.campingsosflores.com\/de\/wp-json\/wp\/v2\/users\/1"}],"replies":[{"embeddable":true,"href":"https:\/\/www.campingsosflores.com\/de\/wp-json\/wp\/v2\/comments?post=1684"}],"version-history":[{"count":19,"href":"https:\/\/www.campingsosflores.com\/de\/wp-json\/wp\/v2\/pages\/1684\/revisions"}],"predecessor-version":[{"id":10207,"href":"https:\/\/www.campingsosflores.com\/de\/wp-json\/wp\/v2\/pages\/1684\/revisions\/10207"}],"wp:attachment":[{"href":"https:\/\/www.campingsosflores.com\/de\/wp-json\/wp\/v2\/media?parent=1684"}],"curies":[{"name":"wp","href":"https:\/\/api.w.org\/{rel}","templated":true}]}}