{"id":1672,"date":"2017-05-12T14:34:08","date_gmt":"2017-05-12T13:34:08","guid":{"rendered":"http:\/\/www.campingsosflores.com\/de\/?page_id=1672"},"modified":"2026-03-11T11:13:16","modified_gmt":"2026-03-11T10:13:16","slug":"campingplatz-sardinien_unterkuenfte_stellplaetze","status":"publish","type":"page","link":"https:\/\/www.campingsosflores.com\/de\/campingplatz-sardinien_unterkuenfte_stellplaetze\/","title":{"rendered":"Unterk\u00fcnfte"},"content":{"rendered":"<div class=\"wpb-content-wrapper\"><p>[vc_row type=&#8221;vc_default&#8221; full_width=&#8221;stretch_row_content_no_spaces&#8221;][vc_column][vc_raw_html]JTIwJTIwJTNDZGl2JTIwaWQlM0QlMjJib29raW5nZXhwZXJ0JTIyJTNFJTBBJTIwJTIwJTIwJTIwJTIwJTIwJTIwJTIwJTIwJTIwJTIwJTIwJTNDZGl2JTIwaWQlM0QlMjJzZWFyY2hib3glMjIlMjBjbGFzcyUzRCUyMmJhcnJhcmljZXJjYSUyMiUzRSUzQyUyRmRpdiUzRSUwQSUyMCUyMCUyMCUyMCUyMCUyMCUyMCUyMCUzQyUyRmRpdiUzRQ==[\/vc_raw_html][vc_raw_js]JTIwJTIwJTIwJTIwJTIwJTIwJTIwJTNDc2NyaXB0JTIwc3JjJTNEJTIyaHR0cHMlM0ElMkYlMkZiZS5ib29raW5nZXhwZXJ0Lml0JTJGYm9vayUyRndlYnNpdGVzJTJGc2VhcmNoYm94JTNGaG90ZWwlM0QyMjQzNCUyNmFtcCUzQmxhbmclM0RkZSUyMiUzRSUzQyUyRnNjcmlwdCUzRSUwQSUyMCUyMCUyMCUyMCUyMCUyMCUyMCUyMCUzQ3NjcmlwdCUzRWl0LmJvb2tpbmdleHBlcnQuU2VhcmNoQm94LmxvYWQlMjglMjdzZWFyY2hib3glMjclMkMlMjAlMjdEZWZhdWx0JTI3JTI5JTNCJTNDJTJGc2NyaXB0JTNF[\/vc_raw_js][\/vc_column][\/vc_row][vc_row][vc_column][vc_separator color=&#8221;custom&#8221; border_width=&#8221;2&#8243; accent_color=&#8221;#348bfe&#8221;][\/vc_column][\/vc_row][vc_row][vc_column width=&#8221;1\/3&#8243;]<div class=\"dt-fancy-separator h3-size style-disabled accent-title-color\" style=\"width: 100%;\"><div class=\"dt-fancy-title\"><span class=\"separator-holder separator-left\"><\/span>Pl\u00e4tze<span class=\"separator-holder separator-right\"><\/span><\/div><\/div>[vc_empty_space][vc_single_image image=&#8221;6193&#8243; img_size=&#8221;350&#215;300&#8243; alignment=&#8221;center&#8221; style=&#8221;vc_box_rounded&#8221; onclick=&#8221;custom_link&#8221; lazy_loading=&#8221;true&#8221; link=&#8221;https:\/\/www.campingsosflores.com\/de\/campingplatz-sardinien\/&#8221;][vc_empty_space][vc_separator color=&#8221;custom&#8221; border_width=&#8221;2&#8243; accent_color=&#8221;#348bfe&#8221;][\/vc_column][vc_column width=&#8221;1\/3&#8243;]<div class=\"dt-fancy-separator h3-size style-disabled accent-title-color\" style=\"width: 100%;\"><div class=\"dt-fancy-title\"><span class=\"separator-holder separator-left\"><\/span>Bungalows<span class=\"separator-holder separator-right\"><\/span><\/div><\/div>[vc_empty_space][vc_single_image image=&#8221;3663&#8243; img_size=&#8221;350&#215;300&#8243; alignment=&#8221;center&#8221; style=&#8221;vc_box_rounded&#8221; onclick=&#8221;custom_link&#8221; lazy_loading=&#8221;true&#8221; link=&#8221;https:\/\/www.campingsosflores.com\/de\/bungalow-meer-sardinien\/&#8221;][vc_empty_space][vc_separator color=&#8221;custom&#8221; border_width=&#8221;2&#8243; accent_color=&#8221;#348bfe&#8221;][\/vc_column][vc_column width=&#8221;1\/3&#8243;]<div class=\"dt-fancy-separator h3-size style-disabled accent-title-color\" style=\"width: 100%;\"><div class=\"dt-fancy-title\"><span class=\"separator-holder separator-left\"><\/span>Ferienh\u00e4user<span class=\"separator-holder separator-right\"><\/span><\/div><\/div>[vc_empty_space][vc_single_image image=&#8221;3867&#8243; img_size=&#8221;350&#215;300&#8243; alignment=&#8221;center&#8221; style=&#8221;vc_box_rounded&#8221; onclick=&#8221;custom_link&#8221; lazy_loading=&#8221;true&#8221; link=&#8221;https:\/\/www.campingsosflores.com\/de\/ferienhaus-sardinien-meer\/&#8221;][vc_empty_space][vc_separator color=&#8221;custom&#8221; border_width=&#8221;2&#8243; accent_color=&#8221;#348bfe&#8221;][\/vc_column][\/vc_row][vc_row][vc_column][\/vc_column][\/vc_row][vc_row type=&#8221;vc_default&#8221; equal_height=&#8221;yes&#8221; content_placement=&#8221;middle&#8221;][vc_column width=&#8221;1\/3&#8243;]<div class=\"dt-fancy-separator h3-size style-disabled accent-title-color\" style=\"width: 100%;\"><div class=\"dt-fancy-title\"><span class=\"separator-holder separator-left\"><\/span>Mobilheime<span class=\"separator-holder separator-right\"><\/span><\/div><\/div>[vc_empty_space][vc_single_image image=&#8221;3915&#8243; img_size=&#8221;350&#215;300&#8243; alignment=&#8221;center&#8221; style=&#8221;vc_box_rounded&#8221; onclick=&#8221;custom_link&#8221; lazy_loading=&#8221;true&#8221; link=&#8221;https:\/\/www.campingsosflores.com\/de\/mobilheime-tortoli\/&#8221;][vc_empty_space][vc_separator color=&#8221;custom&#8221; border_width=&#8221;2&#8243; accent_color=&#8221;#348bfe&#8221;][\/vc_column][vc_column width=&#8221;1\/3&#8243;]<div class=\"dt-fancy-separator h3-size style-disabled accent-title-color\" style=\"width: 100%;\"><div class=\"dt-fancy-title\"><span class=\"separator-holder separator-left\"><\/span>Lodge-Zelt<span class=\"separator-holder separator-right\"><\/span><\/div><\/div>[vc_empty_space][vc_single_image image=&#8221;3563&#8243; img_size=&#8221;350&#215;300&#8243; alignment=&#8221;center&#8221; style=&#8221;vc_box_rounded&#8221; onclick=&#8221;custom_link&#8221; lazy_loading=&#8221;true&#8221; link=&#8221;https:\/\/www.campingsosflores.com\/de\/lodge-zelt-tortoli\/&#8221;][vc_empty_space][vc_separator color=&#8221;custom&#8221; border_width=&#8221;2&#8243; accent_color=&#8221;#348bfe&#8221;][\/vc_column][vc_column width=&#8221;1\/3&#8243;]<div class=\"dt-fancy-separator h3-size style-disabled accent-title-color\" style=\"width: 100%;\"><div class=\"dt-fancy-title\"><span class=\"separator-holder separator-left\"><\/span>Villa Silvana<span class=\"separator-holder separator-right\"><\/span><\/div><\/div>[vc_empty_space][vc_single_image image=&#8221;7768&#8243; img_size=&#8221;350&#215;300&#8243; alignment=&#8221;center&#8221; style=&#8221;vc_box_rounded&#8221; onclick=&#8221;custom_link&#8221; lazy_loading=&#8221;true&#8221; link=&#8221;https:\/\/www.campingsosflores.com\/de\/villa-silvana-ogliastra\/&#8221;][vc_empty_space][vc_separator color=&#8221;custom&#8221; border_width=&#8221;2&#8243; accent_color=&#8221;#348bfe&#8221;][\/vc_column][\/vc_row][vc_row][vc_column][\/vc_column][\/vc_row]<\/p>\n<\/div>","protected":false},"excerpt":{"rendered":"<p>[vc_row type=&#8221;vc_default&#8221; full_width=&#8221;stretch_row_content_no_spaces&#8221;][vc_column][vc_raw_html]JTIwJTIwJTNDZGl2JTIwaWQlM0QlMjJib29raW5nZXhwZXJ0JTIyJTNFJTBBJTIwJTIwJTIwJTIwJTIwJTIwJTIwJTIwJTIwJTIwJTIwJTIwJTNDZGl2JTIwaWQlM0QlMjJzZWFyY2hib3glMjIlMjBjbGFzcyUzRCUyMmJhcnJhcmljZXJjYSUyMiUzRSUzQyUyRmRpdiUzRSUwQSUyMCUyMCUyMCUyMCUyMCUyMCUyMCUyMCUzQyUyRmRpdiUzRQ==[\/vc_raw_html][vc_raw_js]JTIwJTIwJTIwJTIwJTIwJTIwJTIwJTNDc2NyaXB0JTIwc3JjJTNEJTIyaHR0cHMlM0ElMkYlMkZiZS5ib29raW5nZXhwZXJ0Lml0JTJGYm9vayUyRndlYnNpdGVzJTJGc2VhcmNoYm94JTNGaG90ZWwlM0QyMjQzNCUyNmFtcCUzQmxhbmclM0RkZSUyMiUzRSUzQyUyRnNjcmlwdCUzRSUwQSUyMCUyMCUyMCUyMCUyMCUyMCUyMCUyMCUzQ3NjcmlwdCUzRWl0LmJvb2tpbmdleHBlcnQuU2VhcmNoQm94LmxvYWQlMjglMjdzZWFyY2hib3glMjclMkMlMjAlMjdEZWZhdWx0JTI3JTI5JTNCJTNDJTJGc2NyaXB0JTNF[\/vc_raw_js][\/vc_column][\/vc_row][vc_row][vc_column][vc_separator color=&#8221;custom&#8221; border_width=&#8221;2&#8243; accent_color=&#8221;#348bfe&#8221;][\/vc_column][\/vc_row][vc_row][vc_column width=&#8221;1\/3&#8243;][vc_empty_space][vc_single_image image=&#8221;6193&#8243; img_size=&#8221;350&#215;300&#8243; alignment=&#8221;center&#8221; style=&#8221;vc_box_rounded&#8221; onclick=&#8221;custom_link&#8221; lazy_loading=&#8221;true&#8221; link=&#8221;https:\/\/www.campingsosflores.com\/de\/campingplatz-sardinien\/&#8221;][vc_empty_space][vc_separator color=&#8221;custom&#8221; border_width=&#8221;2&#8243; accent_color=&#8221;#348bfe&#8221;][\/vc_column][vc_column width=&#8221;1\/3&#8243;][vc_empty_space][vc_single_image image=&#8221;3663&#8243; img_size=&#8221;350&#215;300&#8243; alignment=&#8221;center&#8221; style=&#8221;vc_box_rounded&#8221; onclick=&#8221;custom_link&#8221; lazy_loading=&#8221;true&#8221; link=&#8221;https:\/\/www.campingsosflores.com\/de\/bungalow-meer-sardinien\/&#8221;][vc_empty_space][vc_separator color=&#8221;custom&#8221; border_width=&#8221;2&#8243; accent_color=&#8221;#348bfe&#8221;][\/vc_column][vc_column width=&#8221;1\/3&#8243;][vc_empty_space][vc_single_image image=&#8221;3867&#8243; img_size=&#8221;350&#215;300&#8243; alignment=&#8221;center&#8221; style=&#8221;vc_box_rounded&#8221; onclick=&#8221;custom_link&#8221; lazy_loading=&#8221;true&#8221; link=&#8221;https:\/\/www.campingsosflores.com\/de\/ferienhaus-sardinien-meer\/&#8221;][vc_empty_space][vc_separator color=&#8221;custom&#8221; border_width=&#8221;2&#8243; accent_color=&#8221;#348bfe&#8221;][\/vc_column][\/vc_row][vc_row][vc_column][\/vc_column][\/vc_row][vc_row type=&#8221;vc_default&#8221; equal_height=&#8221;yes&#8221; content_placement=&#8221;middle&#8221;][vc_column width=&#8221;1\/3&#8243;][vc_empty_space][vc_single_image image=&#8221;3915&#8243; img_size=&#8221;350&#215;300&#8243; alignment=&#8221;center&#8221; style=&#8221;vc_box_rounded&#8221; onclick=&#8221;custom_link&#8221; lazy_loading=&#8221;true&#8221; link=&#8221;https:\/\/www.campingsosflores.com\/de\/mobilheime-tortoli\/&#8221;][vc_empty_space][vc_separator color=&#8221;custom&#8221; border_width=&#8221;2&#8243; accent_color=&#8221;#348bfe&#8221;][\/vc_column][vc_column width=&#8221;1\/3&#8243;][vc_empty_space][vc_single_image image=&#8221;3563&#8243;&hellip;<\/p>\n","protected":false},"author":1,"featured_media":0,"parent":0,"menu_order":1,"comment_status":"closed","ping_status":"closed","template":"","meta":{"footnotes":""},"class_list":["post-1672","page","type-page","status-publish","hentry","description-off"],"yoast_head":"<!-- This site is optimized with the Yoast SEO plugin v19.13 - https:\/\/yoast.com\/wordpress\/plugins\/seo\/ -->\n<title>Campingplatz Sardinien, Stellpl\u00e4tze, Bungalows, Mobilheime<\/title>\n<meta name=\"description\" content=\"Entdecken Sie die Unterk\u00fcnfte im Camping Sos Flores auf Sardinien: Bungalows, Ferienh\u00e4user, Mobilheime, Suiten und Stellpl\u00e4tze direkt am Meer\" \/>\n<meta name=\"robots\" content=\"index, follow, max-snippet:-1, max-image-preview:large, max-video-preview:-1\" \/>\n<link rel=\"canonical\" href=\"https:\/\/www.campingsosflores.com\/de\/campingplatz-sardinien_unterkuenfte_stellplaetze\/\" \/>\n<meta property=\"og:locale\" content=\"de_DE\" \/>\n<meta property=\"og:type\" content=\"article\" \/>\n<meta property=\"og:title\" content=\"Campingplatz Sardinien, Stellpl\u00e4tze, Bungalows, Mobilheime\" \/>\n<meta property=\"og:description\" content=\"Entdecken Sie die Unterk\u00fcnfte im Camping Sos Flores auf Sardinien: Bungalows, Ferienh\u00e4user, Mobilheime, Suiten und Stellpl\u00e4tze direkt am Meer\" \/>\n<meta property=\"og:url\" content=\"https:\/\/www.campingsosflores.com\/de\/campingplatz-sardinien_unterkuenfte_stellplaetze\/\" \/>\n<meta property=\"og:site_name\" content=\"Campeggio Villaggio Sos Flores\" \/>\n<meta property=\"article:publisher\" content=\"https:\/\/www.facebook.com\/Campeggio-Villaggio-Sos-Flores-163331700496181\/\" \/>\n<meta property=\"article:modified_time\" content=\"2026-03-11T10:13:16+00:00\" \/>\n<meta name=\"twitter:card\" content=\"summary_large_image\" \/>\n<meta name=\"twitter:label1\" content=\"Est. reading time\" \/>\n\t<meta name=\"twitter:data1\" content=\"1 minute\" \/>\n<script type=\"application\/ld+json\" class=\"yoast-schema-graph\">{\"@context\":\"https:\/\/schema.org\",\"@graph\":[{\"@type\":\"WebPage\",\"@id\":\"https:\/\/www.campingsosflores.com\/de\/campingplatz-sardinien_unterkuenfte_stellplaetze\/\",\"url\":\"https:\/\/www.campingsosflores.com\/de\/campingplatz-sardinien_unterkuenfte_stellplaetze\/\",\"name\":\"Campingplatz Sardinien, Stellpl\u00e4tze, Bungalows, Mobilheime\",\"isPartOf\":{\"@id\":\"https:\/\/www.campingsosflores.com\/de\/#website\"},\"datePublished\":\"2017-05-12T13:34:08+00:00\",\"dateModified\":\"2026-03-11T10:13:16+00:00\",\"description\":\"Entdecken Sie die Unterk\u00fcnfte im Camping Sos Flores auf Sardinien: Bungalows, Ferienh\u00e4user, Mobilheime, Suiten und Stellpl\u00e4tze direkt am Meer\",\"breadcrumb\":{\"@id\":\"https:\/\/www.campingsosflores.com\/de\/campingplatz-sardinien_unterkuenfte_stellplaetze\/#breadcrumb\"},\"inLanguage\":\"de-DE\",\"potentialAction\":[{\"@type\":\"ReadAction\",\"target\":[\"https:\/\/www.campingsosflores.com\/de\/campingplatz-sardinien_unterkuenfte_stellplaetze\/\"]}]},{\"@type\":\"BreadcrumbList\",\"@id\":\"https:\/\/www.campingsosflores.com\/de\/campingplatz-sardinien_unterkuenfte_stellplaetze\/#breadcrumb\",\"itemListElement\":[{\"@type\":\"ListItem\",\"position\":1,\"name\":\"Home\",\"item\":\"https:\/\/www.campingsosflores.com\/de\/\"},{\"@type\":\"ListItem\",\"position\":2,\"name\":\"Unterk\u00fcnfte\"}]},{\"@type\":\"WebSite\",\"@id\":\"https:\/\/www.campingsosflores.com\/de\/#website\",\"url\":\"https:\/\/www.campingsosflores.com\/de\/\",\"name\":\"Campeggio Villaggio Sos Flores\",\"description\":\"Campeggio Villaggio in Sardegna sul Mare\",\"potentialAction\":[{\"@type\":\"SearchAction\",\"target\":{\"@type\":\"EntryPoint\",\"urlTemplate\":\"https:\/\/www.campingsosflores.com\/de\/?s={search_term_string}\"},\"query-input\":\"required name=search_term_string\"}],\"inLanguage\":\"de-DE\"}]}<\/script>\n<!-- \/ Yoast SEO plugin. -->","yoast_head_json":{"title":"Campingplatz Sardinien, Stellpl\u00e4tze, Bungalows, Mobilheime","description":"Entdecken Sie die Unterk\u00fcnfte im Camping Sos Flores auf Sardinien: Bungalows, Ferienh\u00e4user, Mobilheime, Suiten und Stellpl\u00e4tze direkt am Meer","robots":{"index":"index","follow":"follow","max-snippet":"max-snippet:-1","max-image-preview":"max-image-preview:large","max-video-preview":"max-video-preview:-1"},"canonical":"https:\/\/www.campingsosflores.com\/de\/campingplatz-sardinien_unterkuenfte_stellplaetze\/","og_locale":"de_DE","og_type":"article","og_title":"Campingplatz Sardinien, Stellpl\u00e4tze, Bungalows, Mobilheime","og_description":"Entdecken Sie die Unterk\u00fcnfte im Camping Sos Flores auf Sardinien: Bungalows, Ferienh\u00e4user, Mobilheime, Suiten und Stellpl\u00e4tze direkt am Meer","og_url":"https:\/\/www.campingsosflores.com\/de\/campingplatz-sardinien_unterkuenfte_stellplaetze\/","og_site_name":"Campeggio Villaggio Sos Flores","article_publisher":"https:\/\/www.facebook.com\/Campeggio-Villaggio-Sos-Flores-163331700496181\/","article_modified_time":"2026-03-11T10:13:16+00:00","twitter_card":"summary_large_image","twitter_misc":{"Est. reading time":"1 minute"},"schema":{"@context":"https:\/\/schema.org","@graph":[{"@type":"WebPage","@id":"https:\/\/www.campingsosflores.com\/de\/campingplatz-sardinien_unterkuenfte_stellplaetze\/","url":"https:\/\/www.campingsosflores.com\/de\/campingplatz-sardinien_unterkuenfte_stellplaetze\/","name":"Campingplatz Sardinien, Stellpl\u00e4tze, Bungalows, Mobilheime","isPartOf":{"@id":"https:\/\/www.campingsosflores.com\/de\/#website"},"datePublished":"2017-05-12T13:34:08+00:00","dateModified":"2026-03-11T10:13:16+00:00","description":"Entdecken Sie die Unterk\u00fcnfte im Camping Sos Flores auf Sardinien: Bungalows, Ferienh\u00e4user, Mobilheime, Suiten und Stellpl\u00e4tze direkt am Meer","breadcrumb":{"@id":"https:\/\/www.campingsosflores.com\/de\/campingplatz-sardinien_unterkuenfte_stellplaetze\/#breadcrumb"},"inLanguage":"de-DE","potentialAction":[{"@type":"ReadAction","target":["https:\/\/www.campingsosflores.com\/de\/campingplatz-sardinien_unterkuenfte_stellplaetze\/"]}]},{"@type":"BreadcrumbList","@id":"https:\/\/www.campingsosflores.com\/de\/campingplatz-sardinien_unterkuenfte_stellplaetze\/#breadcrumb","itemListElement":[{"@type":"ListItem","position":1,"name":"Home","item":"https:\/\/www.campingsosflores.com\/de\/"},{"@type":"ListItem","position":2,"name":"Unterk\u00fcnfte"}]},{"@type":"WebSite","@id":"https:\/\/www.campingsosflores.com\/de\/#website","url":"https:\/\/www.campingsosflores.com\/de\/","name":"Campeggio Villaggio Sos Flores","description":"Campeggio Villaggio in Sardegna sul Mare","potentialAction":[{"@type":"SearchAction","target":{"@type":"EntryPoint","urlTemplate":"https:\/\/www.campingsosflores.com\/de\/?s={search_term_string}"},"query-input":"required name=search_term_string"}],"inLanguage":"de-DE"}]}},"_links":{"self":[{"href":"https:\/\/www.campingsosflores.com\/de\/wp-json\/wp\/v2\/pages\/1672","targetHints":{"allow":["GET"]}}],"collection":[{"href":"https:\/\/www.campingsosflores.com\/de\/wp-json\/wp\/v2\/pages"}],"about":[{"href":"https:\/\/www.campingsosflores.com\/de\/wp-json\/wp\/v2\/types\/page"}],"author":[{"embeddable":true,"href":"https:\/\/www.campingsosflores.com\/de\/wp-json\/wp\/v2\/users\/1"}],"replies":[{"embeddable":true,"href":"https:\/\/www.campingsosflores.com\/de\/wp-json\/wp\/v2\/comments?post=1672"}],"version-history":[{"count":25,"href":"https:\/\/www.campingsosflores.com\/de\/wp-json\/wp\/v2\/pages\/1672\/revisions"}],"predecessor-version":[{"id":10285,"href":"https:\/\/www.campingsosflores.com\/de\/wp-json\/wp\/v2\/pages\/1672\/revisions\/10285"}],"wp:attachment":[{"href":"https:\/\/www.campingsosflores.com\/de\/wp-json\/wp\/v2\/media?parent=1672"}],"curies":[{"name":"wp","href":"https:\/\/api.w.org\/{rel}","templated":true}]}}